{"id":10073,"date":"2024-09-12T06:49:06","date_gmt":"2024-09-12T06:49:06","guid":{"rendered":"https:\/\/nedes.significa.sk\/produkty\/led-stolna-lampa-hazel-5w-stmievatelna-s-usb-dl1201-w-2\/"},"modified":"2024-09-12T06:49:10","modified_gmt":"2024-09-12T06:49:10","slug":"led-stolna-lampa-hazel-5w-stmievatelna-s-usb-dl1201-w-2","status":"publish","type":"product","link":"https:\/\/nedes.significa.sk\/cs\/produkty\/led-stolna-lampa-hazel-5w-stmievatelna-s-usb-dl1201-w-2\/","title":{"rendered":"LED stoln\u00e1 lampa HAZEL 5W stmievate\u013en\u00e1 s USB &#8211; DL1201\/W"},"content":{"rendered":"<p><span style=\"color: #000000;\"><strong>LED stoln\u00e1 lampa HAZEL<\/strong>&nbsp;zna\u010dky <strong>NEDES,<\/strong> pon\u00faka kvalitn\u00e9 <strong>LED svetlo,<\/strong>&nbsp;vhodn\u00e9<strong> pre<\/strong> <strong>detsk\u00fa izbu<\/strong>, <strong>kancel\u00e1riu,<\/strong> \u010di <strong>pracov\u0148u<\/strong>. T\u00e1to <strong>dizajnov\u00e1 stoln\u00e1 LED lampi\u010dka<\/strong> poskytuje <strong>najkvalitnej\u0161ie osvetlenie<\/strong> v <strong>neutr\u00e1lnej bielej farbe<\/strong>. Je vybaven\u00e1 funkciami, ako je <strong>stmievanie <\/strong>a <strong>bezdr\u00f4tov\u00e9 nab\u00edjanie<\/strong>&nbsp;s&nbsp;<strong>USB pripojen\u00edm<\/strong>, \u010do prin\u00e1\u0161a do V\u00e1\u0161ho interi\u00e9ru praktick\u00fd a funk\u010dn\u00fd rozmer. Ide\u00e1lne rie\u0161enie pre \u00fa\u010dinnn\u00e9 a multifunk\u010dn\u00e9<strong> osvetlenie<\/strong> miestnosti. V\u010faka svojej n\u00edzkej spotrebe energie, s\u00fa tieto <strong>svietidl\u00e1 <\/strong>ob\u013e\u00faben\u00e9 na celom <strong>svete.<\/strong><\/span><\/p>\n<table style=\"height: 380px;\">\n<tbody>\n<tr style=\"height: 23px;\">\n<td style=\"width: 205.266px; height: 23px;\"><span style=\"text-decoration: underline; font-size: 16px;\"><strong><span style=\"color: #000000; text-decoration: underline;\">TECHNICK\u00c9 PARAMETRE<\/span><\/strong><\/span><\/td>\n<td style=\"width: 608.875px; height: 23px;\">&nbsp;<\/td>\n<\/tr>\n<tr style=\"height: 23px;\">\n<td style=\"width: 205.266px; height: 23px;\"><span style=\"color: #000000;\">spotreba<\/span><\/td>\n<td style=\"width: 608.875px; height: 23px;\"><span style=\"color: #000000;\"><strong>5W<\/strong><\/span><\/td>\n<\/tr>\n<tr style=\"height: 23px;\">\n<td style=\"width: 205.266px; height: 23px;\"><span style=\"color: #000000;\">sveteln\u00fd tok<\/span><\/td>\n<td style=\"width: 608.875px; height: 23px;\"><span style=\"color: #000000;\"><strong>350Lm<\/strong><\/span><\/td>\n<\/tr>\n<tr style=\"height: 23px;\">\n<td style=\"width: 205.266px; height: 23px;\"><span style=\"color: #000000;\">chromati\u010dnos\u0165 (farba svetla)<\/span><\/td>\n<td style=\"width: 608.875px; height: 23px;\"><span style=\"color: #000000;\"><strong>4000K &#8211; neutr\u00e1lna biela<\/strong><\/span><\/td>\n<\/tr>\n<tr style=\"height: 23px;\">\n<td style=\"width: 205.266px; height: 23px;\"><span style=\"color: #000000;\">mo\u017enos\u0165 stmievania<\/span><\/td>\n<td style=\"width: 608.875px; height: 23px;\"><span style=\"color: #000000;\"><strong>\u00e1no<\/strong><\/span><\/td>\n<\/tr>\n<tr style=\"height: 23px;\">\n<td style=\"width: 205.266px; height: 23px;\"><span style=\"color: #000000;\">nab\u00edja\u010dka USB<\/span><\/td>\n<td style=\"width: 608.875px; height: 23px;\"><span style=\"color: #000000;\"><strong>\u00e1no<\/strong><\/span><\/td>\n<\/tr>\n<tr style=\"height: 23px;\">\n<td style=\"width: 205.266px; height: 23px;\"><span style=\"color: #000000;\">bezdr\u00f4tov\u00e9 nab\u00edjanie MT<\/span><\/td>\n<td style=\"width: 608.875px; height: 23px;\"><span style=\"color: #000000;\"><strong>nie<\/strong><\/span><\/td>\n<\/tr>\n<tr style=\"height: 29px;\">\n<td style=\"width: 205.266px; height: 29px;\"><span style=\"color: #000000;\">\u010dasova\u010d<\/span><\/td>\n<td style=\"width: 608.875px; height: 29px;\"><span style=\"color: #000000;\"><strong>nie<\/strong><\/span><\/td>\n<\/tr>\n<tr style=\"height: 29px;\">\n<td style=\"width: 205.266px; height: 29px;\"><span style=\"color: #000000;\">no\u010dn\u00e9 osvetlenie<\/span><\/td>\n<td style=\"width: 608.875px; height: 29px;\"><span style=\"color: #000000;\"><strong>nie<\/strong><\/span><\/td>\n<\/tr>\n<tr style=\"height: 23px;\">\n<td style=\"width: 205.266px; height: 23px;\"><span style=\"color: #000000;\">nap\u00e4tie <\/span><\/td>\n<td style=\"width: 608.875px; height: 23px;\"><span style=\"color: #000000;\"><strong>AC100 &#8211; 240V<\/strong><\/span><\/td>\n<\/tr>\n<tr style=\"height: 23px;\">\n<td style=\"width: 205.266px; height: 23px;\"><span style=\"color: #000000;\">\u017eivotnos\u0165<\/span><\/td>\n<td style=\"width: 608.875px; height: 23px;\"><span style=\"color: #000000;\"><strong>30 000h<\/strong><\/span><\/td>\n<\/tr>\n<tr style=\"height: 23px;\">\n<td style=\"width: 205.266px; height: 23px;\"><span style=\"color: #000000;\">sp\u00ednac\u00ed cyklus<\/span><\/td>\n<td style=\"width: 608.875px; height: 23px;\"><span style=\"color: #000000;\"><strong>20 000 x<\/strong><\/span><\/td>\n<\/tr>\n<tr style=\"height: 23px;\">\n<td style=\"width: 205.266px; height: 23px;\"><span style=\"color: #000000;\">hmotnos\u0165 netto (g)<\/span><\/td>\n<td style=\"width: 608.875px; height: 23px;\"><span style=\"color: #000000;\"><strong>758<\/strong><\/span><\/td>\n<\/tr>\n<tr style=\"height: 23px;\">\n<td style=\"width: 205.266px; height: 23px;\"><span style=\"color: #000000;\">krytie<\/span><\/td>\n<td style=\"width: 608.875px; height: 23px;\"><span style=\"color: #000000;\"><strong>IP20<\/strong><\/span><\/td>\n<\/tr>\n<tr style=\"height: 23px;\">\n<td style=\"width: 205.266px; height: 23px;\"><span style=\"color: #000000;\">materi\u00e1l<\/span><\/td>\n<td style=\"width: 608.875px; height: 23px;\"><span style=\"color: #000000;\"><strong>ABS &#8211; biela<\/strong><\/span><\/td>\n<\/tr>\n<tr style=\"height: 23px;\">\n<td style=\"width: 205.266px; height: 23px;\"><span style=\"color: #000000;\">balenie<\/span><\/td>\n<td style=\"width: 608.875px; height: 23px;\"><span style=\"color: #000000;\"><strong>1\/12<\/strong><\/span><\/td>\n<\/tr>\n<tr>\n<td style=\"width: 205.266px;\"><span style=\"color: #000000;\">LED s\u00fa nevymenite\u013en\u00e9<\/span><span style=\"color: #000000;\"><br \/><\/span><\/td>\n<td style=\"width: 608.875px;\"><span style=\"color: #000000;\"><strong>&nbsp;<\/strong><\/span><\/td>\n<\/tr>\n<\/tbody>\n<\/table>\n<p>-cena produktu zah\u0155\u0148a recykla\u010dn\u00fd poplatok v hodnote 0,10\u20ac bez DPH (0,12\u20ac s DPH)<\/p>\n","protected":false},"excerpt":{"rendered":"<p>LED stoln\u00e1 lampa HAZEL&nbsp;zna\u010dky NEDES, pon\u00faka kvalitn\u00e9 LED svetlo,&nbsp;vhodn\u00e9 pre detsk\u00fa izbu, kancel\u00e1riu, \u010di pracov\u0148u. T\u00e1to dizajnov\u00e1 stoln\u00e1 LED lampi\u010dka poskytuje najkvalitnej\u0161ie osvetlenie v neutr\u00e1lnej bielej farbe. Je vybaven\u00e1 funkciami, ako je stmievanie a bezdr\u00f4tov\u00e9 nab\u00edjanie&nbsp;s&nbsp;USB pripojen\u00edm, \u010do prin\u00e1\u0161a do V\u00e1\u0161ho interi\u00e9ru praktick\u00fd a funk\u010dn\u00fd rozmer. Ide\u00e1lne rie\u0161enie pre \u00fa\u010dinnn\u00e9 a multifunk\u010dn\u00e9 osvetlenie miestnosti. V\u010faka [&hellip;]<\/p>\n","protected":false},"featured_media":10074,"comment_status":"closed","ping_status":"open","template":"","meta":[],"product_brand":[],"product_cat":[128],"product_tag":[],"class_list":{"0":"post-10073","1":"product","2":"type-product","3":"status-publish","4":"has-post-thumbnail","6":"product_cat-led-stolne-lampy","8":"first","9":"instock","10":"purchasable","11":"product-type-simple"},"_links":{"self":[{"href":"https:\/\/nedes.significa.sk\/cs\/wp-json\/wp\/v2\/product\/10073","targetHints":{"allow":["GET"]}}],"collection":[{"href":"https:\/\/nedes.significa.sk\/cs\/wp-json\/wp\/v2\/product"}],"about":[{"href":"https:\/\/nedes.significa.sk\/cs\/wp-json\/wp\/v2\/types\/product"}],"replies":[{"embeddable":true,"href":"https:\/\/nedes.significa.sk\/cs\/wp-json\/wp\/v2\/comments?post=10073"}],"wp:featuredmedia":[{"embeddable":true,"href":"https:\/\/nedes.significa.sk\/cs\/wp-json\/wp\/v2\/media\/10074"}],"wp:attachment":[{"href":"https:\/\/nedes.significa.sk\/cs\/wp-json\/wp\/v2\/media?parent=10073"}],"wp:term":[{"taxonomy":"product_brand","embeddable":true,"href":"https:\/\/nedes.significa.sk\/cs\/wp-json\/wp\/v2\/product_brand?post=10073"},{"taxonomy":"product_cat","embeddable":true,"href":"https:\/\/nedes.significa.sk\/cs\/wp-json\/wp\/v2\/product_cat?post=10073"},{"taxonomy":"product_tag","embeddable":true,"href":"https:\/\/nedes.significa.sk\/cs\/wp-json\/wp\/v2\/product_tag?post=10073"}],"curies":[{"name":"wp","href":"https:\/\/api.w.org\/{rel}","templated":true}]}}