{"id":10121,"date":"2024-09-12T06:49:31","date_gmt":"2024-09-12T06:49:31","guid":{"rendered":"https:\/\/nedes.significa.sk\/produkty\/led-nabijacia-celovka-zo-senzorom-lh05r\/"},"modified":"2024-09-12T06:49:31","modified_gmt":"2024-09-12T06:49:31","slug":"led-nabijacia-celovka-zo-senzorom-lh05r","status":"publish","type":"product","link":"https:\/\/nedes.significa.sk\/cs\/produkty\/led-nabijacia-celovka-zo-senzorom-lh05r\/","title":{"rendered":"LED nab\u00edjacia \u010delovka zo senzorom &#8211; LH05R"},"content":{"rendered":"<p><span style=\"color: #000000;\"><strong>LED nab\u00edjacia \u010delovka<\/strong><strong> so senzorom <\/strong>zna\u010dky<strong> NEDES,<\/strong> je v\u00fdborn\u00fdm a praktick\u00fdm spolo\u010dn\u00edkom pre r\u00f4zne aktivity. <\/span><\/p>\n<p><span style=\"color: #000000;\">Je ide\u00e1lna a spo\u013eahliv\u00e1 ako <strong>exteri\u00e9rov\u00e9<\/strong> <strong>osvetlenie<\/strong> pri turistike, kempovan\u00ed, behu a ryb\u00e1r\u010den\u00ed, ale aj <strong>interi\u00e9rov\u00e9 osvetlenie <\/strong>v dielni, \u010di v gar\u00e1\u017ei. <\/span><\/p>\n<p><span style=\"color: #000000;\">Toto<strong> LED svetlo<\/strong> zabezpe\u010duje v\u00fdborn\u00fd v\u00fdh\u013ead v r\u00f4znych situ\u00e1ciach. <\/span><\/p>\n<p><span style=\"color: #000000;\"><strong>LED \u010delovka<\/strong> s nab\u00edjacou funkciou a senzorom prid\u00e1va tomuto <strong>svietidlu<\/strong> \u010fal\u0161ie praktick\u00e9 funkcie, \u010do ocen\u00ed ka\u017ed\u00e1 dom\u00e1cnos\u0165.<\/span><\/p>\n<p><span style=\"color: #000000;\">Medzi k\u013e\u00fa\u010dov\u00e9 vlastnosti patr\u00ed <strong>jednoduch\u00fd<\/strong> a <strong>modern\u00fd dizajn<\/strong>, <strong>LED technol\u00f3gia<\/strong>,<strong> spo\u013eahlivos\u0165<\/strong> a v neposlednom rade <strong>cenov\u00e1 dostupnos\u0165<\/strong>.<\/span><\/p>\n<p><span style=\"color: #000000;\">Je skvel\u00fdm spolo\u010dn\u00edkom kamko\u013evek.<\/span><\/p>\n<p><span style=\"color: #000000;\">M\u00e1 \u013eahk\u00e9 a bezprobl\u00e9mov\u00e9 pou\u017eitie. <\/span><\/p>\n<p><span style=\"color: #000000;\">Na\u0161e <strong>svietidl\u00e1<\/strong> s\u00fa ob\u013e\u00faben\u00e9 na celom <strong>svete.<\/strong><\/span><\/p>\n<table style=\"height: 380px; width: 936px;\">\n<tbody>\n<tr style=\"height: 23px;\">\n<td style=\"width: 201.859px; height: 23px;\"><span style=\"text-decoration: underline; font-size: 16px;\"><strong><span style=\"color: #000000; text-decoration: underline;\">TECHNICK\u00c9 PARAMETRE<\/span><\/strong><\/span><\/td>\n<td style=\"width: 733.141px; height: 23px;\">&nbsp;<\/td>\n<\/tr>\n<tr style=\"height: 23px;\">\n<td style=\"width: 201.859px; height: 23px;\"><span style=\"color: #000000;\">zdroj svetla<\/span><\/td>\n<td style=\"width: 733.141px; height: 23px;\"><span style=\"background-color: #ffffff; color: #000000;\"><strong>5W CREE XTE + 3W COB + \u010derven\u00e9 LED<\/strong><\/span><\/td>\n<\/tr>\n<tr style=\"height: 23px;\">\n<td style=\"width: 201.859px; height: 23px;\"><span style=\"color: #000000;\">sveteln\u00fd tok<\/span><\/td>\n<td style=\"width: 733.141px; height: 23px;\"><span style=\"color: #000000;\"><strong>320Lm + 170Lm<\/strong><\/span><\/td>\n<\/tr>\n<tr style=\"height: 23px;\">\n<td style=\"width: 201.859px; height: 23px;\"><span style=\"color: #000000;\">nap\u00e1janie<\/span><\/td>\n<td style=\"width: 733.141px; height: 23px;\"><span style=\"color: #000000;\"><strong>1xLi-Ion-1800mA(obsahuje)<\/strong><\/span><\/td>\n<\/tr>\n<tr style=\"height: 23px;\">\n<td style=\"width: 201.859px; height: 23px;\"><span style=\"color: #000000;\">funkcie svetla<\/span><\/td>\n<td style=\"width: 733.141px; height: 23px;\">\n<p><span style=\"color: #000000;\"><strong>5W CREE 100% \/ 5W CREE 30% \/ 5W CREE blikanie \/ \u010derven\u00e9 LED 100% \/ \u010deven\u00e9 LED blikanie \/ vypnutie<\/strong><\/span><\/p>\n<p><span style=\"color: #000000;\"><strong>3W COB 100% \/ vypnutie&nbsp;<\/strong><\/span><\/p>\n<\/td>\n<\/tr>\n<tr style=\"height: 23px;\">\n<td style=\"width: 201.859px; height: 23px;\"><span style=\"color: #000000;\">senzor<\/span><\/td>\n<td style=\"width: 733.141px; height: 23px;\"><span style=\"color: #000000;\"><strong>\u00e1no(IR)<\/strong><\/span><\/td>\n<\/tr>\n<tr style=\"height: 23px;\">\n<td style=\"width: 201.859px; height: 23px;\"><span style=\"color: #000000;\">focus<\/span><\/td>\n<td style=\"width: 733.141px; height: 23px;\"><span style=\"color: #000000;\"><strong>nie<\/strong><\/span><\/td>\n<\/tr>\n<tr style=\"height: 23px;\">\n<td style=\"width: 201.859px; height: 23px;\"><span style=\"color: #000000;\">rozmer (mm)<\/span><\/td>\n<td style=\"width: 733.141px; height: 23px;\"><span style=\"color: #000000;\"><strong><span class=\"product_value\">70 x 48,5 x 41<\/span><\/strong><\/span><\/td>\n<\/tr>\n<tr style=\"height: 23px;\">\n<td style=\"width: 201.859px; height: 23px;\"><span style=\"color: #000000;\">chromati\u010dnos\u0165 (farba svetla)<\/span><\/td>\n<td style=\"width: 733.141px; height: 23px;\"><span style=\"color: #000000;\"><strong>biela\/\u010derven\u00e1<\/strong><\/span><\/td>\n<\/tr>\n<tr style=\"height: 23px;\">\n<td style=\"width: 201.859px; height: 23px;\"><span style=\"color: #000000;\">dosvit<\/span><\/td>\n<td style=\"width: 733.141px; height: 23px;\"><span style=\"color: #000000;\"><strong>&#8211;<\/strong><\/span><\/td>\n<\/tr>\n<tr style=\"height: 23px;\">\n<td style=\"width: 201.859px; height: 23px;\"><span style=\"color: #000000;\">krytie<\/span><\/td>\n<td style=\"width: 733.141px; height: 23px;\"><span style=\"color: #000000;\"><strong>IPX4<\/strong><\/span><\/td>\n<\/tr>\n<tr style=\"height: 23px;\">\n<td style=\"width: 201.859px; height: 23px;\"><span style=\"color: #000000;\">materi\u00e1l<\/span><\/td>\n<td style=\"width: 733.141px; height: 23px;\"><span style=\"color: #000000;\"><strong>PC &#8211; ABS<\/strong><\/span><\/td>\n<\/tr>\n<tr style=\"height: 23px;\">\n<td style=\"width: 201.859px; height: 23px;\"><span style=\"color: #000000;\">uchytenie<\/span><\/td>\n<td style=\"width: 733.141px; height: 23px;\"><span style=\"color: #000000;\"><strong>na \u010delo<\/strong><\/span><\/td>\n<\/tr>\n<tr style=\"height: 23px;\">\n<td style=\"width: 201.859px; height: 23px;\"><span style=\"color: #000000;\">balenie<\/span><\/td>\n<td style=\"width: 733.141px; height: 23px;\"><span style=\"color: #000000;\"><strong>1\/20\/80<\/strong><\/span><\/td>\n<\/tr>\n<tr style=\"height: 29px;\">\n<td style=\"width: 201.859px; height: 29px;\"><span style=\"color: #000000;\">hmotnos\u0165 netto (g)<\/span><\/td>\n<td style=\"width: 733.141px; height: 29px;\"><span style=\"color: #000000;\"><strong>88<\/strong><\/span><\/td>\n<\/tr>\n<tr style=\"height: 29px;\">\n<td style=\"width: 201.859px; height: 29px;\"><span style=\"color: #000000;\">LED s\u00fa nevymenite\u013en\u00e9<\/span><\/td>\n<td style=\"width: 733.141px; height: 29px;\"><span style=\"color: #000000;\"><strong>&nbsp;<\/strong><\/span><\/td>\n<\/tr>\n<\/tbody>\n<\/table>\n","protected":false},"excerpt":{"rendered":"<p>LED nab\u00edjacia \u010delovka so senzorom zna\u010dky NEDES, je v\u00fdborn\u00fdm a praktick\u00fdm spolo\u010dn\u00edkom pre r\u00f4zne aktivity. Je ide\u00e1lna a spo\u013eahliv\u00e1 ako exteri\u00e9rov\u00e9 osvetlenie pri turistike, kempovan\u00ed, behu a ryb\u00e1r\u010den\u00ed, ale aj interi\u00e9rov\u00e9 osvetlenie v dielni, \u010di v gar\u00e1\u017ei. Toto LED svetlo zabezpe\u010duje v\u00fdborn\u00fd v\u00fdh\u013ead v r\u00f4znych situ\u00e1ciach. LED \u010delovka s nab\u00edjacou funkciou a senzorom prid\u00e1va tomuto [&hellip;]<\/p>\n","protected":false},"featured_media":10122,"comment_status":"closed","ping_status":"open","template":"","meta":[],"product_brand":[],"product_cat":[123],"product_tag":[],"class_list":{"0":"post-10121","1":"product","2":"type-product","3":"status-publish","4":"has-post-thumbnail","6":"product_cat-celovky","8":"first","9":"instock","10":"purchasable","11":"product-type-simple"},"_links":{"self":[{"href":"https:\/\/nedes.significa.sk\/cs\/wp-json\/wp\/v2\/product\/10121","targetHints":{"allow":["GET"]}}],"collection":[{"href":"https:\/\/nedes.significa.sk\/cs\/wp-json\/wp\/v2\/product"}],"about":[{"href":"https:\/\/nedes.significa.sk\/cs\/wp-json\/wp\/v2\/types\/product"}],"replies":[{"embeddable":true,"href":"https:\/\/nedes.significa.sk\/cs\/wp-json\/wp\/v2\/comments?post=10121"}],"wp:featuredmedia":[{"embeddable":true,"href":"https:\/\/nedes.significa.sk\/cs\/wp-json\/wp\/v2\/media\/10122"}],"wp:attachment":[{"href":"https:\/\/nedes.significa.sk\/cs\/wp-json\/wp\/v2\/media?parent=10121"}],"wp:term":[{"taxonomy":"product_brand","embeddable":true,"href":"https:\/\/nedes.significa.sk\/cs\/wp-json\/wp\/v2\/product_brand?post=10121"},{"taxonomy":"product_cat","embeddable":true,"href":"https:\/\/nedes.significa.sk\/cs\/wp-json\/wp\/v2\/product_cat?post=10121"},{"taxonomy":"product_tag","embeddable":true,"href":"https:\/\/nedes.significa.sk\/cs\/wp-json\/wp\/v2\/product_tag?post=10121"}],"curies":[{"name":"wp","href":"https:\/\/api.w.org\/{rel}","templated":true}]}}