{"id":10124,"date":"2024-09-12T06:49:31","date_gmt":"2024-09-12T06:49:31","guid":{"rendered":"https:\/\/nedes.significa.sk\/produkty\/led-nabijacie-zrkadlo-s-powerbankou-ml01r\/"},"modified":"2024-09-12T06:49:32","modified_gmt":"2024-09-12T06:49:32","slug":"led-nabijacie-zrkadlo-s-powerbankou-ml01r","status":"publish","type":"product","link":"https:\/\/nedes.significa.sk\/cs\/produkty\/led-nabijacie-zrkadlo-s-powerbankou-ml01r\/","title":{"rendered":"LED nab\u00edjacie zrkadlo s powerbankou &#8211; ML01R"},"content":{"rendered":"<p><span style=\"color: #000000;\"><strong>LED nab\u00edjacie zrkadlo <\/strong>zna\u010dky<strong> NEDES,<\/strong> je v\u00fdborn\u00fdm a praktick\u00fdm spolo\u010dn\u00edkom nielen pre \u017eeny.<\/span><\/p>\n<p><span style=\"color: #000000;\"> Disponuje <strong>powerbank<\/strong> funkciou a <strong>stmievan\u00edm<\/strong>. <\/span><\/p>\n<p><span style=\"color: #000000;\">Zrkadlo je vhodn\u00e9 napr. do kabelky alebo na kozmetick\u00fd st\u00f4l vo va\u0161ej dom\u00e1cnosti.<\/span><\/p>\n<p><span style=\"color: #000000;\">Medzi k\u013e\u00fa\u010dov\u00e9 vlastnosti patr\u00ed <strong>jednoduch\u00fd, elegantn\u00fd<\/strong> a <strong>modern\u00fd dizajn<\/strong>, <strong>LED technol\u00f3gia<\/strong>,<strong> spo\u013eahlivos\u0165<\/strong> a v neposlednom rade <strong>cenov\u00e1 dostupnos\u0165<\/strong>.<\/span><\/p>\n<p><span style=\"color: #000000;\">M\u00e1 \u013eahk\u00e9 a bezprobl\u00e9mov\u00e9 pou\u017eitie. <\/span><\/p>\n<p><span style=\"color: #000000;\">Na\u0161e LED <strong>svietidl\u00e1<\/strong> s\u00fa ob\u013e\u00faben\u00e9 na celom <strong>svete.<\/strong>&nbsp;&nbsp;<\/span><\/p>\n<table style=\"height: 345px; width: 840px;\">\n<tbody>\n<tr style=\"height: 23px;\">\n<td style=\"width: 202.828px; height: 23px;\"><span style=\"text-decoration: underline; font-size: 16px;\"><strong><span style=\"color: #000000; text-decoration: underline;\">TECHNICK\u00c9 PARAMETRE<\/span><\/strong><\/span><\/td>\n<td style=\"width: 636.172px; height: 23px;\">&nbsp;<\/td>\n<\/tr>\n<tr style=\"height: 23px;\">\n<td style=\"width: 202.828px; height: 23px;\"><span style=\"color: #000000;\">zdroj svetla<\/span><\/td>\n<td style=\"width: 636.172px; height: 23px;\"><span style=\"color: #000000;\"><strong>1W<\/strong><\/span><\/td>\n<\/tr>\n<tr style=\"height: 23px;\">\n<td style=\"width: 202.828px; height: 23px;\"><span style=\"color: #000000;\">sveteln\u00fd tok<\/span><\/td>\n<td style=\"width: 636.172px; height: 23px;\"><span style=\"color: #000000;\"><strong>50Lm<\/strong><\/span><\/td>\n<\/tr>\n<tr style=\"height: 23px;\">\n<td style=\"width: 202.828px; height: 23px;\"><span style=\"color: #000000;\">nap\u00e1janie<\/span><\/td>\n<td style=\"width: 636.172px; height: 23px;\"><span style=\"color: #000000;\"><strong>Li-Ion-3000mA(obsahuje)<\/strong><\/span><\/td>\n<\/tr>\n<tr style=\"height: 23px;\">\n<td style=\"width: 202.828px; height: 23px;\"><span style=\"color: #000000;\">funkcie svetla<\/span><\/td>\n<td style=\"width: 636.172px; height: 23px;\"><span style=\"color: #000000;\"><strong>1W LED 100% \/ vypnut\u00e9<\/strong><\/span><\/td>\n<\/tr>\n<tr style=\"height: 23px;\">\n<td style=\"width: 202.828px; height: 23px;\"><span style=\"color: #000000;\">funkcia Powerbank&nbsp;<\/span><\/td>\n<td style=\"width: 636.172px; height: 23px;\"><span style=\"color: #000000;\"><strong>\u00e1no<\/strong><\/span><\/td>\n<\/tr>\n<tr style=\"height: 23px;\">\n<td style=\"width: 202.828px; height: 23px;\"><span style=\"color: #000000;\">stmievate\u013en\u00e9<\/span><\/td>\n<td style=\"width: 636.172px; height: 23px;\"><span style=\"color: #000000;\"><strong>\u00e1no<\/strong><\/span><\/td>\n<\/tr>\n<tr style=\"height: 23px;\">\n<td style=\"width: 202.828px; height: 23px;\"><span style=\"color: #000000;\">focus<\/span><\/td>\n<td style=\"width: 636.172px; height: 23px;\"><span style=\"color: #000000;\"><strong>nie<\/strong><\/span><\/td>\n<\/tr>\n<tr style=\"height: 23px;\">\n<td style=\"width: 202.828px; height: 23px;\"><span style=\"color: #000000;\">rozmer (mm)<\/span><\/td>\n<td style=\"width: 636.172px; height: 23px;\"><span style=\"color: #000000;\"><strong>\u00d8 90 x 20mm<\/strong><\/span><\/td>\n<\/tr>\n<tr style=\"height: 23px;\">\n<td style=\"width: 202.828px; height: 23px;\"><span style=\"color: #000000;\">chromati\u010dnos\u0165 (farba svetla)<\/span><\/td>\n<td style=\"width: 636.172px; height: 23px;\"><span style=\"color: #000000;\"><strong>biela<\/strong><\/span><\/td>\n<\/tr>\n<tr style=\"height: 23px;\">\n<td style=\"width: 202.828px; height: 23px;\"><span style=\"color: #000000;\">dosvit<\/span><\/td>\n<td style=\"width: 636.172px; height: 23px;\"><span style=\"color: #000000;\"><strong>&#8211;<\/strong><\/span><\/td>\n<\/tr>\n<tr style=\"height: 23px;\">\n<td style=\"width: 202.828px; height: 23px;\"><span style=\"color: #000000;\">krytie<\/span><\/td>\n<td style=\"width: 636.172px; height: 23px;\"><span style=\"color: #000000;\"><strong>I<\/strong><strong><span style=\"color: #000000;\">P20<\/span><\/strong><\/span><\/td>\n<\/tr>\n<tr style=\"height: 23px;\">\n<td style=\"width: 202.828px; height: 23px;\"><span style=\"color: #000000;\">materi\u00e1l<\/span><\/td>\n<td style=\"width: 636.172px; height: 23px;\"><span style=\"color: #000000;\"><strong>PC &#8211; ABS<\/strong><\/span><\/td>\n<\/tr>\n<tr style=\"height: 23px;\">\n<td style=\"width: 202.828px; height: 23px;\"><span style=\"color: #000000;\">uchytenie<\/span><\/td>\n<td style=\"width: 636.172px; height: 23px;\"><span style=\"color: #000000;\"><strong>ru\u010dn\u00e9, vo\u013ene stojace<\/strong><\/span><\/td>\n<\/tr>\n<tr style=\"height: 23px;\">\n<td style=\"width: 202.828px; height: 23px;\"><span style=\"color: #000000;\">balenie<\/span><\/td>\n<td style=\"width: 636.172px; height: 23px;\"><span style=\"color: #000000;\"><strong>1\/60<\/strong><\/span><\/td>\n<\/tr>\n<tr>\n<td style=\"width: 202.828px;\"><span style=\"color: #000000;\">hmotnos\u0165 netto (g)<\/span><\/td>\n<td style=\"width: 636.172px;\"><span style=\"color: #000000;\"><strong>164<\/strong><\/span><\/td>\n<\/tr>\n<tr>\n<td style=\"width: 202.828px;\"><span style=\"color: #000000;\">LED s\u00fa nevymenite\u013en\u00e9<\/span><\/td>\n<td style=\"width: 636.172px;\"><span style=\"color: #000000;\"><strong>&nbsp;<\/strong><\/span><\/td>\n<\/tr>\n<\/tbody>\n<\/table>\n","protected":false},"excerpt":{"rendered":"<p>LED nab\u00edjacie zrkadlo zna\u010dky NEDES, je v\u00fdborn\u00fdm a praktick\u00fdm spolo\u010dn\u00edkom nielen pre \u017eeny. Disponuje powerbank funkciou a stmievan\u00edm. Zrkadlo je vhodn\u00e9 napr. do kabelky alebo na kozmetick\u00fd st\u00f4l vo va\u0161ej dom\u00e1cnosti. Medzi k\u013e\u00fa\u010dov\u00e9 vlastnosti patr\u00ed jednoduch\u00fd, elegantn\u00fd a modern\u00fd dizajn, LED technol\u00f3gia, spo\u013eahlivos\u0165 a v neposlednom rade cenov\u00e1 dostupnos\u0165. M\u00e1 \u013eahk\u00e9 a bezprobl\u00e9mov\u00e9 pou\u017eitie. Na\u0161e [&hellip;]<\/p>\n","protected":false},"featured_media":10125,"comment_status":"closed","ping_status":"open","template":"","meta":[],"product_brand":[],"product_cat":[129],"product_tag":[],"class_list":{"0":"post-10124","1":"product","2":"type-product","3":"status-publish","4":"has-post-thumbnail","6":"product_cat-led-naramky-zrkadla","8":"first","9":"instock","10":"purchasable","11":"product-type-simple"},"_links":{"self":[{"href":"https:\/\/nedes.significa.sk\/cs\/wp-json\/wp\/v2\/product\/10124","targetHints":{"allow":["GET"]}}],"collection":[{"href":"https:\/\/nedes.significa.sk\/cs\/wp-json\/wp\/v2\/product"}],"about":[{"href":"https:\/\/nedes.significa.sk\/cs\/wp-json\/wp\/v2\/types\/product"}],"replies":[{"embeddable":true,"href":"https:\/\/nedes.significa.sk\/cs\/wp-json\/wp\/v2\/comments?post=10124"}],"wp:featuredmedia":[{"embeddable":true,"href":"https:\/\/nedes.significa.sk\/cs\/wp-json\/wp\/v2\/media\/10125"}],"wp:attachment":[{"href":"https:\/\/nedes.significa.sk\/cs\/wp-json\/wp\/v2\/media?parent=10124"}],"wp:term":[{"taxonomy":"product_brand","embeddable":true,"href":"https:\/\/nedes.significa.sk\/cs\/wp-json\/wp\/v2\/product_brand?post=10124"},{"taxonomy":"product_cat","embeddable":true,"href":"https:\/\/nedes.significa.sk\/cs\/wp-json\/wp\/v2\/product_cat?post=10124"},{"taxonomy":"product_tag","embeddable":true,"href":"https:\/\/nedes.significa.sk\/cs\/wp-json\/wp\/v2\/product_tag?post=10124"}],"curies":[{"name":"wp","href":"https:\/\/api.w.org\/{rel}","templated":true}]}}