{"id":10181,"date":"2024-09-12T06:49:56","date_gmt":"2024-09-12T06:49:56","guid":{"rendered":"https:\/\/nedes.significa.sk\/produkty\/viazacia-paska-300-48-uv-cierna-100ks-t4301uv\/"},"modified":"2024-09-12T06:49:56","modified_gmt":"2024-09-12T06:49:56","slug":"viazacia-paska-300-48-uv-cierna-100ks-t4301uv","status":"publish","type":"product","link":"https:\/\/nedes.significa.sk\/cs\/produkty\/viazacia-paska-300-48-uv-cierna-100ks-t4301uv\/","title":{"rendered":"Viazacia p\u00e1ska 300 \/ 4,8 UV \u010dierna 100ks &#8211; T4301UV"},"content":{"rendered":"<p><span style=\"color: #000000;\"><strong>Viazacia p\u00e1ska&nbsp;<\/strong>zna\u010dky <strong>NEDES<\/strong>, v <strong>\u010diernom<\/strong> farebnom preveden\u00ed. <\/span><\/p>\n<p><span style=\"color: #000000;\">K viazac\u00edm p\u00e1skam je mo\u017en\u00e9 si dok\u00fapi\u0165 pr\u00edslu\u0161enstvo ako s\u00fa napr. <strong>dr\u017eiaky viazac\u00edch p\u00e1sok<\/strong>, <strong>k\u00e1blov\u00e9 sedlo<\/strong> a <strong>samolepiace dr\u017eiaky<\/strong>. <\/span><\/p>\n<p><span style=\"color: #000000;\">Tieto viazacie p\u00e1sky s\u00fa efekt\u00edvnym rie\u0161en\u00edm pre udr\u017eanie poriadku a organiz\u00e1ciu k\u00e1blov a komponentov v r\u00f4znych prostrediach. <\/span><\/p>\n<p><span style=\"color: #000000;\">Na\u0161e produkty s\u00fa ob\u013e\u00faben\u00e9 na celom <strong>svete.<\/strong><\/span><\/p>\n<table style=\"height: 235px;\">\n<tbody>\n<tr style=\"height: 23px;\">\n<td style=\"width: 192.359375px; height: 23px;\"><span style=\"text-decoration: underline; font-size: 16px;\"><strong><span style=\"color: #000000; text-decoration: underline;\">TECHNICK\u00c9 PARAMETRE<\/span><\/strong><\/span><\/td>\n<td style=\"width: 537.59375px; height: 23px;\">&nbsp;<\/td>\n<\/tr>\n<tr style=\"height: 23px;\">\n<td style=\"width: 192.359375px; height: 23px;\"><span style=\"color: #000000;\">rozmer (mm)<\/span><\/td>\n<td style=\"width: 537.59375px; height: 23px;\"><span style=\"color: #000000;\"><strong>300 x 4,8<\/strong><\/span><\/td>\n<\/tr>\n<tr style=\"height: 23px;\">\n<td style=\"width: 192.359375px; height: 23px;\"><span style=\"color: #000000;\">farba<\/span><\/td>\n<td style=\"width: 537.59375px; height: 23px;\"><span style=\"background-color: #ffffff; color: #000000;\"><strong>\u010dierna<\/strong><\/span><\/td>\n<\/tr>\n<tr style=\"height: 23px;\">\n<td style=\"width: 192.359375px; height: 23px;\"><span style=\"color: #000000;\">min.odolnos\u0165 v \u0165ahu<\/span><\/td>\n<td style=\"width: 537.59375px; height: 23px;\"><span style=\"color: #000000;\"><strong>22,2kg<\/strong><\/span><\/td>\n<\/tr>\n<tr style=\"height: 23px;\">\n<td style=\"width: 192.359375px; height: 23px;\"><span style=\"color: #000000;\">materi\u00e1l<\/span><\/td>\n<td style=\"width: 537.59375px; height: 23px;\"><strong><span style=\"color: #000000;\">PA 6.6 <\/span><\/strong><\/td>\n<\/tr>\n<tr style=\"height: 23px;\">\n<td style=\"width: 192.359375px; height: 23px;\"><span style=\"color: #000000;\">stupe\u0148 odolnosti vo\u010di oh\u0148u<\/span><\/td>\n<td style=\"width: 537.59375px; height: 23px;\"><span style=\"color: #000000;\"><strong>94V-2<\/strong><\/span><\/td>\n<\/tr>\n<tr style=\"height: 23px;\">\n<td style=\"width: 192.359375px; height: 23px;\"><span style=\"color: #000000;\">max. priemer zv\u00e4zku<\/span><\/td>\n<td style=\"width: 537.59375px; height: 23px;\"><span style=\"color: #000000;\"><strong>76mm<\/strong><\/span><\/td>\n<\/tr>\n<tr style=\"height: 23px;\">\n<td style=\"width: 192.359375px; height: 28px;\"><span style=\"color: #000000;\">odolnos\u0165 vo\u010di UV \u017eiareniu<\/span><\/td>\n<td style=\"width: 537.59375px; height: 28px;\"><span style=\"color: #000000;\"><strong>\u00e1no<\/strong><\/span><\/td>\n<\/tr>\n<tr style=\"height: 23px;\">\n<td style=\"width: 192.359375px; height: 23px;\"><span style=\"color: #000000;\">pr\u00edpustn\u00e1 teplota okolia<\/span><\/td>\n<td style=\"width: 537.59375px; height: 23px;\"><strong><span style=\"color: #000000;\">-20\u00b0 &#8211; +85\u00b0C<\/span><\/strong><\/td>\n<\/tr>\n<tr style=\"height: 23px;\">\n<td style=\"width: 192.359375px; height: 23px;\"><span style=\"color: #000000;\">balenie<\/span><\/td>\n<td style=\"width: 537.59375px; height: 23px;\"><span style=\"color: #000000;\"><strong>1bal=100\/110bal=11000<\/strong><\/span><\/td>\n<\/tr>\n<\/tbody>\n<\/table>\n","protected":false},"excerpt":{"rendered":"<p>Viazacia p\u00e1ska&nbsp;zna\u010dky NEDES, v \u010diernom farebnom preveden\u00ed. K viazac\u00edm p\u00e1skam je mo\u017en\u00e9 si dok\u00fapi\u0165 pr\u00edslu\u0161enstvo ako s\u00fa napr. dr\u017eiaky viazac\u00edch p\u00e1sok, k\u00e1blov\u00e9 sedlo a samolepiace dr\u017eiaky. Tieto viazacie p\u00e1sky s\u00fa efekt\u00edvnym rie\u0161en\u00edm pre udr\u017eanie poriadku a organiz\u00e1ciu k\u00e1blov a komponentov v r\u00f4znych prostrediach. Na\u0161e produkty s\u00fa ob\u013e\u00faben\u00e9 na celom svete. TECHNICK\u00c9 PARAMETRE &nbsp; rozmer (mm) [&hellip;]<\/p>\n","protected":false},"featured_media":10182,"comment_status":"closed","ping_status":"open","template":"","meta":[],"product_brand":[],"product_cat":[131],"product_tag":[],"class_list":{"0":"post-10181","1":"product","2":"type-product","3":"status-publish","4":"has-post-thumbnail","6":"product_cat-viazacie-pasky-viazacie-pasky","8":"first","9":"instock","10":"purchasable","11":"product-type-simple"},"_links":{"self":[{"href":"https:\/\/nedes.significa.sk\/cs\/wp-json\/wp\/v2\/product\/10181","targetHints":{"allow":["GET"]}}],"collection":[{"href":"https:\/\/nedes.significa.sk\/cs\/wp-json\/wp\/v2\/product"}],"about":[{"href":"https:\/\/nedes.significa.sk\/cs\/wp-json\/wp\/v2\/types\/product"}],"replies":[{"embeddable":true,"href":"https:\/\/nedes.significa.sk\/cs\/wp-json\/wp\/v2\/comments?post=10181"}],"wp:featuredmedia":[{"embeddable":true,"href":"https:\/\/nedes.significa.sk\/cs\/wp-json\/wp\/v2\/media\/10182"}],"wp:attachment":[{"href":"https:\/\/nedes.significa.sk\/cs\/wp-json\/wp\/v2\/media?parent=10181"}],"wp:term":[{"taxonomy":"product_brand","embeddable":true,"href":"https:\/\/nedes.significa.sk\/cs\/wp-json\/wp\/v2\/product_brand?post=10181"},{"taxonomy":"product_cat","embeddable":true,"href":"https:\/\/nedes.significa.sk\/cs\/wp-json\/wp\/v2\/product_cat?post=10181"},{"taxonomy":"product_tag","embeddable":true,"href":"https:\/\/nedes.significa.sk\/cs\/wp-json\/wp\/v2\/product_tag?post=10181"}],"curies":[{"name":"wp","href":"https:\/\/api.w.org\/{rel}","templated":true}]}}