{"id":10308,"date":"2024-09-12T06:50:50","date_gmt":"2024-09-12T06:50:50","guid":{"rendered":"https:\/\/nedes.significa.sk\/produkty\/kablove-sedlo-na-viazaciu-pasku-max-48mm-cierna-100ks-tms01-bk\/"},"modified":"2024-09-12T06:50:53","modified_gmt":"2024-09-12T06:50:53","slug":"kablove-sedlo-na-viazaciu-pasku-max-48mm-cierna-100ks-tms01-bk","status":"publish","type":"product","link":"https:\/\/nedes.significa.sk\/cs\/produkty\/kablove-sedlo-na-viazaciu-pasku-max-48mm-cierna-100ks-tms01-bk\/","title":{"rendered":"K\u00e1blov\u00e9 sedlo na viazaciu p\u00e1sku max 4,8mm \u010dierna 100ks &#8211; TMS01\/BK"},"content":{"rendered":"<p><span style=\"color: #000000;\"><strong>K\u00e1blov\u00e9 sedlo na viazaciu p\u00e1sku <\/strong>max 4,8mm, zna\u010dky <strong>NEDES<\/strong>, v \u010diernom farebnom preveden\u00ed je vhodn\u00fd ako <strong>pr\u00edslu\u0161enstvo<\/strong> k viazac\u00edm p\u00e1skam.<\/span><\/p>\n<p><span style=\"color: #000000;\"> Tieto doplnky s\u00fa efekt\u00edvnym rie\u0161en\u00edm pre udr\u017eanie poriadku a organiz\u00e1ciu k\u00e1blov a komponentov v r\u00f4znych prostrediach. <\/span><\/p>\n<p><span style=\"color: #000000;\">Na\u0161e produkty s\u00fa ob\u013e\u00faben\u00e9 na celom <strong>svete.<\/strong><\/span><\/p>\n<table style=\"height: 247px;\">\n<tbody>\n<tr style=\"height: 23px;\">\n<td style=\"width: 238px; height: 23px;\"><span style=\"text-decoration: underline; font-size: 16px;\"><strong><span style=\"color: #000000; text-decoration: underline;\">TECHNICK\u00c9 PARAMETRE<\/span><\/strong><\/span><\/td>\n<td style=\"width: 491px; height: 23px;\">&nbsp;<\/td>\n<\/tr>\n<tr style=\"height: 29px;\">\n<td style=\"width: 238px; height: 29px;\"><span style=\"color: #000000;\">rozmer diery na skrutku<\/span><\/td>\n<td style=\"width: 491px; height: 29px;\"><span style=\"color: #000000;\"><strong>4,5mm<\/strong><\/span><\/td>\n<\/tr>\n<tr style=\"height: 29px;\">\n<td style=\"width: 238px; height: 29px;\"><span style=\"color: #000000;\">pre p\u00e1sku s max.rozmerom<\/span><\/td>\n<td style=\"width: 491px; height: 29px;\"><span style=\"color: #000000;\"><strong>4,8mm<\/strong><\/span><\/td>\n<\/tr>\n<tr style=\"height: 23px;\">\n<td style=\"width: 238px; height: 23px;\"><span style=\"color: #000000;\">rozmer (mm)<\/span><\/td>\n<td style=\"width: 491px; height: 23px;\"><span style=\"color: #000000;\"><strong>14,9 x 9,5 x 7,2<\/strong><\/span><\/td>\n<\/tr>\n<tr style=\"height: 23px;\">\n<td style=\"width: 238px; height: 23px;\"><span style=\"color: #000000;\">farba<\/span><\/td>\n<td style=\"width: 491px; height: 23px;\"><span style=\"background-color: #ffffff; color: #000000;\"><strong>\u010dierna<\/strong><\/span><\/td>\n<\/tr>\n<tr style=\"height: 23px;\">\n<td style=\"width: 238px; height: 23px;\"><span style=\"color: #000000;\">materi\u00e1l<\/span><\/td>\n<td style=\"width: 491px; height: 23px;\"><strong><span style=\"color: #000000;\">PA 6.6 <\/span><\/strong><\/td>\n<\/tr>\n<tr style=\"height: 23px;\">\n<td style=\"width: 238px; height: 23px;\"><span style=\"color: #000000;\">stupe\u0148 odolnosti vo\u010di oh\u0148u<\/span><\/td>\n<td style=\"width: 491px; height: 23px;\"><span style=\"color: #000000;\"><strong>94V-2<\/strong><\/span><\/td>\n<\/tr>\n<tr style=\"height: 23px;\">\n<td style=\"width: 238px; height: 28px;\"><span style=\"color: #000000;\">odolnos\u0165 vo\u010di UV \u017eiareniu<\/span><\/td>\n<td style=\"width: 491px; height: 28px;\"><span style=\"color: #000000;\"><strong>\u00e1no<\/strong><\/span><\/td>\n<\/tr>\n<tr style=\"height: 23px;\">\n<td style=\"width: 238px; height: 23px;\"><span style=\"color: #000000;\">pr\u00edpustn\u00e1 teplota okolia<\/span><\/td>\n<td style=\"width: 491px; height: 23px;\"><strong><span style=\"color: #000000;\">-20\u00b0 &#8211; +85\u00b0C<\/span><\/strong><\/td>\n<\/tr>\n<tr style=\"height: 23px;\">\n<td style=\"width: 238px; height: 23px;\"><span style=\"color: #000000;\">balenie<\/span><\/td>\n<td style=\"width: 491px; height: 23px;\"><span style=\"color: #000000;\"><strong>1bal=100\/300bal=30000<\/strong><\/span><\/td>\n<\/tr>\n<\/tbody>\n<\/table>\n","protected":false},"excerpt":{"rendered":"<p>K\u00e1blov\u00e9 sedlo na viazaciu p\u00e1sku max 4,8mm, zna\u010dky NEDES, v \u010diernom farebnom preveden\u00ed je vhodn\u00fd ako pr\u00edslu\u0161enstvo k viazac\u00edm p\u00e1skam. Tieto doplnky s\u00fa efekt\u00edvnym rie\u0161en\u00edm pre udr\u017eanie poriadku a organiz\u00e1ciu k\u00e1blov a komponentov v r\u00f4znych prostrediach. Na\u0161e produkty s\u00fa ob\u013e\u00faben\u00e9 na celom svete. TECHNICK\u00c9 PARAMETRE &nbsp; rozmer diery na skrutku 4,5mm pre p\u00e1sku s max.rozmerom [&hellip;]<\/p>\n","protected":false},"featured_media":10309,"comment_status":"closed","ping_status":"open","template":"","meta":[],"product_brand":[],"product_cat":[132],"product_tag":[],"class_list":{"0":"post-10308","1":"product","2":"type-product","3":"status-publish","4":"has-post-thumbnail","6":"product_cat-prislusenstvo-pre-viazacie-pasky","8":"first","9":"instock","10":"purchasable","11":"product-type-simple"},"_links":{"self":[{"href":"https:\/\/nedes.significa.sk\/cs\/wp-json\/wp\/v2\/product\/10308","targetHints":{"allow":["GET"]}}],"collection":[{"href":"https:\/\/nedes.significa.sk\/cs\/wp-json\/wp\/v2\/product"}],"about":[{"href":"https:\/\/nedes.significa.sk\/cs\/wp-json\/wp\/v2\/types\/product"}],"replies":[{"embeddable":true,"href":"https:\/\/nedes.significa.sk\/cs\/wp-json\/wp\/v2\/comments?post=10308"}],"wp:featuredmedia":[{"embeddable":true,"href":"https:\/\/nedes.significa.sk\/cs\/wp-json\/wp\/v2\/media\/10309"}],"wp:attachment":[{"href":"https:\/\/nedes.significa.sk\/cs\/wp-json\/wp\/v2\/media?parent=10308"}],"wp:term":[{"taxonomy":"product_brand","embeddable":true,"href":"https:\/\/nedes.significa.sk\/cs\/wp-json\/wp\/v2\/product_brand?post=10308"},{"taxonomy":"product_cat","embeddable":true,"href":"https:\/\/nedes.significa.sk\/cs\/wp-json\/wp\/v2\/product_cat?post=10308"},{"taxonomy":"product_tag","embeddable":true,"href":"https:\/\/nedes.significa.sk\/cs\/wp-json\/wp\/v2\/product_tag?post=10308"}],"curies":[{"name":"wp","href":"https:\/\/api.w.org\/{rel}","templated":true}]}}