{"id":10408,"date":"2024-09-12T06:51:16","date_gmt":"2024-09-12T06:51:16","guid":{"rendered":"https:\/\/nedes.significa.sk\/produkty\/led-stropna-lampa-opal-rgb-cct-dialkovy-ovladac-wifi-24w-lc951u\/"},"modified":"2024-09-12T06:51:36","modified_gmt":"2024-09-12T06:51:36","slug":"led-stropna-lampa-opal-rgb-cct-dialkovy-ovladac-wifi-24w-lc951u","status":"publish","type":"product","link":"https:\/\/nedes.significa.sk\/cs\/produkty\/led-stropna-lampa-opal-rgb-cct-dialkovy-ovladac-wifi-24w-lc951u\/","title":{"rendered":"LED stropn\u00e1 lampa OPAL RGB + CCT + dia\u013ekov\u00fd ovl\u00e1da\u010d + Wifi 24W &#8211; LC951U"},"content":{"rendered":"<div>\n<div><span style=\"color: #000000;\"><strong>LED svietidlo OPAL RGB + CCT <\/strong>s<strong> dia\u013ekov\u00fdm ovl\u00e1da\u010dom 2,4GHz<\/strong> z LC9 series, je <strong>SMART lampa<\/strong> vyroben\u00e1 <strong>&nbsp;najmodernej\u0161ou<\/strong> technol\u00f3giou v oblasti<strong> osvetlenia LED.<\/strong> Je v\u00fdnimo\u010dn\u00e9 svojim typom ovl\u00e1dania a unik\u00e1tnym designom. Ovl\u00e1danie mimo \u0161tandardn\u00e9ho n\u00e1stenn\u00e9ho vyp\u00edna\u010da (vypnu\u0165\/zapn\u00fa\u0165) je mo\u017en\u00e9 aj pomocou <strong>dia\u013ekov\u00e9ho ovl\u00e1da\u010da<\/strong> a\/alebo pomocou aplik\u00e1cie <strong>Tuya resp. Smart Life<\/strong>, kde je mo\u017en\u00e9 pou\u017ei\u0165 viacero funkci\u00ed, ako <strong>stmievanie<\/strong>, <strong>zmena farby svetla<\/strong>, <strong>no\u010dn\u00fd re\u017eim<\/strong>. V aplik\u00e1cii s\u00fa navy\u0161e mnoh\u00e9 \u010fal\u0161ie funkcie napr.<strong> vytvorenie skup\u00edn svietidiel<\/strong>, <strong>\u010dasov\u00e9 nastavenie vypnutia a zapnutia<\/strong>, dokonca r\u00f4zne v jednotliv\u00fdch d\u0148och v t\u00fd\u017edni, pl\u00e1ny pod\u013ea po\u010dasia a \u010fal\u0161ie. Ve\u013ekou v\u00fdhodou je mo\u017enos\u0165 pou\u017e\u00edvania pripojenia na <strong>Wifi<\/strong> a\/alebo cez <strong>Bluetooth<\/strong>. Samozrejmos\u0165ou je aj ovl\u00e1danie hlasom po pripojen\u00ed na zariadenia <strong>Amazon Alexa, Google Assistant <\/strong>alebo<strong> Apple Home. Svetlo&nbsp;<\/strong>je vhodn\u00e9 <strong>do kuchyne, jed\u00e1lne, sp\u00e1lne, chodby, \u0161atn\u00edka, predsiene alebo ob\u00fdva\u010dky. <\/strong>Tieto<strong> svietidl\u00e1 <\/strong>vynikaj\u00faco kombinuj\u00fa modern\u00fd \u0161t\u00fdl s najvy\u0161\u0161ou kvalitou. <strong>LED stropn\u00e9 svetlo<\/strong> prid\u00e1va eleganciu do V\u00e1\u0161ho interi\u00e9ru. Medzi k\u013e\u00fa\u010dov\u00e9 vlastnosti patr\u00ed <strong>jednoduch\u00fd<\/strong> a <strong>modern\u00fd dizajn, LED technol\u00f3gia, \u00faspornos\u0165, spo\u013eahlivos\u0165 <\/strong>a v neposlednom rade ich <strong>cenov\u00e1 dostupnos\u0165. <\/strong>V\u010faka svojej n\u00edzkej spotrebe energie, s\u00fa tieto <strong>svietidl\u00e1 <\/strong>ob\u013e\u00faben\u00e9 na celom <strong>svete.<\/strong><\/span><\/div>\n<div>&nbsp;<\/div>\n<div>-dia\u013ekov\u00fd ovl\u00e1da\u010d + Wifi 2,4GHz ( TUYA \/ AMAZON ALEXA \/ GOOGLE HOME ) + BT ( BLE )<br \/>-stmievanie<br \/>-no\u010dn\u00fd re\u017eim ( 3 farby svetla no\u010dn\u00e9ho re\u017eimu &#8211; v\u00fdrobn\u00e9 nastavenie je 2700K )<br \/>-zmena farby svetla ( RGB + 2700K &#8211; 6500K &#8211; v\u00fdrobn\u00e9 nastavenie je 4000K )<br \/>-mo\u017enos\u0165 ovl\u00e1dania viacer\u00fdmi ovl\u00e1da\u010dmi<br \/>-pam\u00e4\u0165 posledn\u00e9ho nastavenia<\/div>\n<div>-jednoduch\u00e1 mont\u00e1\u017e<\/div>\n<div>-bezpe\u010dn\u00e9 balenie<\/div>\n<div>-LED s\u00fa nevymenite\u013en\u00e9<\/div>\n<\/div>\n<table style=\"height: 368px;\">\n<tbody>\n<tr style=\"height: 23px;\">\n<td style=\"width: 205.265625px; height: 23px;\"><span style=\"text-decoration: underline; font-size: 16px;\"><strong><span style=\"color: #000000; text-decoration: underline;\">TECHNICK\u00c9 PARAMETRE<\/span><\/strong><\/span><\/td>\n<td style=\"width: 608.875px; height: 23px;\">&nbsp;<\/td>\n<\/tr>\n<tr style=\"height: 23px;\">\n<td style=\"width: 205.265625px; height: 23px;\"><span style=\"color: #000000;\">spotreba<\/span><\/td>\n<td style=\"width: 608.875px; height: 23px;\"><span style=\"color: #000000;\"><strong>24W<\/strong><\/span><\/td>\n<\/tr>\n<tr style=\"height: 23px;\">\n<td style=\"width: 205.265625px; height: 23px;\"><span style=\"color: #000000;\">sveteln\u00fd tok<\/span><\/td>\n<td style=\"width: 608.875px; height: 23px;\"><span style=\"color: #000000;\"><strong>LED &#8211; 2800Lm, total&nbsp;<\/strong><\/span><img decoding=\"async\" src=\"\/storage\/lampa.png\" width=\"13\" height=\"16\" alt=\"\">&nbsp;<strong><span style=\"color: #000000;\">&#8211; 1700Lm<\/span><\/strong><\/td>\n<\/tr>\n<tr style=\"height: 23px;\">\n<td style=\"width: 205.265625px; height: 23px;\"><span style=\"color: #000000;\">rozmer (mm)<\/span><\/td>\n<td style=\"width: 608.875px; height: 23px;\"><span style=\"color: #000000;\"><strong>\u00d8437 x 80<\/strong><\/span><\/td>\n<\/tr>\n<tr style=\"height: 23px;\">\n<td style=\"width: 205.265625px; height: 23px;\"><span style=\"color: #000000;\">chromati\u010dnos\u0165 (farba svetla)<\/span><\/td>\n<td style=\"width: 608.875px; height: 23px;\"><span style=\"color: #000000;\"><strong>2700K &#8211; 6500K + RGB<\/strong><\/span><\/td>\n<\/tr>\n<tr style=\"height: 23px;\">\n<td style=\"width: 205.265625px; height: 23px;\"><span style=\"color: #000000;\">stmievanie<\/span><\/td>\n<td style=\"width: 608.875px; height: 23px;\"><span style=\"color: #000000;\"><strong>\u00e1no<\/strong><\/span><\/td>\n<\/tr>\n<tr style=\"height: 23px;\">\n<td style=\"width: 205.265625px; height: 23px;\"><span style=\"color: #000000;\">no\u010dn\u00fd re\u017eim<\/span><\/td>\n<td style=\"width: 608.875px; height: 23px;\"><span style=\"color: #000000;\"><strong>\u00e1no<\/strong><\/span><\/td>\n<\/tr>\n<tr style=\"height: 23px;\">\n<td style=\"width: 205.265625px; height: 23px;\"><span style=\"color: #000000;\">dia\u013ekov\u00fd ovl\u00e1da\u010d<\/span><\/td>\n<td style=\"width: 608.875px; height: 23px;\"><span style=\"color: #000000;\"><strong>\u00e1no<\/strong><\/span><\/td>\n<\/tr>\n<tr>\n<td style=\"width: 205.265625px;\"><span style=\"color: #000000;\">smart<\/span><\/td>\n<td style=\"width: 608.875px;\"><span style=\"color: #000000;\"><strong>Wifi 2,4GHz ( TUYA \/ AMAZON ALEXA \/ GOOGLE HOME ) + BT(BLE)<\/strong><\/span><\/td>\n<\/tr>\n<tr style=\"height: 23px;\">\n<td style=\"width: 205.265625px; height: 23px;\"><span style=\"color: #000000;\">uhol svetla<\/span><\/td>\n<td style=\"width: 608.875px; height: 23px;\"><span style=\"color: #000000;\"><strong>120\u00b0<\/strong><\/span><\/td>\n<\/tr>\n<tr style=\"height: 23px;\">\n<td style=\"width: 205.265625px; height: 23px;\"><span style=\"color: #000000;\">nap\u00e4tie <\/span><\/td>\n<td style=\"width: 608.875px; height: 23px;\"><span style=\"color: #000000;\"><strong>AC220 &#8211; 240V<\/strong><\/span><\/td>\n<\/tr>\n<tr style=\"height: 23px;\">\n<td style=\"width: 205.265625px; height: 23px;\"><span style=\"color: #000000;\">\u017eivotnos\u0165<\/span><\/td>\n<td style=\"width: 608.875px; height: 23px;\"><span style=\"color: #000000;\"><strong>30 000h<\/strong><\/span><\/td>\n<\/tr>\n<tr style=\"height: 23px;\">\n<td style=\"width: 205.265625px; height: 23px;\"><span style=\"color: #000000;\">sp\u00ednac\u00ed cyklus<\/span><\/td>\n<td style=\"width: 608.875px; height: 23px;\"><span style=\"color: #000000;\"><strong>25 000 x<\/strong><\/span><\/td>\n<\/tr>\n<tr>\n<td style=\"width: 205.266px;\"><span style=\"color: #000000;\">hmotnos\u0165 netto (g)<\/span><\/td>\n<td style=\"width: 608.875px;\"><span style=\"color: #000000;\"><strong>1372<\/strong><\/span><\/td>\n<\/tr>\n<tr style=\"height: 23px;\">\n<td style=\"width: 205.265625px; height: 23px;\"><span style=\"color: #000000;\">krytie<\/span><\/td>\n<td style=\"width: 608.875px; height: 23px;\"><span style=\"color: #000000;\"><strong>IP20<\/strong><\/span><\/td>\n<\/tr>\n<tr style=\"height: 23px;\">\n<td style=\"width: 205.265625px; height: 23px;\"><span style=\"color: #000000;\">materi\u00e1l<\/span><\/td>\n<td style=\"width: 608.875px; height: 23px;\"><span style=\"color: #000000;\"><strong>metal &#8211; biela<\/strong><\/span><\/td>\n<\/tr>\n<tr style=\"height: 23px;\">\n<td style=\"width: 205.265625px; height: 23px;\"><span style=\"color: #000000;\">typ dif\u00fazora<\/span><\/td>\n<td style=\"width: 608.875px; height: 23px;\"><strong><span style=\"color: #000000;\">acryl &#8211; opal (biela)<\/span><\/strong><\/td>\n<\/tr>\n<tr style=\"height: 23px;\">\n<td style=\"width: 205.265625px; height: 23px;\"><span style=\"color: #000000;\">balenie<\/span><\/td>\n<td style=\"width: 608.875px; height: 23px;\"><span style=\"color: #000000;\"><strong>1\/5 &nbsp; (svietidlo, dia\u013e.ovl\u00e1da\u010d, dr\u017eiak dia\u013e.ovl\u00e1da\u010da na stenu, skrutky na in\u0161tal\u00e1ciu)<\/strong><\/span><\/td>\n<\/tr>\n<\/tbody>\n<\/table>\n<p>-cena produktu zah\u0155\u0148a recykla\u010dn\u00fd poplatok v hodnote 0,10\u20ac bez DPH (0,12\u20ac s DPH)<\/p>\n","protected":false},"excerpt":{"rendered":"<p>LED svietidlo OPAL RGB + CCT s dia\u013ekov\u00fdm ovl\u00e1da\u010dom 2,4GHz z LC9 series, je SMART lampa vyroben\u00e1 &nbsp;najmodernej\u0161ou technol\u00f3giou v oblasti osvetlenia LED. Je v\u00fdnimo\u010dn\u00e9 svojim typom ovl\u00e1dania a unik\u00e1tnym designom. Ovl\u00e1danie mimo \u0161tandardn\u00e9ho n\u00e1stenn\u00e9ho vyp\u00edna\u010da (vypnu\u0165\/zapn\u00fa\u0165) je mo\u017en\u00e9 aj pomocou dia\u013ekov\u00e9ho ovl\u00e1da\u010da a\/alebo pomocou aplik\u00e1cie Tuya resp. Smart Life, kde je mo\u017en\u00e9 pou\u017ei\u0165 viacero [&hellip;]<\/p>\n","protected":false},"featured_media":10409,"comment_status":"closed","ping_status":"open","template":"","meta":[],"product_brand":[],"product_cat":[40],"product_tag":[],"class_list":{"0":"post-10408","1":"product","2":"type-product","3":"status-publish","4":"has-post-thumbnail","6":"product_cat-led-svietidla-dial-ovladac","8":"first","9":"instock","10":"purchasable","11":"product-type-simple"},"_links":{"self":[{"href":"https:\/\/nedes.significa.sk\/cs\/wp-json\/wp\/v2\/product\/10408","targetHints":{"allow":["GET"]}}],"collection":[{"href":"https:\/\/nedes.significa.sk\/cs\/wp-json\/wp\/v2\/product"}],"about":[{"href":"https:\/\/nedes.significa.sk\/cs\/wp-json\/wp\/v2\/types\/product"}],"replies":[{"embeddable":true,"href":"https:\/\/nedes.significa.sk\/cs\/wp-json\/wp\/v2\/comments?post=10408"}],"wp:featuredmedia":[{"embeddable":true,"href":"https:\/\/nedes.significa.sk\/cs\/wp-json\/wp\/v2\/media\/10409"}],"wp:attachment":[{"href":"https:\/\/nedes.significa.sk\/cs\/wp-json\/wp\/v2\/media?parent=10408"}],"wp:term":[{"taxonomy":"product_brand","embeddable":true,"href":"https:\/\/nedes.significa.sk\/cs\/wp-json\/wp\/v2\/product_brand?post=10408"},{"taxonomy":"product_cat","embeddable":true,"href":"https:\/\/nedes.significa.sk\/cs\/wp-json\/wp\/v2\/product_cat?post=10408"},{"taxonomy":"product_tag","embeddable":true,"href":"https:\/\/nedes.significa.sk\/cs\/wp-json\/wp\/v2\/product_tag?post=10408"}],"curies":[{"name":"wp","href":"https:\/\/api.w.org\/{rel}","templated":true}]}}