{"id":10435,"date":"2024-09-12T06:51:42","date_gmt":"2024-09-12T06:51:42","guid":{"rendered":"https:\/\/nedes.significa.sk\/produkty\/led-podhladove-svietidlo-wifi-10w-ip44-3000k-6500k-si-ldl164-sw\/"},"modified":"2024-09-12T06:51:49","modified_gmt":"2024-09-12T06:51:49","slug":"led-podhladove-svietidlo-wifi-10w-ip44-3000k-6500k-si-ldl164-sw","status":"publish","type":"product","link":"https:\/\/nedes.significa.sk\/cs\/produkty\/led-podhladove-svietidlo-wifi-10w-ip44-3000k-6500k-si-ldl164-sw\/","title":{"rendered":"LED podh\u013eadov\u00e9 svietidlo WIFI 10W \/ IP44 \/ 3000K &#8211; 6500K \/ SI &#8211; LDL164\/SW"},"content":{"rendered":"<div>SMART LED-Wifi 2,4GHz ( TUYA\/SmartLife App &#8211; AMAZON ALEXA \/ GOOGLE HOME ) + BT ( BLE )<br \/>-stmievanie<br \/>-no\u010dn\u00fd re\u017eim<br \/>-zmena farby svetla ( 3000K \u2013 6500K )<br \/>-pam\u00e4\u0165 posledn\u00e9ho nastavenia po vypnut\u00ed vyp\u00edna\u010dom ( za podmienky, \u017ee svietidlo po poslednom nastaven\u00ed min.10sec svieti a n\u00e1sledne je min. 10sec vo vypnutom stave )<\/div>\n<div>-pam\u00e4\u0165 posledn\u00e9ho nastavenia po vypnut\u00ed v APP<\/div>\n<div>-jednoduch\u00e1 &nbsp;mont\u00e1\u017e<\/div>\n<div>-LED s\u00fa nevymenite\u013en\u00e9<\/div>\n<table style=\"height: 461px; width: 814px;\">\n<tbody>\n<tr style=\"height: 23px;\">\n<td style=\"width: 204.844px; height: 23px;\">\n<p><span style=\"text-decoration: underline; font-size: 16px;\"><strong><span style=\"color: #000000; text-decoration: underline;\">TECHNICK\u00c9 PARAMETRE<\/span><\/strong><\/span><\/p>\n<\/td>\n<td style=\"width: 608.156px; height: 23px;\">&nbsp;<\/td>\n<\/tr>\n<tr style=\"height: 23px;\">\n<td style=\"width: 204.844px; height: 23px;\"><span style=\"color: #000000;\">spotreba<\/span><\/td>\n<td style=\"width: 608.156px; height: 23px;\"><span style=\"color: #000000;\"><strong>10W<\/strong><\/span><\/td>\n<\/tr>\n<tr style=\"height: 23px;\">\n<td style=\"width: 204.844px; height: 23px;\"><span style=\"color: #000000;\">sveteln\u00fd tok<\/span><\/td>\n<td style=\"width: 608.156px; height: 23px;\"><span style=\"color: #000000;\"><strong>\u03a6use 730Lm (120\u00b0) total&nbsp;<img decoding=\"async\" src=\"\/storage\/lampa.png\" alt=\"\" width=\"13\" height=\"16\"> &#8211; 870Lm<\/strong><\/span><\/td>\n<\/tr>\n<tr style=\"height: 23px;\">\n<td style=\"width: 204.844px; height: 23px;\"><span style=\"color: #000000;\">rozmer (mm)<\/span><\/td>\n<td style=\"width: 608.156px; height: 23px;\"><span style=\"color: #000000;\"><strong>\u00d8115 x 60<\/strong><\/span><\/td>\n<\/tr>\n<tr style=\"height: 23px;\">\n<td style=\"width: 204.844px; height: 23px;\"><span style=\"color: #000000;\">mont\u00e1\u017eny otvor (mm)<\/span><\/td>\n<td style=\"width: 608.156px; height: 23px;\"><span style=\"color: #000000;\"><strong>\u00d890<\/strong><\/span><\/td>\n<\/tr>\n<tr style=\"height: 23px;\">\n<td style=\"width: 204.844px; height: 23px;\"><span style=\"color: #000000;\">chromati\u010dnos\u0165 (farba svetla)<\/span><\/td>\n<td style=\"width: 608.156px; height: 23px;\"><span style=\"color: #000000;\"><strong>3000K &#8211; 6500K<\/strong><\/span><\/td>\n<\/tr>\n<tr style=\"height: 29px;\">\n<td style=\"width: 204.844px; height: 29px;\"><span style=\"color: #000000;\">no\u010dn\u00fd re\u017eim<\/span><\/td>\n<td style=\"width: 608.156px; height: 29px;\"><span style=\"color: #000000;\"><strong>\u00e1no<\/strong><\/span><\/td>\n<\/tr>\n<tr style=\"height: 29px;\">\n<td style=\"width: 204.844px; height: 29px;\"><span style=\"color: #000000;\">smart<\/span><\/td>\n<td style=\"width: 608.156px; height: 29px;\"><span style=\"color: #000000;\"><strong>Wifi 2,4GHz ( TUYA\/SmartLife &#8211; AMAZON ALEXA \/ GOOGLE HOME ) + BT(BLE)<\/strong><\/span><\/td>\n<\/tr>\n<tr style=\"height: 23px;\">\n<td style=\"width: 204.844px; height: 23px;\"><span style=\"color: #000000;\">uhol svetla<\/span><\/td>\n<td style=\"width: 608.156px; height: 23px;\"><span style=\"color: #000000;\"><strong>120\u00b0<\/strong><\/span><\/td>\n<\/tr>\n<tr style=\"height: 23px;\">\n<td style=\"width: 204.844px; height: 23px;\"><span style=\"color: #000000;\">nap\u00e4tie <\/span><\/td>\n<td style=\"width: 608.156px; height: 23px;\"><span style=\"color: #000000;\"><strong>AC220 &#8211; 240V<\/strong><\/span><\/td>\n<\/tr>\n<tr style=\"height: 23px;\">\n<td style=\"width: 204.844px; height: 23px;\"><span style=\"color: #000000;\">\u017eivotnos\u0165<\/span><\/td>\n<td style=\"width: 608.156px; height: 23px;\"><span style=\"color: #000000;\"><strong>30 000h<\/strong><\/span><\/td>\n<\/tr>\n<tr style=\"height: 23px;\">\n<td style=\"width: 204.844px; height: 23px;\"><span style=\"color: #000000;\">sp\u00ednac\u00ed cyklus<\/span><\/td>\n<td style=\"width: 608.156px; height: 23px;\"><span style=\"color: #000000;\"><strong>20 000 x<\/strong><\/span><\/td>\n<\/tr>\n<tr style=\"height: 23px;\">\n<td style=\"width: 204.844px; height: 23px;\"><span style=\"color: #000000;\">hmotnos\u0165 netto (g)<\/span><\/td>\n<td style=\"width: 608.156px; height: 23px;\"><span style=\"color: #000000;\"><strong>144<\/strong><\/span><\/td>\n<\/tr>\n<tr style=\"height: 23px;\">\n<td style=\"width: 204.844px; height: 23px;\"><span style=\"color: #000000;\">krytie<\/span><\/td>\n<td style=\"width: 608.156px; height: 23px;\"><span style=\"color: #000000;\"><strong>IP44<\/strong><\/span><\/td>\n<\/tr>\n<tr style=\"height: 23px;\">\n<td style=\"width: 204.844px; height: 23px;\"><span style=\"color: #000000;\">materi\u00e1l<\/span><\/td>\n<td style=\"width: 608.156px; height: 23px;\"><span style=\"color: #000000;\"><strong>thermal PC\/AL &#8211; strieborn\u00e1<\/strong><\/span><\/td>\n<\/tr>\n<tr style=\"height: 23px;\">\n<td style=\"width: 204.844px; height: 23px;\"><span style=\"color: #000000;\">typ dif\u00fazora<\/span><\/td>\n<td style=\"width: 608.156px; height: 23px;\"><strong><span style=\"color: #000000;\">opal<\/span><\/strong><\/td>\n<\/tr>\n<tr style=\"height: 29px;\">\n<td style=\"width: 204.844px; height: 29px;\"><span style=\"color: #000000;\">mo\u017enos\u0165 stmievania<\/span><\/td>\n<td style=\"width: 608.156px; height: 29px;\"><span style=\"color: #000000;\"><strong>\u00e1no (APP)<\/strong><\/span><\/td>\n<\/tr>\n<tr style=\"height: 23px;\">\n<td style=\"width: 204.844px; height: 23px;\"><span style=\"color: #000000;\">balenie<\/span><\/td>\n<td style=\"width: 608.156px; height: 23px;\"><span style=\"color: #000000;\"><strong>1\/50<\/strong><\/span><\/td>\n<\/tr>\n<tr style=\"height: 29px;\">\n<td style=\"width: 204.844px; height: 29px;\"><span style=\"color: #000000;\">LED s\u00fa nevymenite\u013en\u00e9<\/span><span style=\"color: #000000;\"><br \/><\/span><\/td>\n<td style=\"width: 608.156px; height: 29px;\"><span style=\"color: #000000;\"><strong>&nbsp;<\/strong><\/span><\/td>\n<\/tr>\n<\/tbody>\n<\/table>\n","protected":false},"excerpt":{"rendered":"<p>SMART LED-Wifi 2,4GHz ( TUYA\/SmartLife App &#8211; AMAZON ALEXA \/ GOOGLE HOME ) + BT ( BLE )-stmievanie-no\u010dn\u00fd re\u017eim-zmena farby svetla ( 3000K \u2013 6500K )-pam\u00e4\u0165 posledn\u00e9ho nastavenia po vypnut\u00ed vyp\u00edna\u010dom ( za podmienky, \u017ee svietidlo po poslednom nastaven\u00ed min.10sec svieti a n\u00e1sledne je min. 10sec vo vypnutom stave ) -pam\u00e4\u0165 posledn\u00e9ho nastavenia po vypnut\u00ed [&hellip;]<\/p>\n","protected":false},"featured_media":10436,"comment_status":"closed","ping_status":"open","template":"","meta":[],"product_brand":[],"product_cat":[54],"product_tag":[],"class_list":{"0":"post-10435","1":"product","2":"type-product","3":"status-publish","4":"has-post-thumbnail","6":"product_cat-led-svietidla-vsadene","8":"first","9":"instock","10":"purchasable","11":"product-type-simple"},"_links":{"self":[{"href":"https:\/\/nedes.significa.sk\/cs\/wp-json\/wp\/v2\/product\/10435","targetHints":{"allow":["GET"]}}],"collection":[{"href":"https:\/\/nedes.significa.sk\/cs\/wp-json\/wp\/v2\/product"}],"about":[{"href":"https:\/\/nedes.significa.sk\/cs\/wp-json\/wp\/v2\/types\/product"}],"replies":[{"embeddable":true,"href":"https:\/\/nedes.significa.sk\/cs\/wp-json\/wp\/v2\/comments?post=10435"}],"wp:featuredmedia":[{"embeddable":true,"href":"https:\/\/nedes.significa.sk\/cs\/wp-json\/wp\/v2\/media\/10436"}],"wp:attachment":[{"href":"https:\/\/nedes.significa.sk\/cs\/wp-json\/wp\/v2\/media?parent=10435"}],"wp:term":[{"taxonomy":"product_brand","embeddable":true,"href":"https:\/\/nedes.significa.sk\/cs\/wp-json\/wp\/v2\/product_brand?post=10435"},{"taxonomy":"product_cat","embeddable":true,"href":"https:\/\/nedes.significa.sk\/cs\/wp-json\/wp\/v2\/product_cat?post=10435"},{"taxonomy":"product_tag","embeddable":true,"href":"https:\/\/nedes.significa.sk\/cs\/wp-json\/wp\/v2\/product_tag?post=10435"}],"curies":[{"name":"wp","href":"https:\/\/api.w.org\/{rel}","templated":true}]}}