{"id":10465,"date":"2024-09-12T06:51:42","date_gmt":"2024-09-12T06:51:42","guid":{"rendered":"https:\/\/nedes.significa.sk\/produkty\/led-vsadeny-panel-s-wifi-a-bluetooth-12w-3000k-6500k-wh-lpl133w\/"},"modified":"2024-09-12T06:52:02","modified_gmt":"2024-09-12T06:52:02","slug":"led-vsadeny-panel-s-wifi-a-bluetooth-12w-3000k-6500k-wh-lpl133w","status":"publish","type":"product","link":"https:\/\/nedes.significa.sk\/cs\/produkty\/led-vsadeny-panel-s-wifi-a-bluetooth-12w-3000k-6500k-wh-lpl133w\/","title":{"rendered":"LED vsaden\u00fd panel s WIFI a BLUETOOTH 12W \/ 3000K &#8211; 6500K \/ WH &#8211; LPL133W"},"content":{"rendered":"<div>\n<p><span style=\"color: #000000;\"><strong>Vsaden\u00fd LED panel<\/strong>&nbsp;zna\u010dky <strong>NEDES<\/strong> poskytuje modern\u00e9 a efekt\u00edvne <strong>osvetlenie<\/strong> pre v\u0161etky typy <strong>interi\u00e9rov. <\/strong><\/span><\/p>\n<p><span style=\"color: #000000;\"><strong>LED panel<\/strong> je ide\u00e1lny ako <strong>stropn\u00e9 svetlo<\/strong>, nielen pre miestnosti v dom\u00e1cnosti, ale aj kancel\u00e1rie a obchody.<\/span><\/p>\n<p><span style=\"color: #000000;\"> Ide o v\u00fdborn\u00e9 sveteln\u00e9 rie\u0161enie s d\u00f4razom na <strong>kvalitu<\/strong> a<strong> technologick\u00e9 inov\u00e1cie.<\/strong><\/span><\/p>\n<p><span style=\"color: #000000;\">Disponuje zmenou<strong> farby svetla <\/strong>(neutr\u00e1lna, tepl\u00e1, studen\u00e1) a je vhodn\u00fd aj <strong>do s\u00e1drokart\u00f3nov\u00fdch stropov.<\/strong> <\/span><\/p>\n<p><span style=\"color: #000000;\">Tento produkt m\u00e1 najmodernej\u0161\u00ed dizajn, ktor\u00fd zais\u0165uje <strong>bezpe\u010dn\u00fa<\/strong> a <strong>bezprobl\u00e9mov\u00fa in\u0161tal\u00e1ciu<\/strong>.<\/span><\/p>\n<p><span style=\"color: #000000;\"> V\u010faka svojej n\u00edzkej spotrebe energie s\u00fa tieto <strong>svietidl\u00e1 <\/strong>ob\u013e\u00faben\u00e9 na celom <strong>svete.<\/strong><\/span><\/p>\n<p><span style=\"color: #000000;\"><strong>SMART LED<\/strong><\/span><\/p>\n<p><span style=\"color: #000000;\">-Wifi 2,4GHz ( TUYA\/SmartLife App &#8211; AMAZON ALEXA \/ GOOGLE HOME ) + BT(BLE)<\/span><br \/><span style=\"color: #000000;\">-stmievanie<\/span><br \/><span style=\"color: #000000;\">-no\u010dn\u00fd re\u017eim<\/span><br \/><span style=\"color: #000000;\">-zmena farby svetla ( 3000K \u2013 6500K )<\/span><br \/><span style=\"color: #000000;\">-pam\u00e4\u0165 posledn\u00e9ho nastavenia po vypnut\u00ed vyp\u00edna\u010dom (za podmienky, \u017ee svietidlo po poslednom nastaven\u00ed min.10sec svieti a n\u00e1sledne je min. 10sec vo vypnutom stave)<\/span><\/div>\n<div><span style=\"color: #000000;\">-pam\u00e4\u0165 posledn\u00e9ho nastavenia po vypnut\u00ed v APP<\/span><\/div>\n<div><span style=\"color: #000000;\">-jednoduch\u00e1 &nbsp;mont\u00e1\u017e<\/span><\/div>\n<div><span style=\"color: #000000;\">-LED s\u00fa nevymenite\u013en\u00e9<\/span><\/div>\n<table style=\"height: 403px;\">\n<tbody>\n<tr style=\"height: 23px;\">\n<td style=\"width: 205px; height: 23px;\">\n<p><span style=\"text-decoration: underline; font-size: 16px;\"><strong><span style=\"color: #000000; text-decoration: underline;\">TECHNICK\u00c9 PARAMETRE<\/span><\/strong><\/span><\/p>\n<\/td>\n<td style=\"width: 608px; height: 23px;\">&nbsp;<\/td>\n<\/tr>\n<tr style=\"height: 23px;\">\n<td style=\"width: 205px; height: 23px;\"><span style=\"color: #000000;\">spotreba<\/span><\/td>\n<td style=\"width: 608px; height: 23px;\"><span style=\"color: #000000;\"><strong>12W<\/strong><\/span><\/td>\n<\/tr>\n<tr style=\"height: 23px;\">\n<td style=\"width: 205px; height: 23px;\"><span style=\"color: #000000;\">sveteln\u00fd tok<\/span><\/td>\n<td style=\"width: 608px; height: 23px;\"><span style=\"color: #000000;\"><strong>1200Lm<\/strong><\/span><\/td>\n<\/tr>\n<tr style=\"height: 23px;\">\n<td style=\"width: 205px; height: 23px;\"><span style=\"color: #000000;\">rozmer (mm)<\/span><\/td>\n<td style=\"width: 608px; height: 23px;\"><span style=\"color: #000000;\"><strong>\u00d8170 x 19<\/strong><\/span><\/td>\n<\/tr>\n<tr style=\"height: 23px;\">\n<td style=\"width: 205px; height: 23px;\"><span style=\"color: #000000;\">mont\u00e1\u017eny otvor (mm)<\/span><\/td>\n<td style=\"width: 608px; height: 23px;\"><span style=\"color: #000000;\"><strong>\u00d8155<\/strong><\/span><\/td>\n<\/tr>\n<tr style=\"height: 23px;\">\n<td style=\"width: 205px; height: 23px;\"><span style=\"color: #000000;\">chromati\u010dnos\u0165 (farba svetla)<\/span><\/td>\n<td style=\"width: 608px; height: 23px;\"><span style=\"color: #000000;\"><strong>3000K &#8211; 6500K<\/strong><\/span><\/td>\n<\/tr>\n<tr style=\"height: 23px;\">\n<td style=\"width: 205px; height: 23px;\"><span style=\"color: #000000;\">uhol svetla<\/span><\/td>\n<td style=\"width: 608px; height: 23px;\"><span style=\"color: #000000;\"><strong>120\u00b0<\/strong><\/span><\/td>\n<\/tr>\n<tr style=\"height: 23px;\">\n<td style=\"width: 205px; height: 23px;\"><span style=\"color: #000000;\">nap\u00e4tie <\/span><\/td>\n<td style=\"width: 608px; height: 23px;\"><span style=\"color: #000000;\"><strong>AC180-265V<\/strong><\/span><\/td>\n<\/tr>\n<tr style=\"height: 23px;\">\n<td style=\"width: 205px; height: 23px;\"><span style=\"color: #000000;\">\u017eivotnos\u0165<\/span><\/td>\n<td style=\"width: 608px; height: 23px;\"><span style=\"color: #000000;\"><strong>30 000h<\/strong><\/span><\/td>\n<\/tr>\n<tr style=\"height: 23px;\">\n<td style=\"width: 205px; height: 23px;\"><span style=\"color: #000000;\">sp\u00ednac\u00ed cyklus<\/span><\/td>\n<td style=\"width: 608px; height: 23px;\"><span style=\"color: #000000;\"><strong>30 000 x<\/strong><\/span><\/td>\n<\/tr>\n<tr style=\"height: 23px;\">\n<td style=\"width: 205px; height: 23px;\"><span style=\"color: #000000;\">hmotnos\u0165 netto (g)<\/span><\/td>\n<td style=\"width: 608px; height: 23px;\"><span style=\"color: #000000;\"><strong>242<\/strong><\/span><\/td>\n<\/tr>\n<tr style=\"height: 23px;\">\n<td style=\"width: 205px; height: 23px;\"><span style=\"color: #000000;\">krytie<\/span><\/td>\n<td style=\"width: 608px; height: 23px;\"><span style=\"color: #000000;\"><strong>IP20<\/strong><\/span><\/td>\n<\/tr>\n<tr style=\"height: 23px;\">\n<td style=\"width: 205px; height: 23px;\"><span style=\"color: #000000;\">materi\u00e1l<\/span><\/td>\n<td style=\"width: 608px; height: 23px;\"><span style=\"color: #000000;\"><strong>AL &#8211; biela<\/strong><\/span><\/td>\n<\/tr>\n<tr style=\"height: 23px;\">\n<td style=\"width: 205px; height: 23px;\"><span style=\"color: #000000;\">typ dif\u00fazora<\/span><\/td>\n<td style=\"width: 608px; height: 23px;\"><strong><span style=\"color: #000000;\">opal<\/span><\/strong><\/td>\n<\/tr>\n<tr style=\"height: 29px;\">\n<td style=\"width: 205px; height: 29px;\"><span style=\"color: #000000;\">mo\u017enos\u0165 stmievania<\/span><\/td>\n<td style=\"width: 608px; height: 29px;\"><span style=\"color: #000000;\"><strong>\u00e1no (APP)<\/strong><\/span><\/td>\n<\/tr>\n<tr style=\"height: 23px;\">\n<td style=\"width: 205px; height: 23px;\"><span style=\"color: #000000;\">balenie<\/span><\/td>\n<td style=\"width: 608px; height: 23px;\"><span style=\"color: #000000;\"><strong>1\/40<\/strong><\/span><\/td>\n<\/tr>\n<tr style=\"height: 29px;\">\n<td style=\"width: 205px; height: 29px;\"><span style=\"color: #000000;\">LED s\u00fa nevymenite\u013en\u00e9<\/span><span style=\"color: #000000;\"><br \/><\/span><\/td>\n<td style=\"width: 608px; height: 29px;\"><span style=\"color: #000000;\"><strong>&nbsp;<\/strong><\/span><\/td>\n<\/tr>\n<\/tbody>\n<\/table>\n<p>-cena produktu zah\u0155\u0148a recykla\u010dn\u00fd poplatok v hodnote 0,10\u20ac bez DPH (0,12\u20ac s DPH)<\/p>\n","protected":false},"excerpt":{"rendered":"<p>Vsaden\u00fd LED panel&nbsp;zna\u010dky NEDES poskytuje modern\u00e9 a efekt\u00edvne osvetlenie pre v\u0161etky typy interi\u00e9rov. LED panel je ide\u00e1lny ako stropn\u00e9 svetlo, nielen pre miestnosti v dom\u00e1cnosti, ale aj kancel\u00e1rie a obchody. Ide o v\u00fdborn\u00e9 sveteln\u00e9 rie\u0161enie s d\u00f4razom na kvalitu a technologick\u00e9 inov\u00e1cie. Disponuje zmenou farby svetla (neutr\u00e1lna, tepl\u00e1, studen\u00e1) a je vhodn\u00fd aj do s\u00e1drokart\u00f3nov\u00fdch [&hellip;]<\/p>\n","protected":false},"featured_media":10466,"comment_status":"closed","ping_status":"open","template":"","meta":[],"product_brand":[],"product_cat":[97],"product_tag":[],"class_list":{"0":"post-10465","1":"product","2":"type-product","3":"status-publish","4":"has-post-thumbnail","6":"product_cat-vsadene","8":"first","9":"instock","10":"purchasable","11":"product-type-simple"},"_links":{"self":[{"href":"https:\/\/nedes.significa.sk\/cs\/wp-json\/wp\/v2\/product\/10465","targetHints":{"allow":["GET"]}}],"collection":[{"href":"https:\/\/nedes.significa.sk\/cs\/wp-json\/wp\/v2\/product"}],"about":[{"href":"https:\/\/nedes.significa.sk\/cs\/wp-json\/wp\/v2\/types\/product"}],"replies":[{"embeddable":true,"href":"https:\/\/nedes.significa.sk\/cs\/wp-json\/wp\/v2\/comments?post=10465"}],"wp:featuredmedia":[{"embeddable":true,"href":"https:\/\/nedes.significa.sk\/cs\/wp-json\/wp\/v2\/media\/10466"}],"wp:attachment":[{"href":"https:\/\/nedes.significa.sk\/cs\/wp-json\/wp\/v2\/media?parent=10465"}],"wp:term":[{"taxonomy":"product_brand","embeddable":true,"href":"https:\/\/nedes.significa.sk\/cs\/wp-json\/wp\/v2\/product_brand?post=10465"},{"taxonomy":"product_cat","embeddable":true,"href":"https:\/\/nedes.significa.sk\/cs\/wp-json\/wp\/v2\/product_cat?post=10465"},{"taxonomy":"product_tag","embeddable":true,"href":"https:\/\/nedes.significa.sk\/cs\/wp-json\/wp\/v2\/product_tag?post=10465"}],"curies":[{"name":"wp","href":"https:\/\/api.w.org\/{rel}","templated":true}]}}