{"id":10750,"date":"2024-09-12T06:54:00","date_gmt":"2024-09-12T06:54:00","guid":{"rendered":"https:\/\/nedes.significa.sk\/produkty\/vonkajsi-led-reflektor-30w-4000k-lf0023\/"},"modified":"2024-09-12T06:54:13","modified_gmt":"2024-09-12T06:54:13","slug":"vonkajsi-led-reflektor-30w-4000k-lf0023","status":"publish","type":"product","link":"https:\/\/nedes.significa.sk\/cs\/produkty\/vonkajsi-led-reflektor-30w-4000k-lf0023\/","title":{"rendered":"Vonkaj\u0161\u00ed LED reflektor 30W \/ 4000K &#8211; LF0023"},"content":{"rendered":"<p><span style=\"color: #000000;\"><strong>LED reflektor <\/strong>zna\u010dky <strong>NEDES<\/strong> v \u010diernej farbe disponuje&nbsp;<strong>dr\u017eiakom <\/strong>a vysokokvalitn\u00fdm <strong>LED \u010dipom<\/strong>.<\/span><\/p>\n<p><span style=\"color: #000000;\"> Je vhodn\u00fd <strong>do interi\u00e9ru<\/strong> napr. do gar\u00e1\u017ee, na stavby a <strong>exteri\u00e9ru<\/strong> napr. na osvetlenie z\u00e1hrad, domov alebo dvorov.<\/span><\/p>\n<p><span style=\"color: #000000;\"> J<\/span><span style=\"color: #000000;\">e vyroben\u00fd z kvalitn\u00fdch a odoln\u00fdch materi\u00e1lov. <\/span><\/p>\n<p><span style=\"color: #000000;\">Svieti jasnou l\u00edniou v <strong>neutr\u00e1lnej<\/strong><strong>&nbsp;bielej farbe<\/strong>&nbsp;<strong>svetla.<\/strong> <\/span><\/p>\n<p><span style=\"color: #000000;\">V\u010faka svojej n\u00edzkej spotrebe energie s\u00fa na\u0161e <strong>svietidl\u00e1 <\/strong>ob\u013e\u00faben\u00e9 na celom <strong>svete.<\/strong><\/span><\/p>\n<table style=\"height: 419px; width: 813px;\">\n<tbody>\n<tr style=\"height: 23px;\">\n<td style=\"width: 205px; height: 23px;\"><span style=\"text-decoration: underline; font-size: 16px;\"><strong><span style=\"color: #000000; text-decoration: underline;\">TECHNICK\u00c9 PARAMETRE<\/span><\/strong><\/span><\/td>\n<td style=\"width: 608px; height: 23px;\">&nbsp;<\/td>\n<\/tr>\n<tr style=\"height: 23px;\">\n<td style=\"width: 205px; height: 23px;\"><span style=\"color: #000000;\">spotreba<\/span><\/td>\n<td style=\"width: 608px; height: 23px;\"><span style=\"color: #000000;\"><strong>30W<\/strong><\/span><\/td>\n<\/tr>\n<tr style=\"height: 23px;\">\n<td style=\"width: 205px; height: 23px;\"><span style=\"color: #000000;\">sveteln\u00fd tok<\/span><\/td>\n<td style=\"width: 608px; height: 23px;\"><span style=\"color: #000000;\"><strong>2400Lm<\/strong><\/span><\/td>\n<\/tr>\n<tr style=\"height: 23px;\">\n<td style=\"width: 205px; height: 23px;\"><span style=\"color: #000000;\">krytie<\/span><\/td>\n<td style=\"width: 608px; height: 23px;\"><span style=\"color: #000000;\"><strong>IP65<\/strong><\/span><\/td>\n<\/tr>\n<tr style=\"height: 23px;\">\n<td style=\"width: 205px; height: 23px;\"><span style=\"color: #000000;\">chromati\u010dnos\u0165 (farba svetla)<\/span><\/td>\n<td style=\"width: 608px; height: 23px;\"><span style=\"color: #000000;\"><strong>4000K &#8211; neutr\u00e1lna biela<\/strong><\/span><\/td>\n<\/tr>\n<tr style=\"height: 23px;\">\n<td style=\"width: 205px; height: 23px;\"><span style=\"color: #000000;\">uhol svetla<\/span><\/td>\n<td style=\"width: 608px; height: 23px;\"><span style=\"color: #000000;\"><strong>120\u00b0<\/strong><\/span><\/td>\n<\/tr>\n<tr style=\"height: 23px;\">\n<td style=\"width: 205px; height: 23px;\"><span style=\"color: #000000;\">rozmer (mm)<\/span><\/td>\n<td style=\"width: 608px; height: 23px;\"><span style=\"color: #000000;\"><strong>154 x 114 x 36<\/strong><\/span><\/td>\n<\/tr>\n<tr style=\"height: 23px;\">\n<td style=\"width: 205px; height: 23px;\"><span style=\"color: #000000;\">senzor<\/span><\/td>\n<td style=\"width: 608px; height: 23px;\"><span style=\"color: #000000;\"><strong>&#8211;<\/strong><\/span><\/td>\n<\/tr>\n<tr style=\"height: 23px;\">\n<td style=\"width: 205px; height: 23px;\"><span style=\"color: #000000;\">nap\u00e4tie <\/span><\/td>\n<td style=\"width: 608px; height: 23px;\"><span style=\"color: #000000;\"><strong>AC220 &#8211; 240V<\/strong><\/span><\/td>\n<\/tr>\n<tr style=\"height: 23px;\">\n<td style=\"width: 205px; height: 23px;\"><span style=\"color: #000000;\">\u017eivotnos\u0165<\/span><\/td>\n<td style=\"width: 608px; height: 23px;\"><span style=\"color: #000000;\"><strong>25 000h<\/strong><\/span><\/td>\n<\/tr>\n<tr style=\"height: 23px;\">\n<td style=\"width: 205px; height: 23px;\"><span style=\"color: #000000;\">sp\u00ednac\u00ed cyklus<\/span><\/td>\n<td style=\"width: 608px; height: 23px;\"><span style=\"color: #000000;\"><strong>20 000 x<\/strong><\/span><\/td>\n<\/tr>\n<tr style=\"height: 29px;\">\n<td style=\"width: 205px; height: 29px;\"><span style=\"color: #000000;\">hmotnos\u0165 netto (g)<br \/><\/span><\/td>\n<td style=\"width: 608px; height: 29px;\"><span style=\"color: #000000;\"><strong>262<\/strong><\/span><\/td>\n<\/tr>\n<tr style=\"height: 23px;\">\n<td style=\"width: 205px; height: 28px;\"><span style=\"color: #000000;\">stmievate\u013en\u00e1<\/span><\/td>\n<td style=\"width: 608px; height: 28px;\"><span style=\"color: #000000;\"><strong>nie<\/strong><\/span><\/td>\n<\/tr>\n<tr style=\"height: 23px;\">\n<td style=\"width: 205px; height: 23px;\"><span style=\"color: #000000;\">materi\u00e1l<\/span><\/td>\n<td style=\"width: 608px; height: 23px;\"><span style=\"color: #000000;\"><strong>aluminium &#8211; matn\u00fd antikor\u00f3zny n\u00e1strek<\/strong><\/span><\/td>\n<\/tr>\n<tr style=\"height: 23px;\">\n<td style=\"width: 205px; height: 23px;\"><span style=\"color: #000000;\">typ dif\u00fazora<\/span><\/td>\n<td style=\"width: 608px; height: 23px;\"><strong><span style=\"color: #000000;\">sklo<\/span><\/strong><\/td>\n<\/tr>\n<tr style=\"height: 23px;\">\n<td style=\"width: 205px; height: 23px;\"><span style=\"color: #000000;\">balenie<\/span><\/td>\n<td style=\"width: 608px; height: 23px;\"><span style=\"color: #000000;\"><strong>1\/30<\/strong><\/span><\/td>\n<\/tr>\n<\/tbody>\n<\/table>\n<p>-cena produktu zah\u0155\u0148a recykla\u010dn\u00fd poplatok v hodnote 0,10\u20ac bez DPH (0,12\u20ac s DPH)<\/p>\n","protected":false},"excerpt":{"rendered":"<p>LED reflektor zna\u010dky NEDES v \u010diernej farbe disponuje&nbsp;dr\u017eiakom a vysokokvalitn\u00fdm LED \u010dipom. Je vhodn\u00fd do interi\u00e9ru napr. do gar\u00e1\u017ee, na stavby a exteri\u00e9ru napr. na osvetlenie z\u00e1hrad, domov alebo dvorov. Je vyroben\u00fd z kvalitn\u00fdch a odoln\u00fdch materi\u00e1lov. Svieti jasnou l\u00edniou v neutr\u00e1lnej&nbsp;bielej farbe&nbsp;svetla. V\u010faka svojej n\u00edzkej spotrebe energie s\u00fa na\u0161e svietidl\u00e1 ob\u013e\u00faben\u00e9 na celom svete. [&hellip;]<\/p>\n","protected":false},"featured_media":10751,"comment_status":"closed","ping_status":"open","template":"","meta":[],"product_brand":[],"product_cat":[82],"product_tag":[],"class_list":{"0":"post-10750","1":"product","2":"type-product","3":"status-publish","4":"has-post-thumbnail","6":"product_cat-led-reflektory","8":"first","9":"instock","10":"purchasable","11":"product-type-simple"},"_links":{"self":[{"href":"https:\/\/nedes.significa.sk\/cs\/wp-json\/wp\/v2\/product\/10750","targetHints":{"allow":["GET"]}}],"collection":[{"href":"https:\/\/nedes.significa.sk\/cs\/wp-json\/wp\/v2\/product"}],"about":[{"href":"https:\/\/nedes.significa.sk\/cs\/wp-json\/wp\/v2\/types\/product"}],"replies":[{"embeddable":true,"href":"https:\/\/nedes.significa.sk\/cs\/wp-json\/wp\/v2\/comments?post=10750"}],"wp:featuredmedia":[{"embeddable":true,"href":"https:\/\/nedes.significa.sk\/cs\/wp-json\/wp\/v2\/media\/10751"}],"wp:attachment":[{"href":"https:\/\/nedes.significa.sk\/cs\/wp-json\/wp\/v2\/media?parent=10750"}],"wp:term":[{"taxonomy":"product_brand","embeddable":true,"href":"https:\/\/nedes.significa.sk\/cs\/wp-json\/wp\/v2\/product_brand?post=10750"},{"taxonomy":"product_cat","embeddable":true,"href":"https:\/\/nedes.significa.sk\/cs\/wp-json\/wp\/v2\/product_cat?post=10750"},{"taxonomy":"product_tag","embeddable":true,"href":"https:\/\/nedes.significa.sk\/cs\/wp-json\/wp\/v2\/product_tag?post=10750"}],"curies":[{"name":"wp","href":"https:\/\/api.w.org\/{rel}","templated":true}]}}