{"id":11291,"date":"2024-09-12T06:58:09","date_gmt":"2024-09-12T06:58:09","guid":{"rendered":"https:\/\/nedes.significa.sk\/produkty\/ram-pre-povrchovu-montaz-led-panelu-595x595-pl1-pl5-series-ms521\/"},"modified":"2024-09-12T06:58:23","modified_gmt":"2024-09-12T06:58:23","slug":"ram-pre-povrchovu-montaz-led-panelu-595x595-pl1-pl5-series-ms521","status":"publish","type":"product","link":"https:\/\/nedes.significa.sk\/cs\/produkty\/ram-pre-povrchovu-montaz-led-panelu-595x595-pl1-pl5-series-ms521\/","title":{"rendered":"R\u00e1m pre povrchov\u00fa mont\u00e1\u017e LED panelu 595&#215;595 ( PL1, PL5 series ) &#8211; MS521"},"content":{"rendered":"<p><span style=\"color: #000000;\">Inovat\u00edvne <strong>pr\u00edslu\u0161enstvo<\/strong> zna\u010dky<strong> NEDES<\/strong>, v podobe<strong> r\u00e1mu pre povrchov\u00fa mont\u00e1\u017e LED panelu<\/strong>&nbsp;poskytuje jednoduch\u00fa a elegantn\u00fa alternat\u00edvu pre in\u0161tal\u00e1ciu. <\/span><\/p>\n<p><span style=\"color: #000000;\">S bezprobl\u00e9mov\u00fdm syst\u00e9mom je mont\u00e1\u017e r\u00fdchla a jednoduch\u00e1.<\/span><\/p>\n<p><span style=\"color: #000000;\"> <strong>R\u00e1m<\/strong> dokonale dr\u017e\u00ed <strong>LED panel<\/strong> na povrchu a z\u00e1rove\u0148 dod\u00e1va estetick\u00fd vzh\u013ead. Ide\u00e1lny sp\u00f4sob, ako r\u00fdchlo, bezpe\u010dne a \u0161t\u00fdlovo umiestni\u0165 <strong>LED panel na povrch<\/strong>.<\/span><\/p>\n<p><span style=\"color: #000000;\"> Na\u0161e <strong>svietidl\u00e1<\/strong> a ostatn\u00e9 v\u00fdrobky s\u00fa<strong>&nbsp;<\/strong>ob\u013e\u00faben\u00e9 na celom <strong>svete.<\/strong><\/span><\/p>\n<table style=\"height: 442px;\">\n<tbody>\n<tr style=\"height: 23px;\">\n<td style=\"width: 205px; height: 23px;\"><span style=\"text-decoration: underline; font-size: 16px;\"><strong><span style=\"color: #000000; text-decoration: underline;\">TECHNICK\u00c9 PARAMETRE<\/span><\/strong><\/span><\/td>\n<td style=\"width: 608px; height: 23px;\">&nbsp;<\/td>\n<\/tr>\n<tr style=\"height: 23px;\">\n<td style=\"width: 205px; height: 23px;\"><span style=\"color: #000000;\">farba<\/span><\/td>\n<td style=\"width: 608px; height: 23px;\"><span style=\"color: #000000;\"><strong>biela<\/strong><\/span><\/td>\n<\/tr>\n<tr style=\"height: 23px;\">\n<td style=\"width: 205px; height: 23px;\"><span style=\"color: #000000;\">pou\u017eitie pre<\/span><\/td>\n<td style=\"width: 608px; height: 23px;\"><span style=\"color: #000000;\"><strong>PL1 series, PL5 series<\/strong><\/span><\/td>\n<\/tr>\n<tr style=\"height: 23px;\">\n<td style=\"width: 205px; height: 23px;\"><span style=\"color: #000000;\">rozmer (mm)<\/span><\/td>\n<td style=\"width: 608px; height: 23px;\"><span style=\"color: #000000;\"><strong>600 x 600 x 63<\/strong><\/span><\/td>\n<\/tr>\n<tr style=\"height: 23px;\">\n<td style=\"width: 205px; height: 23px;\"><span style=\"color: #000000;\">balenie<\/span><\/td>\n<td style=\"width: 608px; height: 23px;\"><span style=\"color: #000000;\"><strong>1\/25<\/strong><\/span><\/td>\n<\/tr>\n<\/tbody>\n<\/table>\n","protected":false},"excerpt":{"rendered":"<p>Inovat\u00edvne pr\u00edslu\u0161enstvo zna\u010dky NEDES, v podobe r\u00e1mu pre povrchov\u00fa mont\u00e1\u017e LED panelu&nbsp;poskytuje jednoduch\u00fa a elegantn\u00fa alternat\u00edvu pre in\u0161tal\u00e1ciu. S bezprobl\u00e9mov\u00fdm syst\u00e9mom je mont\u00e1\u017e r\u00fdchla a jednoduch\u00e1. R\u00e1m dokonale dr\u017e\u00ed LED panel na povrchu a z\u00e1rove\u0148 dod\u00e1va estetick\u00fd vzh\u013ead. Ide\u00e1lny sp\u00f4sob, ako r\u00fdchlo, bezpe\u010dne a \u0161t\u00fdlovo umiestni\u0165 LED panel na povrch. Na\u0161e svietidl\u00e1 a ostatn\u00e9 v\u00fdrobky [&hellip;]<\/p>\n","protected":false},"featured_media":11292,"comment_status":"closed","ping_status":"open","template":"","meta":[],"product_brand":[],"product_cat":[99],"product_tag":[],"class_list":{"0":"post-11291","1":"product","2":"type-product","3":"status-publish","4":"has-post-thumbnail","6":"product_cat-led-panely-25w-45w","8":"first","9":"instock","10":"purchasable","11":"product-type-simple"},"_links":{"self":[{"href":"https:\/\/nedes.significa.sk\/cs\/wp-json\/wp\/v2\/product\/11291","targetHints":{"allow":["GET"]}}],"collection":[{"href":"https:\/\/nedes.significa.sk\/cs\/wp-json\/wp\/v2\/product"}],"about":[{"href":"https:\/\/nedes.significa.sk\/cs\/wp-json\/wp\/v2\/types\/product"}],"replies":[{"embeddable":true,"href":"https:\/\/nedes.significa.sk\/cs\/wp-json\/wp\/v2\/comments?post=11291"}],"wp:featuredmedia":[{"embeddable":true,"href":"https:\/\/nedes.significa.sk\/cs\/wp-json\/wp\/v2\/media\/11292"}],"wp:attachment":[{"href":"https:\/\/nedes.significa.sk\/cs\/wp-json\/wp\/v2\/media?parent=11291"}],"wp:term":[{"taxonomy":"product_brand","embeddable":true,"href":"https:\/\/nedes.significa.sk\/cs\/wp-json\/wp\/v2\/product_brand?post=11291"},{"taxonomy":"product_cat","embeddable":true,"href":"https:\/\/nedes.significa.sk\/cs\/wp-json\/wp\/v2\/product_cat?post=11291"},{"taxonomy":"product_tag","embeddable":true,"href":"https:\/\/nedes.significa.sk\/cs\/wp-json\/wp\/v2\/product_tag?post=11291"}],"curies":[{"name":"wp","href":"https:\/\/api.w.org\/{rel}","templated":true}]}}