{"id":11336,"date":"2024-09-12T06:58:36","date_gmt":"2024-09-12T06:58:36","guid":{"rendered":"https:\/\/nedes.significa.sk\/produkty\/led-nudzove-svietidlo-2w-3h-ip65-lel601\/"},"modified":"2024-09-12T06:58:43","modified_gmt":"2024-09-12T06:58:43","slug":"led-nudzove-svietidlo-2w-3h-ip65-lel601","status":"publish","type":"product","link":"https:\/\/nedes.significa.sk\/cs\/produkty\/led-nudzove-svietidlo-2w-3h-ip65-lel601\/","title":{"rendered":"LED n\u00fadzov\u00e9 svietidlo 2W \/ 3h \/  IP65 &#8211; LEL601"},"content":{"rendered":"<p><span style=\"color: #000000;\"><strong>Inovat\u00edvne LED n\u00fadzov\u00e9 svietidlo&nbsp;<\/strong>zna\u010dky<strong> NEDES <\/strong>sp\u00e1ja bezpe\u010dnos\u0165 a efekt\u00edvnos\u0165.<\/span><\/p>\n<p><span style=\"color: #000000;\"><strong>N\u00fadzov\u00e9 LED svetlo<\/strong> je ur\u010den\u00e9 na porvchov\u00fa mont\u00e1\u017e do interi\u00e9ru aj exteri\u00e9ru.<\/span><\/p>\n<div><span style=\"color: #000000;\"><span style=\"font-size: 0.875rem;\">Svieti jasnou l\u00edniou v <\/span><strong style=\"font-size: 0.875rem;\">studenej bielej farbe svetla<\/strong><span style=\"font-size: 0.875rem;\">.<\/span><\/span><\/div>\n<div>\n<p><span style=\"color: #000000;\">Na\u0161e <strong>svietidl\u00e1<\/strong> s\u00fa v\u010faka svojej n\u00edzkej spotrebe energie ob\u013e\u00faben\u00e9 na celom <strong>svete.<\/strong><\/span><\/p>\n<\/div>\n<p><span style=\"color: #000000;\">-svietenie pri v\u00fdpadku AC<\/span><br \/><span style=\"color: #000000;\">-tla\u010didlo &#8222;test&#8220; ( svieti svietidlo = bat\u00e9ria OK \/ nesvieti svietidlo = bat\u00e9ria nem\u00e1 kapacitu )<\/span><\/p>\n<p><span style=\"color: #000000;\"><strong>Balenie obsahuje:<\/strong><\/span><\/p>\n<p><span style=\"color: #000000;\">-svietidlo<\/span><\/p>\n<p><span style=\"color: #000000;\">-2 typy dif\u00fazora ( 1. ur\u010den\u00fd na svietenie do priestoru resp. 2. ur\u010den\u00fd na svietenie v chodbe )<\/span><\/p>\n<p><span style=\"color: #000000;\">-skrutky na povrchov\u00fa mont\u00e1\u017e<\/span><\/p>\n<p><span style=\"color: #000000;\">-tesnenia na pr\u00edvodn\u00fd k\u00e1bel<\/span><\/p>\n<p><span style=\"color: #000000;\">-bat\u00e9ria Life PO4 3,2V \/ 3200mAh<\/span><\/p>\n<table style=\"height: 432px;\">\n<tbody>\n<tr style=\"height: 23px;\">\n<td style=\"width: 238px; height: 23px;\"><span style=\"text-decoration: underline; font-size: 16px;\"><strong><span style=\"color: #000000; text-decoration: underline;\">TECHNICK\u00c9 PARAMETRE<\/span><\/strong><\/span><\/td>\n<td style=\"width: 554px; height: 23px;\">&nbsp;<\/td>\n<\/tr>\n<tr style=\"height: 23px;\">\n<td style=\"width: 238px; height: 23px;\"><span style=\"color: #000000;\">spotreba<\/span><\/td>\n<td style=\"width: 554px; height: 23px;\"><span style=\"color: #000000;\"><strong>2W<\/strong><\/span><\/td>\n<\/tr>\n<tr style=\"height: 41px;\">\n<td style=\"width: 238px; height: 41px;\"><span style=\"color: #000000;\">doba svietenia pri v\u00fdpadku pr\u00fadu<\/span><\/td>\n<td style=\"width: 554px; height: 41px;\"><span style=\"color: #000000;\"><strong>3h<\/strong><\/span><\/td>\n<\/tr>\n<tr style=\"height: 23px;\">\n<td style=\"width: 238px; height: 23px;\"><span style=\"color: #000000;\">svietenie pri v\u00fdpadku<\/span><\/td>\n<td style=\"width: 554px; height: 23px;\"><span style=\"color: #000000;\"><strong>\u00e1no<\/strong><\/span><\/td>\n<\/tr>\n<tr style=\"height: 23px;\">\n<td style=\"width: 238px; height: 23px;\"><span style=\"color: #000000;\">svietenie po\u010das nab\u00edjania(AC OK)<\/span><\/td>\n<td style=\"width: 554px; height: 23px;\"><span style=\"color: #000000;\"><strong>nie<\/strong><\/span><\/td>\n<\/tr>\n<tr style=\"height: 23px;\">\n<td style=\"width: 238px; height: 23px;\"><span style=\"color: #000000;\">sveteln\u00fd tok<\/span><\/td>\n<td style=\"width: 554px; height: 23px;\"><span style=\"color: #000000;\"><strong>330Lm(160\u00b0) \/ 280Lm(93\u00b0x57\u00b0)<\/strong><\/span><\/td>\n<\/tr>\n<tr style=\"height: 23px;\">\n<td style=\"width: 238px; height: 23px;\"><span style=\"color: #000000;\">rozmer (mm)<\/span><\/td>\n<td style=\"width: 554px; height: 23px;\"><span style=\"color: #000000;\"><strong>\u00d8155 x 46<\/strong><\/span><\/td>\n<\/tr>\n<tr style=\"height: 23px;\">\n<td style=\"width: 238px; height: 23px;\"><span style=\"color: #000000;\">chromati\u010dnos\u0165 (farba svetla)<\/span><\/td>\n<td style=\"width: 554px; height: 23px;\"><span style=\"color: #000000;\"><strong>6000K &#8211; studen\u00e1 biela<\/strong><\/span><\/td>\n<\/tr>\n<tr style=\"height: 23px;\">\n<td style=\"width: 238px; height: 23px;\"><span style=\"color: #000000;\">uhol svetla<\/span><\/td>\n<td style=\"width: 554px; height: 23px;\"><span style=\"color: #000000;\"><strong>160\u00b0 \/ 93\u00b0x 57\u00b0<\/strong><\/span><\/td>\n<\/tr>\n<tr style=\"height: 23px;\">\n<td style=\"width: 238px; height: 23px;\"><span style=\"color: #000000;\">nap\u00e4tie <\/span><\/td>\n<td style=\"width: 554px; height: 23px;\"><span style=\"color: #000000;\"><strong>AC100 &#8211; 240V<\/strong><\/span><\/td>\n<\/tr>\n<tr style=\"height: 23px;\">\n<td style=\"width: 238px; height: 23px;\"><span style=\"color: #000000;\">\u017eivotnos\u0165<\/span><\/td>\n<td style=\"width: 554px; height: 23px;\"><span style=\"color: #000000;\"><strong>50 000h<\/strong><\/span><\/td>\n<\/tr>\n<tr style=\"height: 23px;\">\n<td style=\"width: 238px; height: 23px;\"><span style=\"color: #000000;\">sp\u00ednac\u00ed cyklus<\/span><\/td>\n<td style=\"width: 554px; height: 23px;\"><span style=\"color: #000000;\"><strong>30 000 x<\/strong><\/span><\/td>\n<\/tr>\n<tr style=\"height: 23px;\">\n<td style=\"width: 238px; height: 23px;\"><span style=\"color: #000000;\">hmotnos\u0165 netto (g)<\/span><\/td>\n<td style=\"width: 554px; height: 23px;\"><span style=\"color: #000000;\"><strong>291<\/strong><\/span><\/td>\n<\/tr>\n<tr style=\"height: 23px;\">\n<td style=\"width: 238px; height: 23px;\"><span style=\"color: #000000;\">krytie<\/span><\/td>\n<td style=\"width: 554px; height: 23px;\"><span style=\"color: #000000;\"><strong>IP65<\/strong><\/span><\/td>\n<\/tr>\n<tr style=\"height: 23px;\">\n<td style=\"width: 238px; height: 23px;\"><span style=\"color: #000000;\">materi\u00e1l<\/span><\/td>\n<td style=\"width: 554px; height: 23px;\"><span style=\"color: #000000;\"><strong>thermal PC &#8211; biela<\/strong><\/span><\/td>\n<\/tr>\n<tr style=\"height: 23px;\">\n<td style=\"width: 238px; height: 23px;\"><span style=\"color: #000000;\">typ dif\u00fazora<\/span><\/td>\n<td style=\"width: 554px; height: 23px;\"><strong><span style=\"color: #000000;\">lens<\/span><\/strong><\/td>\n<\/tr>\n<tr style=\"height: 23px;\">\n<td style=\"width: 238px; height: 23px;\"><span style=\"color: #000000;\">balenie<\/span><\/td>\n<td style=\"width: 554px; height: 23px;\"><span style=\"color: #000000;\"><strong>1\/20<\/strong><\/span><\/td>\n<\/tr>\n<tr>\n<td style=\"width: 238px;\"><span style=\"color: #000000;\">LED s\u00fa nevymenite\u013en\u00e9<\/span><span style=\"color: #000000;\"><br \/><\/span><\/td>\n<td style=\"width: 554px;\"><span style=\"color: #000000;\"><strong>&nbsp;<\/strong><\/span><\/td>\n<\/tr>\n<\/tbody>\n<\/table>\n<p>-cena produktu zah\u0155\u0148a recykla\u010dn\u00fd poplatok v hodnote 0,10\u20ac bez DPH (0,12\u20ac s DPH)<\/p>\n","protected":false},"excerpt":{"rendered":"<p>Inovat\u00edvne LED n\u00fadzov\u00e9 svietidlo&nbsp;zna\u010dky NEDES sp\u00e1ja bezpe\u010dnos\u0165 a efekt\u00edvnos\u0165. N\u00fadzov\u00e9 LED svetlo je ur\u010den\u00e9 na porvchov\u00fa mont\u00e1\u017e do interi\u00e9ru aj exteri\u00e9ru. Svieti jasnou l\u00edniou v studenej bielej farbe svetla. Na\u0161e svietidl\u00e1 s\u00fa v\u010faka svojej n\u00edzkej spotrebe energie ob\u013e\u00faben\u00e9 na celom svete. -svietenie pri v\u00fdpadku AC-tla\u010didlo &#8222;test&#8220; ( svieti svietidlo = bat\u00e9ria OK \/ nesvieti svietidlo [&hellip;]<\/p>\n","protected":false},"featured_media":11337,"comment_status":"closed","ping_status":"open","template":"","meta":[],"product_brand":[],"product_cat":[110],"product_tag":[],"class_list":{"0":"post-11336","1":"product","2":"type-product","3":"status-publish","4":"has-post-thumbnail","6":"product_cat-led-nudzove-svietidla","8":"first","9":"instock","10":"purchasable","11":"product-type-simple"},"_links":{"self":[{"href":"https:\/\/nedes.significa.sk\/cs\/wp-json\/wp\/v2\/product\/11336","targetHints":{"allow":["GET"]}}],"collection":[{"href":"https:\/\/nedes.significa.sk\/cs\/wp-json\/wp\/v2\/product"}],"about":[{"href":"https:\/\/nedes.significa.sk\/cs\/wp-json\/wp\/v2\/types\/product"}],"replies":[{"embeddable":true,"href":"https:\/\/nedes.significa.sk\/cs\/wp-json\/wp\/v2\/comments?post=11336"}],"wp:featuredmedia":[{"embeddable":true,"href":"https:\/\/nedes.significa.sk\/cs\/wp-json\/wp\/v2\/media\/11337"}],"wp:attachment":[{"href":"https:\/\/nedes.significa.sk\/cs\/wp-json\/wp\/v2\/media?parent=11336"}],"wp:term":[{"taxonomy":"product_brand","embeddable":true,"href":"https:\/\/nedes.significa.sk\/cs\/wp-json\/wp\/v2\/product_brand?post=11336"},{"taxonomy":"product_cat","embeddable":true,"href":"https:\/\/nedes.significa.sk\/cs\/wp-json\/wp\/v2\/product_cat?post=11336"},{"taxonomy":"product_tag","embeddable":true,"href":"https:\/\/nedes.significa.sk\/cs\/wp-json\/wp\/v2\/product_tag?post=11336"}],"curies":[{"name":"wp","href":"https:\/\/api.w.org\/{rel}","templated":true}]}}