{"id":11342,"date":"2024-09-12T06:58:36","date_gmt":"2024-09-12T06:58:36","guid":{"rendered":"https:\/\/nedes.significa.sk\/produkty\/zavesne-prislusenstvo-pre-nudzove-svietidla-lel204-he03\/"},"modified":"2024-09-12T06:58:46","modified_gmt":"2024-09-12T06:58:46","slug":"zavesne-prislusenstvo-pre-nudzove-svietidla-lel204-he03","status":"publish","type":"product","link":"https:\/\/nedes.significa.sk\/cs\/produkty\/zavesne-prislusenstvo-pre-nudzove-svietidla-lel204-he03\/","title":{"rendered":"Z\u00e1vesn\u00e9 pr\u00edslu\u0161enstvo pre n\u00fadzov\u00e9 svietidl\u00e1 LEL204 &#8211; HE03"},"content":{"rendered":"<p><span style=\"color: #000000;\"><strong>Z\u00e1vesn\u00e9 pr\u00edslu\u0161enstvo pre n\u00fadzov\u00e9 svietidl\u00e1<\/strong> zah\u0155\u0148a lanko, ktor\u00e9 umo\u017e\u0148uje jednoduch\u00fa mont\u00e1\u017e <strong>n\u00fadzov\u00e9ho svietidla<\/strong> na strop alebo na in\u00e9 vhodn\u00e9 miesto.&nbsp;<\/span><\/p>\n<p><span style=\"color: #000000;\">Tento druh pr\u00edslu\u0161enstva je navrhnut\u00fd tak, aby zabezpe\u010dil bezpe\u010dn\u00e9 a stabiln\u00e9 zavesenie svietidla v pr\u00edpade n\u00fadzovej situ\u00e1cie, ako je v\u00fdpadok pr\u00fadu.<\/span><\/p>\n<p><span style=\"color: #000000;\">Z\u00e1rove\u0148 umo\u017e\u0148uje jednoduch\u00e9 odstr\u00e1nenie svetla na \u00fa\u010dely \u00fadr\u017eby a v\u00fdmeny bat\u00e9ri\u00ed, ak je to potrebn\u00e9.<\/span><\/p>\n<p><span style=\"color: #000000;\">Na\u0161e <strong>svietidl\u00e1<\/strong> a in\u00e9 v\u00fdrobky s\u00fa ob\u013e\u00faben\u00e9 na celom <strong>svete<\/strong>.<\/span><\/p>\n<table style=\"height: 442px;\">\n<tbody>\n<tr style=\"height: 23px;\">\n<td style=\"width: 205px; height: 23px;\"><span style=\"text-decoration: underline; font-size: 16px;\"><strong><span style=\"color: #000000; text-decoration: underline;\">TECHNICK\u00c9 PARAMETRE<\/span><\/strong><\/span><\/td>\n<td style=\"width: 608px; height: 23px;\">&nbsp;<\/td>\n<\/tr>\n<tr style=\"height: 23px;\">\n<td style=\"width: 205px; height: 23px;\"><span style=\"color: #000000;\">regul\u00e1cia d\u013a\u017eky<\/span><\/td>\n<td style=\"width: 608px; height: 23px;\"><span style=\"color: #000000;\"><strong>\u00e1no<\/strong><\/span><\/td>\n<\/tr>\n<tr style=\"height: 23px;\">\n<td style=\"width: 205px; height: 23px;\"><span style=\"color: #000000;\">pou\u017eitie pre<\/span><\/td>\n<td style=\"width: 608px; height: 23px;\"><span style=\"color: #000000;\"><strong>LEL204<\/strong><\/span><\/td>\n<\/tr>\n<tr style=\"height: 23px;\">\n<td style=\"width: 205px; height: 23px;\"><span style=\"color: #000000;\">rozmer (mm)<\/span><\/td>\n<td style=\"width: 608px; height: 23px;\"><span style=\"color: #000000;\"><strong>307&#215;44<\/strong><\/span><\/td>\n<\/tr>\n<tr style=\"height: 23px;\">\n<td style=\"width: 205px; height: 23px;\"><span style=\"color: #000000;\">balenie<\/span><\/td>\n<td style=\"width: 608px; height: 23px;\"><span style=\"color: #000000;\"><strong>1\/100<\/strong><\/span><\/td>\n<\/tr>\n<\/tbody>\n<\/table>\n","protected":false},"excerpt":{"rendered":"<p>Z\u00e1vesn\u00e9 pr\u00edslu\u0161enstvo pre n\u00fadzov\u00e9 svietidl\u00e1 zah\u0155\u0148a lanko, ktor\u00e9 umo\u017e\u0148uje jednoduch\u00fa mont\u00e1\u017e n\u00fadzov\u00e9ho svietidla na strop alebo na in\u00e9 vhodn\u00e9 miesto.&nbsp; Tento druh pr\u00edslu\u0161enstva je navrhnut\u00fd tak, aby zabezpe\u010dil bezpe\u010dn\u00e9 a stabiln\u00e9 zavesenie svietidla v pr\u00edpade n\u00fadzovej situ\u00e1cie, ako je v\u00fdpadok pr\u00fadu. Z\u00e1rove\u0148 umo\u017e\u0148uje jednoduch\u00e9 odstr\u00e1nenie svetla na \u00fa\u010dely \u00fadr\u017eby a v\u00fdmeny bat\u00e9ri\u00ed, ak je to [&hellip;]<\/p>\n","protected":false},"featured_media":11343,"comment_status":"closed","ping_status":"open","template":"","meta":[],"product_brand":[],"product_cat":[110],"product_tag":[],"class_list":{"0":"post-11342","1":"product","2":"type-product","3":"status-publish","4":"has-post-thumbnail","6":"product_cat-led-nudzove-svietidla","8":"first","9":"instock","10":"purchasable","11":"product-type-simple"},"_links":{"self":[{"href":"https:\/\/nedes.significa.sk\/cs\/wp-json\/wp\/v2\/product\/11342","targetHints":{"allow":["GET"]}}],"collection":[{"href":"https:\/\/nedes.significa.sk\/cs\/wp-json\/wp\/v2\/product"}],"about":[{"href":"https:\/\/nedes.significa.sk\/cs\/wp-json\/wp\/v2\/types\/product"}],"replies":[{"embeddable":true,"href":"https:\/\/nedes.significa.sk\/cs\/wp-json\/wp\/v2\/comments?post=11342"}],"wp:featuredmedia":[{"embeddable":true,"href":"https:\/\/nedes.significa.sk\/cs\/wp-json\/wp\/v2\/media\/11343"}],"wp:attachment":[{"href":"https:\/\/nedes.significa.sk\/cs\/wp-json\/wp\/v2\/media?parent=11342"}],"wp:term":[{"taxonomy":"product_brand","embeddable":true,"href":"https:\/\/nedes.significa.sk\/cs\/wp-json\/wp\/v2\/product_brand?post=11342"},{"taxonomy":"product_cat","embeddable":true,"href":"https:\/\/nedes.significa.sk\/cs\/wp-json\/wp\/v2\/product_cat?post=11342"},{"taxonomy":"product_tag","embeddable":true,"href":"https:\/\/nedes.significa.sk\/cs\/wp-json\/wp\/v2\/product_tag?post=11342"}],"curies":[{"name":"wp","href":"https:\/\/api.w.org\/{rel}","templated":true}]}}