{"id":11345,"date":"2024-09-12T06:58:36","date_gmt":"2024-09-12T06:58:36","guid":{"rendered":"https:\/\/nedes.significa.sk\/produkty\/set-na-montaz-do-stropu-pre-nudzove-svietidla-lel204-he01\/"},"modified":"2024-09-12T06:58:47","modified_gmt":"2024-09-12T06:58:47","slug":"set-na-montaz-do-stropu-pre-nudzove-svietidla-lel204-he01","status":"publish","type":"product","link":"https:\/\/nedes.significa.sk\/cs\/produkty\/set-na-montaz-do-stropu-pre-nudzove-svietidla-lel204-he01\/","title":{"rendered":"Set na mont\u00e1\u017e do stropu pre n\u00fadzov\u00e9 svietidl\u00e1 LEL204 &#8211; HE01"},"content":{"rendered":"<p><span style=\"color: #000000;\"><strong>Set na mont\u00e1\u017e do stropu<\/strong> <strong>pre n\u00fadzov\u00e9 svietidl\u00e1<\/strong> obsahuje dr\u017eiak na upevnenie svietidla priamo na strop.<\/span><\/p>\n<p><span style=\"color: #000000;\">Jeho \u00falohou je poskytn\u00fa\u0165 stabiln\u00fa podporu a zabezpe\u010di\u0165, \u017ee <strong>n\u00fadzov\u00e9 osvetlenie<\/strong> bude umiestnen\u00e9 bezpe\u010dne a \u00fa\u010dinne osvetl\u00ed priestor v pr\u00edpade n\u00fadzovej situ\u00e1cie.<\/span><\/p>\n<p><span style=\"color: #000000;\">Na\u0161e <strong>svietidl\u00e1<\/strong> a ostatn\u00e9 v\u00fdrobky s\u00fa ob\u013euben\u00e9 na celom <strong>svete<\/strong>.<\/span><\/p>\n<table style=\"height: 442px;\">\n<tbody>\n<tr style=\"height: 23px;\">\n<td style=\"width: 205px; height: 23px;\"><span style=\"text-decoration: underline; font-size: 16px;\"><strong><span style=\"color: #000000; text-decoration: underline;\">TECHNICK\u00c9 PARAMETRE<\/span><\/strong><\/span><\/td>\n<td style=\"width: 608px; height: 23px;\">&nbsp;<\/td>\n<\/tr>\n<tr style=\"height: 23px;\">\n<td style=\"width: 205px; height: 23px;\"><span style=\"color: #000000;\">pou\u017eitie pre<\/span><\/td>\n<td style=\"width: 608px; height: 23px;\"><span style=\"color: #000000;\"><strong>LEL204<\/strong><\/span><\/td>\n<\/tr>\n<tr style=\"height: 23px;\">\n<td style=\"width: 205px; height: 23px;\"><span style=\"color: #000000;\">rozmer (mm)<\/span><\/td>\n<td style=\"width: 608px; height: 23px;\"><span style=\"color: #000000;\"><strong>370&#215;90<\/strong><\/span><\/td>\n<\/tr>\n<tr style=\"height: 23px;\">\n<td style=\"width: 205px; height: 23px;\"><span style=\"color: #000000;\">balenie<\/span><\/td>\n<td style=\"width: 608px; height: 23px;\"><span style=\"color: #000000;\"><strong>1\/50<\/strong><\/span><\/td>\n<\/tr>\n<\/tbody>\n<\/table>\n","protected":false},"excerpt":{"rendered":"<p>Set na mont\u00e1\u017e do stropu pre n\u00fadzov\u00e9 svietidl\u00e1 obsahuje dr\u017eiak na upevnenie svietidla priamo na strop. Jeho \u00falohou je poskytn\u00fa\u0165 stabiln\u00fa podporu a zabezpe\u010di\u0165, \u017ee n\u00fadzov\u00e9 osvetlenie bude umiestnen\u00e9 bezpe\u010dne a \u00fa\u010dinne osvetl\u00ed priestor v pr\u00edpade n\u00fadzovej situ\u00e1cie. Na\u0161e svietidl\u00e1 a ostatn\u00e9 v\u00fdrobky s\u00fa ob\u013euben\u00e9 na celom svete. TECHNICK\u00c9 PARAMETRE &nbsp; pou\u017eitie pre LEL204 rozmer [&hellip;]<\/p>\n","protected":false},"featured_media":11346,"comment_status":"closed","ping_status":"open","template":"","meta":[],"product_brand":[],"product_cat":[110],"product_tag":[],"class_list":{"0":"post-11345","1":"product","2":"type-product","3":"status-publish","4":"has-post-thumbnail","6":"product_cat-led-nudzove-svietidla","8":"first","9":"instock","10":"purchasable","11":"product-type-simple"},"_links":{"self":[{"href":"https:\/\/nedes.significa.sk\/cs\/wp-json\/wp\/v2\/product\/11345","targetHints":{"allow":["GET"]}}],"collection":[{"href":"https:\/\/nedes.significa.sk\/cs\/wp-json\/wp\/v2\/product"}],"about":[{"href":"https:\/\/nedes.significa.sk\/cs\/wp-json\/wp\/v2\/types\/product"}],"replies":[{"embeddable":true,"href":"https:\/\/nedes.significa.sk\/cs\/wp-json\/wp\/v2\/comments?post=11345"}],"wp:featuredmedia":[{"embeddable":true,"href":"https:\/\/nedes.significa.sk\/cs\/wp-json\/wp\/v2\/media\/11346"}],"wp:attachment":[{"href":"https:\/\/nedes.significa.sk\/cs\/wp-json\/wp\/v2\/media?parent=11345"}],"wp:term":[{"taxonomy":"product_brand","embeddable":true,"href":"https:\/\/nedes.significa.sk\/cs\/wp-json\/wp\/v2\/product_brand?post=11345"},{"taxonomy":"product_cat","embeddable":true,"href":"https:\/\/nedes.significa.sk\/cs\/wp-json\/wp\/v2\/product_cat?post=11345"},{"taxonomy":"product_tag","embeddable":true,"href":"https:\/\/nedes.significa.sk\/cs\/wp-json\/wp\/v2\/product_tag?post=11345"}],"curies":[{"name":"wp","href":"https:\/\/api.w.org\/{rel}","templated":true}]}}