{"id":11348,"date":"2024-09-12T06:58:36","date_gmt":"2024-09-12T06:58:36","guid":{"rendered":"https:\/\/nedes.significa.sk\/produkty\/set-na-montaz-na-bocnu-stenu-pre-nudzove-svietidla-lel204-he02\/"},"modified":"2024-09-12T06:58:48","modified_gmt":"2024-09-12T06:58:48","slug":"set-na-montaz-na-bocnu-stenu-pre-nudzove-svietidla-lel204-he02","status":"publish","type":"product","link":"https:\/\/nedes.significa.sk\/cs\/produkty\/set-na-montaz-na-bocnu-stenu-pre-nudzove-svietidla-lel204-he02\/","title":{"rendered":"Set na mont\u00e1\u017e na bo\u010dn\u00fa stenu pre n\u00fadzov\u00e9 svietidl\u00e1 LEL204 &#8211; HE02"},"content":{"rendered":"<p><span style=\"color: #000000;\"><strong>Set na mont\u00e1\u017e na bo\u010dn\u00fa stenu pre n\u00fadzov\u00e9 svietidl\u00e1<\/strong> obsahuje mont\u00e1\u017ene dr\u017eiaky, ktor\u00e9 umo\u017e\u0148uj\u00fa jednoduch\u00fa mont\u00e1\u017e <strong>n\u00fadzov\u00e9ho svietidla<\/strong> na stenu.<\/span><\/p>\n<p><span style=\"color: #000000;\">Tento set pr\u00edslu\u0161enstva obsahuje dr\u017eiaky, skrutky a hmo\u017edinky pre upevnenie na stenu.<\/span><\/p>\n<p><span style=\"color: #000000;\">Jeho \u00falohou je poskytn\u00fa\u0165 stabiln\u00fa podporu a zabezpe\u010di\u0165, \u017ee <strong>n\u00fadzov\u00e9 osvetlenie<\/strong> bude umiestnen\u00e9 tak, aby bolo v pr\u00edpade potreby \u013eahko dostupn\u00e9 a \u00fa\u010dinne osvetlilo priestor.<\/span><\/p>\n<p><span style=\"color: #000000;\">Na\u0161e <strong>svietidl\u00e1<\/strong> a in\u00e9 v\u00fdrobky s\u00fa ob\u013e\u00faben\u00e9 na celom <strong>svete<\/strong>.<\/span><\/p>\n<table style=\"height: 442px;\">\n<tbody>\n<tr style=\"height: 23px;\">\n<td style=\"width: 205px; height: 23px;\"><span style=\"text-decoration: underline; font-size: 16px;\"><strong><span style=\"color: #000000; text-decoration: underline;\">TECHNICK\u00c9 PARAMETRE<\/span><\/strong><\/span><\/td>\n<td style=\"width: 608px; height: 23px;\">&nbsp;<\/td>\n<\/tr>\n<tr style=\"height: 23px;\">\n<td style=\"width: 205px; height: 23px;\"><span style=\"color: #000000;\">pou\u017eitie pre<\/span><\/td>\n<td style=\"width: 608px; height: 23px;\"><span style=\"color: #000000;\"><strong>LEL204<\/strong><\/span><\/td>\n<\/tr>\n<tr style=\"height: 23px;\">\n<td style=\"width: 205px; height: 23px;\"><span style=\"color: #000000;\">rozmer (mm)<\/span><\/td>\n<td style=\"width: 608px; height: 23px;\"><span style=\"color: #000000;\"><strong>61&#215;44<\/strong><\/span><\/td>\n<\/tr>\n<tr style=\"height: 23px;\">\n<td style=\"width: 205px; height: 23px;\"><span style=\"color: #000000;\">balenie<\/span><\/td>\n<td style=\"width: 608px; height: 23px;\"><span style=\"color: #000000;\"><strong>1\/200<\/strong><\/span><\/td>\n<\/tr>\n<\/tbody>\n<\/table>\n","protected":false},"excerpt":{"rendered":"<p>Set na mont\u00e1\u017e na bo\u010dn\u00fa stenu pre n\u00fadzov\u00e9 svietidl\u00e1 obsahuje mont\u00e1\u017ene dr\u017eiaky, ktor\u00e9 umo\u017e\u0148uj\u00fa jednoduch\u00fa mont\u00e1\u017e n\u00fadzov\u00e9ho svietidla na stenu. Tento set pr\u00edslu\u0161enstva obsahuje dr\u017eiaky, skrutky a hmo\u017edinky pre upevnenie na stenu. Jeho \u00falohou je poskytn\u00fa\u0165 stabiln\u00fa podporu a zabezpe\u010di\u0165, \u017ee n\u00fadzov\u00e9 osvetlenie bude umiestnen\u00e9 tak, aby bolo v pr\u00edpade potreby \u013eahko dostupn\u00e9 a \u00fa\u010dinne [&hellip;]<\/p>\n","protected":false},"featured_media":11349,"comment_status":"closed","ping_status":"open","template":"","meta":[],"product_brand":[],"product_cat":[110],"product_tag":[],"class_list":{"0":"post-11348","1":"product","2":"type-product","3":"status-publish","4":"has-post-thumbnail","6":"product_cat-led-nudzove-svietidla","8":"first","9":"instock","10":"purchasable","11":"product-type-simple"},"_links":{"self":[{"href":"https:\/\/nedes.significa.sk\/cs\/wp-json\/wp\/v2\/product\/11348","targetHints":{"allow":["GET"]}}],"collection":[{"href":"https:\/\/nedes.significa.sk\/cs\/wp-json\/wp\/v2\/product"}],"about":[{"href":"https:\/\/nedes.significa.sk\/cs\/wp-json\/wp\/v2\/types\/product"}],"replies":[{"embeddable":true,"href":"https:\/\/nedes.significa.sk\/cs\/wp-json\/wp\/v2\/comments?post=11348"}],"wp:featuredmedia":[{"embeddable":true,"href":"https:\/\/nedes.significa.sk\/cs\/wp-json\/wp\/v2\/media\/11349"}],"wp:attachment":[{"href":"https:\/\/nedes.significa.sk\/cs\/wp-json\/wp\/v2\/media?parent=11348"}],"wp:term":[{"taxonomy":"product_brand","embeddable":true,"href":"https:\/\/nedes.significa.sk\/cs\/wp-json\/wp\/v2\/product_brand?post=11348"},{"taxonomy":"product_cat","embeddable":true,"href":"https:\/\/nedes.significa.sk\/cs\/wp-json\/wp\/v2\/product_cat?post=11348"},{"taxonomy":"product_tag","embeddable":true,"href":"https:\/\/nedes.significa.sk\/cs\/wp-json\/wp\/v2\/product_tag?post=11348"}],"curies":[{"name":"wp","href":"https:\/\/api.w.org\/{rel}","templated":true}]}}