{"id":11460,"date":"2024-09-12T06:59:29","date_gmt":"2024-09-12T06:59:29","guid":{"rendered":"https:\/\/nedes.significa.sk\/produkty\/tienidlo-60-pre-led-svietidla-ufo-lu3-150w-cu32-60\/"},"modified":"2024-09-12T06:59:38","modified_gmt":"2024-09-12T06:59:38","slug":"tienidlo-60-pre-led-svietidla-ufo-lu3-150w-cu32-60","status":"publish","type":"product","link":"https:\/\/nedes.significa.sk\/cs\/produkty\/tienidlo-60-pre-led-svietidla-ufo-lu3-150w-cu32-60\/","title":{"rendered":"Tienidlo 60\u00b0 pre LED svietidl\u00e1 UFO LU3 \/ 150W &#8211; CU32\/60"},"content":{"rendered":"<p><span style=\"color: #000000;\"><strong>Tienidlo 60\u00b0<\/strong> je ide\u00e1lne<strong> pre LED svietidl\u00e1 UFO<\/strong>, ktor\u00e9 maj\u00fa \u0161irok\u00fd rozsah <strong>osvetlenia.<\/strong><\/span><\/p>\n<p><span style=\"color: #000000;\">Jeho \u00falohou je riadi\u0165 smerovanie svetla, \u010d\u00edm zabezpe\u010duje optim\u00e1lnu distrib\u00faciu a minimalizuje straty svetla. <\/span><\/p>\n<p><span style=\"color: #000000;\">Tento typ tienidla zvy\u010dajne pon\u00faka vysok\u00fa \u00fa\u010dinnos\u0165 a presnos\u0165 vo vy\u017earovan\u00ed <strong>svetla<\/strong>, \u010do je d\u00f4le\u017eit\u00e9 pre efekt\u00edvne <strong>osvetlenie<\/strong> priestoru.<\/span><\/p>\n<p><span style=\"color: #000000;\">Na\u0161e<strong> svietidl\u00e1 <\/strong>a ostatn\u00e9 v\u00fdrobky s\u00fa ob\u013e\u00faben\u00e9 na celom<strong> svete<\/strong>.&nbsp;<\/span><\/p>\n<table style=\"height: 442px;\">\n<tbody>\n<tr style=\"height: 23px;\">\n<td style=\"width: 205px; height: 23px;\"><span style=\"text-decoration: underline; font-size: 16px;\"><strong><span style=\"color: #000000; text-decoration: underline;\">TECHNICK\u00c9 PARAMETRE<\/span><\/strong><\/span><\/td>\n<td style=\"width: 608px; height: 23px;\">&nbsp;<\/td>\n<\/tr>\n<tr style=\"height: 23px;\">\n<td style=\"width: 205px; height: 23px;\"><span style=\"color: #000000;\">uhol svetla<\/span><\/td>\n<td style=\"width: 608px; height: 23px;\"><span style=\"color: #000000;\"><strong>60\u00b0<\/strong><\/span><\/td>\n<\/tr>\n<tr style=\"height: 23px;\">\n<td style=\"width: 205px; height: 23px;\"><span style=\"color: #000000;\">pou\u017eitie pre<\/span><\/td>\n<td style=\"width: 608px; height: 23px;\"><span style=\"color: #000000;\"><strong>LU322, LU322\/1<\/strong><\/span><\/td>\n<\/tr>\n<tr style=\"height: 23px;\">\n<td style=\"width: 205px; height: 23px;\"><span style=\"color: #000000;\">balenie<\/span><\/td>\n<td style=\"width: 608px; height: 23px;\"><span style=\"color: #000000;\"><strong>1\/100<\/strong><\/span><\/td>\n<\/tr>\n<\/tbody>\n<\/table>\n","protected":false},"excerpt":{"rendered":"<p>Tienidlo 60\u00b0 je ide\u00e1lne pre LED svietidl\u00e1 UFO, ktor\u00e9 maj\u00fa \u0161irok\u00fd rozsah osvetlenia. Jeho \u00falohou je riadi\u0165 smerovanie svetla, \u010d\u00edm zabezpe\u010duje optim\u00e1lnu distrib\u00faciu a minimalizuje straty svetla. Tento typ tienidla zvy\u010dajne pon\u00faka vysok\u00fa \u00fa\u010dinnos\u0165 a presnos\u0165 vo vy\u017earovan\u00ed svetla, \u010do je d\u00f4le\u017eit\u00e9 pre efekt\u00edvne osvetlenie priestoru. Na\u0161e svietidl\u00e1 a ostatn\u00e9 v\u00fdrobky s\u00fa ob\u013e\u00faben\u00e9 na celom [&hellip;]<\/p>\n","protected":false},"featured_media":11461,"comment_status":"closed","ping_status":"open","template":"","meta":[],"product_brand":[],"product_cat":[112],"product_tag":[],"class_list":{"0":"post-11460","1":"product","2":"type-product","3":"status-publish","4":"has-post-thumbnail","6":"product_cat-prislusenstvo-led-svietidla-priemyselne","8":"first","9":"instock","10":"purchasable","11":"product-type-simple"},"_links":{"self":[{"href":"https:\/\/nedes.significa.sk\/cs\/wp-json\/wp\/v2\/product\/11460","targetHints":{"allow":["GET"]}}],"collection":[{"href":"https:\/\/nedes.significa.sk\/cs\/wp-json\/wp\/v2\/product"}],"about":[{"href":"https:\/\/nedes.significa.sk\/cs\/wp-json\/wp\/v2\/types\/product"}],"replies":[{"embeddable":true,"href":"https:\/\/nedes.significa.sk\/cs\/wp-json\/wp\/v2\/comments?post=11460"}],"wp:featuredmedia":[{"embeddable":true,"href":"https:\/\/nedes.significa.sk\/cs\/wp-json\/wp\/v2\/media\/11461"}],"wp:attachment":[{"href":"https:\/\/nedes.significa.sk\/cs\/wp-json\/wp\/v2\/media?parent=11460"}],"wp:term":[{"taxonomy":"product_brand","embeddable":true,"href":"https:\/\/nedes.significa.sk\/cs\/wp-json\/wp\/v2\/product_brand?post=11460"},{"taxonomy":"product_cat","embeddable":true,"href":"https:\/\/nedes.significa.sk\/cs\/wp-json\/wp\/v2\/product_cat?post=11460"},{"taxonomy":"product_tag","embeddable":true,"href":"https:\/\/nedes.significa.sk\/cs\/wp-json\/wp\/v2\/product_tag?post=11460"}],"curies":[{"name":"wp","href":"https:\/\/api.w.org\/{rel}","templated":true}]}}