{"id":11473,"date":"2024-09-12T06:59:29","date_gmt":"2024-09-12T06:59:29","guid":{"rendered":"https:\/\/nedes.significa.sk\/produkty\/rucny-bezdrotovy-smart-vysavac-superpull-v100\/"},"modified":"2024-09-12T06:59:43","modified_gmt":"2024-09-12T06:59:43","slug":"rucny-bezdrotovy-smart-vysavac-superpull-v100","status":"publish","type":"product","link":"https:\/\/nedes.significa.sk\/cs\/produkty\/rucny-bezdrotovy-smart-vysavac-superpull-v100\/","title":{"rendered":"Ru\u010dn\u00fd bezdr\u00f4tov\u00fd Smart vys\u00e1va\u010d SUPERPULL V100"},"content":{"rendered":"<p><span style=\"color: #000000;\"><strong>Ru\u010dn\u00fd bezdr\u00f4tov\u00fd <\/strong>vys\u00e1va\u010d<strong> Superpull V100<\/strong> predstavuje <strong>revolu\u010dn\u00fd sp\u00f4sob <\/strong>\u00fa\u010dinnej dom\u00e1cej \u00fadr\u017eby. <strong>Jedn\u00fdm pohybom<\/strong> pokryje cel\u00e9 miesto v <strong>AI<\/strong> <strong>inteligentnom AUTO re\u017eime<\/strong>, \u0161etr\u00ed \u010das a poskytuje <strong>stabiln\u00e9<\/strong> a<strong> prec\u00edzne \u010distenie<\/strong>. <\/span><\/p>\n<p><span style=\"color: #000000;\">Je vyroben\u00fd z<strong> kvalitn\u00e9ho vysoko odoln\u00e9ho <\/strong>materi\u00e1lu<strong>.<\/strong> Jeho <strong>luxusn\u00fd dizajn <\/strong>V\u00e1m zaru\u010d\u00ed, \u017ee bude pre V\u00e1s p\u00fdchou v ka\u017edej miestnosti. Hlavn\u00e1 \u010das\u0165 s <strong>bezuhl\u00edkov\u00fdm motorom<\/strong> a <strong>ve\u013ek\u00fdm LED displejom,<\/strong> kompletn\u00fdm pr\u00edslu\u0161enstvom, <strong>inteligentn\u00fdm senzorom<\/strong> sn\u00edmania mno\u017estva ne\u010dist\u00f4t, robia z tohto vys\u00e1va\u010da <strong>neocenite\u013en\u00e9ho pomocn\u00edka<\/strong> v ka\u017edom dome, \u010di byte. <\/span><\/p>\n<p><span style=\"color: #000000;\">S <strong>kapacitou ka\u017edej bat\u00e9rie 2500mAh<\/strong> zaru\u010duje <strong>vysoko<\/strong> <strong>efekt\u00edvne <\/strong>pou\u017eitie na jedno nabitie. Po\u010das pou\u017e\u00edvania vys\u00e1va\u010da je nab\u00edjan\u00e1 druh\u00e1 bat\u00e9ria pln\u00fdm v\u00fdkonom a po umiestnen\u00ed vys\u00e1va\u010da do stojanu,&nbsp; <strong>bat\u00e9rie s\u00fa nab\u00edjan\u00e9 s\u00fa\u010dastne<\/strong> (prioritne v\u0161ak bat\u00e9ria, ktor\u00e1 je umiestnen\u00e1 v hlavnej \u010dasti vys\u00e1va\u010da). <br \/><\/span><\/p>\n<p><span style=\"color: #000000;\">Honos\u00ed sa <strong>vysok\u00fdm sac\u00edm v\u00fdkonom<\/strong> a <strong>\u00fa\u010dinnou cykl\u00f3novou filtr\u00e1ciou vzduchu<\/strong> zachyt\u00e1vaj\u00facou <strong>99,9 % v\u00edrusov, <\/strong>\u010do mu zabezpe\u010duje<strong> HEPA filter na vstupe aj v\u00fdstupe.<\/strong> <br \/><\/span><\/p>\n<p><strong><span style=\"color: #000000;\">Hlavn\u00e9 vlastnosti a funkcie:<\/span><\/strong><\/p>\n<ul>\n<li><strong><span style=\"color: #000000;\">funkcia inteligentn\u00e9ho sn\u00edmania mno\u017estva ne\u010dist\u00f4t<\/span><\/strong><\/li>\n<li><strong><span style=\"color: #000000;\">vo\u013eba 3 v\u00fdkonnostn\u00fdch re\u017eimov plus AUTO re\u017eim<\/span><\/strong><\/li>\n<li><strong><span style=\"color: #000000;\">vysoko \u00fa\u010dinn\u00e1 cykl\u00f3nov\u00e1 filtr\u00e1cia vzduchu<\/span><\/strong><\/li>\n<li><strong><span style=\"color: #000000;\">ve\u013ek\u00fd LED displej (s ukazovate\u013eom kapacity bat\u00e9rie, zvolen\u00e9ho re\u017eimu a mnoh\u00fdmi upozorneniami)<\/span><\/strong><\/li>\n<li><strong><span style=\"color: #000000;\">povrchov\u00e1 \u00faprava autolakom (ve\u013emi odoln\u00fd vo\u010di po\u0161kodeniu \u010di otla\u010dkom)<\/span><\/strong><\/li>\n<li><strong><span style=\"color: #000000;\">HEPA filtre na vstupe aj v\u00fdstupe vzduchu<\/span><\/strong><\/li>\n<li><strong><span style=\"color: #000000;\">vysok\u00e1 sacia sila a siln\u00fd sac\u00ed v\u00fdkon<\/span><\/strong><\/li>\n<li><strong><span style=\"color: #000000;\">bezuhl\u00edkov\u00fd motor s dlhou \u017eivotnos\u0165ou<\/span><\/strong><\/li>\n<li><strong><span style=\"color: #000000;\">vysoko v\u00fdkonn\u00e9 bat\u00e9rie Samsung<\/span><\/strong><\/li>\n<li><strong><span style=\"color: #000000;\">2 bat\u00e9rie v balen\u00ed, ktor\u00e9 sa v stojane nab\u00edjaj\u00fa s\u00fa\u010dasne<\/span><\/strong><\/li>\n<li><strong><span style=\"color: #000000;\">kompletn\u00e9 pr\u00edslu\u0161enstvo<\/span><\/strong><\/li>\n<\/ul>\n<p><span style=\"color: #000000; font-size: 16px;\"><strong>Re\u017eimy:<\/strong><\/span><\/p>\n<div class=\"column_block\" style=\"max-width: 1300px; margin-left: auto; margin-right: auto;\">\n<div style=\"width: 32%; margin-right: 3%; padding: 10px;\">\n<div>\n<p><img decoding=\"async\" src=\"\/storage\/v100_re__imy\/4.jpg\" alt=\"\" width=\"800\" height=\"800\"><\/p>\n<h2><span style=\"color: #000000;\"><strong>AUTO &#8211; LOW<\/strong><\/span><\/h2>\n<p><span style=\"color: #000000;\"><strong>&#8211; automatick\u00fd re\u017eim pri norm\u00e1lnom mno\u017estve prachu\/ne\u010dist\u00f4t<\/strong><\/span><\/p>\n<p>&nbsp;<\/p>\n<\/div>\n<\/div>\n<div style=\"width: 32%; margin-right: 3%; padding: 10px;\">\n<div>\n<p><img decoding=\"async\" src=\"\/storage\/v100_re__imy\/6.jpg\" alt=\"\" width=\"800\" height=\"800\"><\/p>\n<h2><span style=\"color: #000000;\"><strong>AUTO &#8211; MIDDLE<\/strong><\/span><\/h2>\n<p><span style=\"color: #000000;\"><strong>&#8211; automatick\u00fd re\u017eim pri strednom mno\u017estve prachu\/ne\u010dist\u00f4t<\/strong><\/span><\/p>\n<\/div>\n<\/div>\n<div style=\"width: 32%; padding: 10px;\">\n<div>\n<p><img decoding=\"async\" src=\"\/storage\/v100_re__imy\/5.jpg\" alt=\"\" width=\"800\" height=\"800\"><\/p>\n<h2><strong><span style=\"color: #000000;\">AUTO &#8211; HIGH<\/span><\/strong><\/h2>\n<p><span style=\"color: #000000;\"><strong>&#8211; automatick\u00fd re\u017eim pri v\u00e4\u010d\u0161om mno\u017estve prachu\/ne\u010dist\u00f4t<\/strong><\/span><\/p>\n<\/div>\n<\/div>\n<\/div>\n<div class=\"column_block\" style=\"max-width: 1300px; margin-left: auto; margin-right: auto;\">\n<div style=\"width: 32%; margin-right: 3%; padding: 10px;\">\n<div>\n<p><img decoding=\"async\" src=\"\/storage\/v100_re__imy\/1.jpg\" alt=\"\" width=\"400\" height=\"400\"><\/p>\n<h2><span style=\"color: #000000;\"><strong>LOW<\/strong><\/span><\/h2>\n<p><span style=\"color: #000000;\"><strong>&#8211; manu\u00e1lny re\u017eim pri norm\u00e1lnom mno\u017estve prachu\/ne\u010dist\u00f4t<\/strong><\/span><\/p>\n<\/div>\n<\/div>\n<div style=\"width: 32%; margin-right: 3%; padding: 10px;\">\n<div>\n<p><img decoding=\"async\" src=\"\/storage\/v100_re__imy\/2.jpg\" alt=\"\" width=\"800\" height=\"800\"><\/p>\n<h2><span style=\"color: #000000;\"><strong>MIDDLE<\/strong><\/span><\/h2>\n<p><span style=\"color: #000000;\"><strong>&#8211; manu\u00e1lny re\u017eim pri strednom mno\u017estve prachu\/ne\u010dist\u00f4t<\/strong><\/span><\/p>\n<\/div>\n<\/div>\n<div style=\"width: 32%; padding: 10px;\">\n<div>\n<p><img decoding=\"async\" src=\"\/storage\/v100_re__imy\/3.jpg\" alt=\"\" width=\"800\" height=\"800\"><\/p>\n<h2><span style=\"color: #000000;\"><strong>HIGH<\/strong><\/span><\/h2>\n<p><span style=\"color: #000000;\"><strong>&#8211; manu\u00e1lny re\u017eim pri v\u00e4\u010d\u0161om mno\u017estve prachu\/ne\u010dist\u00f4t<\/strong><\/span><\/p>\n<\/div>\n<\/div>\n<\/div>\n<div class=\"column_block\" style=\"max-width: 1300px; margin-left: auto; margin-right: auto;\">\n<div style=\"width: 32%; margin-right: 3%; padding: 10px;\">\n<div>\n<p><img decoding=\"async\" src=\"\/storage\/v100_re__imy\/2n743wrzjhcx.webp\" alt=\"\" width=\"350\" height=\"350\"><span style=\"font-size: 16px;\"><strong><span style=\"color: #000000;\">Elektrick\u00e1 m\u00e4kk\u00e1 val\u010dekov\u00e1 podlahov\u00e1 kefa<\/span><\/strong><\/span><\/p>\n<ul>\n<li><span style=\"color: #000000;\">vhodn\u00e1 na<strong> v\u0161etky<\/strong><\/span><strong><span style=\"color: #000000;\"> typy podl\u00e1h&nbsp;<\/span><\/strong><\/li>\n<li><span style=\"color: #000000;\">vybaven\u00e1<\/span><strong><span style=\"color: #000000;\"> val\u010dekom z m\u00e4kkej tkaniny, <\/span><\/strong><span style=\"color: #000000;\">\u010dim zabra\u0148uje<\/span><strong><span style=\"color: #000000;\"> po\u0161kriabaniu <\/span><\/strong><span style=\"color: #000000;\">a dokonale<\/span><strong><span style=\"color: #000000;\"> zachyt\u00e1va ne\u010distoty<\/span><\/strong><\/li>\n<li><span style=\"color: #000000;\">obsahuje<\/span><strong><span style=\"color: #000000;\"> motor\u010dek, <\/span><\/strong><span style=\"color: #000000;\">ktor\u00fd jej dod\u00e1va<\/span><strong><span style=\"color: #000000;\"> pohon<\/span><\/strong><\/li>\n<\/ul>\n<\/div>\n<\/div>\n<div style=\"width: 32%; margin-right: 3%; padding: 10px;\">\n<div>\n<p><img decoding=\"async\" src=\"\/storage\/v100_re__imy\/eofr6ihuyjs7.webp\" alt=\"\" width=\"350\" height=\"350\"><span style=\"font-size: 16px;\"><strong><span style=\"color: #000000;\">Elektrick\u00e1 kefka na odstr\u00e1nenie rozto\u010dov<\/span><\/strong><\/span><\/p>\n<ul>\n<li><strong><span style=\"color: #000000;\">profesion\u00e1lne odstr\u00e1nenie rozto\u010dov<\/span><\/strong><\/li>\n<li><strong><span style=\"color: #000000;\">h\u013abkov\u00e9 \u010distenie <\/span><\/strong><span style=\"color: #000000;\">pohoviek, kobercov a vank\u00fa\u0161ov<\/span><\/li>\n<li><span style=\"color: #000000;\">odstr\u00e1nenie zvieracich<\/span><strong><span style=\"color: #000000;\"> chlpov<\/span><\/strong><\/li>\n<\/ul>\n<p>&nbsp;<\/p>\n<\/div>\n<\/div>\n<div style=\"width: 32%; padding: 10px;\">\n<div>\n<p><img decoding=\"async\" src=\"\/storage\/v100_re__imy\/baterie.webp\" alt=\"\" width=\"350\" height=\"350\"><span style=\"color: #000000; font-size: 16px;\"><strong>Bat\u00e9rie<\/strong><\/span><\/p>\n<ul>\n<li><span style=\"color: #000000;\">vys\u00e1va\u010d obsahuje v balen\u00ed<strong> dve vymenite\u013en\u00e9 a dob\u00edjate\u013en\u00e9 <\/strong>bat\u00e9rie<\/span><\/li>\n<li><span style=\"color: #000000;\">\u013eahko vymenite\u013en\u00e9 jedn\u00fdm klikom<\/span><\/li>\n<li><span style=\"color: #000000;\">jednu pou\u017e\u00edvate, druh\u00e1 sa nab\u00edja resp. sa <strong>mo\u017eu nab\u00edja\u0165 aj s\u00fa\u010dastne<\/strong> <br \/><\/span><\/li>\n<li><span style=\"color: #000000;\">vysoko v\u00fdkonn\u00e9 s kapacitou<strong> 2500mAh<\/strong><\/span><\/li>\n<li><span style=\"color: #000000;\">doba nab\u00edjania <strong>2,5 hodiny<\/strong><\/span><\/li>\n<\/ul>\n<\/div>\n<\/div>\n<\/div>\n<div class=\"column_block\" style=\"max-width: 1300px; margin-left: auto; margin-right: auto;\">\n<div style=\"width: 32%; margin-right: 3%; padding: 10px;\">\n<div>\n<p><img decoding=\"async\" src=\"\/storage\/v100_re__imy\/hadica_tenka_koncovka.webp\" alt=\"\" width=\"350\" height=\"350\"><span style=\"font-size: 16px;\"><strong><span style=\"color: #000000;\">Sacia koncovka na \u010distenie medzier + predl\u017eovacia hadica<\/span><\/strong><\/span><\/p>\n<ul>\n<li>v\u010faka tejto kombin\u00e1ci\u00ed \u013eahko vy\u010dist\u00edte \u0165a\u017eko pr\u00edstupn\u00e9 miesta<\/li>\n<\/ul>\n<\/div>\n<\/div>\n<div style=\"width: 32%; margin-right: 3%; padding: 10px;\">\n<div>\n<p><img decoding=\"async\" src=\"\/storage\/v100_re__imy\/_scaron_iroka_koncovka_so__scaron_tetinami.webp\" alt=\"\" width=\"350\" height=\"350\"><span style=\"font-size: 16px;\"><strong><span style=\"color: #000000;\">\u0160irok\u00e1 sacia koncovka s m\u00e4kk\u00fdmi \u0161tetinami<\/span><\/strong><\/span><\/p>\n<ul>\n<li><span style=\"color: #000000;\"><span style=\"color: #000000;\">vhodn\u00e1 do <strong>dom\u00e1cnosti<\/strong> aj do <strong>interi\u00e9ru auta<\/strong><\/span><\/span><\/li>\n<li><span style=\"color: #000000;\"><span style=\"color: #000000;\"><strong>m\u00e4kk\u00e9 \u0161tetiny<\/strong> pom\u00e1haj\u00fa efekt\u00edvne zbiera\u0165 prach a ne\u010distoty bez po\u0161kriabania povrchu<\/span><\/span><\/li>\n<li><span style=\"color: #000000;\">povys\u00e1vate aj \u0165a\u017eko dostupn\u00e9 miesta<\/span><\/li>\n<li><span style=\"color: #000000;\">mo\u017enos\u0165 <strong>pred\u013a\u017eenia<\/strong> jedn\u00fdm klikom<\/span><\/li>\n<\/ul>\n<\/div>\n<\/div>\n<div style=\"width: 32%; padding: 10px;\">\n<div>\n<p><img decoding=\"async\" src=\"\/storage\/v100_re__imy\/displej.webp\" alt=\"\" width=\"350\" height=\"350\"><span style=\"font-size: 16px;\"><strong><span style=\"color: #000000;\">LED Displej<\/span><\/strong><\/span><\/p>\n<ul>\n<li><strong><span style=\"color: #000000;\">Superpull V100 <\/span><\/strong><span style=\"color: #000000;\">disponuje<\/span><strong><span style=\"color: #000000;\"> podsvieten\u00fdm LED displejom, <\/span><\/strong><span style=\"color: #000000;\">ktor\u00fd indikuje stav bat\u00e9rie a re\u017eimy vys\u00e1vania&nbsp;<\/span><\/li>\n<li><span style=\"color: #000000;\">v pr\u00edpade potreby upozorn\u00ed na v\u00fdmenu filtra, ch\u00fdbaj\u00facu \u010das\u0165 filtra, blokovanie pr\u00edvodu vzduchu a zapletenie val\u010dekovej kefy<\/span><\/li>\n<li><span style=\"color: #000000;\"><strong>AUTO re\u017eim<\/strong> &#8211; po stla\u010den\u00ed tla\u010didla AUTO sa vys\u00e1va\u010d automaticky prepne do re\u017eimu AUTO, v ktorom prisp\u00f4sobuje silu sania v z\u00e1vislosti od intenzity zne\u010distenia<\/span><\/li>\n<\/ul>\n<\/div>\n<\/div>\n<\/div>\n<div class=\"column_block\" style=\"max-width: 1300px; margin-left: auto; margin-right: auto;\">\n<div style=\"width: 32%; margin-right: 3%; padding: 10px;\">\n<div>\n<p><img decoding=\"async\" src=\"\/storage\/v100_re__imy\/stojan.webp\" alt=\"\" width=\"350\" height=\"350\"><span style=\"font-size: 16px;\"><strong><span style=\"color: #000000;\">Podlahov\u00fd nab\u00edjac\u00ed z\u00e1vesn\u00fd stojan<\/span><\/strong><\/span><\/p>\n<ul>\n<li><span style=\"color: #000000;\"><strong>robustn\u00fd a stabiln\u00fd<\/strong><\/span><\/li>\n<li><span style=\"color: #000000;\">vyroben\u00fd z <strong>odoln\u00e9ho<\/strong> a <strong>kvalitn\u00e9ho materi\u00e1lu<\/strong><\/span><\/li>\n<li><span style=\"color: #000000;\"><span style=\"color: #000000;\">d\u00e1 sa umiestni\u0165 kdeko\u013evek, v\u010faka svojmu<strong> dizajnov\u00e9mu vzh\u013eadu<\/strong><\/span><\/span><\/li>\n<li><span style=\"color: #000000;\"><span style=\"color: #000000;\"><strong>preh\u013eadne <\/strong>a<strong> vkusne <\/strong>umiestnen\u00e9 pr\u00edslu\u0161enstvo<\/span><\/span><\/li>\n<\/ul>\n<\/div>\n<\/div>\n<div style=\"width: 32%; margin-right: 3%; padding: 10px;\">\n<div>\n<p><img decoding=\"async\" src=\"\/storage\/v100_re__imy\/spojovacia_trubica.webp\" alt=\"\" width=\"350\" height=\"350\"><span style=\"color: #000000; font-size: 16px;\"><strong>Kovov\u00e1 spojovacia trubica<\/strong><\/span><\/p>\n<ul>\n<li><span style=\"color: #000000;\"><strong>odoln\u00fd&nbsp; kovov\u00fd materi\u00e1l<\/strong><\/span><\/li>\n<li><span style=\"color: #000000;\"><strong>predl\u017eovacia funkcia<br \/><\/strong><\/span><\/li>\n<\/ul>\n<\/div>\n<\/div>\n<div style=\"width: 32%; padding: 10px;\">\n<div>\n<p><img decoding=\"async\" src=\"\/storage\/v100_re__imy\/filtre.webp\" alt=\"\" width=\"350\" height=\"350\"><span style=\"font-size: 16px;\"><strong><span style=\"color: #000000;\">\u00da\u010dinn\u00fd filtra\u010dn\u00fd syst\u00e9m<\/span><\/strong><\/span><\/p>\n<ul>\n<li><strong><span style=\"color: #000000;\">Superpull V100 je vybaven\u00fd vysoko \u00fa\u010dinn\u00fdmi HEPA filtrami na vstupe aj v\u00fdstupe vzduchu<\/span><\/strong><\/li>\n<li><strong><span style=\"color: #000000;\">zachyt\u00e1va 99,9% v\u00edrusov a bakt\u00e9ri\u00ed<\/span><\/strong><\/li>\n<li><span style=\"color: #000000;\"><strong>HEPA filtre<\/strong> jednoducho vy\u010dist\u00edte pod <strong>te\u010d\u00facou vodou<\/strong> alebo prilo\u017eenou <strong>\u010distiacou kefkou<\/strong><\/span><\/li>\n<\/ul>\n<\/div>\n<\/div>\n<\/div>\n<div id=\"banner-slidertyxrp223\" class=\"banner-slider\">\n<figure data-timing=\"4000\"><a><img decoding=\"async\" src=\"https:\/\/nedes.significa.sk\/wp-content\/uploads\/2024\/09\/banner2.jpg\" alt=\"\" data-ceadm-notselect=\"1\"><\/a><\/figure>\n<p><script> document.addEventListener(\"ce_cms-reload_window\", function() { ce_slider.init($(\"#banner-slidertyxrp223\"), 4000 ); }); <\/script><\/p>\n<div class=\"ce-componentAdd p-top-left-inside mceNonEditable\">&nbsp;<\/div>\n<div class=\"ce-componentAdd p-bottom-left-inside mceNonEditable\">&nbsp;<\/div>\n<\/div>\n<p><span style=\"color: #000000;\"><strong>*Pred pou\u017eit\u00edm<\/strong> si&nbsp;d\u00f4kladne <strong>pre\u0161tudujte<\/strong> <strong>bezpe\u010dnostn\u00e9 pokyny<\/strong> a <strong>upozornenia<\/strong>, ktor\u00e9 n\u00e1jdete v prilo\u017eenom <strong>n\u00e1vode<\/strong>.<\/span><\/p>\n<table style=\"height: 321px;\">\n<tbody>\n<tr style=\"height: 23px;\">\n<td style=\"width: 196.766px; height: 23px;\"><span style=\"text-decoration: underline; font-size: 16px;\"><strong><span style=\"color: #000000; text-decoration: underline;\">TECHNICK\u00c9 PARAMETRE<\/span><\/strong><\/span><\/td>\n<td style=\"width: 571.078px; height: 23px;\">&nbsp;<\/td>\n<\/tr>\n<tr style=\"height: 23px;\">\n<td style=\"width: 196.766px; height: 23px;\">sac\u00ed v\u00fdkon<\/td>\n<td style=\"width: 571.078px; height: 23px;\"><span style=\"color: #000000;\"><strong>450W<\/strong><\/span><\/td>\n<\/tr>\n<tr style=\"height: 23px;\">\n<td style=\"width: 196.766px; height: 23px;\">nap\u00e4tie bat\u00e9rie<\/td>\n<td style=\"width: 571.078px; height: 23px;\"><span style=\"color: #000000;\"><strong>25,9V<\/strong><\/span><\/td>\n<\/tr>\n<tr style=\"height: 23px;\">\n<td style=\"width: 196.766px; height: 23px;\"><span style=\"color: #000000;\">nap\u00e1janie<\/span><\/td>\n<td style=\"width: 571.078px; height: 23px;\"><span style=\"color: #000000;\"><strong>2500mAh<\/strong><\/span><\/td>\n<\/tr>\n<tr style=\"height: 10px;\">\n<td style=\"width: 196.766px; height: 10px;\">filter<\/td>\n<td style=\"width: 571.078px; height: 10px;\"><span style=\"color: #000000;\"><strong>HEPA<\/strong><\/span><\/td>\n<\/tr>\n<tr style=\"height: 23px;\">\n<td style=\"width: 196.766px; height: 23px;\"><span style=\"color: #000000;\">kapacita odpadovej n\u00e1doby<\/span><\/td>\n<td style=\"width: 571.078px; height: 23px;\"><span style=\"color: #000000;\"><strong>\u22650,4l<\/strong><\/span><\/td>\n<\/tr>\n<tr style=\"height: 23px;\">\n<td style=\"width: 196.766px; height: 23px;\">funkcie<\/td>\n<td style=\"width: 571.078px; height: 23px;\"><span style=\"color: #000000;\"><strong>automatick\u00e1 + 3 re\u017eimy ( low &#8211; modr\u00e1, middle &#8211; zelen\u00e1, high &#8211; \u010derven\u00e1 )<\/strong><\/span><\/td>\n<\/tr>\n<tr style=\"height: 23px;\">\n<td style=\"width: 196.766px; height: 23px;\">doba nab\u00edjania<\/td>\n<td style=\"width: 571.078px; height: 23px;\"><strong>2,5h<\/strong><\/td>\n<\/tr>\n<tr style=\"height: 23px;\">\n<td style=\"width: 196.766px; height: 23px;\">obsah balenia<\/td>\n<td style=\"width: 571.078px; height: 23px;\"><span style=\"color: #000000;\"><strong>hlavn\u00e1 \u010das\u0165, m\u00e4kk\u00e1 val\u010dekov\u00e1 podlahov\u00e1 kefa, elektrick\u00e1 kefka na odstr\u00e1nenie rozto\u010dov, \u0161irok\u00e1 sacia koncovka s m\u00e4kk\u00fdmi \u0161tetinkami, sacia koncovka na \u010distenie medzier, kovov\u00e1 spojovacia trubica, predl\u017eovacia hadica, nap\u00e1jac\u00ed zdroj, 2x bat\u00e9ria, \u010distiaca kefa, podlahov\u00fd nab\u00edjac\u00ed z\u00e1vesn\u00fd stojan<\/strong><\/span><\/td>\n<\/tr>\n<tr style=\"height: 23px;\">\n<td style=\"width: 196.766px; height: 23px;\"><span style=\"color: #000000;\">materi\u00e1l<\/span><\/td>\n<td style=\"width: 571.078px; height: 23px;\"><span style=\"color: #000000;\"><strong>kov \/ plast s povrchovou \u00fapravou &#8211; autolakom<br \/><\/strong><\/span><\/td>\n<\/tr>\n<tr style=\"height: 23px;\">\n<td style=\"width: 196.766px; height: 23px;\"><span style=\"color: #000000;\">uchytenie<\/span><\/td>\n<td style=\"width: 571.078px; height: 23px;\"><span style=\"color: #000000;\"><strong>ru\u010dn\u00e9 \/ pozi\u010dn\u00e9<\/strong><\/span><\/td>\n<\/tr>\n<tr style=\"height: 23px;\">\n<td style=\"width: 196.766px; height: 23px;\"><span style=\"color: #000000;\">balenie<\/span><\/td>\n<td style=\"width: 571.078px; height: 23px;\"><span style=\"color: #000000;\"><strong>1 set \/ 2 kart\u00f3ny<\/strong><\/span><\/td>\n<\/tr>\n<tr style=\"height: 29px;\">\n<td style=\"width: 196.766px; height: 29px;\"><span style=\"color: #000000;\">hmotnos\u0165 vys\u00e1va\u010d&nbsp;<\/span><\/td>\n<td style=\"width: 571.078px; height: 29px;\"><span style=\"color: #000000;\"><strong>netto: 4560g \/ brutto: 6940g<\/strong><\/span>&nbsp;<\/td>\n<\/tr>\n<tr style=\"height: 29px;\">\n<td style=\"width: 196.766px; height: 29px;\">hmotnos\u0165 stojan<\/td>\n<td style=\"width: 571.078px; height: 29px;\"><span style=\"color: #000000;\"><strong> netto: 4500g \/ brutto: 7245g<\/strong><\/span><\/td>\n<\/tr>\n<\/tbody>\n<\/table>\n","protected":false},"excerpt":{"rendered":"<p>Ru\u010dn\u00fd bezdr\u00f4tov\u00fd vys\u00e1va\u010d Superpull V100 predstavuje revolu\u010dn\u00fd sp\u00f4sob \u00fa\u010dinnej dom\u00e1cej \u00fadr\u017eby. Jedn\u00fdm pohybom pokryje cel\u00e9 miesto v AI inteligentnom AUTO re\u017eime, \u0161etr\u00ed \u010das a poskytuje stabiln\u00e9 a prec\u00edzne \u010distenie. Je vyroben\u00fd z kvalitn\u00e9ho vysoko odoln\u00e9ho materi\u00e1lu. Jeho luxusn\u00fd dizajn V\u00e1m zaru\u010d\u00ed, \u017ee bude pre V\u00e1s p\u00fdchou v ka\u017edej miestnosti. Hlavn\u00e1 \u010das\u0165 s bezuhl\u00edkov\u00fdm motorom a [&hellip;]<\/p>\n","protected":false},"featured_media":11475,"comment_status":"closed","ping_status":"open","template":"","meta":[],"product_brand":[],"product_cat":[140],"product_tag":[],"class_list":{"0":"post-11473","1":"product","2":"type-product","3":"status-publish","4":"has-post-thumbnail","6":"product_cat-domace-elektrospotrebice","8":"first","9":"instock","10":"purchasable","11":"product-type-simple"},"_links":{"self":[{"href":"https:\/\/nedes.significa.sk\/cs\/wp-json\/wp\/v2\/product\/11473","targetHints":{"allow":["GET"]}}],"collection":[{"href":"https:\/\/nedes.significa.sk\/cs\/wp-json\/wp\/v2\/product"}],"about":[{"href":"https:\/\/nedes.significa.sk\/cs\/wp-json\/wp\/v2\/types\/product"}],"replies":[{"embeddable":true,"href":"https:\/\/nedes.significa.sk\/cs\/wp-json\/wp\/v2\/comments?post=11473"}],"wp:featuredmedia":[{"embeddable":true,"href":"https:\/\/nedes.significa.sk\/cs\/wp-json\/wp\/v2\/media\/11475"}],"wp:attachment":[{"href":"https:\/\/nedes.significa.sk\/cs\/wp-json\/wp\/v2\/media?parent=11473"}],"wp:term":[{"taxonomy":"product_brand","embeddable":true,"href":"https:\/\/nedes.significa.sk\/cs\/wp-json\/wp\/v2\/product_brand?post=11473"},{"taxonomy":"product_cat","embeddable":true,"href":"https:\/\/nedes.significa.sk\/cs\/wp-json\/wp\/v2\/product_cat?post=11473"},{"taxonomy":"product_tag","embeddable":true,"href":"https:\/\/nedes.significa.sk\/cs\/wp-json\/wp\/v2\/product_tag?post=11473"}],"curies":[{"name":"wp","href":"https:\/\/api.w.org\/{rel}","templated":true}]}}