{"id":11537,"date":"2024-09-12T06:59:56","date_gmt":"2024-09-12T06:59:56","guid":{"rendered":"https:\/\/nedes.significa.sk\/produkty\/led-stropne-svietidlo-opal-stropny-ventilator-dialkovy-ovladac-48w-lcl6342\/"},"modified":"2024-09-12T07:00:13","modified_gmt":"2024-09-12T07:00:13","slug":"led-stropne-svietidlo-opal-stropny-ventilator-dialkovy-ovladac-48w-lcl6342","status":"publish","type":"product","link":"https:\/\/nedes.significa.sk\/cs\/produkty\/led-stropne-svietidlo-opal-stropny-ventilator-dialkovy-ovladac-48w-lcl6342\/","title":{"rendered":"LED stropn\u00e9 svietidlo OPAL + stropn\u00fd ventil\u00e1tor + dia\u013ekov\u00fd ovl\u00e1da\u010d 48W &#8211; LCL6342"},"content":{"rendered":"<div>\n<div><span style=\"color: #000000;\"><strong>Stropn\u00e9 LED svietidlo<\/strong> <strong>s ventil\u00e1torom<\/strong> a <strong>dia\u013ekov\u00fdm ovl\u00e1da\u010dom<\/strong> zna\u010dky <strong>NEDES,<\/strong> je <strong>lampa<\/strong> vhodn\u00e1 <strong>do kuchyne<\/strong>,<strong> jed\u00e1lne<\/strong>, <strong>sp\u00e1lne, chodby,<\/strong>&nbsp;<strong>predsiene, ob\u00fdva\u010dky<\/strong> alebo <strong>kancel\u00e1rie<\/strong>. <\/span><\/div>\n<div>&nbsp;<\/div>\n<div><span style=\"color: #000000;\">Tieto svietidl\u00e1 vynikaj\u00faco kombinuj\u00fa modern\u00fd \u0161t\u00fdl s najvy\u0161\u0161ou kvalitou a s\u00fa navrhnut\u00e9 pre multifunk\u010dn\u00e9 vyu\u017eitie v miestnostiach, kde je potrebn\u00e9 nielen <strong>osvetlenie,<\/strong> ale aj <strong>regul\u00e1cia teploty<\/strong> vzduchu. <\/span><\/div>\n<div><span style=\"color: #000000;\"><strong>LED<\/strong> <strong>stropn\u00e9 svetl\u00e1<\/strong> prid\u00e1vaj\u00fa eleganciu a funk\u010dnos\u0165 do V\u00e1\u0161ho interi\u00e9ru. <\/span><\/div>\n<div><span style=\"color: #000000;\">Medzi k\u013e\u00fa\u010dov\u00e9 vlastnosti patr\u00ed<strong> jednoduch\u00fd<\/strong> a <strong>modern\u00fd dizajn<\/strong>, <strong>LED technol\u00f3gia<\/strong>, <strong>\u00faspornos\u0165<\/strong>,<strong> spo\u013eahlivos\u0165<\/strong> a v neposlednom rade ich <strong>cenov\u00e1 dostupnos\u0165<\/strong>. Umo\u017e\u0148uj\u00fa <strong>nastavenie farebn\u00fdch odtie\u0148ov <\/strong>(re\u017eimov), <strong>intenzity svetla<\/strong> (stmievanie)<strong> a no\u010dn\u00e9ho re\u017eimu<\/strong>. <\/span><\/div>\n<div>&nbsp;<\/div>\n<div><span style=\"color: #000000;\">Disponuje mo\u017enos\u0165ou ovl\u00e1dania viacer\u00fdch svietidiel jedn\u00fdm ovl\u00e1da\u010dom, no rovnako aj ovl\u00e1danie viacer\u00fdmi ovl\u00e1da\u010dmi. Svietidlo si pam\u00e4t\u00e1 posledn\u00e9 nastavenie po vypnut\u00ed ako vyp\u00edna\u010dom, tak ovl\u00e1da\u010dom. Pon\u00faka mo\u017enos\u0165 zmeny od <strong>neutr\u00e1lnej<\/strong> cez <strong>tepl\u00fa<\/strong> a\u017e <strong>studen\u00fa farbu svetla<\/strong> pomocou vyp\u00edna\u010da, ak svietidlo vypnete a zapnete v priebehu 3sec, aj dia\u013ekov\u00e9ho ovl\u00e1da\u010da.<\/span><\/div>\n<div><span style=\"color: #000000;\">Pomocou dia\u013ekov\u00e9ho ovl\u00e1da\u010da je mo\u017en\u00e9 nastavi\u0165 a\u017e <strong>5 r\u00fdchlosti<\/strong> ventil\u00e1tora s mo\u017enos\u0165ou <strong>sp\u00e4tn\u00e9ho chodu.<\/strong> Taktie\u017e je mo\u017en\u00e9 samostatne zapn\u00fa\u0165 svetlo, ventil\u00e1tor alebo obe s\u00fa\u010dasne.&nbsp;<\/span><\/div>\n<div><span style=\"color: #000000;\"><strong>V\u00fdhody stropn\u00e9ho ventil\u00e1tora:<\/strong><\/span><\/div>\n<ul>\n<li><span style=\"color: #000000;\">dobr\u00e9 vetranie miestnosti &#8211; zabra\u0148uje tvorbe plesn\u00ed v miestnostiach<\/span><\/li>\n<li><span style=\"color: #000000;\">zvy\u0161uje \u00fa\u010dinok klimatiz\u00e1cie &#8211; distribuje chladn\u00fd vzduch<\/span><\/li>\n<li><span style=\"color: #000000;\">u\u017eito\u010dn\u00fd pri krbovm vykurovan\u00ed &#8211; rozv\u00e1dza tepl\u00fd vzduch rovnomerne po celej miestnosti<\/span><\/li>\n<\/ul>\n<div><span style=\"color: #000000;\">\u0160irok\u00e1 ponuka obsahuje <strong>najkvalitnej\u0161ie osvetlenie<\/strong>, ktor\u00e9 je z\u00e1rove\u0148 energeticky najlacnej\u0161ie. Na\u0161e <strong>svietidl\u00e1<\/strong> zais\u0165uj\u00fa bezpe\u010dn\u00fa, \u013eahk\u00fa a bezprobl\u00e9mov\u00fa in\u0161tal\u00e1ciu, preto s\u00fa ob\u013e\u00faben\u00e9 na celom <strong>svete<\/strong>.<\/span><\/div>\n<div>&nbsp;<\/div>\n<div><span style=\"color: #000000;\">-stmievanie<\/span><br \/><span style=\"color: #000000;\">-no\u010dn\u00fd re\u017eim<\/span><br \/><span style=\"color: #000000;\">-zmena farby svetla<\/span><br \/><span style=\"color: #000000;\">-mo\u017enos\u0165 ovl\u00e1dania viacer\u00fdch svietidiel jedn\u00fdm ovl\u00e1da\u010dom<\/span><br \/><span style=\"color: #000000;\">-mo\u017enos\u0165 ovl\u00e1dania viacer\u00fdmi ovl\u00e1da\u010dmi<\/span><\/div>\n<div><span style=\"color: #000000;\">-mo\u017enos\u0165 zmeny farby svetla pomocou vyp\u00edna\u010da, ak svietidlo vypnete a zapnete v priebehu 3sec. (3000K,4000K,6500K, no\u010dn\u00fd re\u017eim)<\/span><br \/><span style=\"color: #000000;\">-pam\u00e4\u0165 posledn\u00e9ho nastavenia po vypnut\u00ed( aj vyp\u00edna\u010dom, aj ovl\u00e1da\u010dom)<\/span><br \/><span style=\"color: #000000;\">-bezpe\u010dn\u00e1 a \u013eahk\u00e1 mont\u00e1\u017e<\/span><\/div>\n<\/div>\n<table style=\"height: 420px;\">\n<tbody>\n<tr style=\"height: 23px;\">\n<td style=\"width: 205.266px; height: 23px;\"><span style=\"text-decoration: underline; font-size: 16px;\"><strong><span style=\"color: #000000; text-decoration: underline;\">TECHNICK\u00c9 PARAMETRE<\/span><\/strong><\/span><\/td>\n<td style=\"width: 608.875px; height: 23px;\">&nbsp;<\/td>\n<\/tr>\n<tr style=\"height: 23px;\">\n<td style=\"width: 205.266px; height: 23px;\"><span style=\"color: #000000;\">spotreba<\/span><\/td>\n<td style=\"width: 608.875px; height: 23px;\"><span style=\"color: #000000;\"><strong>48W (svietidlo) + 18W (ventil\u00e1tor)<\/strong><\/span><\/td>\n<\/tr>\n<tr style=\"height: 23px;\">\n<td style=\"width: 205.266px; height: 23px;\"><span style=\"color: #000000;\">sveteln\u00fd tok<\/span><\/td>\n<td style=\"width: 608.875px; height: 23px;\"><span style=\"color: #000000;\"><strong>total <img decoding=\"async\" src=\"\/storage\/lampa.png\" width=\"13\" height=\"16\" alt=\"\">&nbsp;&#8211; 3600Lm<\/strong><\/span><\/td>\n<\/tr>\n<tr style=\"height: 23px;\">\n<td style=\"width: 205.266px; height: 23px;\"><span style=\"color: #000000;\">rozmer (mm)<\/span><\/td>\n<td style=\"width: 608.875px; height: 23px;\"><span style=\"color: #000000;\"><strong>\u00d8486 x 140<\/strong><\/span><\/td>\n<\/tr>\n<tr style=\"height: 23px;\">\n<td style=\"width: 205.266px; height: 23px;\"><span style=\"color: #000000;\">chromati\u010dnos\u0165 (farba svetla)<\/span><\/td>\n<td style=\"width: 608.875px; height: 23px;\"><span style=\"color: #000000;\"><strong>3000K &#8211; 6500K<\/strong><\/span><\/td>\n<\/tr>\n<tr style=\"height: 23px;\">\n<td style=\"width: 205.266px; height: 23px;\"><span style=\"color: #000000;\">stmievanie<\/span><\/td>\n<td style=\"width: 608.875px; height: 23px;\"><span style=\"color: #000000;\"><strong>\u00e1no<\/strong><\/span><\/td>\n<\/tr>\n<tr style=\"height: 23px;\">\n<td style=\"width: 205.266px; height: 23px;\"><span style=\"color: #000000;\">no\u010dn\u00fd re\u017eim<\/span><\/td>\n<td style=\"width: 608.875px; height: 23px;\"><span style=\"color: #000000;\"><strong>\u00e1no<\/strong><\/span><\/td>\n<\/tr>\n<tr style=\"height: 23px;\">\n<td style=\"width: 205.266px; height: 23px;\"><span style=\"color: #000000;\">dia\u013ekov\u00fd ovl\u00e1da\u010d<\/span><\/td>\n<td style=\"width: 608.875px; height: 23px;\"><span style=\"color: #000000;\"><strong>\u00e1no<\/strong><\/span><\/td>\n<\/tr>\n<tr style=\"height: 23px;\">\n<td style=\"width: 205.266px; height: 23px;\"><span style=\"color: #000000;\">uhol svetla<\/span><\/td>\n<td style=\"width: 608.875px; height: 23px;\"><span style=\"color: #000000;\"><strong>120\u00b0<\/strong><\/span><\/td>\n<\/tr>\n<tr style=\"height: 23px;\">\n<td style=\"width: 205.266px; height: 23px;\"><span style=\"color: #000000;\">nap\u00e4tie <\/span><\/td>\n<td style=\"width: 608.875px; height: 23px;\"><span style=\"color: #000000;\"><strong>AC220 &#8211; 240V<\/strong><\/span><\/td>\n<\/tr>\n<tr style=\"height: 23px;\">\n<td style=\"width: 205.266px; height: 23px;\"><span style=\"color: #000000;\">\u017eivotnos\u0165<\/span><\/td>\n<td style=\"width: 608.875px; height: 23px;\"><span style=\"color: #000000;\"><strong>25 000h<\/strong><\/span><\/td>\n<\/tr>\n<tr style=\"height: 23px;\">\n<td style=\"width: 205.266px; height: 23px;\"><span style=\"color: #000000;\">sp\u00ednac\u00ed cyklus<\/span><\/td>\n<td style=\"width: 608.875px; height: 23px;\"><span style=\"color: #000000;\"><strong>20 000 x<\/strong><\/span><\/td>\n<\/tr>\n<tr style=\"height: 23px;\">\n<td style=\"width: 205.266px; height: 23px;\"><span style=\"color: #000000;\">hmotnos\u0165 netto (g)<\/span><\/td>\n<td style=\"width: 608.875px; height: 23px;\"><span style=\"color: #000000;\"><strong>1600<\/strong><\/span><\/td>\n<\/tr>\n<tr style=\"height: 23px;\">\n<td style=\"width: 205.266px; height: 23px;\"><span style=\"color: #000000;\">krytie<\/span><\/td>\n<td style=\"width: 608.875px; height: 23px;\"><span style=\"color: #000000;\"><strong>IP20<\/strong><\/span><\/td>\n<\/tr>\n<tr style=\"height: 23px;\">\n<td style=\"width: 205.266px; height: 23px;\"><span style=\"color: #000000;\">materi\u00e1l<\/span><\/td>\n<td style=\"width: 608.875px; height: 23px;\"><span style=\"color: #000000;\"><strong>metal &#8211; biela<\/strong><\/span><\/td>\n<\/tr>\n<tr style=\"height: 23px;\">\n<td style=\"width: 205.266px; height: 23px;\"><span style=\"color: #000000;\">typ dif\u00fazora<\/span><\/td>\n<td style=\"width: 608.875px; height: 23px;\"><strong><span style=\"color: #000000;\">acryl &#8211; opal (chr\u00f3m)<\/span><\/strong><\/td>\n<\/tr>\n<tr style=\"height: 23px;\">\n<td style=\"width: 205.266px; height: 23px;\"><span style=\"color: #000000;\">balenie<\/span><\/td>\n<td style=\"width: 608.875px; height: 23px;\"><span style=\"color: #000000;\"><strong>1\/2<\/strong><\/span><\/td>\n<\/tr>\n<tr style=\"height: 29px;\">\n<td style=\"width: 205.266px; height: 29px;\"><span style=\"color: #000000;\">LED s\u00fa nevymenite\u013en\u00e9<\/span><\/td>\n<td style=\"width: 608.875px; height: 29px;\"><span style=\"color: #000000;\"><strong>&nbsp;<\/strong><\/span><\/td>\n<\/tr>\n<\/tbody>\n<\/table>\n<p>-cena produktu zah\u0155\u0148a recykla\u010dn\u00fd poplatok v hodnote 0,10\u20ac bez DPH (0,12\u20ac s DPH)<\/p>\n","protected":false},"excerpt":{"rendered":"<p>Stropn\u00e9 LED svietidlo s ventil\u00e1torom a dia\u013ekov\u00fdm ovl\u00e1da\u010dom zna\u010dky NEDES, je lampa vhodn\u00e1 do kuchyne, jed\u00e1lne, sp\u00e1lne, chodby,&nbsp;predsiene, ob\u00fdva\u010dky alebo kancel\u00e1rie. &nbsp; Tieto svietidl\u00e1 vynikaj\u00faco kombinuj\u00fa modern\u00fd \u0161t\u00fdl s najvy\u0161\u0161ou kvalitou a s\u00fa navrhnut\u00e9 pre multifunk\u010dn\u00e9 vyu\u017eitie v miestnostiach, kde je potrebn\u00e9 nielen osvetlenie, ale aj regul\u00e1cia teploty vzduchu. LED stropn\u00e9 svetl\u00e1 prid\u00e1vaj\u00fa eleganciu a [&hellip;]<\/p>\n","protected":false},"featured_media":11538,"comment_status":"closed","ping_status":"open","template":"","meta":[],"product_brand":[],"product_cat":[45],"product_tag":[],"class_list":{"0":"post-11537","1":"product","2":"type-product","3":"status-publish","4":"has-post-thumbnail","6":"product_cat-led-stropne-ventilatory","8":"first","9":"instock","10":"purchasable","11":"product-type-simple"},"_links":{"self":[{"href":"https:\/\/nedes.significa.sk\/cs\/wp-json\/wp\/v2\/product\/11537","targetHints":{"allow":["GET"]}}],"collection":[{"href":"https:\/\/nedes.significa.sk\/cs\/wp-json\/wp\/v2\/product"}],"about":[{"href":"https:\/\/nedes.significa.sk\/cs\/wp-json\/wp\/v2\/types\/product"}],"replies":[{"embeddable":true,"href":"https:\/\/nedes.significa.sk\/cs\/wp-json\/wp\/v2\/comments?post=11537"}],"wp:featuredmedia":[{"embeddable":true,"href":"https:\/\/nedes.significa.sk\/cs\/wp-json\/wp\/v2\/media\/11538"}],"wp:attachment":[{"href":"https:\/\/nedes.significa.sk\/cs\/wp-json\/wp\/v2\/media?parent=11537"}],"wp:term":[{"taxonomy":"product_brand","embeddable":true,"href":"https:\/\/nedes.significa.sk\/cs\/wp-json\/wp\/v2\/product_brand?post=11537"},{"taxonomy":"product_cat","embeddable":true,"href":"https:\/\/nedes.significa.sk\/cs\/wp-json\/wp\/v2\/product_cat?post=11537"},{"taxonomy":"product_tag","embeddable":true,"href":"https:\/\/nedes.significa.sk\/cs\/wp-json\/wp\/v2\/product_tag?post=11537"}],"curies":[{"name":"wp","href":"https:\/\/api.w.org\/{rel}","templated":true}]}}