{"id":11844,"date":"2024-09-12T07:02:20","date_gmt":"2024-09-12T07:02:20","guid":{"rendered":"https:\/\/nedes.significa.sk\/produkty\/led-ziarovka-filament-biely-45w-c35-e14-4000k-zwf206\/"},"modified":"2024-09-12T07:02:36","modified_gmt":"2024-09-12T07:02:36","slug":"led-ziarovka-filament-biely-45w-c35-e14-4000k-zwf206","status":"publish","type":"product","link":"https:\/\/nedes.significa.sk\/cs\/produkty\/led-ziarovka-filament-biely-45w-c35-e14-4000k-zwf206\/","title":{"rendered":"LED \u017eiarovka \/ filament BIELY 4,5W &#8211; C35 \/ E14 \/ 4000K &#8211; ZWF206"},"content":{"rendered":"<p><span style=\"color: #000000;\">LED<strong> BIELY Filament <\/strong>zna\u010dky<\/span> <span style=\"color: #000000;\"><strong>NEDES<\/strong> je \u00fasporn\u00e1 \u017eiarovka so spotrebou <strong>4,5W<\/strong>, svietivos\u0165ou<strong> 470Lm<\/strong>, s p\u00e4ticou <strong>E14<\/strong>.<\/span><\/p>\n<p><span style=\"color: #000000;\">&#8211; svieti jasnou l\u00edniou v neutr\u00e1lnej bielej farbe<\/span><\/p>\n<p><span style=\"color: #000000;\">&#8211; pou\u017eit\u00e9 LED s\u00fa <strong>biele<\/strong>&nbsp;<strong>Filamenty,<\/strong> ktor\u00e9 vytv\u00e1raj\u00fa neutr\u00e1lnej\u0161\u00ed vizu\u00e1lny efekt, vhodn\u00e9 na pou\u017eitie v svietidl\u00e1ch, kde maj\u00fa \u0161tandartn\u00e9 \u017elt\u00e9 filamenty ru\u0161iv\u00fd efekt<\/span><\/p>\n<p><span style=\"color: #000000;\">&#8211; n\u00e1\u0161 produkt m\u00e1 najmodernej\u0161\u00ed dizajn, ktor\u00fd zais\u0165uje bezpe\u010dn\u00fa a bezprobl\u00e9mov\u00fa in\u0161tal\u00e1ciu do tradi\u010dn\u00fdch svietidiel, kde boli predt\u00fdm pou\u017eit\u00e9 be\u017en\u00e9 \u017eiarovky<\/span><\/p>\n<table style=\"height: 356px;\">\n<tbody>\n<tr style=\"height: 23px;\">\n<td style=\"width: 221px; height: 23px;\"><span style=\"text-decoration: underline; font-size: 16px;\"><strong><span style=\"color: #000000; text-decoration: underline;\">TECHNICK\u00c9 PARAMETRE<\/span><\/strong><\/span><\/td>\n<td style=\"width: 687px; height: 23px;\">&nbsp;<\/td>\n<\/tr>\n<tr style=\"height: 23px;\">\n<td style=\"width: 221px; height: 23px;\"><span style=\"color: #000000;\">spotreba<\/span><\/td>\n<td style=\"width: 687px; height: 23px;\"><span style=\"color: #000000;\"><strong>4,5W<\/strong><\/span><\/td>\n<\/tr>\n<tr style=\"height: 23px;\">\n<td style=\"width: 221px; height: 23px;\"><span style=\"color: #000000;\">sveteln\u00fd tok<\/span><\/td>\n<td style=\"width: 687px; height: 23px;\"><span style=\"color: #000000;\"><strong>470Lm<\/strong><\/span><\/td>\n<\/tr>\n<tr style=\"height: 23px;\">\n<td style=\"width: 221px; height: 23px;\"><span style=\"color: #000000;\">p\u00e4tica<\/span><\/td>\n<td style=\"width: 687px; height: 23px;\"><span style=\"color: #000000;\"><strong>E14<\/strong><\/span><\/td>\n<\/tr>\n<tr style=\"height: 23px;\">\n<td style=\"width: 221px; height: 23px;\"><span style=\"color: #000000;\">chromati\u010dnos\u0165 (farba svetla)<\/span><\/td>\n<td style=\"width: 687px; height: 23px;\"><span style=\"color: #000000;\"><strong>4000K &#8211; neutr\u00e1lna biela<\/strong><\/span><\/td>\n<\/tr>\n<tr style=\"height: 23px;\">\n<td style=\"width: 221px; height: 23px;\"><span style=\"color: #000000;\">uhol svetla<\/span><\/td>\n<td style=\"width: 687px; height: 23px;\"><span style=\"color: #000000;\"><strong>320\u00b0<\/strong><\/span><\/td>\n<\/tr>\n<tr style=\"height: 23px;\">\n<td style=\"width: 221px; height: 23px;\"><span style=\"color: #000000;\">rozmer (mm)<\/span><\/td>\n<td style=\"width: 687px; height: 23px;\"><span style=\"color: #000000;\"><strong>\u00d835&#215;98<\/strong><\/span><\/td>\n<\/tr>\n<tr style=\"height: 23px;\">\n<td style=\"width: 221px; height: 23px;\"><span style=\"color: #000000;\">nap\u00e4tie <\/span><\/td>\n<td style=\"width: 687px; height: 23px;\"><span style=\"color: #000000;\"><strong>AC220 &#8211; 240V<\/strong><\/span><\/td>\n<\/tr>\n<tr style=\"height: 23px;\">\n<td style=\"width: 221px; height: 23px;\"><span style=\"color: #000000;\">\u017eivotnos\u0165<\/span><\/td>\n<td style=\"width: 687px; height: 23px;\"><span style=\"color: #000000;\"><strong>30 000h<\/strong><\/span><\/td>\n<\/tr>\n<tr style=\"height: 23px;\">\n<td style=\"width: 221px; height: 23px;\"><span style=\"color: #000000;\">sp\u00ednac\u00ed cyklus<\/span><\/td>\n<td style=\"width: 687px; height: 23px;\"><span style=\"color: #000000;\"><strong>20 000 x<\/strong><\/span><\/td>\n<\/tr>\n<tr style=\"height: 23px;\">\n<td style=\"width: 221px; height: 23px;\"><span style=\"color: #000000;\">hmotnos\u0165 netto (g)<\/span><\/td>\n<td style=\"width: 687px; height: 23px;\"><span style=\"color: #000000;\"><strong>14<\/strong><\/span><\/td>\n<\/tr>\n<tr style=\"height: 23px;\">\n<td style=\"width: 221px; height: 28px;\"><span style=\"color: #000000;\">stmievate\u013en\u00e1<\/span><\/td>\n<td style=\"width: 687px; height: 28px;\"><span style=\"color: #000000;\"><strong>nie<\/strong><\/span><\/td>\n<\/tr>\n<tr style=\"height: 23px;\">\n<td style=\"width: 221px; height: 23px;\"><span style=\"color: #000000;\">materi\u00e1l<\/span><\/td>\n<td style=\"width: 687px; height: 23px;\"><span style=\"color: #000000;\"><strong>sklo<\/strong><\/span><\/td>\n<\/tr>\n<tr style=\"height: 23px;\">\n<td style=\"width: 221px; height: 23px;\"><span style=\"color: #000000;\">balenie<\/span><\/td>\n<td style=\"width: 687px; height: 23px;\"><span style=\"color: #000000;\"><strong>1\/50<\/strong><\/span><\/td>\n<\/tr>\n<tr style=\"height: 29px;\">\n<td style=\"width: 221px; height: 29px;\"><span style=\"color: #000000;\">LED s\u00fa nevymenite\u013en\u00e9<\/span><\/td>\n<td style=\"width: 687px; height: 29px;\"><span style=\"color: #000000;\"><strong>&nbsp;<\/strong><\/span><\/td>\n<\/tr>\n<\/tbody>\n<\/table>\n<p>-cena produktu zah\u0155\u0148a recykla\u010dn\u00fd poplatok v hodnote 0,05\u20ac bez DPH (0,06\u20ac s DPH)<\/p>\n","protected":false},"excerpt":{"rendered":"<p>LED BIELY Filament zna\u010dky NEDES je \u00fasporn\u00e1 \u017eiarovka so spotrebou 4,5W, svietivos\u0165ou 470Lm, s p\u00e4ticou E14. &#8211; svieti jasnou l\u00edniou v neutr\u00e1lnej bielej farbe &#8211; pou\u017eit\u00e9 LED s\u00fa biele&nbsp;Filamenty, ktor\u00e9 vytv\u00e1raj\u00fa neutr\u00e1lnej\u0161\u00ed vizu\u00e1lny efekt, vhodn\u00e9 na pou\u017eitie v svietidl\u00e1ch, kde maj\u00fa \u0161tandartn\u00e9 \u017elt\u00e9 filamenty ru\u0161iv\u00fd efekt &#8211; n\u00e1\u0161 produkt m\u00e1 najmodernej\u0161\u00ed dizajn, ktor\u00fd zais\u0165uje bezpe\u010dn\u00fa [&hellip;]<\/p>\n","protected":false},"featured_media":11845,"comment_status":"closed","ping_status":"open","template":"","meta":[],"product_brand":[],"product_cat":[146],"product_tag":[],"class_list":{"0":"post-11844","1":"product","2":"type-product","3":"status-publish","4":"has-post-thumbnail","6":"product_cat-filament-biely","8":"first","9":"instock","10":"purchasable","11":"product-type-simple"},"_links":{"self":[{"href":"https:\/\/nedes.significa.sk\/cs\/wp-json\/wp\/v2\/product\/11844","targetHints":{"allow":["GET"]}}],"collection":[{"href":"https:\/\/nedes.significa.sk\/cs\/wp-json\/wp\/v2\/product"}],"about":[{"href":"https:\/\/nedes.significa.sk\/cs\/wp-json\/wp\/v2\/types\/product"}],"replies":[{"embeddable":true,"href":"https:\/\/nedes.significa.sk\/cs\/wp-json\/wp\/v2\/comments?post=11844"}],"wp:featuredmedia":[{"embeddable":true,"href":"https:\/\/nedes.significa.sk\/cs\/wp-json\/wp\/v2\/media\/11845"}],"wp:attachment":[{"href":"https:\/\/nedes.significa.sk\/cs\/wp-json\/wp\/v2\/media?parent=11844"}],"wp:term":[{"taxonomy":"product_brand","embeddable":true,"href":"https:\/\/nedes.significa.sk\/cs\/wp-json\/wp\/v2\/product_brand?post=11844"},{"taxonomy":"product_cat","embeddable":true,"href":"https:\/\/nedes.significa.sk\/cs\/wp-json\/wp\/v2\/product_cat?post=11844"},{"taxonomy":"product_tag","embeddable":true,"href":"https:\/\/nedes.significa.sk\/cs\/wp-json\/wp\/v2\/product_tag?post=11844"}],"curies":[{"name":"wp","href":"https:\/\/api.w.org\/{rel}","templated":true}]}}