{"id":11919,"date":"2024-09-12T07:02:46","date_gmt":"2024-09-12T07:02:46","guid":{"rendered":"https:\/\/nedes.significa.sk\/produkty\/vonkajsi-led-reflektor-s-pir-senzorom-24w-4000k-lfx121\/"},"modified":"2024-09-12T07:03:09","modified_gmt":"2024-09-12T07:03:09","slug":"vonkajsi-led-reflektor-s-pir-senzorom-24w-4000k-lfx121","status":"publish","type":"product","link":"https:\/\/nedes.significa.sk\/cs\/produkty\/vonkajsi-led-reflektor-s-pir-senzorom-24w-4000k-lfx121\/","title":{"rendered":"Vonkaj\u0161\u00ed LED reflektor s PIR senzorom 24W \/ 4000K &#8211; LFX121"},"content":{"rendered":"<p><span style=\"color: #000000;\">LED <strong>dizajnov\u00fd reflektor<\/strong> so <strong>SENZOROM<\/strong> zna\u010dky <strong>NEDES<\/strong> so spotrebou<strong> 24W<\/strong> a svietivos\u0165ou <strong>1900Lm<\/strong>.<\/span><\/p>\n<p><span style=\"color: #000000;\">&#8211; svieti jasnou l\u00edniou v <strong>neutr\u00e1lnej bielej farbe<\/strong><\/span><\/p>\n<p><span style=\"color: #000000;\">&#8211; \u0161peci\u00e1lne v\u00fdhody:<\/span><\/p>\n<p><span style=\"color: #000000;\">1. <strong>v\u00e4\u010d\u0161ia variabilita<\/strong> a nez\u00e1visl\u00e9 nastavenia polohy senzora a reflektora<\/span><\/p>\n<p><span style=\"color: #000000;\">2. vyp\u00edna\u010d &#8211; <strong>nastavenie 3 m\u00f3dov<\/strong> ( O-vypnut\u00e9, I-senzor akt\u00edvny, II-st\u00e1le zapnutie )<\/span><\/p>\n<p><span style=\"color: #000000;\">3. nap\u00e1janie vo vn\u00fatri reflektora<\/span><\/p>\n<p><span style=\"color: #000000;\">&#8211; nastavenie senzora : <strong>LUX<\/strong> ( 5 &#8211; 2000Lx ), <strong>TIME<\/strong> ( 5sec &#8211; 1min ),<strong> SENS<\/strong> ( 2m &#8211; 12m )<\/span><\/p>\n<p>&nbsp;<\/p>\n<table style=\"height: 379px; width: 813px;\">\n<tbody>\n<tr style=\"height: 23px;\">\n<td style=\"width: 204.828px; height: 23px;\"><span style=\"text-decoration: underline; font-size: 16px;\"><strong><span style=\"color: #000000; text-decoration: underline;\">TECHNICK\u00c9 PARAMETRE<\/span><\/strong><\/span><\/td>\n<td style=\"width: 607.172px; height: 23px;\">&nbsp;<\/td>\n<\/tr>\n<tr style=\"height: 23px;\">\n<td style=\"width: 204.828px; height: 23px;\"><span style=\"color: #000000;\">spotreba<\/span><\/td>\n<td style=\"width: 607.172px; height: 23px;\"><span style=\"color: #000000;\"><strong>24W<\/strong><\/span><\/td>\n<\/tr>\n<tr style=\"height: 23px;\">\n<td style=\"width: 204.828px; height: 23px;\"><span style=\"color: #000000;\">sveteln\u00fd tok<\/span><\/td>\n<td style=\"width: 607.172px; height: 23px;\"><span style=\"color: #000000;\"><strong>1900Lm<\/strong><\/span><\/td>\n<\/tr>\n<tr style=\"height: 23px;\">\n<td style=\"width: 204.828px; height: 23px;\"><span style=\"color: #000000;\">krytie<\/span><\/td>\n<td style=\"width: 607.172px; height: 23px;\"><span style=\"color: #000000;\"><strong>IP54<\/strong><\/span><\/td>\n<\/tr>\n<tr style=\"height: 23px;\">\n<td style=\"width: 204.828px; height: 23px;\"><span style=\"color: #000000;\">chromati\u010dnos\u0165 (farba svetla)<\/span><\/td>\n<td style=\"width: 607.172px; height: 23px;\"><span style=\"color: #000000;\"><strong>4000K &#8211; neutr\u00e1lna biela<\/strong><\/span><\/td>\n<\/tr>\n<tr style=\"height: 23px;\">\n<td style=\"width: 204.828px; height: 23px;\"><span style=\"color: #000000;\">uhol svetla<\/span><\/td>\n<td style=\"width: 607.172px; height: 23px;\"><span style=\"color: #000000;\"><strong>120\u00b0<\/strong><\/span><\/td>\n<\/tr>\n<tr style=\"height: 23px;\">\n<td style=\"width: 204.828px; height: 23px;\"><span style=\"color: #000000;\">rozmer (mm)<\/span><\/td>\n<td style=\"width: 607.172px; height: 23px;\"><span style=\"color: #000000;\"><strong>190 x 206 x 237<\/strong><\/span><\/td>\n<\/tr>\n<tr style=\"height: 23px;\">\n<td style=\"width: 204.828px; height: 23px;\"><span style=\"color: #000000;\">senzor<\/span><\/td>\n<td style=\"width: 607.172px; height: 23px;\"><span style=\"color: #000000;\"><strong>PIR<\/strong><\/span><\/td>\n<\/tr>\n<tr style=\"height: 23px;\">\n<td style=\"width: 204.828px; height: 23px;\"><span style=\"color: #000000;\">nap\u00e4tie <\/span><\/td>\n<td style=\"width: 607.172px; height: 23px;\"><span style=\"color: #000000;\"><strong>AC220 &#8211; 240V<\/strong><\/span><\/td>\n<\/tr>\n<tr style=\"height: 23px;\">\n<td style=\"width: 204.828px; height: 23px;\"><span style=\"color: #000000;\">\u017eivotnos\u0165<\/span><\/td>\n<td style=\"width: 607.172px; height: 23px;\"><span style=\"color: #000000;\"><strong>25 000h<\/strong><\/span><\/td>\n<\/tr>\n<tr style=\"height: 23px;\">\n<td style=\"width: 204.828px; height: 23px;\"><span style=\"color: #000000;\">sp\u00ednac\u00ed cyklus<\/span><\/td>\n<td style=\"width: 607.172px; height: 23px;\"><span style=\"color: #000000;\"><strong>20 000 x<\/strong><\/span><\/td>\n<\/tr>\n<tr style=\"height: 29px;\">\n<td style=\"width: 204.828px; height: 29px;\"><span style=\"color: #000000;\">hmotnos\u0165 netto (g)<br \/><\/span><\/td>\n<td style=\"width: 607.172px; height: 29px;\"><span style=\"color: #000000;\"><strong>560<\/strong><\/span><\/td>\n<\/tr>\n<tr style=\"height: 23px;\">\n<td style=\"width: 204.828px; height: 28px;\"><span style=\"color: #000000;\">stmievate\u013en\u00e1<\/span><\/td>\n<td style=\"width: 607.172px; height: 28px;\"><span style=\"color: #000000;\"><strong>nie<\/strong><\/span><\/td>\n<\/tr>\n<tr style=\"height: 23px;\">\n<td style=\"width: 204.828px; height: 23px;\"><span style=\"color: #000000;\">materi\u00e1l<\/span><\/td>\n<td style=\"width: 607.172px; height: 23px;\"><span style=\"color: #000000;\"><strong>thermal PC\/AL &#8211; biela<\/strong><\/span><\/td>\n<\/tr>\n<tr style=\"height: 23px;\">\n<td style=\"width: 204.828px; height: 23px;\"><span style=\"color: #000000;\">typ dif\u00fazora<\/span><\/td>\n<td style=\"width: 607.172px; height: 23px;\"><strong><span style=\"color: #000000;\">PMMA<\/span><\/strong><\/td>\n<\/tr>\n<tr style=\"height: 23px;\">\n<td style=\"width: 204.828px; height: 23px;\"><span style=\"color: #000000;\">balenie<\/span><\/td>\n<td style=\"width: 607.172px; height: 23px;\"><span style=\"color: #000000;\"><strong>1\/6<\/strong><\/span><\/td>\n<\/tr>\n<\/tbody>\n<\/table>\n<p>-cena produktu zah\u0155\u0148a recykla\u010dn\u00fd poplatok v hodnote 0,10\u20ac bez DPH (0,12\u20ac s DPH)<\/p>\n","protected":false},"excerpt":{"rendered":"<p>LED dizajnov\u00fd reflektor so SENZOROM zna\u010dky NEDES so spotrebou 24W a svietivos\u0165ou 1900Lm. &#8211; svieti jasnou l\u00edniou v neutr\u00e1lnej bielej farbe &#8211; \u0161peci\u00e1lne v\u00fdhody: 1. v\u00e4\u010d\u0161ia variabilita a nez\u00e1visl\u00e9 nastavenia polohy senzora a reflektora 2. vyp\u00edna\u010d &#8211; nastavenie 3 m\u00f3dov ( O-vypnut\u00e9, I-senzor akt\u00edvny, II-st\u00e1le zapnutie ) 3. nap\u00e1janie vo vn\u00fatri reflektora &#8211; nastavenie senzora [&hellip;]<\/p>\n","protected":false},"featured_media":11920,"comment_status":"closed","ping_status":"open","template":"","meta":[],"product_brand":[],"product_cat":[82],"product_tag":[],"class_list":{"0":"post-11919","1":"product","2":"type-product","3":"status-publish","4":"has-post-thumbnail","6":"product_cat-led-reflektory","8":"first","9":"instock","10":"purchasable","11":"product-type-simple"},"_links":{"self":[{"href":"https:\/\/nedes.significa.sk\/cs\/wp-json\/wp\/v2\/product\/11919","targetHints":{"allow":["GET"]}}],"collection":[{"href":"https:\/\/nedes.significa.sk\/cs\/wp-json\/wp\/v2\/product"}],"about":[{"href":"https:\/\/nedes.significa.sk\/cs\/wp-json\/wp\/v2\/types\/product"}],"replies":[{"embeddable":true,"href":"https:\/\/nedes.significa.sk\/cs\/wp-json\/wp\/v2\/comments?post=11919"}],"wp:featuredmedia":[{"embeddable":true,"href":"https:\/\/nedes.significa.sk\/cs\/wp-json\/wp\/v2\/media\/11920"}],"wp:attachment":[{"href":"https:\/\/nedes.significa.sk\/cs\/wp-json\/wp\/v2\/media?parent=11919"}],"wp:term":[{"taxonomy":"product_brand","embeddable":true,"href":"https:\/\/nedes.significa.sk\/cs\/wp-json\/wp\/v2\/product_brand?post=11919"},{"taxonomy":"product_cat","embeddable":true,"href":"https:\/\/nedes.significa.sk\/cs\/wp-json\/wp\/v2\/product_cat?post=11919"},{"taxonomy":"product_tag","embeddable":true,"href":"https:\/\/nedes.significa.sk\/cs\/wp-json\/wp\/v2\/product_tag?post=11919"}],"curies":[{"name":"wp","href":"https:\/\/api.w.org\/{rel}","templated":true}]}}