{"id":12090,"date":"2024-09-12T07:04:06","date_gmt":"2024-09-12T07:04:06","guid":{"rendered":"https:\/\/nedes.significa.sk\/produkty\/led-pracovne-nabijacie-svietidlo-wl11r\/"},"modified":"2024-09-12T07:04:25","modified_gmt":"2024-09-12T07:04:25","slug":"led-pracovne-nabijacie-svietidlo-wl11r","status":"publish","type":"product","link":"https:\/\/nedes.significa.sk\/cs\/produkty\/led-pracovne-nabijacie-svietidlo-wl11r\/","title":{"rendered":"LED pracovn\u00e9 nab\u00edjacie svietidlo &#8211; WL11R"},"content":{"rendered":"<p>LED<strong> pracovn\u00e9 nab\u00edjacie svietidlo<\/strong> zna\u010dky <strong>NEDES <\/strong>s kryt\u00edm<strong> IPX4<\/strong>, je vhodn\u00e9 na pou\u017eitie <strong>do exteri\u00e9ru<\/strong> na osvetlenie r\u00f4znych pl\u00f4ch a <strong>interi\u00e9ru<\/strong> do h\u00e1l, tov\u00e1rn\u00ed, gar\u00e1\u017e\u00ed, alt\u00e1nkov a pr\u00edstre\u0161kov.<\/p>\n<p>&#8211; pevn\u00e1 kon\u0161trukcia<\/p>\n<p>&#8211; bat. <span style=\"color: #000000;\"><strong>1&#215;18650 Li-Ion-2000mAh<\/strong><\/span><\/p>\n<p><span style=\"color: #000000;\">&#8211; <strong>5V\/1A<\/strong> input\/output<strong> &#8211; POWERBANK<\/strong><\/span><\/p>\n<p>&#8211; 100% COB \u017elt\u00e1 &#8211; 310Lm &#8211; 6,5h \/ 25% COB \u017elt\u00e1 &#8211; 70Lm &#8211; 14,5h \/ 100% COB biela &#8211; 230Lm &#8211; 7h \/ 20% COB biela &#8211; 50Lm &#8211; 16h \/ 100% SMD &#8211; 60Lm &#8211; 17,5h&nbsp;<\/p>\n<p>&#8211; nab\u00edjac\u00ed \u010das 4h<\/p>\n<p>&#8211; LED<strong> indik\u00e1tor stavu bat\u00e9rie<\/strong><\/p>\n<p><strong>&#8211; <\/strong>zabudovan\u00fd<strong> dr\u017eiak so siln\u00fdm magnetom&nbsp;<\/strong><\/p>\n<p><strong>&#8211; <\/strong>nakl\u00e1panie svetla<strong>&nbsp;180<span style=\"color: #000000;\">\u00b0<\/span><\/strong><\/p>\n<p>&#8211; zabudovan\u00e9<strong> h\u00e1k <\/strong>na zavesenie<\/p>\n<p>&#8211; zabudovan\u00fd <strong>klip <\/strong>na uchytenie napr. za opasok<\/p>\n<p>&#8211; balenie obsahuje <strong>50cm USB-C<\/strong> k\u00e1bel&nbsp;<\/p>\n<p>&#8211; \u013eahk\u00e9, r\u00fdchle a bezprobl\u00e9mov\u00e9 pou\u017eitie kamko\u013evek<\/p>\n<table style=\"height: 380px; width: 755px;\">\n<tbody>\n<tr style=\"height: 23px;\">\n<td style=\"width: 203.266px; height: 23px;\"><span style=\"text-decoration: underline; font-size: 16px;\"><strong><span style=\"color: #000000; text-decoration: underline;\">TECHNICK\u00c9 PARAMETRE<\/span><\/strong><\/span><\/td>\n<td style=\"width: 550.734px; height: 23px;\">&nbsp;<\/td>\n<\/tr>\n<tr style=\"height: 23px;\">\n<td style=\"width: 203.266px; height: 23px;\"><span style=\"color: #000000;\">zdroj svetla<\/span><\/td>\n<td style=\"width: 550.734px; height: 23px;\"><strong>3W COB (\u017elt\u00e1) + 3W COB (biela) + 3W COB (\u010derven\u00e1) + 1W SMD<\/strong><\/td>\n<\/tr>\n<tr style=\"height: 23px;\">\n<td style=\"width: 203.266px; height: 23px;\"><span style=\"color: #000000;\">sveteln\u00fd tok<\/span><\/td>\n<td style=\"width: 550.734px; height: 23px;\"><strong>310Lm + 230Lm + 60Lm<\/strong><\/td>\n<\/tr>\n<tr style=\"height: 23px;\">\n<td style=\"width: 203.266px; height: 23px;\"><span style=\"color: #000000;\">nap\u00e1janie<\/span><\/td>\n<td style=\"width: 550.734px; height: 23px;\"><span style=\"color: #000000;\"><strong>1&#215;18650 Li-Ion-2000mAh (obsahuje)<\/strong><\/span><\/td>\n<\/tr>\n<tr>\n<td style=\"width: 203.266px;\"><span style=\"color: #000000;\">powerbank<\/span><\/td>\n<td style=\"width: 550.734px;\"><span style=\"color: #000000;\"><strong>\u00e1no<\/strong><\/span><\/td>\n<\/tr>\n<tr style=\"height: 23px;\">\n<td style=\"width: 203.266px; height: 23px;\"><span style=\"color: #000000;\">funkcie svetla<\/span><\/td>\n<td style=\"width: 550.734px; height: 23px;\">\n<p><span style=\"color: #000000;\"><strong>3W COB 100% \u017elt\u00e1 \/ 3W COB 25% \u017elt\u00e1 \/ 1W SMD \/ <\/strong><\/span><span style=\"color: #000000;\"><strong>3W COB 100% biela \/ 3W COB 20% biela \/ 3W COB \u010derven\u00e1 \/ 3W COB \u010derven\u00e1 blikanie \/ vypnutie<\/strong><\/span><\/p>\n<\/td>\n<\/tr>\n<tr style=\"height: 23px;\">\n<td style=\"width: 203.266px; height: 23px;\"><span style=\"color: #000000;\">senzor<\/span><\/td>\n<td style=\"width: 550.734px; height: 23px;\"><span style=\"color: #000000;\"><strong>nie<\/strong><\/span><\/td>\n<\/tr>\n<tr style=\"height: 23px;\">\n<td style=\"width: 203.266px; height: 23px;\"><span style=\"color: #000000;\">focus<\/span><\/td>\n<td style=\"width: 550.734px; height: 23px;\"><span style=\"color: #000000;\"><strong>nie<\/strong><\/span><\/td>\n<\/tr>\n<tr style=\"height: 23px;\">\n<td style=\"width: 203.266px; height: 23px;\"><span style=\"color: #000000;\">rozmer<\/span><\/td>\n<td style=\"width: 550.734px; height: 23px;\"><span style=\"color: #000000;\"><strong><span class=\"product_value\">53x35x(160&#215;298)<\/span><\/strong><\/span><\/td>\n<\/tr>\n<tr style=\"height: 23px;\">\n<td style=\"width: 203.266px; height: 23px;\"><span style=\"color: #000000;\">chromati\u010dnos\u0165 (farba svetla)<\/span><\/td>\n<td style=\"width: 550.734px; height: 23px;\"><span style=\"color: #000000;\"><strong>\u017elt\u00e1 \/ biela \/ \u010derven\u00e1<\/strong><\/span><\/td>\n<\/tr>\n<tr style=\"height: 23px;\">\n<td style=\"width: 203.266px; height: 23px;\"><span style=\"color: #000000;\">dosvit<\/span><\/td>\n<td style=\"width: 550.734px; height: 23px;\"><span style=\"color: #000000;\"><strong>&#8211;<\/strong><\/span><\/td>\n<\/tr>\n<tr style=\"height: 23px;\">\n<td style=\"width: 203.266px; height: 23px;\"><span style=\"color: #000000;\">krytie<\/span><\/td>\n<td style=\"width: 550.734px; height: 23px;\"><span style=\"color: #000000;\"><strong>IPX4<\/strong><\/span><\/td>\n<\/tr>\n<tr style=\"height: 23px;\">\n<td style=\"width: 203.266px; height: 23px;\"><span style=\"color: #000000;\">materi\u00e1l<\/span><\/td>\n<td style=\"width: 550.734px; height: 23px;\"><span style=\"color: #000000;\"><strong>ABS + Aluminium<\/strong><\/span><\/td>\n<\/tr>\n<tr style=\"height: 23px;\">\n<td style=\"width: 203.266px; height: 23px;\"><span style=\"color: #000000;\">uchytenie<\/span><\/td>\n<td style=\"width: 550.734px; height: 23px;\"><span style=\"color: #000000;\"><strong>ru\u010dn\u00e9 \/ magnet \/ h\u00e1k \/ klip<\/strong><\/span><\/td>\n<\/tr>\n<tr style=\"height: 23px;\">\n<td style=\"width: 203.266px; height: 23px;\"><span style=\"color: #000000;\">balenie<\/span><\/td>\n<td style=\"width: 550.734px; height: 23px;\"><span style=\"color: #000000;\"><strong>1\/20\/40<\/strong><\/span><\/td>\n<\/tr>\n<tr style=\"height: 29px;\">\n<td style=\"width: 203.266px; height: 29px;\"><span style=\"color: #000000;\">hmotnos\u0165 netto (g)<\/span><\/td>\n<td style=\"width: 550.734px; height: 29px;\"><span style=\"color: #000000;\"><strong>166<\/strong><\/span><\/td>\n<\/tr>\n<tr style=\"height: 29px;\">\n<td style=\"width: 203.266px; height: 29px;\"><span style=\"color: #000000;\">LED s\u00fa nevymenite\u013en\u00e9<\/span><\/td>\n<td style=\"width: 550.734px; height: 29px;\"><span style=\"color: #000000;\"><strong>&nbsp;<\/strong><\/span><\/td>\n<\/tr>\n<\/tbody>\n<\/table>\n","protected":false},"excerpt":{"rendered":"<p>LED pracovn\u00e9 nab\u00edjacie svietidlo zna\u010dky NEDES s kryt\u00edm IPX4, je vhodn\u00e9 na pou\u017eitie do exteri\u00e9ru na osvetlenie r\u00f4znych pl\u00f4ch a interi\u00e9ru do h\u00e1l, tov\u00e1rn\u00ed, gar\u00e1\u017e\u00ed, alt\u00e1nkov a pr\u00edstre\u0161kov. &#8211; pevn\u00e1 kon\u0161trukcia &#8211; bat. 1&#215;18650 Li-Ion-2000mAh &#8211; 5V\/1A input\/output &#8211; POWERBANK &#8211; 100% COB \u017elt\u00e1 &#8211; 310Lm &#8211; 6,5h \/ 25% COB \u017elt\u00e1 &#8211; 70Lm &#8211; [&hellip;]<\/p>\n","protected":false},"featured_media":12091,"comment_status":"closed","ping_status":"open","template":"","meta":[],"product_brand":[],"product_cat":[61],"product_tag":[],"class_list":{"0":"post-12090","1":"product","2":"type-product","3":"status-publish","4":"has-post-thumbnail","6":"product_cat-led-svietidla-rucne-pozicne","8":"first","9":"instock","10":"purchasable","11":"product-type-simple"},"_links":{"self":[{"href":"https:\/\/nedes.significa.sk\/cs\/wp-json\/wp\/v2\/product\/12090","targetHints":{"allow":["GET"]}}],"collection":[{"href":"https:\/\/nedes.significa.sk\/cs\/wp-json\/wp\/v2\/product"}],"about":[{"href":"https:\/\/nedes.significa.sk\/cs\/wp-json\/wp\/v2\/types\/product"}],"replies":[{"embeddable":true,"href":"https:\/\/nedes.significa.sk\/cs\/wp-json\/wp\/v2\/comments?post=12090"}],"wp:featuredmedia":[{"embeddable":true,"href":"https:\/\/nedes.significa.sk\/cs\/wp-json\/wp\/v2\/media\/12091"}],"wp:attachment":[{"href":"https:\/\/nedes.significa.sk\/cs\/wp-json\/wp\/v2\/media?parent=12090"}],"wp:term":[{"taxonomy":"product_brand","embeddable":true,"href":"https:\/\/nedes.significa.sk\/cs\/wp-json\/wp\/v2\/product_brand?post=12090"},{"taxonomy":"product_cat","embeddable":true,"href":"https:\/\/nedes.significa.sk\/cs\/wp-json\/wp\/v2\/product_cat?post=12090"},{"taxonomy":"product_tag","embeddable":true,"href":"https:\/\/nedes.significa.sk\/cs\/wp-json\/wp\/v2\/product_tag?post=12090"}],"curies":[{"name":"wp","href":"https:\/\/api.w.org\/{rel}","templated":true}]}}