{"id":12303,"date":"2024-09-12T07:05:54","date_gmt":"2024-09-12T07:05:54","guid":{"rendered":"https:\/\/nedes.significa.sk\/produkty\/cierne-ziarivkove-prisadene-svietidlo-na-2-x-t8-120cm-led-trubica-tl302b\/"},"modified":"2024-09-12T07:06:03","modified_gmt":"2024-09-12T07:06:03","slug":"cierne-ziarivkove-prisadene-svietidlo-na-2-x-t8-120cm-led-trubica-tl302b","status":"publish","type":"product","link":"https:\/\/nedes.significa.sk\/cs\/produkty\/cierne-ziarivkove-prisadene-svietidlo-na-2-x-t8-120cm-led-trubica-tl302b\/","title":{"rendered":"\u010cierne \u017eiarivkov\u00e9 prisaden\u00e9 svietidlo na 2 x T8 ( 120cm LED trubica ) &#8211; TL302B"},"content":{"rendered":"<p><span style=\"color: #000000;\"><strong>Svietidlo<\/strong> je kompatibiln\u00e9 s LED trubicami s jednostrann\u00fdm zapojen\u00edm s p\u00e4ticou <strong>T8<\/strong> zna\u010dky <strong>NEDES.<\/strong><\/span><\/p>\n<p><span style=\"color: #000000;\">Je v\u00fdnimo\u010dn\u00e9 svojou <strong>\u010distou jednoduchou l\u00edniou<\/strong> a <strong>priaznivou cenou<\/strong>.<\/span><\/p>\n<p><span style=\"color: #000000;\">Dizajn svietidla je vhodn\u00fd do chodieb, kancel\u00e1rii, r\u00f4znych \u0161kolsk\u00fdch zariaden\u00ed a kuch\u00fd\u0148.<\/span><\/p>\n<p><span style=\"color: #000000;\">Najv\u00e4\u010d\u0161ou <strong>v\u00fdhodou<\/strong> tohto svietidla je, \u017ee je <strong>prek\u00e1blovan\u00e9<\/strong> tak, \u017ee nez\u00e1le\u017e\u00ed na smere vlo\u017eenia trubice.<\/span><\/p>\n<p><span style=\"color: #000000;\">Ve\u013ekou v\u00fdhodou je <strong>bezpe\u010dn\u00e1 a \u013eahk\u00e1 mont\u00e1\u017e.<\/strong><\/span><\/p>\n<table style=\"height: 190px; width: 813px;\">\n<tbody>\n<tr style=\"height: 23px;\">\n<td style=\"width: 204.797px; height: 23px;\"><span style=\"text-decoration: underline; font-size: 16px;\"><strong><span style=\"color: #000000; text-decoration: underline;\">TECHNICK\u00c9 PARAMETRE<\/span><\/strong><\/span><\/td>\n<td style=\"width: 607.203px; height: 23px;\">&nbsp;<\/td>\n<\/tr>\n<tr style=\"height: 23px;\">\n<td style=\"width: 204.797px; height: 23px;\"><span style=\"color: #000000;\">p\u00e4tica<\/span><\/td>\n<td style=\"width: 607.203px; height: 23px;\"><span style=\"color: #000000;\"><strong>T8<\/strong><\/span><\/td>\n<\/tr>\n<tr style=\"height: 23px;\">\n<td style=\"width: 204.797px; height: 23px;\"><span style=\"color: #000000;\">rozmer (mm)<\/span><\/td>\n<td style=\"width: 607.203px; height: 23px;\"><span style=\"color: #000000;\"><strong>1200x200x70<\/strong><\/span><\/td>\n<\/tr>\n<tr style=\"height: 23px;\">\n<td style=\"width: 204.797px; height: 23px;\"><span style=\"color: #000000;\">nap\u00e4tie <\/span><\/td>\n<td style=\"width: 607.203px; height: 23px;\"><span style=\"color: #000000;\"><strong>AC220 &#8211; 240V<\/strong><\/span><\/td>\n<\/tr>\n<tr style=\"height: 23px;\">\n<td style=\"width: 204.797px; height: 23px;\"><span style=\"color: #000000;\">hmotnos\u0165 netto (g)<\/span><\/td>\n<td style=\"width: 607.203px; height: 23px;\"><span style=\"color: #000000;\"><strong>1900<\/strong><\/span><\/td>\n<\/tr>\n<tr style=\"height: 29px;\">\n<td style=\"width: 204.797px; height: 29px;\"><span style=\"color: #000000;\">krytie<\/span><\/td>\n<td style=\"width: 607.203px; height: 29px;\"><span style=\"color: #000000;\"><strong>IP20<\/strong><\/span><\/td>\n<\/tr>\n<tr style=\"height: 23px;\">\n<td style=\"width: 204.797px; height: 23px;\"><span style=\"color: #000000;\">materi\u00e1l<\/span><\/td>\n<td style=\"width: 607.203px; height: 23px;\"><span style=\"color: #000000;\"><strong>r\u00e1ster (kov) &#8211; leskl\u00fd \/ pl\u00e1\u0161\u0165 (eloxovan\u00fd hlin\u00edk) &#8211; matn\u00fd<\/strong><\/span><\/td>\n<\/tr>\n<tr style=\"height: 23px;\">\n<td style=\"width: 204.797px; height: 23px;\"><span style=\"color: #000000;\">balenie<\/span><\/td>\n<td style=\"width: 607.203px; height: 23px;\"><span style=\"color: #000000;\"><strong>1\/4<\/strong><\/span><\/td>\n<\/tr>\n<\/tbody>\n<\/table>\n<p>&nbsp;<\/p>\n","protected":false},"excerpt":{"rendered":"<p>Svietidlo je kompatibiln\u00e9 s LED trubicami s jednostrann\u00fdm zapojen\u00edm s p\u00e4ticou T8 zna\u010dky NEDES. Je v\u00fdnimo\u010dn\u00e9 svojou \u010distou jednoduchou l\u00edniou a priaznivou cenou. Dizajn svietidla je vhodn\u00fd do chodieb, kancel\u00e1rii, r\u00f4znych \u0161kolsk\u00fdch zariaden\u00ed a kuch\u00fd\u0148. Najv\u00e4\u010d\u0161ou v\u00fdhodou tohto svietidla je, \u017ee je prek\u00e1blovan\u00e9 tak, \u017ee nez\u00e1le\u017e\u00ed na smere vlo\u017eenia trubice. Ve\u013ekou v\u00fdhodou je bezpe\u010dn\u00e1 a [&hellip;]<\/p>\n","protected":false},"featured_media":12304,"comment_status":"closed","ping_status":"open","template":"","meta":[],"product_brand":[],"product_cat":[148],"product_tag":[],"class_list":{"0":"post-12303","1":"product","2":"type-product","3":"status-publish","4":"has-post-thumbnail","6":"product_cat-led-trubicove-svietidla-led-trubicove-svietidla","8":"first","9":"instock","10":"purchasable","11":"product-type-simple"},"_links":{"self":[{"href":"https:\/\/nedes.significa.sk\/cs\/wp-json\/wp\/v2\/product\/12303","targetHints":{"allow":["GET"]}}],"collection":[{"href":"https:\/\/nedes.significa.sk\/cs\/wp-json\/wp\/v2\/product"}],"about":[{"href":"https:\/\/nedes.significa.sk\/cs\/wp-json\/wp\/v2\/types\/product"}],"replies":[{"embeddable":true,"href":"https:\/\/nedes.significa.sk\/cs\/wp-json\/wp\/v2\/comments?post=12303"}],"wp:featuredmedia":[{"embeddable":true,"href":"https:\/\/nedes.significa.sk\/cs\/wp-json\/wp\/v2\/media\/12304"}],"wp:attachment":[{"href":"https:\/\/nedes.significa.sk\/cs\/wp-json\/wp\/v2\/media?parent=12303"}],"wp:term":[{"taxonomy":"product_brand","embeddable":true,"href":"https:\/\/nedes.significa.sk\/cs\/wp-json\/wp\/v2\/product_brand?post=12303"},{"taxonomy":"product_cat","embeddable":true,"href":"https:\/\/nedes.significa.sk\/cs\/wp-json\/wp\/v2\/product_cat?post=12303"},{"taxonomy":"product_tag","embeddable":true,"href":"https:\/\/nedes.significa.sk\/cs\/wp-json\/wp\/v2\/product_tag?post=12303"}],"curies":[{"name":"wp","href":"https:\/\/api.w.org\/{rel}","templated":true}]}}