{"id":12348,"date":"2024-09-12T07:06:22","date_gmt":"2024-09-12T07:06:22","guid":{"rendered":"https:\/\/nedes.significa.sk\/produkty\/objimka-e27-1m-bronzova-bh6652tb-b\/"},"modified":"2024-09-12T07:06:24","modified_gmt":"2024-09-12T07:06:24","slug":"objimka-e27-1m-bronzova-bh6652tb-b","status":"publish","type":"product","link":"https:\/\/nedes.significa.sk\/cs\/produkty\/objimka-e27-1m-bronzova-bh6652tb-b\/","title":{"rendered":"Obj\u00edmka E27 \/ 1m \/ bronzov\u00e1 &#8211; BH6652TB-B"},"content":{"rendered":"<p><span style=\"color: #000000;\">Kovov\u00e1 obj\u00edmka zna\u010dky<strong> NEDES<\/strong>, je ur\u010den\u00e1 pre \u017eiarovky resp. filamenty s p\u00e4ticou<strong> E27<\/strong>, s v\u00fdkonom max. <strong>60W<\/strong>.<\/span><\/p>\n<p style=\"text-align: justify;\"><span style=\"color: #000000;\">V\u010faka svojmu modern\u00e9mu, industri\u00e1lnemu a nad\u010dasov\u00e9mu dizajnu je vhodn\u00e1 do ka\u017edej miestnosti, najm\u00e4 do re\u0161taur\u00e1ci\u00ed, ch\u00e1t a penzi\u00f3nov.<\/span><\/p>\n<p style=\"text-align: justify;\"><span style=\"color: #000000;\">N\u00e1\u0161 produkt zabezpe\u010duje \u013eahk\u00fa a bezprobl\u00e9mov\u00fa in\u0161tal\u00e1ciu.<\/span><\/p>\n<p style=\"text-align: justify;\"><span style=\"color: #000000;\">Balenie neobsahuje \u017eiarovku \/ filament.<\/span><\/p>\n<table style=\"height: 254px;\">\n<tbody>\n<tr style=\"height: 23px;\">\n<td style=\"width: 221px; height: 23px;\"><span style=\"text-decoration: underline; font-size: 16px;\"><strong><span style=\"color: #000000; text-decoration: underline;\">TECHNICK\u00c9 PARAMETRE<\/span><\/strong><\/span><\/td>\n<td style=\"width: 687px; height: 23px;\">&nbsp;<\/td>\n<\/tr>\n<tr style=\"height: 29px;\">\n<td style=\"width: 221px; height: 29px;\"><span style=\"color: #000000;\">p\u00e4tica (z\u00e1vit)<\/span><\/td>\n<td style=\"width: 687px; height: 29px;\"><span style=\"color: #000000;\"><strong>E27<\/strong><\/span><\/td>\n<\/tr>\n<tr style=\"height: 23px;\">\n<td style=\"width: 221px; height: 23px;\"><span style=\"color: #000000;\">nap\u00e4tie <\/span><\/td>\n<td style=\"width: 687px; height: 23px;\"><span style=\"color: #000000;\"><strong>230V<\/strong><\/span><\/td>\n<\/tr>\n<tr style=\"height: 23px;\">\n<td style=\"width: 221px; height: 23px;\"><span style=\"color: #000000;\">povolen\u00fd v\u00fdkon<\/span><\/td>\n<td style=\"width: 687px; height: 23px;\"><span style=\"color: #000000;\"><strong>60W<\/strong><\/span><\/td>\n<\/tr>\n<tr style=\"height: 23px;\">\n<td style=\"width: 221px; height: 23px;\"><span style=\"color: #000000;\">farba p\u00e4tice<\/span><\/td>\n<td style=\"width: 687px; height: 23px;\"><span style=\"color: #000000;\"><strong>bronzov\u00e1<\/strong><\/span><\/td>\n<\/tr>\n<tr style=\"height: 29px;\">\n<td style=\"width: 221px; height: 29px;\"><span style=\"color: #000000;\">farba podstavy<\/span><\/td>\n<td style=\"width: 687px; height: 29px;\"><span style=\"color: #000000;\"><strong>\u010dierna<\/strong><\/span><\/td>\n<\/tr>\n<tr style=\"height: 29px;\">\n<td style=\"width: 221px; height: 29px;\"><span style=\"color: #000000;\">farba k\u00e1blu&nbsp;<\/span><\/td>\n<td style=\"width: 687px; height: 29px;\"><span style=\"color: #000000;\"><strong>\u010dierna &#8211; textiln\u00e1<\/strong><\/span><\/td>\n<\/tr>\n<tr style=\"height: 29px;\">\n<td style=\"width: 221px; height: 29px;\">d\u013a\u017eka k\u00e1blu (m)<\/td>\n<td style=\"width: 687px; height: 29px;\"><span style=\"color: #000000;\"><strong>1<\/strong><\/span><\/td>\n<\/tr>\n<tr>\n<td style=\"width: 221px;\"><span style=\"color: #000000;\">hmotnos\u0165 netto (g)<\/span><span style=\"color: #000000;\"><br \/><\/span><\/td>\n<td style=\"width: 687px;\"><strong><span style=\"color: #000000;\">1180<\/span><\/strong><\/td>\n<\/tr>\n<tr style=\"height: 23px;\">\n<td style=\"width: 221px; height: 23px;\"><span style=\"color: #000000;\">materi\u00e1l<\/span><\/td>\n<td style=\"width: 687px; height: 23px;\"><strong><span style=\"color: #000000;\">kov<\/span><\/strong><\/td>\n<\/tr>\n<tr style=\"height: 23px;\">\n<td style=\"width: 221px; height: 23px;\"><span style=\"color: #000000;\">balenie<\/span><\/td>\n<td style=\"width: 687px; height: 23px;\"><span style=\"color: #000000;\"><strong>1\/8<\/strong><\/span><\/td>\n<\/tr>\n<\/tbody>\n<\/table>\n","protected":false},"excerpt":{"rendered":"<p>Kovov\u00e1 obj\u00edmka zna\u010dky NEDES, je ur\u010den\u00e1 pre \u017eiarovky resp. filamenty s p\u00e4ticou E27, s v\u00fdkonom max. 60W. V\u010faka svojmu modern\u00e9mu, industri\u00e1lnemu a nad\u010dasov\u00e9mu dizajnu je vhodn\u00e1 do ka\u017edej miestnosti, najm\u00e4 do re\u0161taur\u00e1ci\u00ed, ch\u00e1t a penzi\u00f3nov. N\u00e1\u0161 produkt zabezpe\u010duje \u013eahk\u00fa a bezprobl\u00e9mov\u00fa in\u0161tal\u00e1ciu. Balenie neobsahuje \u017eiarovku \/ filament. TECHNICK\u00c9 PARAMETRE &nbsp; p\u00e4tica (z\u00e1vit) E27 nap\u00e4tie 230V [&hellip;]<\/p>\n","protected":false},"featured_media":12349,"comment_status":"closed","ping_status":"open","template":"","meta":[],"product_brand":[],"product_cat":[41],"product_tag":[],"class_list":{"0":"post-12348","1":"product","2":"type-product","3":"status-publish","4":"has-post-thumbnail","6":"product_cat-led-design-svietidla","8":"first","9":"instock","10":"purchasable","11":"product-type-simple"},"_links":{"self":[{"href":"https:\/\/nedes.significa.sk\/cs\/wp-json\/wp\/v2\/product\/12348","targetHints":{"allow":["GET"]}}],"collection":[{"href":"https:\/\/nedes.significa.sk\/cs\/wp-json\/wp\/v2\/product"}],"about":[{"href":"https:\/\/nedes.significa.sk\/cs\/wp-json\/wp\/v2\/types\/product"}],"replies":[{"embeddable":true,"href":"https:\/\/nedes.significa.sk\/cs\/wp-json\/wp\/v2\/comments?post=12348"}],"wp:featuredmedia":[{"embeddable":true,"href":"https:\/\/nedes.significa.sk\/cs\/wp-json\/wp\/v2\/media\/12349"}],"wp:attachment":[{"href":"https:\/\/nedes.significa.sk\/cs\/wp-json\/wp\/v2\/media?parent=12348"}],"wp:term":[{"taxonomy":"product_brand","embeddable":true,"href":"https:\/\/nedes.significa.sk\/cs\/wp-json\/wp\/v2\/product_brand?post=12348"},{"taxonomy":"product_cat","embeddable":true,"href":"https:\/\/nedes.significa.sk\/cs\/wp-json\/wp\/v2\/product_cat?post=12348"},{"taxonomy":"product_tag","embeddable":true,"href":"https:\/\/nedes.significa.sk\/cs\/wp-json\/wp\/v2\/product_tag?post=12348"}],"curies":[{"name":"wp","href":"https:\/\/api.w.org\/{rel}","templated":true}]}}