{"id":12381,"date":"2024-09-12T07:06:22","date_gmt":"2024-09-12T07:06:22","guid":{"rendered":"https:\/\/nedes.significa.sk\/produkty\/zavesne-svietidlo-terrazzo-biela-1-x-e27-me0214r-w\/"},"modified":"2024-09-12T07:06:39","modified_gmt":"2024-09-12T07:06:39","slug":"zavesne-svietidlo-terrazzo-biela-1-x-e27-me0214r-w","status":"publish","type":"product","link":"https:\/\/nedes.significa.sk\/cs\/produkty\/zavesne-svietidlo-terrazzo-biela-1-x-e27-me0214r-w\/","title":{"rendered":"Z\u00e1vesn\u00e9 svietidlo Terrazzo \/ biela 1 x E27 &#8211; ME0214R\/W"},"content":{"rendered":"<div>\n<p style=\"text-align: justify;\"><span style=\"color: #000000;\"><strong>Z\u00e1vesn\u00e9 svietidlo<\/strong>&nbsp;zna\u010dky <strong>NEDES<\/strong>, je v\u010faka svojmu modern\u00e9mu a nad\u010dasov\u00e9mu dizajnu vhodn\u00e9 do ka\u017edej miestnosti, najm\u00e4 do ob\u00fdva\u010dky, jed\u00e1lne \u010di predsiene.<\/span><\/p>\n<p style=\"text-align: justify;\"><span style=\"color: #000000;\">Je vyroben\u00e9 z <strong>pr\u00edrodn\u00e9ho kame\u0148a.<\/strong><\/span><\/p>\n<p style=\"text-align: justify;\"><span style=\"color: #000000;\">Svietidlo vyzdvihuje eleganciu a jednoduch\u00e9 l\u00ednie, preto sa st\u00e1va dominantou priestoru.<\/span><\/p>\n<p style=\"text-align: justify;\"><span style=\"color: #000000;\">Mo\u017enos\u0165 pou\u017eitia LED \u017eiarovky alebo filamentu s p\u00e4ticou <strong>E27<\/strong> z na\u0161ej ponuky.<\/span><\/p>\n<p style=\"text-align: justify;\"><span style=\"color: #000000;\">N\u00e1\u0161 produkt zabezpe\u010duje \u013eahk\u00fa a bezprobl\u00e9mov\u00fa in\u0161tal\u00e1ciu na strop, je v\u00fd\u0161kovo nastavite\u013en\u00e9.<\/span><\/p>\n<\/div>\n<table style=\"height: 207px; width: 813px;\">\n<tbody>\n<tr style=\"height: 23px;\">\n<td style=\"width: 204.844px; height: 23px;\"><span style=\"text-decoration: underline; font-size: 16px;\"><strong><span style=\"color: #000000; text-decoration: underline;\">TECHNICK\u00c9 PARAMETRE<\/span><\/strong><\/span><\/td>\n<td style=\"width: 607.156px; height: 23px;\">&nbsp;<\/td>\n<\/tr>\n<tr style=\"height: 23px;\">\n<td style=\"width: 204.844px; height: 23px;\"><span style=\"color: #000000;\">spotreba<\/span><\/td>\n<td style=\"width: 607.156px; height: 23px;\"><span style=\"color: #000000;\"><strong>max.60W<\/strong><\/span><\/td>\n<\/tr>\n<tr style=\"height: 23px;\">\n<td style=\"width: 204.844px; height: 23px;\"><span style=\"color: #000000;\">p\u00e4tica (z\u00e1vit)<\/span><\/td>\n<td style=\"width: 607.156px; height: 23px;\"><span style=\"color: #000000;\"><strong>1xE27<\/strong><\/span><\/td>\n<\/tr>\n<tr style=\"height: 23px;\">\n<td style=\"width: 204.844px; height: 23px;\"><span style=\"color: #000000;\">rozmer (mm)<\/span><\/td>\n<td style=\"width: 607.156px; height: 23px;\"><strong><span style=\"color: #000000;\">\u00d8120 x 200 x 1000<\/span><\/strong><\/td>\n<\/tr>\n<tr style=\"height: 23px;\">\n<td style=\"width: 204.844px; height: 23px;\"><span style=\"color: #000000;\">nap\u00e4tie <\/span><\/td>\n<td style=\"width: 607.156px; height: 23px;\"><span style=\"color: #000000;\"><strong>230V<\/strong><\/span><\/td>\n<\/tr>\n<tr style=\"height: 23px;\">\n<td style=\"width: 204.844px; height: 23px;\"><span style=\"color: #000000;\">hmotnos\u0165 netto (g)<\/span><\/td>\n<td style=\"width: 607.156px; height: 23px;\"><span style=\"color: #000000;\"><strong>1340<\/strong><\/span><\/td>\n<\/tr>\n<tr style=\"height: 23px;\">\n<td style=\"width: 204.844px; height: 23px;\"><span style=\"color: #000000;\">krytie<\/span><\/td>\n<td style=\"width: 607.156px; height: 23px;\"><span style=\"color: #000000;\"><strong>IP20<\/strong><\/span><\/td>\n<\/tr>\n<tr style=\"height: 23px;\">\n<td style=\"width: 204.844px; height: 23px;\"><span style=\"color: #000000;\">materi\u00e1l<\/span><\/td>\n<td style=\"width: 607.156px; height: 23px;\"><span style=\"color: #000000;\"><strong>kame\u0148 &#8211; biela ( podstava &#8211; kov \/ \u010dierna, obj\u00edmka &#8211; kov, k\u00e1bel &#8211; \u010dierny )<\/strong><\/span><\/td>\n<\/tr>\n<tr style=\"height: 23px;\">\n<td style=\"width: 204.844px; height: 23px;\"><span style=\"color: #000000;\">balenie<\/span><\/td>\n<td style=\"width: 607.156px; height: 23px;\"><span style=\"color: #000000;\"><strong>1<\/strong><\/span><\/td>\n<\/tr>\n<\/tbody>\n<\/table>\n<p>&nbsp;<\/p>\n","protected":false},"excerpt":{"rendered":"<p>Z\u00e1vesn\u00e9 svietidlo&nbsp;zna\u010dky NEDES, je v\u010faka svojmu modern\u00e9mu a nad\u010dasov\u00e9mu dizajnu vhodn\u00e9 do ka\u017edej miestnosti, najm\u00e4 do ob\u00fdva\u010dky, jed\u00e1lne \u010di predsiene. Je vyroben\u00e9 z pr\u00edrodn\u00e9ho kame\u0148a. Svietidlo vyzdvihuje eleganciu a jednoduch\u00e9 l\u00ednie, preto sa st\u00e1va dominantou priestoru. Mo\u017enos\u0165 pou\u017eitia LED \u017eiarovky alebo filamentu s p\u00e4ticou E27 z na\u0161ej ponuky. N\u00e1\u0161 produkt zabezpe\u010duje \u013eahk\u00fa a bezprobl\u00e9mov\u00fa in\u0161tal\u00e1ciu [&hellip;]<\/p>\n","protected":false},"featured_media":12382,"comment_status":"closed","ping_status":"open","template":"","meta":[],"product_brand":[],"product_cat":[41],"product_tag":[],"class_list":{"0":"post-12381","1":"product","2":"type-product","3":"status-publish","4":"has-post-thumbnail","6":"product_cat-led-design-svietidla","8":"first","9":"instock","10":"purchasable","11":"product-type-simple"},"_links":{"self":[{"href":"https:\/\/nedes.significa.sk\/cs\/wp-json\/wp\/v2\/product\/12381","targetHints":{"allow":["GET"]}}],"collection":[{"href":"https:\/\/nedes.significa.sk\/cs\/wp-json\/wp\/v2\/product"}],"about":[{"href":"https:\/\/nedes.significa.sk\/cs\/wp-json\/wp\/v2\/types\/product"}],"replies":[{"embeddable":true,"href":"https:\/\/nedes.significa.sk\/cs\/wp-json\/wp\/v2\/comments?post=12381"}],"wp:featuredmedia":[{"embeddable":true,"href":"https:\/\/nedes.significa.sk\/cs\/wp-json\/wp\/v2\/media\/12382"}],"wp:attachment":[{"href":"https:\/\/nedes.significa.sk\/cs\/wp-json\/wp\/v2\/media?parent=12381"}],"wp:term":[{"taxonomy":"product_brand","embeddable":true,"href":"https:\/\/nedes.significa.sk\/cs\/wp-json\/wp\/v2\/product_brand?post=12381"},{"taxonomy":"product_cat","embeddable":true,"href":"https:\/\/nedes.significa.sk\/cs\/wp-json\/wp\/v2\/product_cat?post=12381"},{"taxonomy":"product_tag","embeddable":true,"href":"https:\/\/nedes.significa.sk\/cs\/wp-json\/wp\/v2\/product_tag?post=12381"}],"curies":[{"name":"wp","href":"https:\/\/api.w.org\/{rel}","templated":true}]}}