{"id":12492,"date":"2024-09-12T07:07:18","date_gmt":"2024-09-12T07:07:18","guid":{"rendered":"https:\/\/nedes.significa.sk\/produkty\/sosovka-15-pre-led-podhladove-svietidlo-ldl722-l71215\/"},"modified":"2024-09-12T07:07:29","modified_gmt":"2024-09-12T07:07:29","slug":"sosovka-15-pre-led-podhladove-svietidlo-ldl722-l71215","status":"publish","type":"product","link":"https:\/\/nedes.significa.sk\/cs\/produkty\/sosovka-15-pre-led-podhladove-svietidlo-ldl722-l71215\/","title":{"rendered":"\u0160o\u0161ovka 15\u00b0 pre LED podh\u013eadov\u00e9 svietidlo LDL722 &#8211; L71215"},"content":{"rendered":"<p><span style=\"color: #000000;\"><strong>15\u00b0 \u0161o\u0161ovka<\/strong> vhodn\u00e1 k <strong>vsaden\u00e9mu<\/strong>&nbsp;<strong>LED svietidlu LDL722<\/strong>&nbsp;zna\u010dky <strong>NEDES<\/strong><strong>. <\/strong>Na\u0161e <strong>svietidl\u00e1<\/strong> a ostatn\u00e9 v\u00fdrobky&nbsp;s\u00fa ob\u013e\u00faben\u00e9 na celom <strong>svete.<\/strong><\/span><\/p>\n<table style=\"height: 442px;\">\n<tbody>\n<tr style=\"height: 23px;\">\n<td style=\"width: 205px; height: 23px;\"><span style=\"text-decoration: underline; font-size: 16px;\"><strong><span style=\"color: #000000; text-decoration: underline;\">TECHNICK\u00c9 PARAMETRE<\/span><\/strong><\/span><\/td>\n<td style=\"width: 608px; height: 23px;\">&nbsp;<\/td>\n<\/tr>\n<tr style=\"height: 23px;\">\n<td style=\"width: 205px; height: 23px;\"><span style=\"color: #000000;\">uhol svetla<\/span><\/td>\n<td style=\"width: 608px; height: 23px;\"><span style=\"color: #000000;\"><strong>15\u00b0<\/strong><\/span><\/td>\n<\/tr>\n<tr style=\"height: 23px;\">\n<td style=\"width: 205px; height: 23px;\"><span style=\"color: #000000;\">pou\u017eitie pre<\/span><\/td>\n<td style=\"width: 608px; height: 23px;\"><span style=\"color: #000000;\"><strong>LDL722<\/strong><\/span><\/td>\n<\/tr>\n<tr style=\"height: 23px;\">\n<td style=\"width: 205px; height: 23px;\"><span style=\"color: #000000;\">balenie<\/span><\/td>\n<td style=\"width: 608px; height: 23px;\"><span style=\"color: #000000;\"><strong>1\/1<\/strong><\/span><\/td>\n<\/tr>\n<\/tbody>\n<\/table>\n","protected":false},"excerpt":{"rendered":"<p>15\u00b0 \u0161o\u0161ovka vhodn\u00e1 k vsaden\u00e9mu&nbsp;LED svietidlu LDL722&nbsp;zna\u010dky NEDES. Na\u0161e svietidl\u00e1 a ostatn\u00e9 v\u00fdrobky&nbsp;s\u00fa ob\u013e\u00faben\u00e9 na celom svete. TECHNICK\u00c9 PARAMETRE &nbsp; uhol svetla 15\u00b0 pou\u017eitie pre LDL722 balenie 1\/1<\/p>\n","protected":false},"featured_media":12493,"comment_status":"closed","ping_status":"open","template":"","meta":[],"product_brand":[],"product_cat":[54],"product_tag":[],"class_list":{"0":"post-12492","1":"product","2":"type-product","3":"status-publish","4":"has-post-thumbnail","6":"product_cat-led-svietidla-vsadene","8":"first","9":"instock","10":"purchasable","11":"product-type-simple"},"_links":{"self":[{"href":"https:\/\/nedes.significa.sk\/cs\/wp-json\/wp\/v2\/product\/12492","targetHints":{"allow":["GET"]}}],"collection":[{"href":"https:\/\/nedes.significa.sk\/cs\/wp-json\/wp\/v2\/product"}],"about":[{"href":"https:\/\/nedes.significa.sk\/cs\/wp-json\/wp\/v2\/types\/product"}],"replies":[{"embeddable":true,"href":"https:\/\/nedes.significa.sk\/cs\/wp-json\/wp\/v2\/comments?post=12492"}],"wp:featuredmedia":[{"embeddable":true,"href":"https:\/\/nedes.significa.sk\/cs\/wp-json\/wp\/v2\/media\/12493"}],"wp:attachment":[{"href":"https:\/\/nedes.significa.sk\/cs\/wp-json\/wp\/v2\/media?parent=12492"}],"wp:term":[{"taxonomy":"product_brand","embeddable":true,"href":"https:\/\/nedes.significa.sk\/cs\/wp-json\/wp\/v2\/product_brand?post=12492"},{"taxonomy":"product_cat","embeddable":true,"href":"https:\/\/nedes.significa.sk\/cs\/wp-json\/wp\/v2\/product_cat?post=12492"},{"taxonomy":"product_tag","embeddable":true,"href":"https:\/\/nedes.significa.sk\/cs\/wp-json\/wp\/v2\/product_tag?post=12492"}],"curies":[{"name":"wp","href":"https:\/\/api.w.org\/{rel}","templated":true}]}}