{"id":12595,"date":"2024-09-12T07:08:11","date_gmt":"2024-09-12T07:08:11","guid":{"rendered":"https:\/\/nedes.significa.sk\/produkty\/vonkajsi-cierny-led-reflektor-so-senzorom-50w-4000k-lf7024s\/"},"modified":"2024-09-12T07:08:17","modified_gmt":"2024-09-12T07:08:17","slug":"vonkajsi-cierny-led-reflektor-so-senzorom-50w-4000k-lf7024s","status":"publish","type":"product","link":"https:\/\/nedes.significa.sk\/cs\/produkty\/vonkajsi-cierny-led-reflektor-so-senzorom-50w-4000k-lf7024s\/","title":{"rendered":"Vonkaj\u0161\u00ed \u010dierny LED reflektor so senzorom 50W \/ 4000K &#8211; LF7024S"},"content":{"rendered":"<p><span style=\"color: #000000;\"><strong>LED reflektor<\/strong> zna\u010dky <strong>NEDES<\/strong>, disponuje na zadnej strane <strong>konektorom<\/strong>, pre \u013eahk\u00e9 a <strong>r\u00fdchle zapojenie k\u00e1blov<\/strong>.<\/span><\/p>\n<p><span style=\"color: #000000;\">\u00dasporn\u00e9 <strong>LED<\/strong> poskytuj\u00fa jasn\u00e9 a dlhotrvaj\u00face <strong>osvetlenie<\/strong> s minim\u00e1lnou spotrebou energie.<\/span><\/p>\n<p><span style=\"color: #000000;\">Pou\u017eit\u00fd materi\u00e1l je odoln\u00fd vo\u010di poveternostn\u00fdm podmienkam a vode.<\/span><\/p>\n<p><span style=\"color: #000000;\">Vybaven\u00fd je jednoduch\u00fdm mont\u00e1\u017enym syst\u00e9mom, \u010do umo\u017e\u0148uje bezprobl\u00e9mov\u00fa in\u0161tal\u00e1ciu na steny, ploty alebo in\u00e9 povrchy.<\/span><\/p>\n<p><span style=\"color: #000000;\">Je ide\u00e1lnym rie\u0161en\u00edm pre vonkaj\u0161ie osvetlenie domu, z\u00e1hrady, chodn\u00edkov, parkov\u00edsk, ihr\u00edsk a in\u00fdch verejn\u00fdch priestranstiev.<\/span><\/p>\n<p><span style=\"color: #000000;\">Disponuje <strong>senzorom<\/strong>, ktor\u00fd detekuje pohyb v ur\u010denom dosahu a sp\u00fa\u0161\u0165a <strong>svetlo<\/strong>.<\/span><\/p>\n<p><span style=\"color: #000000;\">Tento prvok zabezpe\u010duje automatick\u00e9 zap\u00ednanie a vyp\u00ednanie svietidla, \u010do prispieva k \u00faspore energie a zvy\u0161uje bezpe\u010dnos\u0165.<\/span><\/p>\n<p><span style=\"color: #000000;\">Na\u0161e <strong>svietidl\u00e1<\/strong> a ostatn\u00e9 v\u00fdrobky s\u00fa ob\u013e\u00faben\u00e9 na celom <strong>svete<\/strong>.&nbsp;<\/span><\/p>\n<table style=\"height: 379px; width: 813px;\">\n<tbody>\n<tr style=\"height: 23px;\">\n<td style=\"width: 204.25px; height: 23px;\"><span style=\"text-decoration: underline; font-size: 16px;\"><strong><span style=\"color: #000000; text-decoration: underline;\">TECHNICK\u00c9 PARAMETRE<\/span><\/strong><\/span><\/td>\n<td style=\"width: 607.75px; height: 23px;\">&nbsp;<\/td>\n<\/tr>\n<tr style=\"height: 23px;\">\n<td style=\"width: 204.25px; height: 23px;\"><span style=\"color: #000000;\">spotreba<\/span><\/td>\n<td style=\"width: 607.75px; height: 23px;\"><span style=\"color: #000000;\"><strong>50W<\/strong><\/span><\/td>\n<\/tr>\n<tr style=\"height: 23px;\">\n<td style=\"width: 204.25px; height: 23px;\"><span style=\"color: #000000;\">sveteln\u00fd tok<\/span><\/td>\n<td style=\"width: 607.75px; height: 23px;\"><span style=\"color: #000000;\"><strong>4750Lm<\/strong><\/span><\/td>\n<\/tr>\n<tr style=\"height: 23px;\">\n<td style=\"width: 204.25px; height: 23px;\"><span style=\"color: #000000;\">krytie<\/span><\/td>\n<td style=\"width: 607.75px; height: 23px;\"><span style=\"color: #000000;\"><strong>IP44<\/strong><\/span><\/td>\n<\/tr>\n<tr style=\"height: 23px;\">\n<td style=\"width: 204.25px; height: 23px;\"><span style=\"color: #000000;\">chromati\u010dnos\u0165 (farba svetla)<\/span><\/td>\n<td style=\"width: 607.75px; height: 23px;\"><span style=\"color: #000000;\"><strong>4000K &#8211; neutr\u00e1lna biela<\/strong><\/span><\/td>\n<\/tr>\n<tr style=\"height: 23px;\">\n<td style=\"width: 204.25px; height: 23px;\"><span style=\"color: #000000;\">uhol svetla<\/span><\/td>\n<td style=\"width: 607.75px; height: 23px;\"><span style=\"color: #000000;\"><strong>120\u00b0<\/strong><\/span><\/td>\n<\/tr>\n<tr style=\"height: 23px;\">\n<td style=\"width: 204.25px; height: 23px;\"><span style=\"color: #000000;\">rozmer (mm)<\/span><\/td>\n<td style=\"width: 607.75px; height: 23px;\"><span style=\"color: #000000;\"><strong>198 x 195 x 76<\/strong><\/span><\/td>\n<\/tr>\n<tr style=\"height: 23px;\">\n<td style=\"width: 204.25px; height: 23px;\"><span style=\"color: #000000;\">senzor<\/span><\/td>\n<td style=\"width: 607.75px; height: 23px;\"><span style=\"color: #000000;\"><strong>PIR<\/strong><\/span><\/td>\n<\/tr>\n<tr style=\"height: 23px;\">\n<td style=\"width: 204.25px; height: 23px;\"><span style=\"color: #000000;\">nap\u00e4tie <\/span><\/td>\n<td style=\"width: 607.75px; height: 23px;\"><span style=\"color: #000000;\"><strong>AC220 &#8211; 240V<\/strong><\/span><\/td>\n<\/tr>\n<tr style=\"height: 23px;\">\n<td style=\"width: 204.25px; height: 23px;\"><span style=\"color: #000000;\">\u017eivotnos\u0165<\/span><\/td>\n<td style=\"width: 607.75px; height: 23px;\"><span style=\"color: #000000;\"><strong>25 000h<\/strong><\/span><\/td>\n<\/tr>\n<tr style=\"height: 23px;\">\n<td style=\"width: 204.25px; height: 23px;\"><span style=\"color: #000000;\">sp\u00ednac\u00ed cyklus<\/span><\/td>\n<td style=\"width: 607.75px; height: 23px;\"><span style=\"color: #000000;\"><strong>20 000 x<\/strong><\/span><\/td>\n<\/tr>\n<tr style=\"height: 29px;\">\n<td style=\"width: 204.25px; height: 29px;\"><span style=\"color: #000000;\">hmotnos\u0165 netto (g)<br \/><\/span><\/td>\n<td style=\"width: 607.75px; height: 29px;\"><span style=\"color: #000000;\"><strong>407<\/strong><\/span><\/td>\n<\/tr>\n<tr style=\"height: 23px;\">\n<td style=\"width: 204.25px; height: 28px;\"><span style=\"color: #000000;\">stmievate\u013en\u00e1<\/span><\/td>\n<td style=\"width: 607.75px; height: 28px;\"><span style=\"color: #000000;\"><strong>nie<\/strong><\/span><\/td>\n<\/tr>\n<tr style=\"height: 23px;\">\n<td style=\"width: 204.25px; height: 23px;\"><span style=\"color: #000000;\">materi\u00e1l<\/span><\/td>\n<td style=\"width: 607.75px; height: 23px;\"><span style=\"color: #000000;\"><strong>aluminium &#8211; matn\u00fd antikor\u00f3zny n\u00e1strek<\/strong><\/span><\/td>\n<\/tr>\n<tr style=\"height: 23px;\">\n<td style=\"width: 204.25px; height: 23px;\"><span style=\"color: #000000;\">typ dif\u00fazora<\/span><\/td>\n<td style=\"width: 607.75px; height: 23px;\"><strong><span style=\"color: #000000;\">PC<\/span><\/strong><\/td>\n<\/tr>\n<tr style=\"height: 23px;\">\n<td style=\"width: 204.25px; height: 23px;\"><span style=\"color: #000000;\">balenie<\/span><\/td>\n<td style=\"width: 607.75px; height: 23px;\"><span style=\"color: #000000;\"><strong>1\/10<\/strong><\/span><\/td>\n<\/tr>\n<\/tbody>\n<\/table>\n<p>-cena produktu zah\u0155\u0148a recykla\u010dn\u00fd poplatok v hodnote 0,10\u20ac bez DPH (0,12\u20ac s DPH)<\/p>\n","protected":false},"excerpt":{"rendered":"<p>LED reflektor zna\u010dky NEDES, disponuje na zadnej strane konektorom, pre \u013eahk\u00e9 a r\u00fdchle zapojenie k\u00e1blov. \u00dasporn\u00e9 LED poskytuj\u00fa jasn\u00e9 a dlhotrvaj\u00face osvetlenie s minim\u00e1lnou spotrebou energie. Pou\u017eit\u00fd materi\u00e1l je odoln\u00fd vo\u010di poveternostn\u00fdm podmienkam a vode. Vybaven\u00fd je jednoduch\u00fdm mont\u00e1\u017enym syst\u00e9mom, \u010do umo\u017e\u0148uje bezprobl\u00e9mov\u00fa in\u0161tal\u00e1ciu na steny, ploty alebo in\u00e9 povrchy. Je ide\u00e1lnym rie\u0161en\u00edm pre vonkaj\u0161ie [&hellip;]<\/p>\n","protected":false},"featured_media":12596,"comment_status":"closed","ping_status":"open","template":"","meta":[],"product_brand":[],"product_cat":[82],"product_tag":[],"class_list":{"0":"post-12595","1":"product","2":"type-product","3":"status-publish","4":"has-post-thumbnail","6":"product_cat-led-reflektory","8":"first","9":"instock","10":"purchasable","11":"product-type-simple"},"_links":{"self":[{"href":"https:\/\/nedes.significa.sk\/cs\/wp-json\/wp\/v2\/product\/12595","targetHints":{"allow":["GET"]}}],"collection":[{"href":"https:\/\/nedes.significa.sk\/cs\/wp-json\/wp\/v2\/product"}],"about":[{"href":"https:\/\/nedes.significa.sk\/cs\/wp-json\/wp\/v2\/types\/product"}],"replies":[{"embeddable":true,"href":"https:\/\/nedes.significa.sk\/cs\/wp-json\/wp\/v2\/comments?post=12595"}],"wp:featuredmedia":[{"embeddable":true,"href":"https:\/\/nedes.significa.sk\/cs\/wp-json\/wp\/v2\/media\/12596"}],"wp:attachment":[{"href":"https:\/\/nedes.significa.sk\/cs\/wp-json\/wp\/v2\/media?parent=12595"}],"wp:term":[{"taxonomy":"product_brand","embeddable":true,"href":"https:\/\/nedes.significa.sk\/cs\/wp-json\/wp\/v2\/product_brand?post=12595"},{"taxonomy":"product_cat","embeddable":true,"href":"https:\/\/nedes.significa.sk\/cs\/wp-json\/wp\/v2\/product_cat?post=12595"},{"taxonomy":"product_tag","embeddable":true,"href":"https:\/\/nedes.significa.sk\/cs\/wp-json\/wp\/v2\/product_tag?post=12595"}],"curies":[{"name":"wp","href":"https:\/\/api.w.org\/{rel}","templated":true}]}}