{"id":12613,"date":"2024-09-12T07:08:11","date_gmt":"2024-09-12T07:08:11","guid":{"rendered":"https:\/\/nedes.significa.sk\/produkty\/led-cierne-vonkajsie-solarne-svietidlo-so-senzorom-12w-3000k-4100k-6500k-ls023\/"},"modified":"2024-09-12T07:08:25","modified_gmt":"2024-09-12T07:08:25","slug":"led-cierne-vonkajsie-solarne-svietidlo-so-senzorom-12w-3000k-4100k-6500k-ls023","status":"publish","type":"product","link":"https:\/\/nedes.significa.sk\/cs\/produkty\/led-cierne-vonkajsie-solarne-svietidlo-so-senzorom-12w-3000k-4100k-6500k-ls023\/","title":{"rendered":"LED \u010dierne vonkaj\u0161ie sol\u00e1rne svietidlo so senzorom 12W \/ 3000K &#8211; 4100K &#8211; 6500K &#8211; LS023"},"content":{"rendered":"<p><span style=\"color: #000000;\"><strong>LED sol\u00e1rne svietidlo <\/strong>zna\u010dky<strong> NEDES <\/strong>so spotrebou <strong>12W, <\/strong>svietivos\u0165ou<strong> 1200Lm <\/strong>a kryt\u00edm <strong>IP54 <\/strong>je ide\u00e1lne pre exteri\u00e9rov\u00e9 osvetlenie napr. pred va\u0161u gar\u00e1\u017e, na z\u00e1hradu alebo pred vstup do domu alebo alt\u00e1nku.<\/span><\/p>\n<p><span style=\"color: #000000;\">Svietidlo je v\u00fdnimo\u010dn\u00e9 svojou <strong>n\u00edzkou spotrebou<\/strong> a <strong>vysok\u00fdm v\u00fdkonom<\/strong>.<\/span><\/p>\n<p><span style=\"color: #000000;\">V\u010faka sol\u00e1rnemu nap\u00e1janiu je <strong>\u00faplne nez\u00e1visl\u00e9 od elektrickej energie<\/strong>, \u010do z neho rob\u00ed <strong>vysoko ekologick\u00fd v\u00fdrobok<\/strong>.<\/span><\/p>\n<p><span style=\"color: #000000;\"><strong>LED sol\u00e1rny panel<\/strong> s minimalistick\u00fdm dizajnom <strong>sa nab\u00edja pomocou slne\u010dn\u00e9ho \u017eiarenia<\/strong>, t\u00fdm p\u00e1dom <strong>\u0161etr\u00ed n\u00e1klady na prev\u00e1dzku<\/strong>.<\/span><\/p>\n<p><span style=\"color: #000000;\"><strong>3 re\u017eimy svietenia:<\/strong><\/span><\/p>\n<p><span style=\"color: #000000;\">1.(&lt;10Lx) =&gt; SENS.-100% CCT <\/span><span style=\"color: #000000;\">( po zotmen\u00ed senzor reaguje na pohyb, po zaznamenan\u00ed posledn\u00e9ho pohybu bude svieti\u0165 na 100% v\u00fdkonu pod\u013ea nastaven\u00e9ho \u010dasu )<\/span><\/p>\n<p><span style=\"color: #000000;\">2.(&lt;10Lx) =&gt; 5% CCT \/ SENS.-100% CCT ( po zotmen\u00ed svietidlo svieti na 5% v\u00fdkonu, po zaznamenan\u00ed posledn\u00e9ho pohybu bude svieti\u0165 na 100% v\u00fdkonu pod\u013ea nastaven\u00e9ho \u010dasu )<\/span><\/p>\n<p><span style=\"color: #000000;\">3.OFF &#8211; ( vypnutie )<\/span><\/p>\n<p><span style=\"color: #000000;\"><strong>SENZOR<\/strong> 160\u00b0\/ 1 &#8211; 10m \/ 10s &#8211; 60s \/ 10Lx &#8211; 10000Lx<\/span><\/p>\n<p><span style=\"color: #000000;\">1h ~ 120x Sensor detection ( senzor detekuje pohyb pribli\u017ene 120-kr\u00e1t za hodinu )&nbsp;<\/span><\/p>\n<p><span style=\"color: #000000;\"><strong>Nab\u00edjac\u00ed \u010das: <\/strong>8-9h ( 50000Lx ) =&gt; 20h ( 5% CCT) \/ 1h ( 100% CCT ) &#8211; ( pri plnom nabit\u00ed, svietidlo svieti na 5% v\u00fdkonu 20h alebo na 100% v\u00fdkonu 1h )<\/span><\/p>\n<p><span style=\"color: #000000;\"><strong>Solar panel<\/strong> &#8211; monocrystaline 5,5V \/ 600mA<\/span><\/p>\n<p><span style=\"color: #000000;\"><strong>Bat\u00e9ria:<\/strong> Li-Ion 1865, 3,7V \/ 4400mA<\/span><\/p>\n<p><span style=\"color: #000000;\"><strong>USB-C<\/strong> nab\u00edjac\u00ed port<\/span><\/p>\n<p><span style=\"color: #000000;\"><strong>2 mo\u017enosti mont\u00e1\u017ee:<\/strong><\/span><\/p>\n<p><span style=\"color: #000000;\">1.spolu so sol\u00e1rnym panelom&nbsp;&nbsp;<\/span><\/p>\n<p><span style=\"color: #000000;\">2.bez sol\u00e1rneho panelu &#8211; sol\u00e1rny panel mo\u017eno vytiahnu\u0165 z dr\u017eiaka a namontova\u0165 samostatne v\u010faka 3m k\u00e1blu<\/span><\/p>\n<table style=\"height: 391px; width: 813px;\">\n<tbody>\n<tr style=\"height: 23px;\">\n<td style=\"width: 204.797px; height: 23px;\"><span style=\"text-decoration: underline; font-size: 16px; color: #000000;\"><strong>TECHNICK\u00c9 PARAMETRE<\/strong><\/span><\/td>\n<td style=\"width: 607.203px; height: 23px;\">&nbsp;<\/td>\n<\/tr>\n<tr style=\"height: 29px;\">\n<td style=\"width: 204.797px; height: 29px;\"><span style=\"color: #000000;\">spotreba<\/span><\/td>\n<td style=\"width: 607.203px; height: 29px;\"><span style=\"color: #000000;\"><strong>12W<\/strong><\/span><\/td>\n<\/tr>\n<tr style=\"height: 23px;\">\n<td style=\"width: 204.797px; height: 23px;\"><span style=\"color: #000000;\">sveteln\u00fd tok<\/span><\/td>\n<td style=\"width: 607.203px; height: 23px;\"><span style=\"color: #000000;\"><strong>1200Lm<\/strong><\/span><\/td>\n<\/tr>\n<tr style=\"height: 23px;\">\n<td style=\"width: 204.797px; height: 23px;\"><span style=\"color: #000000;\">krytie<\/span><\/td>\n<td style=\"width: 607.203px; height: 23px;\"><span style=\"color: #000000;\"><strong>IP54<\/strong><\/span><\/td>\n<\/tr>\n<tr style=\"height: 23px;\">\n<td style=\"width: 204.797px; height: 23px;\"><span style=\"color: #000000;\">chromati\u010dnos\u0165 (farba svetla)<\/span><\/td>\n<td style=\"width: 607.203px; height: 23px;\"><span style=\"color: #000000;\"><strong>3000K &#8211; 4100K &#8211; 6500K<\/strong><\/span><\/td>\n<\/tr>\n<tr style=\"height: 23px;\">\n<td style=\"width: 204.797px; height: 23px;\"><span style=\"color: #000000;\">uhol svetla<\/span><\/td>\n<td style=\"width: 607.203px; height: 23px;\"><span style=\"color: #000000;\"><strong>120\u00b0<\/strong><\/span><\/td>\n<\/tr>\n<tr style=\"height: 23px;\">\n<td style=\"width: 204.797px; height: 23px;\"><span style=\"color: #000000;\">rozmer (mm)<\/span><\/td>\n<td style=\"width: 607.203px; height: 23px;\"><span style=\"color: #000000;\"><strong>252 x 184 x 148<\/strong><\/span><\/td>\n<\/tr>\n<tr style=\"height: 23px;\">\n<td style=\"width: 204.797px; height: 23px;\"><span style=\"color: #000000;\">senzor<\/span><\/td>\n<td style=\"width: 607.203px; height: 23px;\"><span style=\"color: #000000;\"><strong>160\u00b0\/ 1 &#8211; 10m \/ 10s &#8211; 60s \/ 10Lx &#8211; 10000Lx<\/strong><\/span><\/td>\n<\/tr>\n<tr style=\"height: 29px;\">\n<td style=\"width: 204.797px; height: 29px;\"><span style=\"color: #000000;\">k\u00e1bel<\/span><\/td>\n<td style=\"width: 607.203px; height: 29px;\"><span style=\"color: #000000;\"><strong>3m<\/strong><\/span><\/td>\n<\/tr>\n<tr style=\"height: 23px;\">\n<td style=\"width: 204.797px; height: 23px;\"><span style=\"color: #000000;\">nap\u00e4tie <\/span><\/td>\n<td style=\"width: 607.203px; height: 23px;\"><strong><span style=\"color: #000000;\">monocrystaline 5,5V \/ 600mA<\/span><\/strong><\/td>\n<\/tr>\n<tr style=\"height: 23px;\">\n<td style=\"width: 204.797px; height: 23px;\"><span style=\"color: #000000;\">\u017eivotnos\u0165<\/span><\/td>\n<td style=\"width: 607.203px; height: 23px;\"><span style=\"color: #000000;\"><strong>25 000h<\/strong><\/span><\/td>\n<\/tr>\n<tr style=\"height: 23px;\">\n<td style=\"width: 204.797px; height: 23px;\"><span style=\"color: #000000;\">sp\u00ednac\u00ed cyklus<\/span><\/td>\n<td style=\"width: 607.203px; height: 23px;\"><span style=\"color: #000000;\"><strong>20 000 x<\/strong><\/span><\/td>\n<\/tr>\n<tr style=\"height: 29px;\">\n<td style=\"width: 204.797px; height: 29px;\"><span style=\"color: #000000;\">hmotnos\u0165 netto (g)<br \/><\/span><\/td>\n<td style=\"width: 607.203px; height: 29px;\"><span style=\"color: #000000;\"><strong>930<\/strong><\/span><\/td>\n<\/tr>\n<tr style=\"height: 28px;\">\n<td style=\"width: 204.797px; height: 28px;\"><span style=\"color: #000000;\">stmievate\u013en\u00e1<\/span><\/td>\n<td style=\"width: 607.203px; height: 28px;\"><span style=\"color: #000000;\"><strong>nie<\/strong><\/span><\/td>\n<\/tr>\n<tr style=\"height: 23px;\">\n<td style=\"width: 204.797px; height: 23px;\"><span style=\"color: #000000;\">materi\u00e1l<\/span><\/td>\n<td style=\"width: 607.203px; height: 23px;\"><span style=\"color: #000000;\"><strong>thermal PC<\/strong><\/span><\/td>\n<\/tr>\n<tr style=\"height: 23px;\">\n<td style=\"width: 204.797px; height: 23px;\"><span style=\"color: #000000;\">balenie<\/span><\/td>\n<td style=\"width: 607.203px; height: 23px;\"><span style=\"color: #000000;\"><strong>1\/8<\/strong><\/span><\/td>\n<\/tr>\n<\/tbody>\n<\/table>\n<p>-cena produktu zah\u0155\u0148a recykla\u010dn\u00fd poplatok v hodnote 0,10\u20ac bez DPH (0,12\u20ac s DPH)<\/p>\n<p>&nbsp;<\/p>\n","protected":false},"excerpt":{"rendered":"<p>LED sol\u00e1rne svietidlo zna\u010dky NEDES so spotrebou 12W, svietivos\u0165ou 1200Lm a kryt\u00edm IP54 je ide\u00e1lne pre exteri\u00e9rov\u00e9 osvetlenie napr. pred va\u0161u gar\u00e1\u017e, na z\u00e1hradu alebo pred vstup do domu alebo alt\u00e1nku. Svietidlo je v\u00fdnimo\u010dn\u00e9 svojou n\u00edzkou spotrebou a vysok\u00fdm v\u00fdkonom. V\u010faka sol\u00e1rnemu nap\u00e1janiu je \u00faplne nez\u00e1visl\u00e9 od elektrickej energie, \u010do z neho rob\u00ed vysoko ekologick\u00fd [&hellip;]<\/p>\n","protected":false},"featured_media":12614,"comment_status":"closed","ping_status":"open","template":"","meta":[],"product_brand":[],"product_cat":[149],"product_tag":[],"class_list":{"0":"post-12613","1":"product","2":"type-product","3":"status-publish","4":"has-post-thumbnail","6":"product_cat-led-solarne-svietidla","8":"first","9":"instock","10":"purchasable","11":"product-type-simple"},"_links":{"self":[{"href":"https:\/\/nedes.significa.sk\/cs\/wp-json\/wp\/v2\/product\/12613","targetHints":{"allow":["GET"]}}],"collection":[{"href":"https:\/\/nedes.significa.sk\/cs\/wp-json\/wp\/v2\/product"}],"about":[{"href":"https:\/\/nedes.significa.sk\/cs\/wp-json\/wp\/v2\/types\/product"}],"replies":[{"embeddable":true,"href":"https:\/\/nedes.significa.sk\/cs\/wp-json\/wp\/v2\/comments?post=12613"}],"wp:featuredmedia":[{"embeddable":true,"href":"https:\/\/nedes.significa.sk\/cs\/wp-json\/wp\/v2\/media\/12614"}],"wp:attachment":[{"href":"https:\/\/nedes.significa.sk\/cs\/wp-json\/wp\/v2\/media?parent=12613"}],"wp:term":[{"taxonomy":"product_brand","embeddable":true,"href":"https:\/\/nedes.significa.sk\/cs\/wp-json\/wp\/v2\/product_brand?post=12613"},{"taxonomy":"product_cat","embeddable":true,"href":"https:\/\/nedes.significa.sk\/cs\/wp-json\/wp\/v2\/product_cat?post=12613"},{"taxonomy":"product_tag","embeddable":true,"href":"https:\/\/nedes.significa.sk\/cs\/wp-json\/wp\/v2\/product_tag?post=12613"}],"curies":[{"name":"wp","href":"https:\/\/api.w.org\/{rel}","templated":true}]}}