{"id":12619,"date":"2024-09-12T07:08:11","date_gmt":"2024-09-12T07:08:11","guid":{"rendered":"https:\/\/nedes.significa.sk\/produkty\/led-biele-nastenne-solarne-svietidlo-3w-3000k-4000k-ls125\/"},"modified":"2024-09-12T07:08:27","modified_gmt":"2024-09-12T07:08:27","slug":"led-biele-nastenne-solarne-svietidlo-3w-3000k-4000k-ls125","status":"publish","type":"product","link":"https:\/\/nedes.significa.sk\/cs\/produkty\/led-biele-nastenne-solarne-svietidlo-3w-3000k-4000k-ls125\/","title":{"rendered":"LED biele n\u00e1stenn\u00e9 sol\u00e1rne svietidlo 3W \/ 3000K \/ 4000K &#8211; LS125"},"content":{"rendered":"<p><span style=\"color: #000000;\"><strong>LED sol\u00e1rne svietidlo <\/strong>zna\u010dky<strong> NEDES <\/strong>so spotrebou <strong>3W, <\/strong>svietivos\u0165ou<strong> 300Lm, <\/strong>no\u010dn\u00fdm re\u017eimom <strong>15Lm <\/strong>a kryt\u00edm <strong>IP54 <\/strong>je ide\u00e1lne pre exteri\u00e9rov\u00e9 osvetlenie napr. pred va\u0161u gar\u00e1\u017e, na z\u00e1hradu, pred vstup do domu, do alt\u00e1nku, na fas\u00e1du alebo na vonkaj\u0161ie schodisko.<\/span><\/p>\n<p><span style=\"color: #000000;\">Svietidlo je v\u00fdnimo\u010dn\u00e9 svojou <strong>n\u00edzkou spotrebou<\/strong> a <strong>vysok\u00fdm v\u00fdkonom<\/strong>.<\/span><\/p>\n<p><span style=\"color: #000000;\">V\u010faka sol\u00e1rnemu nap\u00e1janiu je <strong>\u00faplne nez\u00e1visl\u00e9 od elektrickej energie<\/strong>, \u010do z neho rob\u00ed <strong>vysoko ekologick\u00fd v\u00fdrobok<\/strong>.<\/span><\/p>\n<p><span style=\"color: #000000;\"><strong>LED sol\u00e1rny panel<\/strong> s minimalistick\u00fdm dizajnom <strong>sa nab\u00edja pomocou slne\u010dn\u00e9ho \u017eiarenia<\/strong>, t\u00fdm p\u00e1dom <strong>\u0161etr\u00ed n\u00e1klady na prev\u00e1dzku<\/strong>.<\/span><\/p>\n<p><span style=\"color: #000000;\"><strong>3 re\u017eimy svietenia:<\/strong><\/span><\/p>\n<p><span style=\"color: #000000;\">1.(&lt;10Lx) =&gt; 3000K + SENZOR ON ( 4000K ) &#8211; ( po zotmen\u00ed svietidlo svieti v no\u010dnom re\u017eime, po zaznamenan\u00ed posledn\u00e9ho pohybu bude svieti\u0165 30s na pln\u00fd v\u00fdkon )<\/span><\/p>\n<p><span style=\"color: #000000;\">2.(&lt;10Lx) =&gt; SENSZOR ON ( 4000K ) &#8211; ( po zotmen\u00ed senzor reaguje na pohyb, po zaznamenan\u00ed posledn\u00e9ho pohybu bude svieti\u0165 30s na pln\u00fd v\u00fdkon )<\/span><\/p>\n<p><span style=\"color: #000000;\">3.OFF &#8211; ( vypnutie )<\/span><\/p>\n<p><span style=\"color: #000000;\"><strong>SENZOR<\/strong> 120\u00b0\/ 5m \/ 30s<\/span><\/p>\n<p><span style=\"color: #000000;\">1h ~ 120x Sensor detection ( senzor detekuje pohyb pribli\u017ene 120-kr\u00e1t za hodinu )&nbsp;<\/span><\/p>\n<p><span style=\"color: #000000;\"><strong>Nab\u00edjac\u00ed \u010das:<\/strong> 12-15h ( 50000Lx ) =&gt; 20h ( 3000K ) \/ 1h ( 4000K ) &#8211; ( pri plnom nabit\u00ed, svietidlo svieti 20h v no\u010dnom re\u017eime alebo na pln\u00fd v\u00fdkon 1h )<\/span><\/p>\n<p><span style=\"color: #000000;\"><strong>Solar panel<\/strong> &#8211; monocrystaline 5,5V \/ 100mA<\/span><\/p>\n<p><span style=\"color: #000000;\"><strong>Bat\u00e9ria:<\/strong> Li-Ion 18650, 3,7V \/ 1200mAh<\/span><\/p>\n<table style=\"height: 362px; width: 813px;\">\n<tbody>\n<tr style=\"height: 23px;\">\n<td style=\"width: 204.797px; height: 23px;\"><span style=\"text-decoration: underline; font-size: 16px; color: #000000;\"><strong>TECHNICK\u00c9 PARAMETRE<\/strong><\/span><\/td>\n<td style=\"width: 607.203px; height: 23px;\">&nbsp;<\/td>\n<\/tr>\n<tr style=\"height: 29px;\">\n<td style=\"width: 204.797px; height: 29px;\"><span style=\"color: #000000;\">spotreba<\/span><\/td>\n<td style=\"width: 607.203px; height: 29px;\"><span style=\"color: #000000;\"><strong>3<\/strong><strong>W&nbsp;<\/strong><\/span><\/td>\n<\/tr>\n<tr style=\"height: 23px;\">\n<td style=\"width: 204.797px; height: 23px;\"><span style=\"color: #000000;\">sveteln\u00fd tok<\/span><\/td>\n<td style=\"width: 607.203px; height: 23px;\"><span style=\"color: #000000;\"><strong>300Lm (15Lm)<\/strong><\/span><\/td>\n<\/tr>\n<tr style=\"height: 23px;\">\n<td style=\"width: 204.797px; height: 23px;\"><span style=\"color: #000000;\">krytie<\/span><\/td>\n<td style=\"width: 607.203px; height: 23px;\"><span style=\"color: #000000;\"><strong>IP54<\/strong><\/span><\/td>\n<\/tr>\n<tr style=\"height: 23px;\">\n<td style=\"width: 204.797px; height: 23px;\"><span style=\"color: #000000;\">chromati\u010dnos\u0165 (farba svetla)<\/span><\/td>\n<td style=\"width: 607.203px; height: 23px;\"><span style=\"color: #000000;\"><strong>3000K, 4000K<\/strong><\/span><\/td>\n<\/tr>\n<tr style=\"height: 23px;\">\n<td style=\"width: 204.797px; height: 23px;\"><span style=\"color: #000000;\">uhol svetla<\/span><\/td>\n<td style=\"width: 607.203px; height: 23px;\"><span style=\"color: #000000;\"><strong>120\u00b0<\/strong><\/span><\/td>\n<\/tr>\n<tr style=\"height: 23px;\">\n<td style=\"width: 204.797px; height: 23px;\"><span style=\"color: #000000;\">rozmer (mm)<\/span><\/td>\n<td style=\"width: 607.203px; height: 23px;\"><span style=\"color: #000000;\"><strong>105 x 130 x 80<\/strong><\/span><\/td>\n<\/tr>\n<tr style=\"height: 23px;\">\n<td style=\"width: 204.797px; height: 23px;\"><span style=\"color: #000000;\">senzor<\/span><\/td>\n<td style=\"width: 607.203px; height: 23px;\"><span style=\"color: #000000;\"><strong>120\u00b0 \/ 5m \/ 30s<\/strong><\/span><\/td>\n<\/tr>\n<tr style=\"height: 23px;\">\n<td style=\"width: 204.797px; height: 23px;\"><span style=\"color: #000000;\">nap\u00e4tie <\/span><\/td>\n<td style=\"width: 607.203px; height: 23px;\"><strong><span style=\"color: #000000;\">monocrystaline 5,5V \/ 100mA<\/span><\/strong><\/td>\n<\/tr>\n<tr style=\"height: 23px;\">\n<td style=\"width: 204.797px; height: 23px;\"><span style=\"color: #000000;\">\u017eivotnos\u0165<\/span><\/td>\n<td style=\"width: 607.203px; height: 23px;\"><span style=\"color: #000000;\"><strong>25 000h<\/strong><\/span><\/td>\n<\/tr>\n<tr style=\"height: 23px;\">\n<td style=\"width: 204.797px; height: 23px;\"><span style=\"color: #000000;\">sp\u00ednac\u00ed cyklus<\/span><\/td>\n<td style=\"width: 607.203px; height: 23px;\"><span style=\"color: #000000;\"><strong>20 000 x<\/strong><\/span><\/td>\n<\/tr>\n<tr style=\"height: 29px;\">\n<td style=\"width: 204.797px; height: 29px;\"><span style=\"color: #000000;\">hmotnos\u0165 netto (g)<br \/><\/span><\/td>\n<td style=\"width: 607.203px; height: 29px;\"><span style=\"color: #000000;\"><strong>200<\/strong><\/span><\/td>\n<\/tr>\n<tr style=\"height: 28px;\">\n<td style=\"width: 204.797px; height: 28px;\"><span style=\"color: #000000;\">stmievate\u013en\u00e1<\/span><\/td>\n<td style=\"width: 607.203px; height: 28px;\"><span style=\"color: #000000;\"><strong>nie<\/strong><\/span><\/td>\n<\/tr>\n<tr style=\"height: 23px;\">\n<td style=\"width: 204.797px; height: 23px;\"><span style=\"color: #000000;\">materi\u00e1l<\/span><\/td>\n<td style=\"width: 607.203px; height: 23px;\"><span style=\"color: #000000;\"><strong>thermal PC<\/strong><\/span><\/td>\n<\/tr>\n<tr style=\"height: 23px;\">\n<td style=\"width: 204.797px; height: 23px;\"><span style=\"color: #000000;\">balenie<\/span><\/td>\n<td style=\"width: 607.203px; height: 23px;\"><span style=\"color: #000000;\"><strong>1\/40<\/strong><\/span><\/td>\n<\/tr>\n<\/tbody>\n<\/table>\n<p>-cena produktu zah\u0155\u0148a recykla\u010dn\u00fd poplatok v hodnote 0,10\u20ac bez DPH (0,12\u20ac s DPH)<\/p>\n<p>&nbsp;<\/p>\n","protected":false},"excerpt":{"rendered":"<p>LED sol\u00e1rne svietidlo zna\u010dky NEDES so spotrebou 3W, svietivos\u0165ou 300Lm, no\u010dn\u00fdm re\u017eimom 15Lm a kryt\u00edm IP54 je ide\u00e1lne pre exteri\u00e9rov\u00e9 osvetlenie napr. pred va\u0161u gar\u00e1\u017e, na z\u00e1hradu, pred vstup do domu, do alt\u00e1nku, na fas\u00e1du alebo na vonkaj\u0161ie schodisko. Svietidlo je v\u00fdnimo\u010dn\u00e9 svojou n\u00edzkou spotrebou a vysok\u00fdm v\u00fdkonom. V\u010faka sol\u00e1rnemu nap\u00e1janiu je \u00faplne nez\u00e1visl\u00e9 od [&hellip;]<\/p>\n","protected":false},"featured_media":12620,"comment_status":"closed","ping_status":"open","template":"","meta":[],"product_brand":[],"product_cat":[149],"product_tag":[],"class_list":{"0":"post-12619","1":"product","2":"type-product","3":"status-publish","4":"has-post-thumbnail","6":"product_cat-led-solarne-svietidla","8":"first","9":"instock","10":"purchasable","11":"product-type-simple"},"_links":{"self":[{"href":"https:\/\/nedes.significa.sk\/cs\/wp-json\/wp\/v2\/product\/12619","targetHints":{"allow":["GET"]}}],"collection":[{"href":"https:\/\/nedes.significa.sk\/cs\/wp-json\/wp\/v2\/product"}],"about":[{"href":"https:\/\/nedes.significa.sk\/cs\/wp-json\/wp\/v2\/types\/product"}],"replies":[{"embeddable":true,"href":"https:\/\/nedes.significa.sk\/cs\/wp-json\/wp\/v2\/comments?post=12619"}],"wp:featuredmedia":[{"embeddable":true,"href":"https:\/\/nedes.significa.sk\/cs\/wp-json\/wp\/v2\/media\/12620"}],"wp:attachment":[{"href":"https:\/\/nedes.significa.sk\/cs\/wp-json\/wp\/v2\/media?parent=12619"}],"wp:term":[{"taxonomy":"product_brand","embeddable":true,"href":"https:\/\/nedes.significa.sk\/cs\/wp-json\/wp\/v2\/product_brand?post=12619"},{"taxonomy":"product_cat","embeddable":true,"href":"https:\/\/nedes.significa.sk\/cs\/wp-json\/wp\/v2\/product_cat?post=12619"},{"taxonomy":"product_tag","embeddable":true,"href":"https:\/\/nedes.significa.sk\/cs\/wp-json\/wp\/v2\/product_tag?post=12619"}],"curies":[{"name":"wp","href":"https:\/\/api.w.org\/{rel}","templated":true}]}}