{"id":13245,"date":"2024-09-12T07:13:18","date_gmt":"2024-09-12T07:13:18","guid":{"rendered":"https:\/\/nedes.significa.sk\/produkty\/led-dizajnova-stojaca-lampa-50w-jf2304-b\/"},"modified":"2024-09-12T07:13:22","modified_gmt":"2024-09-12T07:13:22","slug":"led-dizajnova-stojaca-lampa-50w-jf2304-b","status":"publish","type":"product","link":"https:\/\/nedes.significa.sk\/cs\/produkty\/led-dizajnova-stojaca-lampa-50w-jf2304-b\/","title":{"rendered":"LED dizajnov\u00e1 stojaca lampa 50W &#8211; JF2304\/B"},"content":{"rendered":"<p><span style=\"color: #000000;\"><strong>LED dizajnov\u00e1 stojaca lampa <\/strong>zna\u010dky <strong>NEDES<\/strong> je elegantn\u00fdm a modern\u00fdm doplnkom vhodn\u00fdm do ka\u017edej miestnosti, najm\u00e4 do <strong>ob\u00fdva\u010dky, sp\u00e1lne <\/strong>alebo do <strong>detskej izby<\/strong>. Kombinuje modern\u00fd vzh\u013ead s inteligentn\u00fdmi funkciami. <strong>Stojaca LED lampi\u010dka <\/strong>je vybaven\u00e1 funkciou <strong>zmeny farby svetla <\/strong>a <strong>stmievan\u00edm, <\/strong>v\u010faka \u010domu si m\u00f4\u017eete prisp\u00f4sobi\u0165 <strong>osvetlenie<\/strong> pod\u013ea potreby a n\u00e1lady. <strong>No\u010dn\u00e9 svietenie<\/strong> prid\u00e1va pr\u00edjemn\u00fa atmosf\u00e9ru a z\u00e1rove\u0148 sl\u00fa\u017ei ako \u00fatuln\u00fd zdroj svetla pre relax\u00e1ciu.Tieto funkcie s\u00fa ovl\u00e1dan\u00e9 jednoduch\u00fdm sp\u00f4sobom cez <strong>aplik\u00e1ciu NEDES Smart<\/strong>, ktor\u00e1 umo\u017e\u0148uje pohodln\u00e9 dia\u013ekov\u00e9 ovl\u00e1danie lampy prostredn\u00edctvom mobiln\u00e9ho zariadenia. Ide\u00e1lne rie\u0161enie pre \u00fa\u010dinnn\u00e9 a multifunk\u010dn\u00e9<strong> osvetlenie<\/strong> miestnosti. Je vhodn\u00e1 ako kombin\u00e1cia s viacer\u00fdmi druhmi lustrov, ktor\u00e9 m\u00e1me v ponuke. V\u010faka svojej n\u00edzkej spotrebe energie s\u00fa tieto <strong>svietidl\u00e1 <\/strong>ob\u013e\u00faben\u00e9 na celom <strong>svete.<\/strong><\/span><\/p>\n<table>\n<tbody>\n<tr style=\"height: 23px;\">\n<td style=\"width: 205.265625px; height: 23px;\"><span style=\"text-decoration: underline; font-size: 16px;\"><strong><span style=\"color: #000000; text-decoration: underline;\">TECHNICK\u00c9 PARAMETRE<\/span><\/strong><\/span><\/td>\n<td style=\"width: 608.875px; height: 23px;\">&nbsp;<\/td>\n<\/tr>\n<tr style=\"height: 23px;\">\n<td style=\"width: 205.265625px; height: 23px;\"><span style=\"color: #000000;\">spotreba<\/span><\/td>\n<td style=\"width: 608.875px; height: 23px;\"><span style=\"color: #000000;\"><strong>50W<\/strong><\/span><\/td>\n<\/tr>\n<tr style=\"height: 23px;\">\n<td style=\"width: 205.265625px; height: 23px;\"><span style=\"color: #000000;\">sveteln\u00fd tok<\/span><\/td>\n<td style=\"width: 608.875px; height: 23px;\"><span style=\"color: #000000;\"><strong>3300Lm<\/strong><\/span><\/td>\n<\/tr>\n<tr>\n<td style=\"width: 205.266px;\"><span style=\"color: #000000;\">rozmer (mm)<\/span><\/td>\n<td style=\"width: 608.875px;\"><span style=\"color: #000000;\"><strong>1450&#215;250<\/strong><\/span><\/td>\n<\/tr>\n<tr style=\"height: 23px;\">\n<td style=\"width: 205.265625px; height: 23px;\"><span style=\"color: #000000;\">chromati\u010dnos\u0165 (farba svetla)<\/span><\/td>\n<td style=\"width: 608.875px; height: 23px;\"><span style=\"color: #000000;\"><strong>3000K &#8211; 6500K<\/strong><\/span><\/td>\n<\/tr>\n<tr style=\"height: 23px;\">\n<td style=\"width: 205.265625px; height: 23px;\"><span style=\"color: #000000;\">mo\u017enos\u0165 stmievania<\/span><\/td>\n<td style=\"width: 608.875px; height: 23px;\"><span style=\"color: #000000;\"><strong>\u00e1no<\/strong><\/span><\/td>\n<\/tr>\n<tr style=\"height: 23px;\">\n<td style=\"width: 205.265625px; height: 23px;\"><span style=\"color: #000000;\">nab\u00edja\u010dka USB<\/span><\/td>\n<td style=\"width: 608.875px; height: 23px;\"><span style=\"color: #000000;\"><strong>nie<\/strong><\/span><\/td>\n<\/tr>\n<tr style=\"height: 23px;\">\n<td style=\"width: 205.265625px; height: 23px;\"><span style=\"color: #000000;\">bezdr\u00f4tov\u00e9 nab\u00edjanie MT<\/span><\/td>\n<td style=\"width: 608.875px; height: 23px;\"><span style=\"color: #000000;\"><strong>nie<\/strong><\/span><\/td>\n<\/tr>\n<tr>\n<td style=\"width: 205.265625px;\"><span style=\"color: #000000;\">\u010dasova\u010d<\/span><\/td>\n<td style=\"width: 608.875px;\"><span style=\"color: #000000;\"><strong>nie<\/strong><\/span><\/td>\n<\/tr>\n<tr>\n<td style=\"width: 205.265625px;\"><span style=\"color: #000000;\">no\u010dn\u00e9 osvetlenie<\/span><\/td>\n<td style=\"width: 608.875px;\"><span style=\"color: #000000;\"><strong>\u00e1no<\/strong><\/span><\/td>\n<\/tr>\n<tr style=\"height: 23px;\">\n<td style=\"width: 205.265625px; height: 23px;\"><span style=\"color: #000000;\">nap\u00e4tie <\/span><\/td>\n<td style=\"width: 608.875px; height: 23px;\"><span style=\"color: #000000;\"><strong>AC100 &#8211; 240V<\/strong><\/span><\/td>\n<\/tr>\n<tr style=\"height: 23px;\">\n<td style=\"width: 205.265625px; height: 23px;\"><span style=\"color: #000000;\">\u017eivotnos\u0165<\/span><\/td>\n<td style=\"width: 608.875px; height: 23px;\"><span style=\"color: #000000;\"><strong>30 000h<\/strong><\/span><\/td>\n<\/tr>\n<tr style=\"height: 23px;\">\n<td style=\"width: 205.265625px; height: 23px;\"><span style=\"color: #000000;\">sp\u00ednac\u00ed cyklus<\/span><\/td>\n<td style=\"width: 608.875px; height: 23px;\"><span style=\"color: #000000;\"><strong>20 000 x<\/strong><\/span><\/td>\n<\/tr>\n<tr style=\"height: 23px;\">\n<td style=\"width: 205.265625px; height: 23px;\"><span style=\"color: #000000;\">hmotnos\u0165 netto (g)<\/span><\/td>\n<td style=\"width: 608.875px; height: 23px;\"><span style=\"color: #000000;\"><strong>2000<\/strong><\/span><\/td>\n<\/tr>\n<tr style=\"height: 23px;\">\n<td style=\"width: 205.265625px; height: 23px;\"><span style=\"color: #000000;\">krytie<\/span><\/td>\n<td style=\"width: 608.875px; height: 23px;\"><span style=\"color: #000000;\"><strong>IP20<\/strong><\/span><\/td>\n<\/tr>\n<tr style=\"height: 23px;\">\n<td style=\"width: 205.265625px; height: 23px;\"><span style=\"color: #000000;\">materi\u00e1l<\/span><\/td>\n<td style=\"width: 608.875px; height: 23px;\"><span style=\"color: #000000;\"><strong>metal \/ acryl<\/strong><\/span><\/td>\n<\/tr>\n<tr style=\"height: 23px;\">\n<td style=\"width: 205.265625px; height: 23px;\"><span style=\"color: #000000;\">balenie<\/span><\/td>\n<td style=\"width: 608.875px; height: 23px;\"><span style=\"color: #000000;\"><strong>1<\/strong><\/span><\/td>\n<\/tr>\n<tr>\n<td style=\"width: 205.266px;\"><span style=\"color: #000000;\">LED s\u00fa nevymenite\u013en\u00e9<\/span><span style=\"color: #000000;\"><br \/><\/span><\/td>\n<td style=\"width: 608.875px;\"><span style=\"color: #000000;\"><strong>&nbsp;<\/strong><\/span><\/td>\n<\/tr>\n<\/tbody>\n<\/table>\n<p>-cena produktu zah\u0155\u0148a recykla\u010dn\u00fd poplatok v hodnote 0,40\u20ac bez DPH (0,48\u20ac s DPH)<\/p>\n","protected":false},"excerpt":{"rendered":"<p>LED dizajnov\u00e1 stojaca lampa zna\u010dky NEDES je elegantn\u00fdm a modern\u00fdm doplnkom vhodn\u00fdm do ka\u017edej miestnosti, najm\u00e4 do ob\u00fdva\u010dky, sp\u00e1lne alebo do detskej izby. Kombinuje modern\u00fd vzh\u013ead s inteligentn\u00fdmi funkciami. Stojaca LED lampi\u010dka je vybaven\u00e1 funkciou zmeny farby svetla a stmievan\u00edm, v\u010faka \u010domu si m\u00f4\u017eete prisp\u00f4sobi\u0165 osvetlenie pod\u013ea potreby a n\u00e1lady. No\u010dn\u00e9 svietenie prid\u00e1va pr\u00edjemn\u00fa atmosf\u00e9ru [&hellip;]<\/p>\n","protected":false},"featured_media":13246,"comment_status":"closed","ping_status":"open","template":"","meta":[],"product_brand":[],"product_cat":[127],"product_tag":[],"class_list":{"0":"post-13245","1":"product","2":"type-product","3":"status-publish","4":"has-post-thumbnail","6":"product_cat-led-stolne-stojace-lampy","8":"first","9":"instock","10":"purchasable","11":"product-type-simple"},"_links":{"self":[{"href":"https:\/\/nedes.significa.sk\/cs\/wp-json\/wp\/v2\/product\/13245","targetHints":{"allow":["GET"]}}],"collection":[{"href":"https:\/\/nedes.significa.sk\/cs\/wp-json\/wp\/v2\/product"}],"about":[{"href":"https:\/\/nedes.significa.sk\/cs\/wp-json\/wp\/v2\/types\/product"}],"replies":[{"embeddable":true,"href":"https:\/\/nedes.significa.sk\/cs\/wp-json\/wp\/v2\/comments?post=13245"}],"wp:featuredmedia":[{"embeddable":true,"href":"https:\/\/nedes.significa.sk\/cs\/wp-json\/wp\/v2\/media\/13246"}],"wp:attachment":[{"href":"https:\/\/nedes.significa.sk\/cs\/wp-json\/wp\/v2\/media?parent=13245"}],"wp:term":[{"taxonomy":"product_brand","embeddable":true,"href":"https:\/\/nedes.significa.sk\/cs\/wp-json\/wp\/v2\/product_brand?post=13245"},{"taxonomy":"product_cat","embeddable":true,"href":"https:\/\/nedes.significa.sk\/cs\/wp-json\/wp\/v2\/product_cat?post=13245"},{"taxonomy":"product_tag","embeddable":true,"href":"https:\/\/nedes.significa.sk\/cs\/wp-json\/wp\/v2\/product_tag?post=13245"}],"curies":[{"name":"wp","href":"https:\/\/api.w.org\/{rel}","templated":true}]}}