{"id":677,"date":"2018-05-18T11:55:25","date_gmt":"2018-05-18T11:55:25","guid":{"rendered":"https:\/\/themedemo.commercegurus.com\/shoptimizer\/?post_type=product&#038;p=677"},"modified":"2025-11-05T16:20:26","modified_gmt":"2025-11-05T16:20:26","slug":"led-stropne-svietidlo-dialkovy-ovladac-90w-j1300-w","status":"publish","type":"product","link":"https:\/\/nedes.significa.sk\/cs\/produkty\/led-stropne-svietidlo-dialkovy-ovladac-90w-j1300-w\/","title":{"rendered":"LED stropn\u00e9 svietidlo + dia\u013ekov\u00fd ovl\u00e1da\u010d 90W &#8211; J1300\/W"},"content":{"rendered":"\n<div class=\"wp-block-columns are-vertically-aligned-center is-layout-flex wp-container-core-columns-is-layout-28f84493 wp-block-columns-is-layout-flex\">\n<div class=\"wp-block-column is-vertically-aligned-center is-layout-flow wp-block-column-is-layout-flow\">\n<p class=\"title has-text-color\" style=\"color:#131315\"><\/p>\n\n\n\n<h2 class=\"wp-block-heading\">NEDES Smart APP<\/h2>\n\n\n\n<p>Medzi k\u013e\u00fa\u010dov\u00e9 vlastnosti patr\u00ed&nbsp;<strong>modern\u00fd dizajn<\/strong>,&nbsp;<strong>LED technol\u00f3gia<\/strong>,&nbsp;<strong>\u00faspornos\u0165<\/strong>,<strong>&nbsp;spo\u013eahlivos\u0165<\/strong>&nbsp;a v neposlednom rade ich&nbsp;<strong>cenov\u00e1 dostupnos\u0165<\/strong>. Umo\u017e\u0148uj\u00fa&nbsp;<strong>nastavenie farebn\u00fdch odtie\u0148ov&nbsp;<\/strong>(re\u017eimov),&nbsp;<strong>intenzity svetla<\/strong>&nbsp;(stmievanie)<strong>&nbsp;a no\u010dn\u00e9ho re\u017eimu<\/strong>.<\/p>\n<\/div>\n\n\n\n<div class=\"wp-block-column is-vertically-aligned-center is-layout-flow wp-block-column-is-layout-flow\" style=\"flex-basis:60%\">\n<figure class=\"wp-block-video\"><video controls src=\"https:\/\/nedes.sk\/storage\/videa\/app\/nedes_smart_app_sk.mp4\"><\/video><\/figure>\n<\/div>\n<\/div>\n\n\n\n<div style=\"height:30px\" aria-hidden=\"true\" class=\"wp-block-spacer\"><\/div>\n\n\n\n<div style=\"height:100px\" aria-hidden=\"true\" class=\"wp-block-spacer\"><\/div>\n\n\n\n<div class=\"wp-block-columns are-vertically-aligned-center is-layout-flex wp-container-core-columns-is-layout-28f84493 wp-block-columns-is-layout-flex\">\n<div class=\"wp-block-column is-vertically-aligned-center is-layout-flow wp-block-column-is-layout-flow\">\n<figure class=\"wp-block-video\"><video height=\"804\" style=\"aspect-ratio: 1930 \/ 804;\" width=\"1930\" controls src=\"https:\/\/nedes.significa.sk\/wp-content\/uploads\/2022\/01\/nedes-promo.mp4\"><\/video><\/figure>\n<\/div>\n\n\n\n<div class=\"wp-block-column is-vertically-aligned-center is-layout-flow wp-block-column-is-layout-flow\" style=\"flex-basis:40%\">\n<p class=\"title has-text-color\" style=\"color:#131315\"><\/p>\n\n\n\n<h2 class=\"wp-block-heading\"><strong>NEDES &#8211; svetlo do va\u0161eho \u017eivota<\/strong><\/h2>\n\n\n\n<p>\u0160irok\u00fd sortiment obsahuje\u00a0<strong>najkvalitnej\u0161ie osvetlenie<\/strong>, ktor\u00e9 je z\u00e1rove\u0148 energeticky najlacnej\u0161ie. Kateg\u00f3ria\u00a0<strong>stropn\u00fdch, z\u00e1vesn\u00fdch svietidiel<\/strong>\u00a0a\u00a0<strong>kri\u0161t\u00e1\u013eov\u00fdch lustrov<\/strong>\u00a0pon\u00faka\u00a0<strong>luxusn\u00e9<\/strong>\u00a0a\u00a0<strong>\u0161t\u00fdlov\u00e9<\/strong>\u00a0osvetlenie pre interi\u00e9ry s d\u00f4razom na detail, eleganciu a vizu\u00e1lny dojem.<\/p>\n<\/div>\n<\/div>\n\n\n\n<div style=\"height:100px\" aria-hidden=\"true\" class=\"wp-block-spacer\"><\/div>\n\n\n\n<div style=\"height:30px\" aria-hidden=\"true\" class=\"wp-block-spacer\"><\/div>\n\n\n\n<div class=\"wp-block-columns are-vertically-aligned-center is-layout-flex wp-container-core-columns-is-layout-28f84493 wp-block-columns-is-layout-flex\">\n<div class=\"wp-block-column is-vertically-aligned-center is-layout-flow wp-block-column-is-layout-flow\">\n<p class=\"title has-text-color\" style=\"color:#131315\"><strong>ORGANIC MATERIALS<\/strong><\/p>\n\n\n\n<h2 class=\"wp-block-heading\">Dia\u013ekov\u00e9 ovl\u00e1danie<\/h2>\n\n\n\n<p><strong>Ovl\u00e1danie<\/strong>&nbsp;mimo \u0161tandardn\u00e9ho&nbsp;<strong>n\u00e1stenn\u00e9ho vyp\u00edna\u010da<\/strong>&nbsp;(vypnu\u0165\/zapn\u00fa\u0165 plus zmeny z\u00e1kladn\u00fdch re\u017eimov) je mo\u017en\u00e9 aj pomocou&nbsp;<strong>dia\u013ekov\u00e9ho ovl\u00e1da\u010da<\/strong>&nbsp;a\/alebo pomocou aplik\u00e1cie&nbsp;<strong>NEDES Smart resp. LampSmart Pro<\/strong>, kde je mo\u017en\u00e9 pou\u017ei\u0165 viacero funkci\u00ed ako stmievanie, zmena farby svetla, no\u010dn\u00fd re\u017eim, \u010das vypnutia,&nbsp;<strong>ovl\u00e1danie miestnost\u00ed individu\u00e1lne alebo samostatne<\/strong>.<\/p>\n<\/div>\n\n\n\n<div class=\"wp-block-column is-vertically-aligned-center is-layout-flow wp-block-column-is-layout-flow\" style=\"flex-basis:60%\">\n<figure class=\"wp-block-image aligncenter size-full is-resized\"><img decoding=\"async\" width=\"800\" height=\"800\" src=\"https:\/\/nedes.significa.sk\/wp-content\/uploads\/2018\/05\/l3cbhtnazf76.jpg\" alt=\"\" class=\"wp-image-7273\" style=\"width:370px;height:auto\" srcset=\"https:\/\/nedes.significa.sk\/wp-content\/uploads\/2018\/05\/l3cbhtnazf76.jpg 800w, https:\/\/nedes.significa.sk\/wp-content\/uploads\/2018\/05\/l3cbhtnazf76-350x350.jpg 350w, https:\/\/nedes.significa.sk\/wp-content\/uploads\/2018\/05\/l3cbhtnazf76-150x150.jpg 150w, https:\/\/nedes.significa.sk\/wp-content\/uploads\/2018\/05\/l3cbhtnazf76-300x300.jpg 300w, https:\/\/nedes.significa.sk\/wp-content\/uploads\/2018\/05\/l3cbhtnazf76-768x768.jpg 768w, https:\/\/nedes.significa.sk\/wp-content\/uploads\/2018\/05\/l3cbhtnazf76-441x441.jpg 441w, https:\/\/nedes.significa.sk\/wp-content\/uploads\/2018\/05\/l3cbhtnazf76-100x100.jpg 100w\" sizes=\"(max-width: 800px) 100vw, 800px\" \/><\/figure>\n\n\n\n<p><\/p>\n<\/div>\n<\/div>\n\n\n\n<div style=\"height:30px\" aria-hidden=\"true\" class=\"wp-block-spacer\"><\/div>\n","protected":false},"excerpt":{"rendered":"<p>LED design stropn\u00e9 svietidlo s dia\u013ekov\u00fdm ovl\u00e1da\u010dom RF 2,4GHz zna\u010dky NEDES, je lampa vhodn\u00e1 do kuchyne, jed\u00e1lne, sp\u00e1lne, chodby alebo ob\u00fdva\u010dky. Tieto svietidl\u00e1 vynikaj\u00faco kombinuj\u00fa modern\u00fd \u0161t\u00fdl s najvy\u0161\u0161ou kvalitou.<\/p>\n<p>Svetl\u00e1 s\u00fa ovl\u00e1dan\u00e9 SMART technol\u00f3giu pomocou aplik\u00e1cie NEDES Smart. LED dizajnov\u00e9 svietidl\u00e1 prid\u00e1vaj\u00fa eleganciu do V\u00e1\u0161ho interi\u00e9ru.<\/p>\n<ul>\n<li>Dia\u013ekov\u00fd ovl\u00e1da\u010d RF 2,4GHz + aplik\u00e1cia NEDES Smart (BT)<\/li>\n<li>Stmievanie<\/li>\n<li>No\u010dn\u00fd re\u017eim<\/li>\n<li>Zmena farby svetla<\/li>\n<li>Mo\u017enos\u0165 ovl\u00e1dania viacer\u00fdch svietidiel jedn\u00fdm ovl\u00e1da\u010dom<\/li>\n<li>Pam\u00e4\u0165 posledn\u00e9ho nastavenia po vypnut\u00ed ( aj vyp\u00edna\u010dom, aj ovl\u00e1da\u010dom )<\/li>\n<li>Zmena re\u017eimov pomocou vyp\u00edna\u010da<\/li>\n<li>Bezpe\u010dn\u00e1 a \u013eahk\u00e1 mont\u00e1\u017e<\/li>\n<\/ul>\n[cg_accordion title=\"Z\u00e1kladn\u00e9 vlastnosti\"]\n<table style=\"border-collapse: collapse; width: 100%; margin: 20px 0;\">\n<tbody>\n<tr style=\"background-color: #f2f2f2;\">\n<td style=\"border: 1px solid #dddddd; padding: 4px 8px;\">Zmena farby svetla<\/td>\n<td style=\"border: 1px solid #dddddd; padding: 4px 8px;\">\u00e1no<\/td>\n<\/tr>\n<tr>\n<td style=\"border: 1px solid #dddddd; padding: 4px 8px;\">Aplik\u00e1cia<\/td>\n<td style=\"border: 1px solid #dddddd; padding: 4px 8px;\">NEDES Smart<\/td>\n<\/tr>\n<tr style=\"background-color: #f2f2f2;\">\n<td style=\"border: 1px solid #dddddd; padding: 4px 8px;\">V\u00fdkon (W)<\/td>\n<td style=\"border: 1px solid #dddddd; padding: 4px 8px;\">81 \u2013 100<\/td>\n<\/tr>\n<tr>\n<td style=\"border: 1px solid #dddddd; padding: 4px 8px;\">Sveteln\u00fd tok (Lm)<\/td>\n<td style=\"border: 1px solid #dddddd; padding: 4px 8px;\">5000 \u2013 10000<\/td>\n<\/tr>\n<tr style=\"background-color: #f2f2f2;\">\n<td style=\"border: 1px solid #dddddd; padding: 4px 8px;\">Rozmer (mm)<\/td>\n<td style=\"border: 1px solid #dddddd; padding: 4px 8px;\"><500<\/td>\n<\/tr>\n<tr>\n<td style=\"border: 1px solid #dddddd; padding: 4px 8px;\">Tvar<\/td>\n<td style=\"border: 1px solid #dddddd; padding: 4px 8px;\">kruh<\/td>\n<\/tr>\n<tr style=\"background-color: #f2f2f2;\">\n<td style=\"border: 1px solid #dddddd; padding: 4px 8px;\">RP<\/td>\n<td style=\"border: 1px solid #dddddd; padding: 4px 8px;\">0.10 \u20ac bez DPH v cene<\/td>\n<\/tr>\n<tr>\n<td style=\"border: 1px solid #dddddd; padding: 4px 8px;\">spotreba (W)<\/td>\n<td style=\"border: 1px solid #dddddd; padding: 4px 8px;\">90<\/td>\n<\/tr>\n<tr style=\"background-color: #f2f2f2;\">\n<td style=\"border: 1px solid #dddddd; padding: 4px 8px;\">stmievate\u013enos\u0165<\/td>\n<td style=\"border: 1px solid #dddddd; padding: 4px 8px;\">\u00e1no<\/td>\n<\/tr>\n<tr>\n<td style=\"border: 1px solid #dddddd; padding: 4px 8px;\">rozmer (mm)<\/td>\n<td style=\"border: 1px solid #dddddd; padding: 4px 8px;\">\u00d8499<\/td>\n<\/tr>\n<tr style=\"background-color: #f2f2f2;\">\n<td style=\"border: 1px solid #dddddd; padding: 4px 8px;\">farba svetla (K)<\/td>\n<td style=\"border: 1px solid #dddddd; padding: 4px 8px;\">3000 \u2013 6500<\/td>\n<\/tr>\n<tr>\n<td style=\"border: 1px solid #dddddd; padding: 4px 8px;\">V\u00fdrobca<\/td>\n<td style=\"border: 1px solid #dddddd; padding: 4px 8px;\">NEDES<\/td>\n<\/tr>\n<tr style=\"background-color: #f2f2f2;\">\n<td style=\"border: 1px solid #dddddd; padding: 4px 8px;\">Z\u00e1ru\u010dn\u00e1 doba<\/td>\n<td style=\"border: 1px solid #dddddd; padding: 4px 8px;\">36 mesiacov<\/td>\n<\/tr>\n<tr>\n<td style=\"border: 1px solid #dddddd; padding: 4px 8px;\">K\u00f3d<\/td>\n<td style=\"border: 1px solid #dddddd; padding: 4px 8px;\">J1300\/W<\/td>\n<\/tr>\n<tr style=\"background-color: #f2f2f2;\">\n<td style=\"border: 1px solid #dddddd; padding: 4px 8px;\">EAN<\/td>\n<td style=\"border: 1px solid #dddddd; padding: 4px 8px;\">8585040907424<\/td>\n<\/tr>\n<\/tbody>\n<\/table>\n<p>[\/cg_accordion][cg_accordion title=\"Na stiahnutie\"]<\/p>\n<ul>\n<li><a href=\"https:\/\/nedes.sk\/storage\/eu_declaration_of_conformity_j1.pdf\">Vyhl\u00e1senie o zhode<\/a><\/li>\n<li><a href=\"https:\/\/nedes.sk\/storage\/manual_j_series.pdf\">N\u00e1vod na pou\u017e\u00edvanie<\/a><\/li>\n<\/ul>\n<p>[\/cg_accordion]<\/p>\n","protected":false},"featured_media":7305,"comment_status":"open","ping_status":"closed","template":"","meta":[],"product_brand":[],"product_cat":[59,41,42],"product_tag":[22,30],"class_list":{"0":"post-677","1":"product","2":"type-product","3":"status-publish","4":"has-post-thumbnail","6":"product_cat-akcia","7":"product_cat-led-design-svietidla","8":"product_cat-led-j-series","9":"product_tag-dial-ovladac","10":"product_tag-smart-app","12":"first","13":"instock","14":"sale","15":"taxable","16":"shipping-taxable","17":"purchasable","18":"product-type-simple"},"_links":{"self":[{"href":"https:\/\/nedes.significa.sk\/cs\/wp-json\/wp\/v2\/product\/677","targetHints":{"allow":["GET"]}}],"collection":[{"href":"https:\/\/nedes.significa.sk\/cs\/wp-json\/wp\/v2\/product"}],"about":[{"href":"https:\/\/nedes.significa.sk\/cs\/wp-json\/wp\/v2\/types\/product"}],"replies":[{"embeddable":true,"href":"https:\/\/nedes.significa.sk\/cs\/wp-json\/wp\/v2\/comments?post=677"}],"wp:featuredmedia":[{"embeddable":true,"href":"https:\/\/nedes.significa.sk\/cs\/wp-json\/wp\/v2\/media\/7305"}],"wp:attachment":[{"href":"https:\/\/nedes.significa.sk\/cs\/wp-json\/wp\/v2\/media?parent=677"}],"wp:term":[{"taxonomy":"product_brand","embeddable":true,"href":"https:\/\/nedes.significa.sk\/cs\/wp-json\/wp\/v2\/product_brand?post=677"},{"taxonomy":"product_cat","embeddable":true,"href":"https:\/\/nedes.significa.sk\/cs\/wp-json\/wp\/v2\/product_cat?post=677"},{"taxonomy":"product_tag","embeddable":true,"href":"https:\/\/nedes.significa.sk\/cs\/wp-json\/wp\/v2\/product_tag?post=677"}],"curies":[{"name":"wp","href":"https:\/\/api.w.org\/{rel}","templated":true}]}}