{"id":9662,"date":"2024-09-12T06:46:00","date_gmt":"2024-09-12T06:46:00","guid":{"rendered":"https:\/\/nedes.significa.sk\/produkty\/napajaci-kabel-1m-pre-podlinkove-svietidla-lnl8-wlf201\/"},"modified":"2024-09-12T06:46:07","modified_gmt":"2024-09-12T06:46:07","slug":"napajaci-kabel-1m-pre-podlinkove-svietidla-lnl8-wlf201","status":"publish","type":"product","link":"https:\/\/nedes.significa.sk\/cs\/produkty\/napajaci-kabel-1m-pre-podlinkove-svietidla-lnl8-wlf201\/","title":{"rendered":"Nap\u00e1jac\u00ed k\u00e1bel 1m pre podlinkov\u00e9 svietidl\u00e1 LNL8.. &#8211; WLF201"},"content":{"rendered":"<p><span style=\"color: #000000;\"><strong>Nap\u00e1jac\u00ed k\u00e1bel pre line\u00e1rne svietidl\u00e1<\/strong> s d\u013a\u017ekou <strong>1m<\/strong> zna\u010dky <strong>NEDES<\/strong> je vyroben\u00fd z kvalitn\u00e9ho izolovan\u00e9ho materi\u00e1lu, aby poskytol spo\u013eahliv\u00fa ochranu pred elektrick\u00fdm po\u0161koden\u00edm.<\/span><\/p>\n<p><span style=\"color: #000000;\">Jeho konektory s\u00fa kompatibiln\u00e9 s<strong> LED line\u00e1rnymi svetlami LNL8..<\/strong> a zais\u0165uj\u00fa pevn\u00e9 pripojenie bez straty energie.<\/span><\/p>\n<p><span style=\"color: #000000;\">K\u00e1bel je pru\u017en\u00fd a odoln\u00fd vo\u010di ohybu, \u010do umo\u017e\u0148uje <strong>jednoduch\u00fa manipul\u00e1ciu<\/strong> a<strong> in\u0161tal\u00e1ciu.<\/strong><\/span><\/p>\n<p><span style=\"color: #000000;\">Na\u0161e <strong>svietidl\u00e1<\/strong> a ostatn\u00e9 v\u00fdrobky s\u00fa ob\u013e\u00faben\u00e9 na celom <strong>svete<\/strong>.<\/span><\/p>\n<table style=\"height: 442px;\">\n<tbody>\n<tr style=\"height: 23px;\">\n<td style=\"width: 205px; height: 23px;\"><span style=\"text-decoration: underline; font-size: 16px;\"><strong><span style=\"color: #000000; text-decoration: underline;\">TECHNICK\u00c9 PARAMETRE<\/span><\/strong><\/span><\/td>\n<td style=\"width: 608px; height: 23px;\">&nbsp;<\/td>\n<\/tr>\n<tr style=\"height: 23px;\">\n<td style=\"width: 205px; height: 23px;\"><span style=\"color: #000000;\">nap\u00e4tie <\/span><\/td>\n<td style=\"width: 608px; height: 23px;\"><span style=\"color: #000000;\"><strong>250V<\/strong><\/span><\/td>\n<\/tr>\n<tr style=\"height: 23px;\">\n<td style=\"width: 205px; height: 23px;\"><span style=\"color: #000000;\">pou\u017eitie pre<\/span><\/td>\n<td style=\"width: 608px; height: 23px;\"><span style=\"color: #000000;\"><strong>LNL8..<\/strong><\/span><\/td>\n<\/tr>\n<tr style=\"height: 23px;\">\n<td style=\"width: 205px; height: 23px;\"><span style=\"color: #000000;\">rozmer<\/span><\/td>\n<td style=\"width: 608px; height: 23px;\"><span style=\"color: #000000;\"><strong>1000mm<\/strong><\/span><\/td>\n<\/tr>\n<tr style=\"height: 23px;\">\n<td style=\"width: 205px; height: 23px;\"><span style=\"color: #000000;\">balenie<\/span><\/td>\n<td style=\"width: 608px; height: 23px;\"><span style=\"color: #000000;\"><strong>1\/500<\/strong><\/span><\/td>\n<\/tr>\n<\/tbody>\n<\/table>\n","protected":false},"excerpt":{"rendered":"<p>Nap\u00e1jac\u00ed k\u00e1bel pre line\u00e1rne svietidl\u00e1 s d\u013a\u017ekou 1m zna\u010dky NEDES je vyroben\u00fd z kvalitn\u00e9ho izolovan\u00e9ho materi\u00e1lu, aby poskytol spo\u013eahliv\u00fa ochranu pred elektrick\u00fdm po\u0161koden\u00edm. Jeho konektory s\u00fa kompatibiln\u00e9 s LED line\u00e1rnymi svetlami LNL8.. a zais\u0165uj\u00fa pevn\u00e9 pripojenie bez straty energie. K\u00e1bel je pru\u017en\u00fd a odoln\u00fd vo\u010di ohybu, \u010do umo\u017e\u0148uje jednoduch\u00fa manipul\u00e1ciu a in\u0161tal\u00e1ciu. Na\u0161e svietidl\u00e1 a [&hellip;]<\/p>\n","protected":false},"featured_media":9462,"comment_status":"closed","ping_status":"open","template":"","meta":[],"product_brand":[],"product_cat":[103],"product_tag":[],"class_list":{"0":"post-9662","1":"product","2":"type-product","3":"status-publish","4":"has-post-thumbnail","6":"product_cat-led-linear-ip20","8":"first","9":"instock","10":"purchasable","11":"product-type-simple"},"_links":{"self":[{"href":"https:\/\/nedes.significa.sk\/cs\/wp-json\/wp\/v2\/product\/9662","targetHints":{"allow":["GET"]}}],"collection":[{"href":"https:\/\/nedes.significa.sk\/cs\/wp-json\/wp\/v2\/product"}],"about":[{"href":"https:\/\/nedes.significa.sk\/cs\/wp-json\/wp\/v2\/types\/product"}],"replies":[{"embeddable":true,"href":"https:\/\/nedes.significa.sk\/cs\/wp-json\/wp\/v2\/comments?post=9662"}],"wp:featuredmedia":[{"embeddable":true,"href":"https:\/\/nedes.significa.sk\/cs\/wp-json\/wp\/v2\/media\/9462"}],"wp:attachment":[{"href":"https:\/\/nedes.significa.sk\/cs\/wp-json\/wp\/v2\/media?parent=9662"}],"wp:term":[{"taxonomy":"product_brand","embeddable":true,"href":"https:\/\/nedes.significa.sk\/cs\/wp-json\/wp\/v2\/product_brand?post=9662"},{"taxonomy":"product_cat","embeddable":true,"href":"https:\/\/nedes.significa.sk\/cs\/wp-json\/wp\/v2\/product_cat?post=9662"},{"taxonomy":"product_tag","embeddable":true,"href":"https:\/\/nedes.significa.sk\/cs\/wp-json\/wp\/v2\/product_tag?post=9662"}],"curies":[{"name":"wp","href":"https:\/\/api.w.org\/{rel}","templated":true}]}}