{"id":9690,"date":"2024-09-12T06:46:19","date_gmt":"2024-09-12T06:46:19","guid":{"rendered":"https:\/\/nedes.significa.sk\/produkty\/led-vsadeny-panel-24w-ps-smd-2800k-wh-lpl215\/"},"modified":"2024-09-12T06:46:21","modified_gmt":"2024-09-12T06:46:21","slug":"led-vsadeny-panel-24w-ps-smd-2800k-wh-lpl215","status":"publish","type":"product","link":"https:\/\/nedes.significa.sk\/cs\/produkty\/led-vsadeny-panel-24w-ps-smd-2800k-wh-lpl215\/","title":{"rendered":"LED vsaden\u00fd panel 24W \/ PS \/ SMD \/ 2800K \/ WH &#8211; LPL215"},"content":{"rendered":"<p><span style=\"color: #000000;\"><strong>Vsaden\u00fd LED panel<\/strong>&nbsp;zna\u010dky <strong>NEDES<\/strong> poskytuje modern\u00e9 a efekt\u00edvne <strong>osvetlenie<\/strong> pre v\u0161etky typy <strong>interi\u00e9rov. <\/strong><\/span><\/p>\n<p><span style=\"color: #000000;\"><strong>LED panel<\/strong> je ide\u00e1lny ako <strong>stropn\u00e9 svetlo<\/strong>, nielen pre miestnosti v dom\u00e1cnosti, ale aj kancel\u00e1rie a obchody.<\/span><\/p>\n<p><span style=\"color: #000000;\"> Ide o v\u00fdborn\u00e9 sveteln\u00e9 rie\u0161enie s d\u00f4razom na <strong>kvalitu<\/strong> a<strong> technologick\u00e9 inov\u00e1cie.<\/strong><\/span><\/p>\n<p><span style=\"color: #000000;\"> Svieti jasnou l\u00edniou v<strong> teplej bielej farbe svetla <\/strong>a je vhodn\u00fd aj <strong>do s\u00e1drokart\u00f3nov\u00fdch stropov.<\/strong> <\/span><\/p>\n<p><span style=\"color: #000000;\">Tento produkt m\u00e1 najmodernej\u0161\u00ed dizajn, ktor\u00fd zais\u0165uje <strong>bezpe\u010dn\u00fa<\/strong> a <strong>bezprobl\u00e9mov\u00fa in\u0161tal\u00e1ciu<\/strong>.<\/span><\/p>\n<p><span style=\"color: #000000;\"> V\u010faka svojej n\u00edzkej spotrebe energie s\u00fa tieto <strong>svietidl\u00e1 <\/strong>ob\u013e\u00faben\u00e9 na celom <strong>svete.<\/strong><\/span><\/p>\n<table style=\"height: 403px;\">\n<tbody>\n<tr style=\"height: 23px;\">\n<td style=\"width: 196.938px; height: 23px;\"><span style=\"text-decoration: underline; font-size: 16px;\"><strong><span style=\"color: #000000; text-decoration: underline;\">TECHNICK\u00c9 PARAMETRE<\/span><\/strong><\/span><\/td>\n<td style=\"width: 563.016px; height: 23px;\">&nbsp;<\/td>\n<\/tr>\n<tr style=\"height: 23px;\">\n<td style=\"width: 196.938px; height: 23px;\"><span style=\"color: #000000;\">spotreba<\/span><\/td>\n<td style=\"width: 563.016px; height: 23px;\"><span style=\"color: #000000;\"><strong>24W<\/strong><\/span><\/td>\n<\/tr>\n<tr style=\"height: 23px;\">\n<td style=\"width: 196.938px; height: 23px;\"><span style=\"color: #000000;\">sveteln\u00fd tok<\/span><\/td>\n<td style=\"width: 563.016px; height: 23px;\"><span style=\"color: #000000;\"><strong>1820Lm<\/strong><\/span><\/td>\n<\/tr>\n<tr style=\"height: 23px;\">\n<td style=\"width: 196.938px; height: 23px;\"><span style=\"color: #000000;\">rozmer (mm)<\/span><\/td>\n<td style=\"width: 563.016px; height: 23px;\"><span style=\"color: #000000;\"><strong>300 x 300 x 19<\/strong><\/span><\/td>\n<\/tr>\n<tr style=\"height: 23px;\">\n<td style=\"width: 196.938px; height: 23px;\"><span style=\"color: #000000;\">mont\u00e1\u017eny otvor (mm)<\/span><\/td>\n<td style=\"width: 563.016px; height: 23px;\"><span style=\"color: #000000;\"><strong>280 x 280<\/strong><\/span><\/td>\n<\/tr>\n<tr style=\"height: 23px;\">\n<td style=\"width: 196.938px; height: 23px;\"><span style=\"color: #000000;\">chromati\u010dnos\u0165 (farba svetla)<\/span><\/td>\n<td style=\"width: 563.016px; height: 23px;\"><span style=\"color: #000000;\"><strong>2800K &#8211; tepl\u00e1 biela<\/strong><\/span><\/td>\n<\/tr>\n<tr style=\"height: 23px;\">\n<td style=\"width: 196.938px; height: 23px;\"><span style=\"color: #000000;\">uhol svetla<\/span><\/td>\n<td style=\"width: 563.016px; height: 23px;\"><span style=\"color: #000000;\"><strong>120\u00b0<\/strong><\/span><\/td>\n<\/tr>\n<tr style=\"height: 23px;\">\n<td style=\"width: 196.938px; height: 23px;\"><span style=\"color: #000000;\">nap\u00e4tie <\/span><\/td>\n<td style=\"width: 563.016px; height: 23px;\"><span style=\"color: #000000;\"><strong>AC85 &#8211; 265V<\/strong><\/span><\/td>\n<\/tr>\n<tr style=\"height: 23px;\">\n<td style=\"width: 196.938px; height: 23px;\"><span style=\"color: #000000;\">\u017eivotnos\u0165<\/span><\/td>\n<td style=\"width: 563.016px; height: 23px;\"><span style=\"color: #000000;\"><strong>30 000h<\/strong><\/span><\/td>\n<\/tr>\n<tr style=\"height: 23px;\">\n<td style=\"width: 196.938px; height: 23px;\"><span style=\"color: #000000;\">sp\u00ednac\u00ed cyklus<\/span><\/td>\n<td style=\"width: 563.016px; height: 23px;\"><span style=\"color: #000000;\"><strong>30 000 x<\/strong><\/span><\/td>\n<\/tr>\n<tr style=\"height: 23px;\">\n<td style=\"width: 196.938px; height: 23px;\"><span style=\"color: #000000;\">hmotnos\u0165 netto (g)<\/span><\/td>\n<td style=\"width: 563.016px; height: 23px;\"><span style=\"color: #000000;\"><strong>69<\/strong><\/span><\/td>\n<\/tr>\n<tr style=\"height: 23px;\">\n<td style=\"width: 196.938px; height: 23px;\"><span style=\"color: #000000;\">krytie<\/span><\/td>\n<td style=\"width: 563.016px; height: 23px;\"><span style=\"color: #000000;\"><strong>IP20<\/strong><\/span><\/td>\n<\/tr>\n<tr style=\"height: 23px;\">\n<td style=\"width: 196.938px; height: 23px;\"><span style=\"color: #000000;\">materi\u00e1l<\/span><\/td>\n<td style=\"width: 563.016px; height: 23px;\"><span style=\"color: #000000;\"><strong>AL &#8211; biela<\/strong><\/span><\/td>\n<\/tr>\n<tr style=\"height: 23px;\">\n<td style=\"width: 196.938px; height: 23px;\"><span style=\"color: #000000;\">typ dif\u00fazora<\/span><\/td>\n<td style=\"width: 563.016px; height: 23px;\"><strong><span style=\"color: #000000;\">opal<\/span><\/strong><\/td>\n<\/tr>\n<tr style=\"height: 29px;\">\n<td style=\"width: 196.938px; height: 29px;\"><span style=\"color: #000000;\">mo\u017enos\u0165 stmievania<\/span><\/td>\n<td style=\"width: 563.016px; height: 29px;\"><span style=\"color: #000000;\"><strong>nie<\/strong><\/span><\/td>\n<\/tr>\n<tr style=\"height: 23px;\">\n<td style=\"width: 196.938px; height: 23px;\"><span style=\"color: #000000;\">balenie<\/span><\/td>\n<td style=\"width: 563.016px; height: 23px;\"><span style=\"color: #000000;\"><strong>1\/10<\/strong><\/span><\/td>\n<\/tr>\n<tr style=\"height: 29px;\">\n<td style=\"width: 196.938px; height: 29px;\"><span style=\"color: #000000;\">LED s\u00fa nevymenite\u013en\u00e9<\/span><span style=\"color: #000000;\"><br \/><\/span><\/td>\n<td style=\"width: 563.016px; height: 29px;\"><span style=\"color: #000000;\"><strong>&nbsp;<\/strong><\/span><\/td>\n<\/tr>\n<\/tbody>\n<\/table>\n<p>-cena produktu zah\u0155\u0148a recykla\u010dn\u00fd poplatok v hodnote 0,10\u20ac bez DPH (0,12\u20ac s DPH)<\/p>\n","protected":false},"excerpt":{"rendered":"<p>Vsaden\u00fd LED panel&nbsp;zna\u010dky NEDES poskytuje modern\u00e9 a efekt\u00edvne osvetlenie pre v\u0161etky typy interi\u00e9rov. LED panel je ide\u00e1lny ako stropn\u00e9 svetlo, nielen pre miestnosti v dom\u00e1cnosti, ale aj kancel\u00e1rie a obchody. Ide o v\u00fdborn\u00e9 sveteln\u00e9 rie\u0161enie s d\u00f4razom na kvalitu a technologick\u00e9 inov\u00e1cie. Svieti jasnou l\u00edniou v teplej bielej farbe svetla a je vhodn\u00fd aj do [&hellip;]<\/p>\n","protected":false},"featured_media":9492,"comment_status":"closed","ping_status":"open","template":"","meta":[],"product_brand":[],"product_cat":[97],"product_tag":[],"class_list":{"0":"post-9690","1":"product","2":"type-product","3":"status-publish","4":"has-post-thumbnail","6":"product_cat-vsadene","8":"first","9":"instock","10":"purchasable","11":"product-type-simple"},"_links":{"self":[{"href":"https:\/\/nedes.significa.sk\/cs\/wp-json\/wp\/v2\/product\/9690","targetHints":{"allow":["GET"]}}],"collection":[{"href":"https:\/\/nedes.significa.sk\/cs\/wp-json\/wp\/v2\/product"}],"about":[{"href":"https:\/\/nedes.significa.sk\/cs\/wp-json\/wp\/v2\/types\/product"}],"replies":[{"embeddable":true,"href":"https:\/\/nedes.significa.sk\/cs\/wp-json\/wp\/v2\/comments?post=9690"}],"wp:featuredmedia":[{"embeddable":true,"href":"https:\/\/nedes.significa.sk\/cs\/wp-json\/wp\/v2\/media\/9492"}],"wp:attachment":[{"href":"https:\/\/nedes.significa.sk\/cs\/wp-json\/wp\/v2\/media?parent=9690"}],"wp:term":[{"taxonomy":"product_brand","embeddable":true,"href":"https:\/\/nedes.significa.sk\/cs\/wp-json\/wp\/v2\/product_brand?post=9690"},{"taxonomy":"product_cat","embeddable":true,"href":"https:\/\/nedes.significa.sk\/cs\/wp-json\/wp\/v2\/product_cat?post=9690"},{"taxonomy":"product_tag","embeddable":true,"href":"https:\/\/nedes.significa.sk\/cs\/wp-json\/wp\/v2\/product_tag?post=9690"}],"curies":[{"name":"wp","href":"https:\/\/api.w.org\/{rel}","templated":true}]}}