{"id":9724,"date":"2024-09-12T06:46:39","date_gmt":"2024-09-12T06:46:39","guid":{"rendered":"https:\/\/nedes.significa.sk\/produkty\/montazne-klipy-pre-led-panel-40w-pl121-pl121h-pl121h-u-snr001\/"},"modified":"2024-09-12T06:46:39","modified_gmt":"2024-09-12T06:46:39","slug":"montazne-klipy-pre-led-panel-40w-pl121-pl121h-pl121h-u-snr001","status":"publish","type":"product","link":"https:\/\/nedes.significa.sk\/cs\/produkty\/montazne-klipy-pre-led-panel-40w-pl121-pl121h-pl121h-u-snr001\/","title":{"rendered":"Mont\u00e1\u017ene klipy pre LED panel 40W (PL121, PL121H, PL121H\/U) &#8211; SNR001"},"content":{"rendered":"<p><span style=\"color: #000000;\"><strong>Mont\u00e1\u017ene klipy pre LED panel<\/strong> zna\u010dky<strong> NEDES<\/strong>, sl\u00fa\u017eia na upevnenie panelu na strop.<\/span><\/p>\n<p><span style=\"color: #000000;\">Tieto <strong>klipy<\/strong> s\u00fa navrhnut\u00e9 tak, aby bolo mo\u017en\u00e9<strong> LED panel<\/strong> jednoducho a bezpe\u010dne pripevni\u0165 a z\u00e1rove\u0148 umo\u017e\u0148uj\u00fa \u013eahk\u00fa mont\u00e1\u017e, demont\u00e1\u017e, \u00fadr\u017ebu alebo v\u00fdmenu.<\/span><\/p>\n<p><span style=\"color: #000000;\">Zabezpe\u010duj\u00fa optim\u00e1lnu stabilitu a bezpe\u010dnos\u0165 po\u010das in\u0161tal\u00e1cie a pou\u017e\u00edvania.<\/span><\/p>\n<p><span style=\"color: #000000;\">Na\u0161e <strong>svietidl\u00e1<\/strong> a ostatn\u00e9 v\u00fdrobky s\u00fa ob\u013e\u00faben\u00e9 na celom<strong> svete<\/strong>.<\/span><\/p>\n<table style=\"height: 442px;\">\n<tbody>\n<tr style=\"height: 23px;\">\n<td style=\"width: 205px; height: 23px;\"><span style=\"text-decoration: underline; font-size: 16px;\"><strong><span style=\"color: #000000; text-decoration: underline;\">TECHNICK\u00c9 PARAMETRE<\/span><\/strong><\/span><\/td>\n<td style=\"width: 608px; height: 23px;\">&nbsp;<\/td>\n<\/tr>\n<tr style=\"height: 23px;\">\n<td style=\"width: 205px; height: 23px;\"><span style=\"color: #000000;\">pou\u017eitie pre<\/span><\/td>\n<td style=\"width: 608px; height: 23px;\">\n<p><span style=\"color: #000000;\"><strong>PL121, PL121H, PL121H\/U, PL120P\/U<\/strong><\/span><\/p>\n<\/td>\n<\/tr>\n<tr style=\"height: 23px;\">\n<td style=\"width: 205px; height: 23px;\"><span style=\"color: #000000;\">balenie<\/span><\/td>\n<td style=\"width: 608px; height: 23px;\"><span style=\"color: #000000;\"><strong>1\/100<\/strong><\/span><\/td>\n<\/tr>\n<\/tbody>\n<\/table>\n","protected":false},"excerpt":{"rendered":"<p>Mont\u00e1\u017ene klipy pre LED panel zna\u010dky NEDES, sl\u00fa\u017eia na upevnenie panelu na strop. Tieto klipy s\u00fa navrhnut\u00e9 tak, aby bolo mo\u017en\u00e9 LED panel jednoducho a bezpe\u010dne pripevni\u0165 a z\u00e1rove\u0148 umo\u017e\u0148uj\u00fa \u013eahk\u00fa mont\u00e1\u017e, demont\u00e1\u017e, \u00fadr\u017ebu alebo v\u00fdmenu. Zabezpe\u010duj\u00fa optim\u00e1lnu stabilitu a bezpe\u010dnos\u0165 po\u010das in\u0161tal\u00e1cie a pou\u017e\u00edvania. Na\u0161e svietidl\u00e1 a ostatn\u00e9 v\u00fdrobky s\u00fa ob\u013e\u00faben\u00e9 na celom svete. [&hellip;]<\/p>\n","protected":false},"featured_media":9725,"comment_status":"closed","ping_status":"open","template":"","meta":[],"product_brand":[],"product_cat":[99],"product_tag":[],"class_list":{"0":"post-9724","1":"product","2":"type-product","3":"status-publish","4":"has-post-thumbnail","6":"product_cat-led-panely-25w-45w","8":"first","9":"instock","10":"purchasable","11":"product-type-simple"},"_links":{"self":[{"href":"https:\/\/nedes.significa.sk\/cs\/wp-json\/wp\/v2\/product\/9724","targetHints":{"allow":["GET"]}}],"collection":[{"href":"https:\/\/nedes.significa.sk\/cs\/wp-json\/wp\/v2\/product"}],"about":[{"href":"https:\/\/nedes.significa.sk\/cs\/wp-json\/wp\/v2\/types\/product"}],"replies":[{"embeddable":true,"href":"https:\/\/nedes.significa.sk\/cs\/wp-json\/wp\/v2\/comments?post=9724"}],"wp:featuredmedia":[{"embeddable":true,"href":"https:\/\/nedes.significa.sk\/cs\/wp-json\/wp\/v2\/media\/9725"}],"wp:attachment":[{"href":"https:\/\/nedes.significa.sk\/cs\/wp-json\/wp\/v2\/media?parent=9724"}],"wp:term":[{"taxonomy":"product_brand","embeddable":true,"href":"https:\/\/nedes.significa.sk\/cs\/wp-json\/wp\/v2\/product_brand?post=9724"},{"taxonomy":"product_cat","embeddable":true,"href":"https:\/\/nedes.significa.sk\/cs\/wp-json\/wp\/v2\/product_cat?post=9724"},{"taxonomy":"product_tag","embeddable":true,"href":"https:\/\/nedes.significa.sk\/cs\/wp-json\/wp\/v2\/product_tag?post=9724"}],"curies":[{"name":"wp","href":"https:\/\/api.w.org\/{rel}","templated":true}]}}