{"id":9763,"date":"2024-09-12T06:46:39","date_gmt":"2024-09-12T06:46:39","guid":{"rendered":"https:\/\/nedes.significa.sk\/produkty\/led-vonkajsie-podlahove-svetlo-04w-ip67-fl104-2800k-lfl113\/"},"modified":"2024-09-12T06:46:56","modified_gmt":"2024-09-12T06:46:56","slug":"led-vonkajsie-podlahove-svetlo-04w-ip67-fl104-2800k-lfl113","status":"publish","type":"product","link":"https:\/\/nedes.significa.sk\/cs\/produkty\/led-vonkajsie-podlahove-svetlo-04w-ip67-fl104-2800k-lfl113\/","title":{"rendered":"LED vonkaj\u0161ie podlahov\u00e9 svetlo 0,4W \/ IP67 FL104 \/ 2800K &#8211; LFL113"},"content":{"rendered":"<p><span style=\"color: #000000;\"><strong>LED podlahov\u00e9 svietidlo <\/strong>s nap\u00e4t\u00edm<strong> DC12V <\/strong>zna\u010dky<strong> NEDES,<\/strong> s kryt\u00edm <strong>IP67<\/strong> je charakteristick\u00e9 svojim jednoduch\u00fdm dizajnom, ale z\u00e1rove\u0148 funk\u010dn\u00fdm preveden\u00edm vhodn\u00fdm ako do<strong> exteri\u00e9ru<\/strong>, tak aj <strong>interi\u00e9ru<\/strong>. <\/span><\/p>\n<p><span style=\"color: #000000;\">Vyu\u017e\u00edvan\u00e9 je najm\u00e4 na <strong>osvetlenie<\/strong> okolo baz\u00e9na, plotov, alt\u00e1nkov, ale aj z\u00e1hrad. <\/span><\/p>\n<p><span style=\"color: #000000;\">Je vyroben\u00e9 z odoln\u00fdch materi\u00e1lov a je cenovo dostupn\u00e9. <\/span><\/p>\n<p><span style=\"color: #000000;\">Jeho n\u00edzka spotreba a dlh\u00e1 \u017eivotnos\u0165 robia z tohto svietidla energeticky efekt\u00edvne rie\u0161enie.<\/span><\/p>\n<p><span style=\"color: #000000;\"> Produkt poskytuje intenz\u00edvne <strong>osvetlenie s tepl\u00fdm<\/strong> <strong>bielym svetlom<\/strong>.<\/span><\/p>\n<p><span style=\"color: #000000;\"> V kateg\u00f3rii <strong>pr\u00edslu\u0161enstvo<\/strong> n\u00e1jdete <strong>nap\u00e1jac\u00ed zdroj 8W a 30W, predl\u017eovac\u00ed k\u00e1bel 1m, 2m a 3m, sveteln\u00fd senzor 60W a ukon\u010dovacie vie\u010dko<\/strong>, ktor\u00e9 je mo\u017en\u00e9 si k v\u00fdrobku dok\u00fapi\u0165. <\/span><\/p>\n<p><span style=\"color: #000000;\">V\u010faka svojej n\u00edzkej spotrebe energie, je toto <strong>svietidlo <\/strong>ob\u013e\u00faben\u00e9 na celom <strong>svete.<\/strong><\/span><\/p>\n<table style=\"height: 419px;\">\n<tbody>\n<tr style=\"height: 23px;\">\n<td style=\"width: 205.265625px; height: 23px;\"><span style=\"text-decoration: underline; font-size: 16px;\"><strong><span style=\"color: #000000; text-decoration: underline;\">TECHNICK\u00c9 PARAMETRE<\/span><\/strong><\/span><\/td>\n<td style=\"width: 608.875px; height: 23px;\">&nbsp;<\/td>\n<\/tr>\n<tr style=\"height: 23px;\">\n<td style=\"width: 205.265625px; height: 23px;\"><span style=\"color: #000000;\">spotreba<\/span><\/td>\n<td style=\"width: 608.875px; height: 23px;\"><span style=\"color: #000000;\"><strong>0,4W<\/strong><\/span><\/td>\n<\/tr>\n<tr style=\"height: 23px;\">\n<td style=\"width: 205.265625px; height: 23px;\"><span style=\"color: #000000;\">sveteln\u00fd tok<\/span><\/td>\n<td style=\"width: 608.875px; height: 23px;\"><span style=\"color: #000000;\"><strong>59Lm<\/strong><\/span><\/td>\n<\/tr>\n<tr style=\"height: 23px;\">\n<td style=\"width: 205.265625px; height: 23px;\"><span style=\"color: #000000;\">krytie<\/span><\/td>\n<td style=\"width: 608.875px; height: 23px;\"><span style=\"color: #000000;\"><strong>IP67<\/strong><\/span><\/td>\n<\/tr>\n<tr style=\"height: 23px;\">\n<td style=\"width: 205.265625px; height: 23px;\"><span style=\"color: #000000;\">chromati\u010dnos\u0165 (farba svetla)<\/span><\/td>\n<td style=\"width: 608.875px; height: 23px;\"><span style=\"color: #000000;\"><strong>2800K &#8211; tepl\u00e1 biela<\/strong><\/span><\/td>\n<\/tr>\n<tr style=\"height: 23px;\">\n<td style=\"width: 205.265625px; height: 23px;\"><span style=\"color: #000000;\">za\u0165a\u017eenie<\/span><\/td>\n<td style=\"width: 608.875px; height: 23px;\"><span style=\"color: #000000;\"><strong>do 100kg<\/strong><\/span><\/td>\n<\/tr>\n<tr style=\"height: 23px;\">\n<td style=\"width: 205.265625px; height: 23px;\"><span style=\"color: #000000;\">uhol svetla<\/span><\/td>\n<td style=\"width: 608.875px; height: 23px;\"><span style=\"color: #000000;\"><strong>120\u00b0<\/strong><\/span><\/td>\n<\/tr>\n<tr style=\"height: 23px;\">\n<td style=\"width: 205.265625px; height: 23px;\"><span style=\"color: #000000;\">rozmer (mm)<\/span><\/td>\n<td style=\"width: 608.875px; height: 23px;\"><span style=\"color: #000000;\"><strong>\u00d839,5 x 20<\/strong><\/span><\/td>\n<\/tr>\n<tr style=\"height: 23px;\">\n<td style=\"width: 205.265625px; height: 23px;\"><span style=\"color: #000000;\"> mont\u00e1\u017eny otvor (mm)<\/span><\/td>\n<td style=\"width: 608.875px; height: 23px;\"><span style=\"color: #000000;\"><strong>\u00d832<\/strong><\/span><\/td>\n<\/tr>\n<tr style=\"height: 23px;\">\n<td style=\"width: 205.265625px; height: 23px;\"><span style=\"color: #000000;\">nap\u00e4tie <\/span><\/td>\n<td style=\"width: 608.875px; height: 23px;\"><strong><span style=\"color: #000000;\">DC12V<\/span><\/strong><\/td>\n<\/tr>\n<tr style=\"height: 23px;\">\n<td style=\"width: 205.265625px; height: 23px;\"><span style=\"color: #000000;\">\u017eivotnos\u0165<\/span><\/td>\n<td style=\"width: 608.875px; height: 23px;\"><span style=\"color: #000000;\"><strong>50 000h<\/strong><\/span><\/td>\n<\/tr>\n<tr style=\"height: 23px;\">\n<td style=\"width: 205.265625px; height: 23px;\"><span style=\"color: #000000;\">sp\u00ednac\u00ed cyklus<\/span><\/td>\n<td style=\"width: 608.875px; height: 23px;\"><span style=\"color: #000000;\"><strong>30 000 x<\/strong><\/span><\/td>\n<\/tr>\n<tr style=\"height: 23px;\">\n<td style=\"width: 205.265625px; height: 23px;\"><span style=\"color: #000000;\">hmotnos\u0165 netto (g)<\/span><\/td>\n<td style=\"width: 608.875px; height: 23px;\"><span style=\"color: #000000;\"><strong>97<\/strong><\/span><\/td>\n<\/tr>\n<tr style=\"height: 23px;\">\n<td style=\"width: 205.265625px; height: 23px;\"><span style=\"color: #000000;\">pr\u00edvodn\u00fd k\u00e1bel<\/span><\/td>\n<td style=\"width: 608.875px; height: 23px;\"><span style=\"color: #000000;\"><strong>2 x 1000mm<\/strong><\/span><\/td>\n<\/tr>\n<tr style=\"height: 23px;\">\n<td style=\"width: 205.265625px; height: 28px;\"><span style=\"color: #000000;\">stmievate\u013en\u00e1<\/span><\/td>\n<td style=\"width: 608.875px; height: 28px;\"><span style=\"color: #000000;\"><strong>nie<\/strong><\/span><\/td>\n<\/tr>\n<tr style=\"height: 23px;\">\n<td style=\"width: 205.265625px; height: 23px;\"><span style=\"color: #000000;\">materi\u00e1l<\/span><\/td>\n<td style=\"width: 608.875px; height: 23px;\"><strong><span style=\"color: #000000;\">metal<\/span><\/strong><\/td>\n<\/tr>\n<tr style=\"height: 23px;\">\n<td style=\"width: 205.265625px; height: 23px;\"><span style=\"color: #000000;\">typ dif\u00fazora<\/span><\/td>\n<td style=\"width: 608.875px; height: 23px;\"><strong><span style=\"color: #000000;\">opal<\/span><\/strong><\/td>\n<\/tr>\n<tr style=\"height: 23px;\">\n<td style=\"width: 205.265625px; height: 23px;\"><span style=\"color: #000000;\">balenie<\/span><\/td>\n<td style=\"width: 608.875px; height: 23px;\"><span style=\"color: #000000;\"><strong>1\/10\/60<\/strong><\/span><\/td>\n<\/tr>\n<tr>\n<td style=\"width: 205.266px;\"><span style=\"color: #000000;\">LED s\u00fa nevymenite\u013en\u00e9<\/span><span style=\"color: #000000;\"><br \/><\/span><\/td>\n<td style=\"width: 608.875px;\"><span style=\"color: #000000;\"><strong>&nbsp;<\/strong><\/span><\/td>\n<\/tr>\n<\/tbody>\n<\/table>\n<p>-cena produktu zah\u0155\u0148a recykla\u010dn\u00fd poplatok v hodnote 0,10\u20ac bez DPH (0,12\u20ac s DPH)<\/p>\n","protected":false},"excerpt":{"rendered":"<p>LED podlahov\u00e9 svietidlo s nap\u00e4t\u00edm DC12V zna\u010dky NEDES, s kryt\u00edm IP67 je charakteristick\u00e9 svojim jednoduch\u00fdm dizajnom, ale z\u00e1rove\u0148 funk\u010dn\u00fdm preveden\u00edm vhodn\u00fdm ako do exteri\u00e9ru, tak aj interi\u00e9ru. Vyu\u017e\u00edvan\u00e9 je najm\u00e4 na osvetlenie okolo baz\u00e9na, plotov, alt\u00e1nkov, ale aj z\u00e1hrad. Je vyroben\u00e9 z odoln\u00fdch materi\u00e1lov a je cenovo dostupn\u00e9. Jeho n\u00edzka spotreba a dlh\u00e1 \u017eivotnos\u0165 robia [&hellip;]<\/p>\n","protected":false},"featured_media":9764,"comment_status":"closed","ping_status":"open","template":"","meta":[],"product_brand":[],"product_cat":[108],"product_tag":[],"class_list":{"0":"post-9763","1":"product","2":"type-product","3":"status-publish","4":"has-post-thumbnail","6":"product_cat-dc12v","8":"first","9":"instock","10":"purchasable","11":"product-type-simple"},"_links":{"self":[{"href":"https:\/\/nedes.significa.sk\/cs\/wp-json\/wp\/v2\/product\/9763","targetHints":{"allow":["GET"]}}],"collection":[{"href":"https:\/\/nedes.significa.sk\/cs\/wp-json\/wp\/v2\/product"}],"about":[{"href":"https:\/\/nedes.significa.sk\/cs\/wp-json\/wp\/v2\/types\/product"}],"replies":[{"embeddable":true,"href":"https:\/\/nedes.significa.sk\/cs\/wp-json\/wp\/v2\/comments?post=9763"}],"wp:featuredmedia":[{"embeddable":true,"href":"https:\/\/nedes.significa.sk\/cs\/wp-json\/wp\/v2\/media\/9764"}],"wp:attachment":[{"href":"https:\/\/nedes.significa.sk\/cs\/wp-json\/wp\/v2\/media?parent=9763"}],"wp:term":[{"taxonomy":"product_brand","embeddable":true,"href":"https:\/\/nedes.significa.sk\/cs\/wp-json\/wp\/v2\/product_brand?post=9763"},{"taxonomy":"product_cat","embeddable":true,"href":"https:\/\/nedes.significa.sk\/cs\/wp-json\/wp\/v2\/product_cat?post=9763"},{"taxonomy":"product_tag","embeddable":true,"href":"https:\/\/nedes.significa.sk\/cs\/wp-json\/wp\/v2\/product_tag?post=9763"}],"curies":[{"name":"wp","href":"https:\/\/api.w.org\/{rel}","templated":true}]}}