{"id":9816,"date":"2024-09-12T06:47:06","date_gmt":"2024-09-12T06:47:06","guid":{"rendered":"https:\/\/nedes.significa.sk\/produkty\/naklopny-drziak-pre-led-svietidla-ufo-lu012-150w-hu02\/"},"modified":"2024-09-12T06:47:19","modified_gmt":"2024-09-12T06:47:19","slug":"naklopny-drziak-pre-led-svietidla-ufo-lu012-150w-hu02","status":"publish","type":"product","link":"https:\/\/nedes.significa.sk\/cs\/produkty\/naklopny-drziak-pre-led-svietidla-ufo-lu012-150w-hu02\/","title":{"rendered":"N\u00e1klopn\u00fd dr\u017eiak pre LED svietidl\u00e1 UFO LU012 \/ 150W &#8211; HU02"},"content":{"rendered":"<p><span style=\"color: #000000;\"><strong>N\u00e1klopn\u00fd dr\u017eiak<\/strong> pre <strong>LED priemysel\u00e9 UFO svietidlo,<\/strong> sprav\u00ed z <strong>LED priemyseln\u00e9ho svetla<\/strong> tzv. <strong>Highbayu<\/strong> inteligentn\u00e9 <strong>osvetlenie<\/strong>. <\/span><\/p>\n<p><span style=\"color: #000000;\">Na\u0161e <strong>svietidl\u00e1<\/strong> a ostatn\u00e9 v\u00fdrobky s\u00fa ob\u013e\u00faben\u00e9 na celom <strong>svete.<\/strong>&nbsp;<\/span><\/p>\n<table style=\"height: 442px;\">\n<tbody>\n<tr style=\"height: 23px;\">\n<td style=\"width: 205px; height: 23px;\"><span style=\"text-decoration: underline; font-size: 16px;\"><strong><span style=\"color: #000000; text-decoration: underline;\">TECHNICK\u00c9 PARAMETRE<\/span><\/strong><\/span><\/td>\n<td style=\"width: 608px; height: 23px;\">&nbsp;<\/td>\n<\/tr>\n<tr style=\"height: 23px;\">\n<td style=\"width: 205px; height: 23px;\"><span style=\"color: #000000;\">nakl\u00e1panie<\/span><\/td>\n<td style=\"width: 608px; height: 23px;\"><span style=\"color: #000000;\"><strong>180\u00b0<\/strong><\/span><\/td>\n<\/tr>\n<tr style=\"height: 23px;\">\n<td style=\"width: 205px; height: 23px;\"><span style=\"color: #000000;\">pou\u017eitie pre<\/span><\/td>\n<td style=\"width: 608px; height: 23px;\"><span style=\"color: #000000;\"><strong>LU012\/1, LU012\/DALI<\/strong><\/span><\/td>\n<\/tr>\n<tr style=\"height: 23px;\">\n<td style=\"width: 205px; height: 23px;\"><span style=\"color: #000000;\">balenie<\/span><\/td>\n<td style=\"width: 608px; height: 23px;\"><span style=\"color: #000000;\"><strong>1\/50<\/strong><\/span><\/td>\n<\/tr>\n<\/tbody>\n<\/table>\n","protected":false},"excerpt":{"rendered":"<p>N\u00e1klopn\u00fd dr\u017eiak pre LED priemysel\u00e9 UFO svietidlo, sprav\u00ed z LED priemyseln\u00e9ho svetla tzv. Highbayu inteligentn\u00e9 osvetlenie. Na\u0161e svietidl\u00e1 a ostatn\u00e9 v\u00fdrobky s\u00fa ob\u013e\u00faben\u00e9 na celom svete.&nbsp; TECHNICK\u00c9 PARAMETRE &nbsp; nakl\u00e1panie 180\u00b0 pou\u017eitie pre LU012\/1, LU012\/DALI balenie 1\/50<\/p>\n","protected":false},"featured_media":9817,"comment_status":"closed","ping_status":"open","template":"","meta":[],"product_brand":[],"product_cat":[112],"product_tag":[],"class_list":{"0":"post-9816","1":"product","2":"type-product","3":"status-publish","4":"has-post-thumbnail","6":"product_cat-prislusenstvo-led-svietidla-priemyselne","8":"first","9":"instock","10":"purchasable","11":"product-type-simple"},"_links":{"self":[{"href":"https:\/\/nedes.significa.sk\/cs\/wp-json\/wp\/v2\/product\/9816","targetHints":{"allow":["GET"]}}],"collection":[{"href":"https:\/\/nedes.significa.sk\/cs\/wp-json\/wp\/v2\/product"}],"about":[{"href":"https:\/\/nedes.significa.sk\/cs\/wp-json\/wp\/v2\/types\/product"}],"replies":[{"embeddable":true,"href":"https:\/\/nedes.significa.sk\/cs\/wp-json\/wp\/v2\/comments?post=9816"}],"wp:featuredmedia":[{"embeddable":true,"href":"https:\/\/nedes.significa.sk\/cs\/wp-json\/wp\/v2\/media\/9817"}],"wp:attachment":[{"href":"https:\/\/nedes.significa.sk\/cs\/wp-json\/wp\/v2\/media?parent=9816"}],"wp:term":[{"taxonomy":"product_brand","embeddable":true,"href":"https:\/\/nedes.significa.sk\/cs\/wp-json\/wp\/v2\/product_brand?post=9816"},{"taxonomy":"product_cat","embeddable":true,"href":"https:\/\/nedes.significa.sk\/cs\/wp-json\/wp\/v2\/product_cat?post=9816"},{"taxonomy":"product_tag","embeddable":true,"href":"https:\/\/nedes.significa.sk\/cs\/wp-json\/wp\/v2\/product_tag?post=9816"}],"curies":[{"name":"wp","href":"https:\/\/api.w.org\/{rel}","templated":true}]}}