{"id":10048,"date":"2024-09-12T06:48:42","date_gmt":"2024-09-12T06:48:42","guid":{"rendered":"https:\/\/nedes.significa.sk\/produkty\/led-poulicne-svietidlo-na-prechod-prave-40w-5000k-lsl621-rp\/"},"modified":"2024-09-12T06:49:00","modified_gmt":"2024-09-12T06:49:00","slug":"led-poulicne-svietidlo-na-prechod-prave-40w-5000k-lsl621-rp","status":"publish","type":"product","link":"https:\/\/nedes.significa.sk\/de\/produkty\/led-poulicne-svietidlo-na-prechod-prave-40w-5000k-lsl621-rp\/","title":{"rendered":"LED pouli\u010dn\u00e9 svietidlo na prechod prav\u00e9 40W \/ 5000K &#8211; LSL621\/RP"},"content":{"rendered":"<p><span style=\"color: #000000; font-size: 14px; background-color: #ffffff;\"><strong>Asymetrick\u00e9 LED verejn\u00e9 osvetlenie prav\u00e9<\/strong>, zna\u010dky<strong> NEDES<\/strong> s neutr\u00e1lnym bielym svetlom poskytuje efekt\u00edvne osvetlenie. <\/span><\/p>\n<p><span style=\"color: #000000; font-size: 14px; background-color: #ffffff;\">V\u00fdkonn\u00e1<strong> verejn\u00e1&nbsp;lampa<\/strong> zabezpe\u010duje vysok\u00fd sveteln\u00fd v\u00fdkon a energetick\u00fa efekt\u00edvnos\u0165. <\/span><\/p>\n<p><span style=\"color: #000000; font-size: 14px; background-color: #ffffff;\">Je ide\u00e1lne ako <strong>verejn\u00e9, exteri\u00e9rov\u00e9 svetlo<\/strong> na osvetlenie<strong> prechodov pre chodcov<\/strong>. <\/span><\/p>\n<p><span style=\"color: #000000; font-size: 14px; background-color: #ffffff;\">Medzi k\u013e\u00fa\u010dov\u00e9 vlastnosti patr\u00ed<strong> jednoduch\u00fd<\/strong> a <strong>modern\u00fd dizajn<\/strong>, <strong>LED technol\u00f3gia<\/strong>, <strong>\u00faspornos\u0165<\/strong>,<strong> spo\u013eahlivos\u0165<\/strong> a v neposlednom rade <strong>cenov\u00e1 dostupnos\u0165<\/strong>.<\/span><\/p>\n<p><span style=\"color: #000000; font-size: 14px; background-color: #ffffff;\">Na\u0161e <strong>svietidl\u00e1<\/strong> s\u00fa v\u010faka svojej n\u00edzkej spotrebe energie ob\u013e\u00faben\u00e9 na celom <strong>svete.<\/strong>&nbsp;<\/span><\/p>\n<p><span style=\"color: #000000; font-size: 14px; background-color: #ffffff;\">ZH driver<\/span><br \/><span style=\"color: #000000; font-size: 14px; background-color: #ffffff;\">HONGLI led<\/span><br \/><span style=\"color: #000000; font-size: 14px; background-color: #ffffff;\">PF &gt; 0,95<\/span><\/p>\n<table style=\"height: 391px;\">\n<tbody>\n<tr style=\"height: 23px;\">\n<td style=\"width: 205px; height: 23px;\"><span style=\"text-decoration: underline; font-size: 16px;\"><strong><span style=\"color: #000000; text-decoration: underline;\">TECHNICK\u00c9 PARAMETRE<\/span><\/strong><\/span><\/td>\n<td style=\"width: 608px; height: 23px;\">&nbsp;<\/td>\n<\/tr>\n<tr style=\"height: 23px;\">\n<td style=\"width: 205px; height: 23px;\"><span style=\"color: #000000;\">spotreba<\/span><\/td>\n<td style=\"width: 608px; height: 23px;\"><span style=\"color: #000000;\"><strong>40W<\/strong><\/span><\/td>\n<\/tr>\n<tr style=\"height: 23px;\">\n<td style=\"width: 205px; height: 23px;\"><span style=\"color: #000000;\">sveteln\u00fd tok<\/span><\/td>\n<td style=\"width: 608px; height: 23px;\"><span style=\"color: #000000;\"><strong>&nbsp;\u03a6use &#8211; 5800Lm (120\u00b0)<\/strong><\/span><\/td>\n<\/tr>\n<tr style=\"height: 23px;\">\n<td style=\"width: 205px; height: 23px;\"><span style=\"color: #000000;\">rozmer (mm)<\/span><\/td>\n<td style=\"width: 608px; height: 23px;\"><span style=\"color: #000000;\"><strong>420 x 210 x 85<\/strong><\/span><\/td>\n<\/tr>\n<tr style=\"height: 23px;\">\n<td style=\"width: 205px; height: 23px;\"><span style=\"color: #000000;\">mot\u00e1\u017e na v\u00fdlo\u017en\u00edk s \u00d8<\/span><\/td>\n<td style=\"width: 608px; height: 23px;\"><span style=\"color: #000000;\"><strong>50mm<\/strong><\/span><\/td>\n<\/tr>\n<tr style=\"height: 23px;\">\n<td style=\"width: 205px; height: 23px;\"><span style=\"color: #000000;\">chromati\u010dnos\u0165 (farba svetla)<\/span><\/td>\n<td style=\"width: 608px; height: 23px;\"><span style=\"color: #000000;\"><strong>5000K &#8211; neutr\u00e1lna biela<\/strong><\/span><\/td>\n<\/tr>\n<tr style=\"height: 23px;\">\n<td style=\"width: 205px; height: 23px;\"><span style=\"color: #000000;\">uhol svetla<\/span><\/td>\n<td style=\"width: 608px; height: 23px;\"><span style=\"color: #000000;\"><strong>36 x 106\u00b0<\/strong><\/span><\/td>\n<\/tr>\n<tr style=\"height: 23px;\">\n<td style=\"width: 205px; height: 23px;\"><span style=\"color: #000000;\">nap\u00e4tie <\/span><\/td>\n<td style=\"width: 608px; height: 23px;\"><span style=\"color: #000000;\"><strong>AC100 &#8211; 277V<\/strong><\/span><\/td>\n<\/tr>\n<tr style=\"height: 23px;\">\n<td style=\"width: 205px; height: 23px;\"><span style=\"color: #000000;\">\u017eivotnos\u0165<\/span><\/td>\n<td style=\"width: 608px; height: 23px;\"><span style=\"color: #000000;\"><strong>50 000h<\/strong><\/span><\/td>\n<\/tr>\n<tr style=\"height: 23px;\">\n<td style=\"width: 205px; height: 23px;\"><span style=\"color: #000000;\">sp\u00ednac\u00ed cyklus<\/span><\/td>\n<td style=\"width: 608px; height: 23px;\"><span style=\"color: #000000;\"><strong>30 000 x<\/strong><\/span><\/td>\n<\/tr>\n<tr style=\"height: 23px;\">\n<td style=\"width: 205px; height: 23px;\"><span style=\"color: #000000;\">hmotnos\u0165 netto (g)<\/span><\/td>\n<td style=\"width: 608px; height: 23px;\"><span style=\"color: #000000;\"><strong>3220<\/strong><\/span><\/td>\n<\/tr>\n<tr style=\"height: 23px;\">\n<td style=\"width: 205px; height: 23px;\"><span style=\"color: #000000;\">krytie<\/span><\/td>\n<td style=\"width: 608px; height: 23px;\"><span style=\"color: #000000;\"><strong>IP65<\/strong><\/span><\/td>\n<\/tr>\n<tr style=\"height: 23px;\">\n<td style=\"width: 205px; height: 23px;\"><span style=\"color: #000000;\">stupe\u0148 mechanickej ochrany<\/span><span style=\"color: #000000;\"><br \/><\/span><\/td>\n<td style=\"width: 608px; height: 23px;\"><span style=\"color: #000000;\"><strong>IK08<\/strong><\/span><\/td>\n<\/tr>\n<tr style=\"height: 23px;\">\n<td style=\"width: 205px; height: 23px;\"><span style=\"color: #000000;\">materi\u00e1l<\/span><\/td>\n<td style=\"width: 608px; height: 23px;\"><span style=\"color: #000000;\"><strong>metal &#8211; \u0161ed\u00e1<\/strong><\/span><\/td>\n<\/tr>\n<tr style=\"height: 23px;\">\n<td style=\"width: 205px; height: 23px;\"><span style=\"color: #000000;\">typ dif\u00fazora<\/span><\/td>\n<td style=\"width: 608px; height: 23px;\"><strong><span style=\"color: #000000;\">lens, ABS<\/span><\/strong><\/td>\n<\/tr>\n<tr style=\"height: 23px;\">\n<td style=\"width: 205px; height: 23px;\"><span style=\"color: #000000;\">balenie<\/span><\/td>\n<td style=\"width: 608px; height: 23px;\"><span style=\"color: #000000;\"><strong>1\/4<\/strong><\/span><\/td>\n<\/tr>\n<tr>\n<td style=\"width: 205px;\"><span style=\"color: #000000;\">LED s\u00fa nevymenite\u013en\u00e9<\/span><span style=\"color: #000000;\"><br \/><\/span><\/td>\n<td style=\"width: 608px;\"><span style=\"color: #000000;\"><strong>&nbsp;<\/strong><\/span><\/td>\n<\/tr>\n<\/tbody>\n<\/table>\n","protected":false},"excerpt":{"rendered":"<p>Asymetrick\u00e9 LED verejn\u00e9 osvetlenie prav\u00e9, zna\u010dky NEDES s neutr\u00e1lnym bielym svetlom poskytuje efekt\u00edvne osvetlenie. V\u00fdkonn\u00e1 verejn\u00e1&nbsp;lampa zabezpe\u010duje vysok\u00fd sveteln\u00fd v\u00fdkon a energetick\u00fa efekt\u00edvnos\u0165. Je ide\u00e1lne ako verejn\u00e9, exteri\u00e9rov\u00e9 svetlo na osvetlenie prechodov pre chodcov. Medzi k\u013e\u00fa\u010dov\u00e9 vlastnosti patr\u00ed jednoduch\u00fd a modern\u00fd dizajn, LED technol\u00f3gia, \u00faspornos\u0165, spo\u013eahlivos\u0165 a v neposlednom rade cenov\u00e1 dostupnos\u0165. Na\u0161e svietidl\u00e1 s\u00fa [&hellip;]<\/p>\n","protected":false},"featured_media":10049,"comment_status":"closed","ping_status":"open","template":"","meta":[],"product_brand":[],"product_cat":[125],"product_tag":[],"class_list":{"0":"post-10048","1":"product","2":"type-product","3":"status-publish","4":"has-post-thumbnail","6":"product_cat-asymetricke-prave","8":"first","9":"instock","10":"purchasable","11":"product-type-simple"},"_links":{"self":[{"href":"https:\/\/nedes.significa.sk\/de\/wp-json\/wp\/v2\/product\/10048","targetHints":{"allow":["GET"]}}],"collection":[{"href":"https:\/\/nedes.significa.sk\/de\/wp-json\/wp\/v2\/product"}],"about":[{"href":"https:\/\/nedes.significa.sk\/de\/wp-json\/wp\/v2\/types\/product"}],"replies":[{"embeddable":true,"href":"https:\/\/nedes.significa.sk\/de\/wp-json\/wp\/v2\/comments?post=10048"}],"wp:featuredmedia":[{"embeddable":true,"href":"https:\/\/nedes.significa.sk\/de\/wp-json\/wp\/v2\/media\/10049"}],"wp:attachment":[{"href":"https:\/\/nedes.significa.sk\/de\/wp-json\/wp\/v2\/media?parent=10048"}],"wp:term":[{"taxonomy":"product_brand","embeddable":true,"href":"https:\/\/nedes.significa.sk\/de\/wp-json\/wp\/v2\/product_brand?post=10048"},{"taxonomy":"product_cat","embeddable":true,"href":"https:\/\/nedes.significa.sk\/de\/wp-json\/wp\/v2\/product_cat?post=10048"},{"taxonomy":"product_tag","embeddable":true,"href":"https:\/\/nedes.significa.sk\/de\/wp-json\/wp\/v2\/product_tag?post=10048"}],"curies":[{"name":"wp","href":"https:\/\/api.w.org\/{rel}","templated":true}]}}