{"id":10327,"date":"2024-09-12T06:50:50","date_gmt":"2024-09-12T06:50:50","guid":{"rendered":"https:\/\/nedes.significa.sk\/produkty\/dialkovy-ovladac-pre-senzor-sm2-1-na-svietidlo-ufo-rlu2-1\/"},"modified":"2024-09-12T06:51:01","modified_gmt":"2024-09-12T06:51:01","slug":"dialkovy-ovladac-pre-senzor-sm2-1-na-svietidlo-ufo-rlu2-1","status":"publish","type":"product","link":"https:\/\/nedes.significa.sk\/de\/produkty\/dialkovy-ovladac-pre-senzor-sm2-1-na-svietidlo-ufo-rlu2-1\/","title":{"rendered":"Dia\u013ekov\u00fd ovl\u00e1da\u010d pre senzor SM2\/1 na svietidlo UFO &#8211; RLU2\/1"},"content":{"rendered":"<p><span style=\"color: #000000;\"><strong>Dia\u013ekov\u00fd ovl\u00e1da\u010d pre senzor<\/strong> sl\u00fa\u017ei na ru\u010dn\u00e9 ovl\u00e1danie funkci\u00ed senzora, ako je zapnutie, vypnutie, nastavenie citlivosti pohybu a \u010dasov\u00e9 oneskorenie.<\/span><\/p>\n<p><span style=\"color: #000000;\">Jeho pou\u017eitie je u\u017eito\u010dn\u00e9 v pr\u00edpadoch, ke\u010f je senzor umiestnen\u00fd na \u0165a\u017eko dostupn\u00fdch miestach alebo v pr\u00edpadoch, ke\u010f chcete ma\u0165 jednoduch\u00fa a pohodln\u00fa mo\u017enos\u0165 ru\u010dn\u00e9ho ovl\u00e1dania.<\/span><\/p>\n<p><span style=\"color: #000000;\">Na\u0161e <strong>svietidl\u00e1<\/strong> a ostatn\u00e9 v\u00fdrobky s\u00fa ob\u013e\u00faben\u00e9 na celom <strong>svete<\/strong>.<\/span><\/p>\n<table style=\"height: 442px;\">\n<tbody>\n<tr style=\"height: 23px;\">\n<td style=\"width: 205px; height: 23px;\"><span style=\"text-decoration: underline; font-size: 16px;\"><strong><span style=\"color: #000000; text-decoration: underline;\">TECHNICK\u00c9 PARAMETRE<\/span><\/strong><\/span><\/td>\n<td style=\"width: 608px; height: 23px;\">&nbsp;<\/td>\n<\/tr>\n<tr style=\"height: 23px;\">\n<td style=\"width: 205px; height: 23px;\"><span style=\"color: #000000;\">nap\u00e1janie<\/span><\/td>\n<td style=\"width: 608px; height: 23px;\"><span style=\"color: #000000;\"><strong>2 x AAA -1,5V ( neobsahuje )<\/strong><\/span><\/td>\n<\/tr>\n<tr style=\"height: 23px;\">\n<td style=\"width: 205px; height: 23px;\"><span style=\"color: #000000;\">pou\u017eitie pre<\/span><\/td>\n<td style=\"width: 608px; height: 23px;\"><span style=\"color: #000000;\"><strong>SM2\/1<\/strong><\/span><\/td>\n<\/tr>\n<tr style=\"height: 23px;\">\n<td style=\"width: 205px; height: 23px;\"><span style=\"color: #000000;\">balenie<\/span><\/td>\n<td style=\"width: 608px; height: 23px;\"><span style=\"color: #000000;\"><strong>1\/100<\/strong><\/span><\/td>\n<\/tr>\n<\/tbody>\n<\/table>\n","protected":false},"excerpt":{"rendered":"<p>Dia\u013ekov\u00fd ovl\u00e1da\u010d pre senzor sl\u00fa\u017ei na ru\u010dn\u00e9 ovl\u00e1danie funkci\u00ed senzora, ako je zapnutie, vypnutie, nastavenie citlivosti pohybu a \u010dasov\u00e9 oneskorenie. Jeho pou\u017eitie je u\u017eito\u010dn\u00e9 v pr\u00edpadoch, ke\u010f je senzor umiestnen\u00fd na \u0165a\u017eko dostupn\u00fdch miestach alebo v pr\u00edpadoch, ke\u010f chcete ma\u0165 jednoduch\u00fa a pohodln\u00fa mo\u017enos\u0165 ru\u010dn\u00e9ho ovl\u00e1dania. Na\u0161e svietidl\u00e1 a ostatn\u00e9 v\u00fdrobky s\u00fa ob\u013e\u00faben\u00e9 na celom [&hellip;]<\/p>\n","protected":false},"featured_media":10328,"comment_status":"closed","ping_status":"open","template":"","meta":[],"product_brand":[],"product_cat":[112],"product_tag":[],"class_list":{"0":"post-10327","1":"product","2":"type-product","3":"status-publish","4":"has-post-thumbnail","6":"product_cat-prislusenstvo-led-svietidla-priemyselne","8":"first","9":"instock","10":"purchasable","11":"product-type-simple"},"_links":{"self":[{"href":"https:\/\/nedes.significa.sk\/de\/wp-json\/wp\/v2\/product\/10327","targetHints":{"allow":["GET"]}}],"collection":[{"href":"https:\/\/nedes.significa.sk\/de\/wp-json\/wp\/v2\/product"}],"about":[{"href":"https:\/\/nedes.significa.sk\/de\/wp-json\/wp\/v2\/types\/product"}],"replies":[{"embeddable":true,"href":"https:\/\/nedes.significa.sk\/de\/wp-json\/wp\/v2\/comments?post=10327"}],"wp:featuredmedia":[{"embeddable":true,"href":"https:\/\/nedes.significa.sk\/de\/wp-json\/wp\/v2\/media\/10328"}],"wp:attachment":[{"href":"https:\/\/nedes.significa.sk\/de\/wp-json\/wp\/v2\/media?parent=10327"}],"wp:term":[{"taxonomy":"product_brand","embeddable":true,"href":"https:\/\/nedes.significa.sk\/de\/wp-json\/wp\/v2\/product_brand?post=10327"},{"taxonomy":"product_cat","embeddable":true,"href":"https:\/\/nedes.significa.sk\/de\/wp-json\/wp\/v2\/product_cat?post=10327"},{"taxonomy":"product_tag","embeddable":true,"href":"https:\/\/nedes.significa.sk\/de\/wp-json\/wp\/v2\/product_tag?post=10327"}],"curies":[{"name":"wp","href":"https:\/\/api.w.org\/{rel}","templated":true}]}}