{"id":10332,"date":"2024-09-12T06:50:50","date_gmt":"2024-09-12T06:50:50","guid":{"rendered":"https:\/\/nedes.significa.sk\/produkty\/naklapacie-uchyty-pre-led-svietidla-ip65-lnl324-3-lnl334-3w-lnl325-3-snr180-1\/"},"modified":"2024-09-12T06:51:03","modified_gmt":"2024-09-12T06:51:03","slug":"naklapacie-uchyty-pre-led-svietidla-ip65-lnl324-3-lnl334-3w-lnl325-3-snr180-1","status":"publish","type":"product","link":"https:\/\/nedes.significa.sk\/de\/produkty\/naklapacie-uchyty-pre-led-svietidla-ip65-lnl324-3-lnl334-3w-lnl325-3-snr180-1\/","title":{"rendered":"Nakl\u00e1pacie \u00fachyty pre LED svietidl\u00e1 IP65 ( LNL324\/3, LNL334\/3W, LNL325\/3) &#8211; SNR180\/1"},"content":{"rendered":"<table style=\"height: 442px;\">\n<tbody>\n<tr style=\"height: 23px;\">\n<td style=\"width: 205px; height: 23px;\"><span style=\"text-decoration: underline; font-size: 16px;\"><strong><span style=\"color: #000000; text-decoration: underline;\">TECHNICK\u00c9 PARAMETRE<\/span><\/strong><\/span><\/td>\n<td style=\"width: 608px; height: 23px;\">&nbsp;<\/td>\n<\/tr>\n<tr style=\"height: 23px;\">\n<td style=\"width: 205px; height: 23px;\"><span style=\"color: #000000;\">nakl\u00e1panie<\/span><\/td>\n<td style=\"width: 608px; height: 23px;\"><span style=\"color: #000000;\"><strong>180\u00b0<\/strong><\/span><\/td>\n<\/tr>\n<tr style=\"height: 23px;\">\n<td style=\"width: 205px; height: 23px;\"><span style=\"color: #000000;\">pou\u017eitie pre<\/span><\/td>\n<td style=\"width: 608px; height: 23px;\"><span style=\"color: #000000;\"><strong>LNL324\/3, LNL334\/3W, LNL325\/3<\/strong><\/span><\/td>\n<\/tr>\n<tr style=\"height: 23px;\">\n<td style=\"width: 205px; height: 23px;\"><span style=\"color: #000000;\">balenie<\/span><\/td>\n<td style=\"width: 608px; height: 23px;\"><span style=\"color: #000000;\"><strong>1\/100<\/strong><\/span><\/td>\n<\/tr>\n<\/tbody>\n<\/table>\n","protected":false},"excerpt":{"rendered":"<p>TECHNICK\u00c9 PARAMETRE &nbsp; nakl\u00e1panie 180\u00b0 pou\u017eitie pre LNL324\/3, LNL334\/3W, LNL325\/3 balenie 1\/100<\/p>\n","protected":false},"featured_media":10333,"comment_status":"closed","ping_status":"open","template":"","meta":[],"product_brand":[],"product_cat":[101],"product_tag":[],"class_list":{"0":"post-10332","1":"product","2":"type-product","3":"status-publish","4":"has-post-thumbnail","6":"product_cat-led-linear-ip65","8":"first","9":"instock","10":"purchasable","11":"product-type-simple"},"_links":{"self":[{"href":"https:\/\/nedes.significa.sk\/de\/wp-json\/wp\/v2\/product\/10332","targetHints":{"allow":["GET"]}}],"collection":[{"href":"https:\/\/nedes.significa.sk\/de\/wp-json\/wp\/v2\/product"}],"about":[{"href":"https:\/\/nedes.significa.sk\/de\/wp-json\/wp\/v2\/types\/product"}],"replies":[{"embeddable":true,"href":"https:\/\/nedes.significa.sk\/de\/wp-json\/wp\/v2\/comments?post=10332"}],"wp:featuredmedia":[{"embeddable":true,"href":"https:\/\/nedes.significa.sk\/de\/wp-json\/wp\/v2\/media\/10333"}],"wp:attachment":[{"href":"https:\/\/nedes.significa.sk\/de\/wp-json\/wp\/v2\/media?parent=10332"}],"wp:term":[{"taxonomy":"product_brand","embeddable":true,"href":"https:\/\/nedes.significa.sk\/de\/wp-json\/wp\/v2\/product_brand?post=10332"},{"taxonomy":"product_cat","embeddable":true,"href":"https:\/\/nedes.significa.sk\/de\/wp-json\/wp\/v2\/product_cat?post=10332"},{"taxonomy":"product_tag","embeddable":true,"href":"https:\/\/nedes.significa.sk\/de\/wp-json\/wp\/v2\/product_tag?post=10332"}],"curies":[{"name":"wp","href":"https:\/\/api.w.org\/{rel}","templated":true}]}}