{"id":10456,"date":"2024-09-12T06:51:42","date_gmt":"2024-09-12T06:51:42","guid":{"rendered":"https:\/\/nedes.significa.sk\/produkty\/led-svietidlo-s-wifi-40w-ip40-3000k-6500k-lnl134w\/"},"modified":"2024-09-12T06:51:58","modified_gmt":"2024-09-12T06:51:58","slug":"led-svietidlo-s-wifi-40w-ip40-3000k-6500k-lnl134w","status":"publish","type":"product","link":"https:\/\/nedes.significa.sk\/de\/produkty\/led-svietidlo-s-wifi-40w-ip40-3000k-6500k-lnl134w\/","title":{"rendered":"LED svietidlo s WIFI 40W \/ IP40 3000K &#8211; 6500K &#8211; LNL134W"},"content":{"rendered":"<p><span style=\"color: #000000;\"><strong>LED line\u00e1rne svietidlo<\/strong>&nbsp;zna\u010dky<strong> NEDES<\/strong>&nbsp;je v\u00fdbornou vo\u013ebou pre <strong>interi\u00e9rov\u00e9<\/strong><strong>&nbsp;osvetlenie<\/strong>.<\/span><\/p>\n<p><span style=\"color: #000000;\">Disponuje<strong> zmenou farby svetla, no\u010dn\u00fdm re\u017eimom <\/strong>a<strong> stmievan\u00edm<\/strong>,<strong> p<\/strong><\/span><span style=\"color: #000000;\"><strong>am\u00e4\u0165ou posledn\u00e9ho nastavenia po vypnut\u00ed vyp\u00edna\u010dom<\/strong> (za podmienky, \u017ee svietidlo po poslednom nastaven\u00ed min.10sec svieti a n\u00e1sledne je min. 10sec vo vypnutom stave) a <\/span><strong><span style=\"color: #000000;\">pam\u00e4\u0165ou posledn\u00e9ho nastavenia po vypnut\u00ed v aplik\u00e1cii.<\/span><\/strong><\/p>\n<p><span style=\"color: #000000;\">V\u010faka svojej n\u00edzkej spotrebe energie s\u00fa tieto <strong>svietidl\u00e1 <\/strong>ob\u013e\u00faben\u00e9 na celom <strong>svete.<\/strong><\/span><\/p>\n<p><span style=\"color: #000000;\"><strong>SMART LED<\/strong><\/span><\/p>\n<div><span style=\"color: #000000;\">-Wifi 2,4GHz ( TUYA\/SmartLife App &#8211; AMAZON ALEXA \/ GOOGLE HOME ) + BT(BLE)<\/span><br \/><span style=\"color: #000000;\">-stmievanie<\/span><br \/><span style=\"color: #000000;\">-no\u010dn\u00fd re\u017eim<\/span><br \/><span style=\"color: #000000;\">-zmena farby svetla ( 3000K \u2013 6500K )<\/span><br \/><span style=\"color: #000000;\">-pam\u00e4\u0165 posledn\u00e9ho nastavenia po vypnut\u00ed vyp\u00edna\u010dom (za podmienky, \u017ee svietidlo po poslednom nastaven\u00ed min.10sec svieti a n\u00e1sledne je min. 10sec vo vypnutom stave)<\/span><\/div>\n<div><span style=\"color: #000000;\">-pam\u00e4\u0165 posledn\u00e9ho nastavenia po vypnut\u00ed v APP<\/span><\/div>\n<div><span style=\"color: #000000;\">-jednoduch\u00e1 &nbsp;mont\u00e1\u017e<\/span><\/div>\n<div><span style=\"color: #000000;\">-LED s\u00fa nevymenite\u013en\u00e9<\/span><\/div>\n<table style=\"height: 465px;\">\n<tbody>\n<tr style=\"height: 23px;\">\n<td style=\"width: 205px; height: 23px;\"><span style=\"text-decoration: underline; font-size: 16px;\"><strong><span style=\"color: #000000; text-decoration: underline;\">TECHNICK\u00c9 PARAMETRE<\/span><\/strong><\/span><\/td>\n<td style=\"width: 608px; height: 23px;\">&nbsp;<\/td>\n<\/tr>\n<tr style=\"height: 23px;\">\n<td style=\"width: 205px; height: 23px;\"><span style=\"color: #000000;\">spotreba<\/span><\/td>\n<td style=\"width: 608px; height: 23px;\"><span style=\"color: #000000;\"><strong>40W<\/strong><\/span><\/td>\n<\/tr>\n<tr style=\"height: 23px;\">\n<td style=\"width: 205px; height: 23px;\"><span style=\"color: #000000;\">sveteln\u00fd tok<\/span><\/td>\n<td style=\"width: 608px; height: 23px;\"><span style=\"color: #000000;\"><strong>4300Lm<\/strong><\/span><\/td>\n<\/tr>\n<tr style=\"height: 23px;\">\n<td style=\"width: 205px; height: 23px;\"><span style=\"color: #000000;\">krytie<\/span><\/td>\n<td style=\"width: 608px; height: 23px;\"><span style=\"color: #000000;\"><strong>IP40<\/strong><\/span><\/td>\n<\/tr>\n<tr style=\"height: 23px;\">\n<td style=\"width: 205px; height: 23px;\"><span style=\"color: #000000;\">chromati\u010dnos\u0165 (farba svetla)<\/span><\/td>\n<td style=\"width: 608px; height: 23px;\"><span style=\"color: #000000;\"><strong>3000K &#8211; 6500K<\/strong><\/span><\/td>\n<\/tr>\n<tr style=\"height: 23px;\">\n<td style=\"width: 205px; height: 23px;\"><span style=\"color: #000000;\">stupe\u0148 mechanickej ochrany<\/span><\/td>\n<td style=\"width: 608px; height: 23px;\"><span style=\"color: #000000;\"><strong>IK08<\/strong><\/span><\/td>\n<\/tr>\n<tr style=\"height: 23px;\">\n<td style=\"width: 205px; height: 23px;\"><span style=\"color: #000000;\">uhol svetla<\/span><\/td>\n<td style=\"width: 608px; height: 23px;\"><span style=\"color: #000000;\"><strong>120\u00b0<\/strong><\/span><\/td>\n<\/tr>\n<tr style=\"height: 23px;\">\n<td style=\"width: 205px; height: 23px;\"><span style=\"color: #000000;\">rozmer (mm)<\/span><\/td>\n<td style=\"width: 608px; height: 23px;\"><span style=\"color: #000000;\"><strong>1200 x 80 x 36<\/strong><\/span><\/td>\n<\/tr>\n<tr style=\"height: 23px;\">\n<td style=\"width: 205px; height: 23px;\"><span style=\"color: #000000;\">senzor<\/span><\/td>\n<td style=\"width: 608px; height: 23px;\"><span style=\"color: #000000;\"><strong>&#8211;<\/strong><\/span><\/td>\n<\/tr>\n<tr style=\"height: 23px;\">\n<td style=\"width: 205px; height: 23px;\"><span style=\"color: #000000;\">nadp\u00e1jateln\u00e9<\/span><\/td>\n<td style=\"width: 608px; height: 23px;\"><strong><span style=\"color: #000000;\">&#8211;<\/span><\/strong><\/td>\n<\/tr>\n<tr style=\"height: 23px;\">\n<td style=\"width: 205px; height: 23px;\"><span style=\"color: #000000;\">vyp\u00edna\u010d<\/span><\/td>\n<td style=\"width: 608px; height: 23px;\"><span style=\"color: #000000;\"><strong>&#8211;<\/strong><\/span><\/td>\n<\/tr>\n<tr style=\"height: 23px;\">\n<td style=\"width: 205px; height: 23px;\"><span style=\"color: #000000;\">nap\u00e4tie <\/span><\/td>\n<td style=\"width: 608px; height: 23px;\"><span style=\"color: #000000;\"><strong>AC180 &#8211; 265V<\/strong><\/span><\/td>\n<\/tr>\n<tr style=\"height: 23px;\">\n<td style=\"width: 205px; height: 23px;\"><span style=\"color: #000000;\">\u017eivotnos\u0165<\/span><\/td>\n<td style=\"width: 608px; height: 23px;\"><span style=\"color: #000000;\"><strong>30 000h<\/strong><\/span><\/td>\n<\/tr>\n<tr style=\"height: 23px;\">\n<td style=\"width: 205px; height: 23px;\"><span style=\"color: #000000;\">sp\u00ednac\u00ed cyklus<\/span><\/td>\n<td style=\"width: 608px; height: 23px;\"><span style=\"color: #000000;\"><strong>20 000 x<\/strong><\/span><\/td>\n<\/tr>\n<tr style=\"height: 23px;\">\n<td style=\"width: 205px; height: 23px;\"><span style=\"color: #000000;\">hmotnos\u0165 netto (g)<\/span><\/td>\n<td style=\"width: 608px; height: 23px;\"><span style=\"color: #000000;\"><strong>520<\/strong><\/span><\/td>\n<\/tr>\n<tr style=\"height: 23px;\">\n<td style=\"width: 205px; height: 28px;\"><span style=\"color: #000000;\">stmievate\u013en\u00e1<\/span><\/td>\n<td style=\"width: 608px; height: 28px;\"><span style=\"color: #000000;\"><strong>\u00e1no (APP)<\/strong><\/span><\/td>\n<\/tr>\n<tr style=\"height: 23px;\">\n<td style=\"width: 205px; height: 23px;\"><span style=\"color: #000000;\">materi\u00e1l<\/span><\/td>\n<td style=\"width: 608px; height: 23px;\"><strong><span style=\"color: #000000;\">thermal PC<\/span><\/strong><\/td>\n<\/tr>\n<tr style=\"height: 23px;\">\n<td style=\"width: 205px; height: 23px;\"><span style=\"color: #000000;\">typ dif\u00fazora<\/span><\/td>\n<td style=\"width: 608px; height: 23px;\"><strong><span style=\"color: #000000;\">op\u00e1lov\u00fd<\/span><\/strong><\/td>\n<\/tr>\n<tr style=\"height: 23px;\">\n<td style=\"width: 205px; height: 23px;\"><span style=\"color: #000000;\">balenie<\/span><\/td>\n<td style=\"width: 608px; height: 23px;\"><span style=\"color: #000000;\"><strong>1\/25<\/strong><\/span><\/td>\n<\/tr>\n<tr>\n<td style=\"width: 205px;\"><span style=\"color: #000000;\">LED s\u00fa nevymenite\u013en\u00e9<\/span><span style=\"color: #000000;\"><br \/><\/span><\/td>\n<td style=\"width: 608px;\"><span style=\"color: #000000;\"><strong>&nbsp;<\/strong><\/span><\/td>\n<\/tr>\n<\/tbody>\n<\/table>\n<p>-cena produktu zah\u0155\u0148a recykla\u010dn\u00fd poplatok v hodnote 0,40\u20ac bez DPH (0,48\u20ac s DPH)<\/p>\n","protected":false},"excerpt":{"rendered":"<p>LED line\u00e1rne svietidlo&nbsp;zna\u010dky NEDES&nbsp;je v\u00fdbornou vo\u013ebou pre interi\u00e9rov\u00e9&nbsp;osvetlenie. Disponuje zmenou farby svetla, no\u010dn\u00fdm re\u017eimom a stmievan\u00edm, pam\u00e4\u0165ou posledn\u00e9ho nastavenia po vypnut\u00ed vyp\u00edna\u010dom (za podmienky, \u017ee svietidlo po poslednom nastaven\u00ed min.10sec svieti a n\u00e1sledne je min. 10sec vo vypnutom stave) a pam\u00e4\u0165ou posledn\u00e9ho nastavenia po vypnut\u00ed v aplik\u00e1cii. V\u010faka svojej n\u00edzkej spotrebe energie s\u00fa tieto svietidl\u00e1 [&hellip;]<\/p>\n","protected":false},"featured_media":10457,"comment_status":"closed","ping_status":"open","template":"","meta":[],"product_brand":[],"product_cat":[102],"product_tag":[],"class_list":{"0":"post-10456","1":"product","2":"type-product","3":"status-publish","4":"has-post-thumbnail","6":"product_cat-led-linear-ip40","8":"first","9":"instock","10":"purchasable","11":"product-type-simple"},"_links":{"self":[{"href":"https:\/\/nedes.significa.sk\/de\/wp-json\/wp\/v2\/product\/10456","targetHints":{"allow":["GET"]}}],"collection":[{"href":"https:\/\/nedes.significa.sk\/de\/wp-json\/wp\/v2\/product"}],"about":[{"href":"https:\/\/nedes.significa.sk\/de\/wp-json\/wp\/v2\/types\/product"}],"replies":[{"embeddable":true,"href":"https:\/\/nedes.significa.sk\/de\/wp-json\/wp\/v2\/comments?post=10456"}],"wp:featuredmedia":[{"embeddable":true,"href":"https:\/\/nedes.significa.sk\/de\/wp-json\/wp\/v2\/media\/10457"}],"wp:attachment":[{"href":"https:\/\/nedes.significa.sk\/de\/wp-json\/wp\/v2\/media?parent=10456"}],"wp:term":[{"taxonomy":"product_brand","embeddable":true,"href":"https:\/\/nedes.significa.sk\/de\/wp-json\/wp\/v2\/product_brand?post=10456"},{"taxonomy":"product_cat","embeddable":true,"href":"https:\/\/nedes.significa.sk\/de\/wp-json\/wp\/v2\/product_cat?post=10456"},{"taxonomy":"product_tag","embeddable":true,"href":"https:\/\/nedes.significa.sk\/de\/wp-json\/wp\/v2\/product_tag?post=10456"}],"curies":[{"name":"wp","href":"https:\/\/api.w.org\/{rel}","templated":true}]}}