{"id":11321,"date":"2024-09-12T06:58:36","date_gmt":"2024-09-12T06:58:36","guid":{"rendered":"https:\/\/nedes.significa.sk\/produkty\/led-nudzove-svietidlo-2w-3h-ip20-lel202\/"},"modified":"2024-09-12T06:58:37","modified_gmt":"2024-09-12T06:58:37","slug":"led-nudzove-svietidlo-2w-3h-ip20-lel202","status":"publish","type":"product","link":"https:\/\/nedes.significa.sk\/de\/produkty\/led-nudzove-svietidlo-2w-3h-ip20-lel202\/","title":{"rendered":"LED n\u00fadzov\u00e9 svietidlo 2W \/ 3h \/ IP20 &#8211; LEL202"},"content":{"rendered":"<div><span style=\"color: #000000;\"><strong>Inovat\u00edvne LED n\u00fadzov\u00e9 svietidlo<\/strong>&nbsp;zna\u010dky<strong> NEDES<\/strong> sp\u00e1ja bezpe\u010dnos\u0165 a efekt\u00edvnos\u0165.<\/span><\/div>\n<div>&nbsp;<\/div>\n<div><span style=\"color: #000000;\"><strong>N\u00fadzov\u00e9 LED svietidlo je ur\u010den\u00e9 na povrchov\u00fa mont\u00e1\u017e &nbsp;2-mi sp\u00f4sobmi umiestnenia:<\/strong><\/span><br \/><span style=\"color: #000000;\">1. nad n\u00fadzov\u00fd v\u00fdchod<\/span><br \/><span style=\"color: #000000;\">2. na strop<\/span><\/p>\n<p><span style=\"color: #000000;\">-st\u00e1le svietenie<\/span><br \/><span style=\"color: #000000;\">-tla\u010didlo &#8222;test&#8220; ( svieti \u010derven\u00e1 LED aj svietidlo = AC nap\u00e1janie aj bat\u00e9ria OK \/ nesvieti \u010derven\u00e1 LED ani svietidlo = AC nap\u00e1janie OK, bat\u00e9ria nem\u00e1 kapacitu \/ nesvieti \u010derven\u00e1&nbsp; LED a svietidlo svieti = AC nap\u00e1janie je odpojen\u00e9 a bat\u00e9ria OK )<\/span><\/div>\n<div><span style=\"color: #000000;\">-po vypnut\u00ed vyp\u00edna\u010da OFF svietidlo zhasne, zostane svieti\u0165 len \u010derven\u00e1 kontrolka, v pr\u00edpade v\u00fdpadku elektrick\u00e9ho pr\u00fadu kontrolka zhasne<\/span><\/div>\n<div>\n<p><span style=\"color: #000000;\">Svieti jasnou l\u00edniou v <strong>studenej bielej farbe svetla<\/strong>.<\/span><\/p>\n<p><span style=\"color: #000000;\">Na\u0161e <strong>svietidl\u00e1<\/strong> s\u00fa v\u010faka svojej n\u00edzkej spotrebe energie ob\u013e\u00faben\u00e9 na celom <strong>svete.<\/strong><\/span><\/p>\n<p><span style=\"color: #000000;\"><strong>Balenie obsahuje:<\/strong><\/span><br \/><span style=\"color: #000000;\">-bezpe\u010dnostn\u00e9 tabu\u013eky<\/span><br \/><span style=\"color: #000000;\">-skrutky a v\u00fdlo\u017eky na povrchov\u00fa mont\u00e1\u017e<\/span><\/div>\n<div><span style=\"color: #000000;\">-bat\u00e9ria 3.6V \/ 300mAh<\/span><\/div>\n<table style=\"height: 432px;\">\n<tbody>\n<tr style=\"height: 23px;\">\n<td style=\"width: 205.265625px; height: 23px;\"><span style=\"text-decoration: underline; font-size: 16px;\"><strong><span style=\"color: #000000; text-decoration: underline;\">TECHNICK\u00c9 PARAMETRE<\/span><\/strong><\/span><\/td>\n<td style=\"width: 608.875px; height: 23px;\">&nbsp;<\/td>\n<\/tr>\n<tr style=\"height: 23px;\">\n<td style=\"width: 205.265625px; height: 23px;\"><span style=\"color: #000000;\">spotreba<\/span><\/td>\n<td style=\"width: 608.875px; height: 23px;\"><span style=\"color: #000000;\"><strong>2W<\/strong><\/span><\/td>\n<\/tr>\n<tr style=\"height: 41px;\">\n<td style=\"width: 205.265625px; height: 41px;\"><span style=\"color: #000000;\">doba svietenia pri v\u00fdpadku pr\u00fadu<\/span><\/td>\n<td style=\"width: 608.875px; height: 41px;\"><span style=\"color: #000000;\"><strong>3h<\/strong><\/span><\/td>\n<\/tr>\n<tr style=\"height: 23px;\">\n<td style=\"width: 205.265625px; height: 23px;\"><span style=\"color: #000000;\">svietenie pri v\u00fdpadku<\/span><\/td>\n<td style=\"width: 608.875px; height: 23px;\"><span style=\"color: #000000;\"><strong>\u00e1no<\/strong><\/span><\/td>\n<\/tr>\n<tr style=\"height: 23px;\">\n<td style=\"width: 205.265625px; height: 23px;\"><span style=\"color: #000000;\">svietenie po\u010das nab\u00edjania<\/span><\/td>\n<td style=\"width: 608.875px; height: 23px;\"><span style=\"color: #000000;\"><strong>\u00e1no<\/strong><\/span><\/td>\n<\/tr>\n<tr style=\"height: 23px;\">\n<td style=\"width: 205.265625px; height: 23px;\"><span style=\"color: #000000;\">sveteln\u00fd tok<\/span><\/td>\n<td style=\"width: 608.875px; height: 23px;\"><span style=\"color: #000000;\"><strong>30Lm<\/strong><\/span><\/td>\n<\/tr>\n<tr style=\"height: 23px;\">\n<td style=\"width: 205.265625px; height: 23px;\"><span style=\"color: #000000;\">rozmer (mm)<\/span><\/td>\n<td style=\"width: 608.875px; height: 23px;\"><span style=\"color: #000000;\"><strong>261 x 227 x 27<\/strong><\/span><\/td>\n<\/tr>\n<tr style=\"height: 23px;\">\n<td style=\"width: 205.265625px; height: 23px;\"><span style=\"color: #000000;\">chromati\u010dnos\u0165 (farba svetla)<\/span><\/td>\n<td style=\"width: 608.875px; height: 23px;\"><span style=\"color: #000000;\"><strong>6000K &#8211; studen\u00e1 biela<\/strong><\/span><\/td>\n<\/tr>\n<tr style=\"height: 23px;\">\n<td style=\"width: 205.265625px; height: 23px;\"><span style=\"color: #000000;\">uhol svetla<\/span><\/td>\n<td style=\"width: 608.875px; height: 23px;\"><span style=\"color: #000000;\"><strong>320\u00b0<\/strong><\/span><\/td>\n<\/tr>\n<tr style=\"height: 23px;\">\n<td style=\"width: 205.265625px; height: 23px;\"><span style=\"color: #000000;\">nap\u00e4tie <\/span><\/td>\n<td style=\"width: 608.875px; height: 23px;\"><span style=\"color: #000000;\"><strong>AC100 &#8211; 240V<\/strong><\/span><\/td>\n<\/tr>\n<tr style=\"height: 23px;\">\n<td style=\"width: 205.265625px; height: 23px;\"><span style=\"color: #000000;\">\u017eivotnos\u0165<\/span><\/td>\n<td style=\"width: 608.875px; height: 23px;\"><span style=\"color: #000000;\"><strong>50 000h<\/strong><\/span><\/td>\n<\/tr>\n<tr style=\"height: 23px;\">\n<td style=\"width: 205.265625px; height: 23px;\"><span style=\"color: #000000;\">sp\u00ednac\u00ed cyklus<\/span><\/td>\n<td style=\"width: 608.875px; height: 23px;\"><span style=\"color: #000000;\"><strong>30 000 x<\/strong><\/span><\/td>\n<\/tr>\n<tr style=\"height: 23px;\">\n<td style=\"width: 205.265625px; height: 23px;\"><span style=\"color: #000000;\">hmotnost netto (g)<\/span><\/td>\n<td style=\"width: 608.875px; height: 23px;\"><span style=\"color: #000000;\"><strong>392<\/strong><\/span><\/td>\n<\/tr>\n<tr style=\"height: 23px;\">\n<td style=\"width: 205.265625px; height: 23px;\"><span style=\"color: #000000;\">krytie<\/span><\/td>\n<td style=\"width: 608.875px; height: 23px;\"><span style=\"color: #000000;\"><strong>IP20<\/strong><\/span><\/td>\n<\/tr>\n<tr style=\"height: 23px;\">\n<td style=\"width: 205.265625px; height: 23px;\"><span style=\"color: #000000;\">materi\u00e1l<\/span><\/td>\n<td style=\"width: 608.875px; height: 23px;\"><span style=\"color: #000000;\"><strong>thermal PC &#8211; biela<\/strong><\/span><\/td>\n<\/tr>\n<tr style=\"height: 23px;\">\n<td style=\"width: 205.265625px; height: 23px;\"><span style=\"color: #000000;\">typ dif\u00fazora<\/span><\/td>\n<td style=\"width: 608.875px; height: 23px;\"><strong><span style=\"color: #000000;\">transparent<\/span><\/strong><\/td>\n<\/tr>\n<tr style=\"height: 23px;\">\n<td style=\"width: 205.265625px; height: 23px;\"><span style=\"color: #000000;\">balenie<\/span><\/td>\n<td style=\"width: 608.875px; height: 23px;\"><span style=\"color: #000000;\"><strong>1\/10<\/strong><\/span><\/td>\n<\/tr>\n<tr>\n<td style=\"width: 205.266px;\"><span style=\"color: #000000;\">LED s\u00fa nevymenite\u013en\u00e9<\/span><span style=\"color: #000000;\"><br \/><\/span><\/td>\n<td style=\"width: 608.875px;\"><span style=\"color: #000000;\"><strong>&nbsp;<\/strong><\/span><\/td>\n<\/tr>\n<\/tbody>\n<\/table>\n<p>-cena produktu zah\u0155\u0148a recykla\u010dn\u00fd poplatok v hodnote 0,10\u20ac bez DPH (0,12\u20ac s DPH)<\/p>\n","protected":false},"excerpt":{"rendered":"<p>Inovat\u00edvne LED n\u00fadzov\u00e9 svietidlo&nbsp;zna\u010dky NEDES sp\u00e1ja bezpe\u010dnos\u0165 a efekt\u00edvnos\u0165. &nbsp; N\u00fadzov\u00e9 LED svietidlo je ur\u010den\u00e9 na povrchov\u00fa mont\u00e1\u017e &nbsp;2-mi sp\u00f4sobmi umiestnenia:1. nad n\u00fadzov\u00fd v\u00fdchod2. na strop -st\u00e1le svietenie-tla\u010didlo &#8222;test&#8220; ( svieti \u010derven\u00e1 LED aj svietidlo = AC nap\u00e1janie aj bat\u00e9ria OK \/ nesvieti \u010derven\u00e1 LED ani svietidlo = AC nap\u00e1janie OK, bat\u00e9ria nem\u00e1 kapacitu \/ [&hellip;]<\/p>\n","protected":false},"featured_media":11322,"comment_status":"closed","ping_status":"open","template":"","meta":[],"product_brand":[],"product_cat":[110],"product_tag":[],"class_list":{"0":"post-11321","1":"product","2":"type-product","3":"status-publish","4":"has-post-thumbnail","6":"product_cat-led-nudzove-svietidla","8":"first","9":"instock","10":"purchasable","11":"product-type-simple"},"_links":{"self":[{"href":"https:\/\/nedes.significa.sk\/de\/wp-json\/wp\/v2\/product\/11321","targetHints":{"allow":["GET"]}}],"collection":[{"href":"https:\/\/nedes.significa.sk\/de\/wp-json\/wp\/v2\/product"}],"about":[{"href":"https:\/\/nedes.significa.sk\/de\/wp-json\/wp\/v2\/types\/product"}],"replies":[{"embeddable":true,"href":"https:\/\/nedes.significa.sk\/de\/wp-json\/wp\/v2\/comments?post=11321"}],"wp:featuredmedia":[{"embeddable":true,"href":"https:\/\/nedes.significa.sk\/de\/wp-json\/wp\/v2\/media\/11322"}],"wp:attachment":[{"href":"https:\/\/nedes.significa.sk\/de\/wp-json\/wp\/v2\/media?parent=11321"}],"wp:term":[{"taxonomy":"product_brand","embeddable":true,"href":"https:\/\/nedes.significa.sk\/de\/wp-json\/wp\/v2\/product_brand?post=11321"},{"taxonomy":"product_cat","embeddable":true,"href":"https:\/\/nedes.significa.sk\/de\/wp-json\/wp\/v2\/product_cat?post=11321"},{"taxonomy":"product_tag","embeddable":true,"href":"https:\/\/nedes.significa.sk\/de\/wp-json\/wp\/v2\/product_tag?post=11321"}],"curies":[{"name":"wp","href":"https:\/\/api.w.org\/{rel}","templated":true}]}}