{"id":12096,"date":"2024-09-12T07:04:06","date_gmt":"2024-09-12T07:04:06","guid":{"rendered":"https:\/\/nedes.significa.sk\/produkty\/led-nabijacia-celovka-2v1-lh06r\/"},"modified":"2024-09-12T07:04:28","modified_gmt":"2024-09-12T07:04:28","slug":"led-nabijacia-celovka-2v1-lh06r","status":"publish","type":"product","link":"https:\/\/nedes.significa.sk\/de\/produkty\/led-nabijacia-celovka-2v1-lh06r\/","title":{"rendered":"LED nab\u00edjacia \u010delovka 2v1 &#8211; LH06R"},"content":{"rendered":"<p><span style=\"color: #000000;\">LED<strong> nab\u00edjate\u013en\u00e1 \u010delovka<\/strong>&nbsp;zna\u010dky <strong>NEDES <\/strong>s kryt\u00edm<strong> IP42<\/strong>, je vhodn\u00e9 na pou\u017eitie <strong>do exteri\u00e9ru<\/strong> aj <strong>interi\u00e9ru <\/strong>(napr. kemping, turistika, beh&#8230;)<\/span><\/p>\n<p><span style=\"color: #000000;\">&#8211; bat. <strong>Li-Ion 800mAh<\/strong><\/span><\/p>\n<p><span style=\"color: #000000;\">&#8211; <strong>5V\/1A input<\/strong><\/span><\/p>\n<p><span style=\"color: #000000;\">&#8211; 100% SMD &#8211; 160Lm &#8211; 2h \/ 45% SMD &#8211; 70Lm &#8211; 2,5h \/ 100% COB &#8211; 90Lm &#8211; 4h \/ 40% COB &#8211; 35Lm &#8211; 4,5h \/ 100% SMD + COB &#8211; 210Lm &#8211; 1h \/ 60% SMD + COB &#8211; 120Lm &#8211; 2,5h<\/span><\/p>\n<p><span style=\"color: #000000;\">&#8211; nab\u00edjac\u00ed \u010das 2h<\/span><\/p>\n<p><span style=\"color: #000000;\">&#8211; zabudovan\u00fd<strong> siln\u00fd magnet&nbsp;<\/strong><\/span><\/p>\n<p><span style=\"color: #000000;\">&#8211; zabudovan\u00fd<strong> h\u00e1k na zavesenie<\/strong><\/span><\/p>\n<p><span style=\"color: #000000;\">&#8211; mo\u017enos\u0165 <strong>uchytenia klipom na \u0161iltovku \/ \u010diapku<\/strong><\/span><\/p>\n<p><span style=\"color: #000000;\">&#8211; v balen\u00ed<strong> skl\u00ed\u010dko <\/strong>na rozptyl svetla pre vytvorenie funkcie<strong>&nbsp;kempingov\u00e9ho svietidla<\/strong><\/span><\/p>\n<p><span style=\"color: #000000;\">&#8211; balenie obsahuje <strong>50cm USB-C<\/strong> k\u00e1bel&nbsp;<\/span><\/p>\n<p><span style=\"color: #000000;\">&#8211; \u013eahk\u00e9, r\u00fdchle a bezprobl\u00e9mov\u00e9 pou\u017eitie kamko\u013evek<\/span><\/p>\n<table style=\"height: 380px; width: 936px;\">\n<tbody>\n<tr style=\"height: 23px;\">\n<td style=\"width: 201.859px; height: 23px;\"><span style=\"text-decoration: underline; font-size: 16px;\"><strong><span style=\"color: #000000; text-decoration: underline;\">TECHNICK\u00c9 PARAMETRE<\/span><\/strong><\/span><\/td>\n<td style=\"width: 733.141px; height: 23px;\">&nbsp;<\/td>\n<\/tr>\n<tr style=\"height: 23px;\">\n<td style=\"width: 201.859px; height: 23px;\"><span style=\"color: #000000;\">zdroj svetla<\/span><\/td>\n<td style=\"width: 733.141px; height: 23px;\"><span style=\"color: #000000;\"><strong>5W SMD + 3W COB<\/strong><\/span><\/td>\n<\/tr>\n<tr style=\"height: 23px;\">\n<td style=\"width: 201.859px; height: 23px;\"><span style=\"color: #000000;\">sveteln\u00fd tok<\/span><\/td>\n<td style=\"width: 733.141px; height: 23px;\"><span style=\"color: #000000;\"><strong>210Lm<\/strong><\/span><\/td>\n<\/tr>\n<tr style=\"height: 23px;\">\n<td style=\"width: 201.859px; height: 23px;\"><span style=\"color: #000000;\">nap\u00e1janie<\/span><\/td>\n<td style=\"width: 733.141px; height: 23px;\"><span style=\"color: #000000;\"><strong>1xLi-Ion-800mAh (obsahuje)<\/strong><\/span><\/td>\n<\/tr>\n<tr style=\"height: 23px;\">\n<td style=\"width: 201.859px; height: 23px;\"><span style=\"color: #000000;\">funkcie svetla<\/span><\/td>\n<td style=\"width: 733.141px; height: 23px;\">\n<p><span style=\"color: #000000;\"><strong>SMD 100% \/ SMD 45% \/ SMD &#8211; blikanie<\/strong><\/span><\/p>\n<p><span style=\"color: #000000;\"><strong>COB 100% \/ COB 40% \/ \u010derven\u00e1 \/ \u010derven\u00e1 &#8211; blikanie<\/strong><\/span><\/p>\n<p><span style=\"color: #000000;\"><strong>SMD + COB 100% \/ SMD + COB 60%<\/strong><\/span><\/p>\n<\/td>\n<\/tr>\n<tr>\n<td style=\"width: 201.859px;\"><span style=\"color: #000000;\">powerbank<\/span><\/td>\n<td style=\"width: 733.141px;\"><strong>nie<\/strong><\/td>\n<\/tr>\n<tr style=\"height: 23px;\">\n<td style=\"width: 201.859px; height: 23px;\"><span style=\"color: #000000;\">senzor<\/span><\/td>\n<td style=\"width: 733.141px; height: 23px;\"><span style=\"color: #000000;\"><strong>nie<\/strong><\/span><\/td>\n<\/tr>\n<tr style=\"height: 23px;\">\n<td style=\"width: 201.859px; height: 23px;\"><span style=\"color: #000000;\">focus<\/span><\/td>\n<td style=\"width: 733.141px; height: 23px;\"><span style=\"color: #000000;\"><strong>nie<\/strong><\/span><\/td>\n<\/tr>\n<tr style=\"height: 23px;\">\n<td style=\"width: 201.859px; height: 23px;\"><span style=\"color: #000000;\">rozmer (mm)<\/span><\/td>\n<td style=\"width: 733.141px; height: 23px;\"><span style=\"color: #000000;\"><strong><span class=\"product_value\">41 x 45 x 37<\/span><\/strong><\/span><\/td>\n<\/tr>\n<tr style=\"height: 23px;\">\n<td style=\"width: 201.859px; height: 23px;\"><span style=\"color: #000000;\">chromati\u010dnos\u0165 (farba svetla)<\/span><\/td>\n<td style=\"width: 733.141px; height: 23px;\"><span style=\"color: #000000;\"><strong>biela \/ \u010derven\u00e1<\/strong><\/span><\/td>\n<\/tr>\n<tr style=\"height: 23px;\">\n<td style=\"width: 201.859px; height: 23px;\"><span style=\"color: #000000;\">dosvit<\/span><\/td>\n<td style=\"width: 733.141px; height: 23px;\"><span style=\"color: #000000;\"><strong>&#8211;<\/strong><\/span><\/td>\n<\/tr>\n<tr style=\"height: 23px;\">\n<td style=\"width: 201.859px; height: 23px;\"><span style=\"color: #000000;\">krytie<\/span><\/td>\n<td style=\"width: 733.141px; height: 23px;\"><span style=\"color: #000000;\"><strong>IP42<\/strong><\/span><\/td>\n<\/tr>\n<tr style=\"height: 23px;\">\n<td style=\"width: 201.859px; height: 23px;\"><span style=\"color: #000000;\">materi\u00e1l<\/span><\/td>\n<td style=\"width: 733.141px; height: 23px;\"><span style=\"color: #000000;\"><strong>ABS + Aluminium<\/strong><\/span><\/td>\n<\/tr>\n<tr style=\"height: 23px;\">\n<td style=\"width: 201.859px; height: 23px;\"><span style=\"color: #000000;\">uchytenie<\/span><\/td>\n<td style=\"width: 733.141px; height: 23px;\"><span style=\"color: #000000;\"><strong>na \u010delo \/ magnet \/ klip \/ zavesenie<\/strong><\/span><\/td>\n<\/tr>\n<tr style=\"height: 23px;\">\n<td style=\"width: 201.859px; height: 23px;\"><span style=\"color: #000000;\">balenie<\/span><\/td>\n<td style=\"width: 733.141px; height: 23px;\"><span style=\"color: #000000;\"><strong>1\/20\/80<\/strong><\/span><\/td>\n<\/tr>\n<tr style=\"height: 29px;\">\n<td style=\"width: 201.859px; height: 29px;\"><span style=\"color: #000000;\">hmotnos\u0165 netto (g)<\/span><\/td>\n<td style=\"width: 733.141px; height: 29px;\"><span style=\"color: #000000;\"><strong>81<\/strong><\/span><\/td>\n<\/tr>\n<tr style=\"height: 29px;\">\n<td style=\"width: 201.859px; height: 29px;\"><span style=\"color: #000000;\">LED s\u00fa nevymenite\u013en\u00e9<\/span><\/td>\n<td style=\"width: 733.141px; height: 29px;\"><span style=\"color: #000000;\"><strong>&nbsp;<\/strong><\/span><\/td>\n<\/tr>\n<\/tbody>\n<\/table>\n","protected":false},"excerpt":{"rendered":"<p>LED nab\u00edjate\u013en\u00e1 \u010delovka&nbsp;zna\u010dky NEDES s kryt\u00edm IP42, je vhodn\u00e9 na pou\u017eitie do exteri\u00e9ru aj interi\u00e9ru (napr. kemping, turistika, beh&#8230;) &#8211; bat. Li-Ion 800mAh &#8211; 5V\/1A input &#8211; 100% SMD &#8211; 160Lm &#8211; 2h \/ 45% SMD &#8211; 70Lm &#8211; 2,5h \/ 100% COB &#8211; 90Lm &#8211; 4h \/ 40% COB &#8211; 35Lm &#8211; 4,5h \/ [&hellip;]<\/p>\n","protected":false},"featured_media":12097,"comment_status":"closed","ping_status":"open","template":"","meta":[],"product_brand":[],"product_cat":[123],"product_tag":[],"class_list":{"0":"post-12096","1":"product","2":"type-product","3":"status-publish","4":"has-post-thumbnail","6":"product_cat-celovky","8":"first","9":"instock","10":"purchasable","11":"product-type-simple"},"_links":{"self":[{"href":"https:\/\/nedes.significa.sk\/de\/wp-json\/wp\/v2\/product\/12096","targetHints":{"allow":["GET"]}}],"collection":[{"href":"https:\/\/nedes.significa.sk\/de\/wp-json\/wp\/v2\/product"}],"about":[{"href":"https:\/\/nedes.significa.sk\/de\/wp-json\/wp\/v2\/types\/product"}],"replies":[{"embeddable":true,"href":"https:\/\/nedes.significa.sk\/de\/wp-json\/wp\/v2\/comments?post=12096"}],"wp:featuredmedia":[{"embeddable":true,"href":"https:\/\/nedes.significa.sk\/de\/wp-json\/wp\/v2\/media\/12097"}],"wp:attachment":[{"href":"https:\/\/nedes.significa.sk\/de\/wp-json\/wp\/v2\/media?parent=12096"}],"wp:term":[{"taxonomy":"product_brand","embeddable":true,"href":"https:\/\/nedes.significa.sk\/de\/wp-json\/wp\/v2\/product_brand?post=12096"},{"taxonomy":"product_cat","embeddable":true,"href":"https:\/\/nedes.significa.sk\/de\/wp-json\/wp\/v2\/product_cat?post=12096"},{"taxonomy":"product_tag","embeddable":true,"href":"https:\/\/nedes.significa.sk\/de\/wp-json\/wp\/v2\/product_tag?post=12096"}],"curies":[{"name":"wp","href":"https:\/\/api.w.org\/{rel}","templated":true}]}}