{"id":12099,"date":"2024-09-12T07:04:06","date_gmt":"2024-09-12T07:04:06","guid":{"rendered":"https:\/\/nedes.significa.sk\/produkty\/led-nabijacia-celovka-zo-senzorom-lh07r\/"},"modified":"2024-09-12T07:04:29","modified_gmt":"2024-09-12T07:04:29","slug":"led-nabijacia-celovka-zo-senzorom-lh07r","status":"publish","type":"product","link":"https:\/\/nedes.significa.sk\/de\/produkty\/led-nabijacia-celovka-zo-senzorom-lh07r\/","title":{"rendered":"LED nab\u00edjacia \u010delovka zo senzorom &#8211; LH07R"},"content":{"rendered":"<p><span style=\"color: #000000;\">LED<strong> nab\u00edjate\u013en\u00e1 \u010delovka<\/strong>&nbsp;zna\u010dky <strong>NEDES <\/strong>s kryt\u00edm<strong> IP44<\/strong>, je vhodn\u00e9 na pou\u017eitie <strong>do exteri\u00e9ru<\/strong> aj <strong>interi\u00e9ru <\/strong>(napr. kemping, turistika, beh&#8230;)<\/span><\/p>\n<p><span style=\"color: #000000;\">&#8211; bat. <strong>1x 18650<\/strong> <strong>Li-Ion 2000mAh<\/strong><\/span><\/p>\n<p><span style=\"color: #000000;\">&#8211; <\/span><strong><span style=\"color: #000000;\">5V\/1A input<\/span><\/strong><\/p>\n<p><span style=\"color: #000000;\">&#8211; 100% COB &#8211; 500Lm &#8211; 1,5h \/ 30% COB -150Lm &#8211; 3,5h\/ 100% SMD &#8211; 70Lm &#8211; 7h \/ 45% SMD &#8211; 30Lm &#8211; 18h&nbsp;<\/span><\/p>\n<p><span style=\"color: #000000;\">&#8211; nab\u00edjac\u00ed \u010das 2,5h<\/span><\/p>\n<p><span style=\"color: #000000;\">&#8211; zabudovan\u00fd <strong>senzor<\/strong> &#8211; mo\u017enos\u0165 <strong>pou\u017eitia senzora vo v\u0161etk\u00fdch m\u00f3doch svietenia<\/strong><\/span><\/p>\n<p><span style=\"color: #000000;\">&#8211; balenie obsahuje<strong> 30cm USB-C<\/strong> k\u00e1bel&nbsp;<\/span><\/p>\n<p><span style=\"color: #000000;\">&#8211; \u013eahk\u00e9, r\u00fdchle a bezprobl\u00e9mov\u00e9 pou\u017eitie kamko\u013evek<\/span><\/p>\n<table style=\"height: 378px; width: 936px;\">\n<tbody>\n<tr style=\"height: 23px;\">\n<td style=\"width: 201.828px; height: 23px;\"><span style=\"text-decoration: underline; font-size: 16px;\"><strong><span style=\"color: #000000; text-decoration: underline;\">TECHNICK\u00c9 PARAMETRE<\/span><\/strong><\/span><\/td>\n<td style=\"width: 733.172px; height: 23px;\">&nbsp;<\/td>\n<\/tr>\n<tr style=\"height: 23px;\">\n<td style=\"width: 201.828px; height: 23px;\"><span style=\"color: #000000;\">zdroj svetla<\/span><\/td>\n<td style=\"width: 733.172px; height: 23px;\"><span style=\"color: #000000;\"><strong>3W SMD + 5W COB<\/strong><\/span><\/td>\n<\/tr>\n<tr style=\"height: 23px;\">\n<td style=\"width: 201.828px; height: 23px;\"><span style=\"color: #000000;\">sveteln\u00fd tok<\/span><\/td>\n<td style=\"width: 733.172px; height: 23px;\"><strong>5<span style=\"color: #000000;\">00Lm + 70Lm<\/span><\/strong><\/td>\n<\/tr>\n<tr style=\"height: 23px;\">\n<td style=\"width: 201.828px; height: 23px;\"><span style=\"color: #000000;\">nap\u00e1janie<\/span><\/td>\n<td style=\"width: 733.172px; height: 23px;\"><span style=\"color: #000000;\"><strong>1xLi-Ion-18650 \/ 2000mAh (obsahuje)<\/strong><\/span><\/td>\n<\/tr>\n<tr style=\"height: 23px;\">\n<td style=\"width: 201.828px; height: 23px;\"><span style=\"color: #000000;\">funkcie svetla<\/span><\/td>\n<td style=\"width: 733.172px; height: 23px;\"><span style=\"color: #000000;\"><strong>COB 100% \/ COB 30% \/ COB 100% \u010derven\u00e1 \/ COB 30% \u010derven\u00e1 \/ SMD 100% \/ SMD 45% \/ vypnutie<\/strong><\/span><\/td>\n<\/tr>\n<tr style=\"height: 23px;\">\n<td style=\"width: 201.828px; height: 23px;\"><span style=\"color: #000000;\">senzor<\/span><\/td>\n<td style=\"width: 733.172px; height: 23px;\"><span style=\"color: #000000;\"><strong>\u00e1no<\/strong><\/span><\/td>\n<\/tr>\n<tr style=\"height: 23px;\">\n<td style=\"width: 201.828px; height: 23px;\"><span style=\"color: #000000;\">focus<\/span><\/td>\n<td style=\"width: 733.172px; height: 23px;\"><span style=\"color: #000000;\"><strong>nie<\/strong><\/span><\/td>\n<\/tr>\n<tr style=\"height: 23px;\">\n<td style=\"width: 201.828px; height: 23px;\"><span style=\"color: #000000;\">rozmer (mm)<\/span><\/td>\n<td style=\"width: 733.172px; height: 23px;\"><span style=\"color: #000000;\"><strong><span class=\"product_value\">314 x 31 x 27<\/span><\/strong><\/span><\/td>\n<\/tr>\n<tr style=\"height: 23px;\">\n<td style=\"width: 201.828px; height: 21px;\"><span style=\"color: #000000;\">chromati\u010dnos\u0165 (farba svetla)<\/span><\/td>\n<td style=\"width: 733.172px; height: 21px;\"><span style=\"color: #000000;\"><strong>biela \/ \u010derven\u00e1<\/strong><\/span><\/td>\n<\/tr>\n<tr style=\"height: 23px;\">\n<td style=\"width: 201.828px; height: 23px;\"><span style=\"color: #000000;\">dosvit<\/span><\/td>\n<td style=\"width: 733.172px; height: 23px;\"><span style=\"color: #000000;\"><strong>&#8211;<\/strong><\/span><\/td>\n<\/tr>\n<tr style=\"height: 23px;\">\n<td style=\"width: 201.828px; height: 23px;\"><span style=\"color: #000000;\">krytie<\/span><\/td>\n<td style=\"width: 733.172px; height: 23px;\"><span style=\"color: #000000;\"><strong>IP44<\/strong><\/span><\/td>\n<\/tr>\n<tr style=\"height: 23px;\">\n<td style=\"width: 201.828px; height: 23px;\"><span style=\"color: #000000;\">materi\u00e1l<\/span><\/td>\n<td style=\"width: 733.172px; height: 23px;\"><span style=\"color: #000000;\"><strong>ABS + Silik\u00f3n<\/strong><\/span><\/td>\n<\/tr>\n<tr style=\"height: 23px;\">\n<td style=\"width: 201.828px; height: 23px;\"><span style=\"color: #000000;\">uchytenie<\/span><\/td>\n<td style=\"width: 733.172px; height: 23px;\"><span style=\"color: #000000;\"><strong>na \u010delo<\/strong><\/span><\/td>\n<\/tr>\n<tr style=\"height: 23px;\">\n<td style=\"width: 201.828px; height: 23px;\"><span style=\"color: #000000;\">balenie<\/span><\/td>\n<td style=\"width: 733.172px; height: 23px;\"><span style=\"color: #000000;\"><strong>1\/20\/80<\/strong><\/span><\/td>\n<\/tr>\n<tr style=\"height: 29px;\">\n<td style=\"width: 201.828px; height: 29px;\"><span style=\"color: #000000;\">hmotnos\u0165 netto (g)<\/span><\/td>\n<td style=\"width: 733.172px; height: 29px;\"><span style=\"color: #000000;\"><strong>110<\/strong><\/span><\/td>\n<\/tr>\n<tr style=\"height: 29px;\">\n<td style=\"width: 201.828px; height: 29px;\"><span style=\"color: #000000;\">LED s\u00fa nevymenite\u013en\u00e9<\/span><\/td>\n<td style=\"width: 733.172px; height: 29px;\"><span style=\"color: #000000;\"><strong>&nbsp;<\/strong><\/span><\/td>\n<\/tr>\n<\/tbody>\n<\/table>\n","protected":false},"excerpt":{"rendered":"<p>LED nab\u00edjate\u013en\u00e1 \u010delovka&nbsp;zna\u010dky NEDES s kryt\u00edm IP44, je vhodn\u00e9 na pou\u017eitie do exteri\u00e9ru aj interi\u00e9ru (napr. kemping, turistika, beh&#8230;) &#8211; bat. 1x 18650 Li-Ion 2000mAh &#8211; 5V\/1A input &#8211; 100% COB &#8211; 500Lm &#8211; 1,5h \/ 30% COB -150Lm &#8211; 3,5h\/ 100% SMD &#8211; 70Lm &#8211; 7h \/ 45% SMD &#8211; 30Lm &#8211; 18h&nbsp; &#8211; [&hellip;]<\/p>\n","protected":false},"featured_media":12100,"comment_status":"closed","ping_status":"open","template":"","meta":[],"product_brand":[],"product_cat":[123],"product_tag":[],"class_list":{"0":"post-12099","1":"product","2":"type-product","3":"status-publish","4":"has-post-thumbnail","6":"product_cat-celovky","8":"first","9":"instock","10":"purchasable","11":"product-type-simple"},"_links":{"self":[{"href":"https:\/\/nedes.significa.sk\/de\/wp-json\/wp\/v2\/product\/12099","targetHints":{"allow":["GET"]}}],"collection":[{"href":"https:\/\/nedes.significa.sk\/de\/wp-json\/wp\/v2\/product"}],"about":[{"href":"https:\/\/nedes.significa.sk\/de\/wp-json\/wp\/v2\/types\/product"}],"replies":[{"embeddable":true,"href":"https:\/\/nedes.significa.sk\/de\/wp-json\/wp\/v2\/comments?post=12099"}],"wp:featuredmedia":[{"embeddable":true,"href":"https:\/\/nedes.significa.sk\/de\/wp-json\/wp\/v2\/media\/12100"}],"wp:attachment":[{"href":"https:\/\/nedes.significa.sk\/de\/wp-json\/wp\/v2\/media?parent=12099"}],"wp:term":[{"taxonomy":"product_brand","embeddable":true,"href":"https:\/\/nedes.significa.sk\/de\/wp-json\/wp\/v2\/product_brand?post=12099"},{"taxonomy":"product_cat","embeddable":true,"href":"https:\/\/nedes.significa.sk\/de\/wp-json\/wp\/v2\/product_cat?post=12099"},{"taxonomy":"product_tag","embeddable":true,"href":"https:\/\/nedes.significa.sk\/de\/wp-json\/wp\/v2\/product_tag?post=12099"}],"curies":[{"name":"wp","href":"https:\/\/api.w.org\/{rel}","templated":true}]}}