{"id":12507,"date":"2024-09-12T07:07:18","date_gmt":"2024-09-12T07:07:18","guid":{"rendered":"https:\/\/nedes.significa.sk\/produkty\/led-linearne-svietidlo-s-nastavitelnym-vykonom-60w-ip20-1200-4000k-lnl126\/"},"modified":"2024-09-12T07:07:36","modified_gmt":"2024-09-12T07:07:36","slug":"led-linearne-svietidlo-s-nastavitelnym-vykonom-60w-ip20-1200-4000k-lnl126","status":"publish","type":"product","link":"https:\/\/nedes.significa.sk\/de\/produkty\/led-linearne-svietidlo-s-nastavitelnym-vykonom-60w-ip20-1200-4000k-lnl126\/","title":{"rendered":"LED line\u00e1rne svietidlo s nastavite\u013en\u00fdm v\u00fdkonom 60W \/ IP20 \/ 1200 \/ 4000K &#8211; LNL126"},"content":{"rendered":"<p><span style=\"color: #000000;\"><strong>LED line\u00e1rne svietidlo<\/strong>&nbsp;zna\u010dky<strong> NEDES <\/strong>so spotrebou <strong>60W, <\/strong>svietivos\u0165ou<strong> 8200Lm<\/strong> a kryt\u00edm<strong> IP20,<\/strong>&nbsp;je v\u00fdbornou vo\u013ebou pre <strong>interi\u00e9rov\u00e9<\/strong><strong>&nbsp;osvetlenie<\/strong>. S v\u00fdkonn\u00fdm <strong>LiFud LED driverom<\/strong> zaru\u010duje spo\u013eahliv\u00fd a efekt\u00edvny chod. <\/span><\/p>\n<p><span style=\"color: #000000;\">Svieti jasnou l\u00edniou v <strong>neutr\u00e1lnej bielej<\/strong> farbe svetla.<\/span><\/p>\n<p><span style=\"color: #000000;\">Toto svietidlo pon\u00faka aj mo\u017enos\u0165 <strong>nastavenia v\u00fdkonu<\/strong>, \u010do v\u00e1m umo\u017en\u00ed prisp\u00f4sobi\u0165 intenzitu a spotrebu osvetlenia pod\u013ea va\u0161ich potrieb a preferenci\u00ed. Je to skvel\u00e1 vo\u013eba pre kancel\u00e1rie, pracovisk\u00e1, obchodn\u00e9 priestory a in\u00e9 interi\u00e9ry, kde je potrebn\u00e9 kvalitn\u00e9 a spo\u013eahliv\u00e9 osvetlenie.<\/span><\/p>\n<p><span style=\"color: #000000;\">Ve\u013ekou v\u00fdhodou je rozmer svietidla, ktor\u00fd je ve\u013emi podobn\u00fd star\u0161\u00edm dvojtrubicov\u00fdm svietidl\u00e1m a preto je n\u00edm mo\u017en\u00e9 prekry\u0165 pribli\u017ene rovnak\u00fa plochu.<\/span><\/p>\n<ul>\n<li><span style=\"color: #000000;\"><strong>35W &#8211; 4800Lm&nbsp;<\/strong><\/span><\/li>\n<li><span style=\"color: #000000;\"><strong>44W &#8211; 6000Lm<\/strong><\/span><\/li>\n<li><span style=\"color: #000000;\"><strong>52W &#8211; 7100Lm<\/strong><\/span><\/li>\n<li><span style=\"color: #000000;\"><strong>60W &#8211; 8200Lm<\/strong><\/span><\/li>\n<\/ul>\n<p><span style=\"color: #000000;\"><strong>Mo\u017enos\u0165 dok\u00fapi\u0165 pr\u00edslu\u0161enstvo<\/strong> ako je<strong> senzor (SM126)<\/strong>, <strong>dia\u013ekov\u00fd ovl\u00e1da\u010d (RLNL126)<\/strong>, <strong>set na vytvorenie n\u00fadzov\u00e9ho svietidla<\/strong> a <strong>stmievate\u013en\u00fd driver (DD126)<\/strong>, ur\u010den\u00e9 pre t\u00fato<strong> lampu<\/strong> poskytuje komplexn\u00e9 rie\u0161enie pre efekt\u00edvne osvetlenie v r\u00f4znych miestnostiach.<\/span><\/p>\n<table style=\"height: 465px;\">\n<tbody>\n<tr style=\"height: 23px;\">\n<td style=\"width: 205px; height: 23px;\"><span style=\"text-decoration: underline; font-size: 16px;\"><strong><span style=\"color: #000000; text-decoration: underline;\">TECHNICK\u00c9 PARAMETRE<\/span><\/strong><\/span><\/td>\n<td style=\"width: 608px; height: 23px;\">&nbsp;<\/td>\n<\/tr>\n<tr style=\"height: 23px;\">\n<td style=\"width: 205px; height: 23px;\"><span style=\"color: #000000;\">spotreba<\/span><\/td>\n<td style=\"width: 608px; height: 23px;\"><span style=\"color: #000000;\"><strong>60W<\/strong><\/span><\/td>\n<\/tr>\n<tr style=\"height: 23px;\">\n<td style=\"width: 205px; height: 23px;\"><span style=\"color: #000000;\">sveteln\u00fd tok<\/span><\/td>\n<td style=\"width: 608px; height: 23px;\"><span style=\"color: #000000;\"><strong>8200Lm<\/strong><\/span><\/td>\n<\/tr>\n<tr style=\"height: 23px;\">\n<td style=\"width: 205px; height: 23px;\"><span style=\"color: #000000;\">krytie<\/span><\/td>\n<td style=\"width: 608px; height: 23px;\"><span style=\"color: #000000;\"><strong>IP20<\/strong><\/span><\/td>\n<\/tr>\n<tr style=\"height: 23px;\">\n<td style=\"width: 205px; height: 23px;\"><span style=\"color: #000000;\">chromati\u010dnos\u0165 (farba svetla)<\/span><\/td>\n<td style=\"width: 608px; height: 23px;\"><span style=\"color: #000000;\"><strong>4000K &#8211; neutr\u00e1lna biela<\/strong><\/span><\/td>\n<\/tr>\n<tr style=\"height: 23px;\">\n<td style=\"width: 205px; height: 23px;\"><span style=\"color: #000000;\">stupe\u0148 mechanickej ochrany<\/span><\/td>\n<td style=\"width: 608px; height: 23px;\"><span style=\"color: #000000;\"><strong>IK08<\/strong><\/span><\/td>\n<\/tr>\n<tr style=\"height: 23px;\">\n<td style=\"width: 205px; height: 23px;\"><span style=\"color: #000000;\">uhol svetla<\/span><\/td>\n<td style=\"width: 608px; height: 23px;\"><span style=\"color: #000000;\"><strong>120\u00b0<\/strong><\/span><\/td>\n<\/tr>\n<tr style=\"height: 23px;\">\n<td style=\"width: 205px; height: 23px;\"><span style=\"color: #000000;\">rozmer (mm)<\/span><\/td>\n<td style=\"width: 608px; height: 23px;\"><span style=\"color: #000000;\"><strong>1200 x 185 x 68<\/strong><\/span><\/td>\n<\/tr>\n<tr style=\"height: 23px;\">\n<td style=\"width: 205px; height: 23px;\"><span style=\"color: #000000;\">senzor<\/span><\/td>\n<td style=\"width: 608px; height: 23px;\"><span style=\"color: #000000;\"><strong>&#8211;<\/strong><\/span><\/td>\n<\/tr>\n<tr style=\"height: 23px;\">\n<td style=\"width: 205px; height: 23px;\"><span style=\"color: #000000;\">nadp\u00e1jateln\u00e9<\/span><\/td>\n<td style=\"width: 608px; height: 23px;\"><strong><span style=\"color: #000000;\">\u00e1no<\/span><\/strong><\/td>\n<\/tr>\n<tr style=\"height: 23px;\">\n<td style=\"width: 205px; height: 23px;\"><span style=\"color: #000000;\">vyp\u00edna\u010d<\/span><\/td>\n<td style=\"width: 608px; height: 23px;\"><span style=\"color: #000000;\"><strong>&#8211;<\/strong><\/span><\/td>\n<\/tr>\n<tr style=\"height: 23px;\">\n<td style=\"width: 205px; height: 23px;\"><span style=\"color: #000000;\">nap\u00e4tie <\/span><\/td>\n<td style=\"width: 608px; height: 23px;\"><span style=\"color: #000000;\"><strong>AC180 &#8211; 265V<\/strong><\/span><\/td>\n<\/tr>\n<tr style=\"height: 23px;\">\n<td style=\"width: 205px; height: 23px;\"><span style=\"color: #000000;\">\u017eivotnos\u0165<\/span><\/td>\n<td style=\"width: 608px; height: 23px;\"><span style=\"color: #000000;\"><strong>50 000h<\/strong><\/span><\/td>\n<\/tr>\n<tr style=\"height: 23px;\">\n<td style=\"width: 205px; height: 23px;\"><span style=\"color: #000000;\">sp\u00ednac\u00ed cyklus<\/span><\/td>\n<td style=\"width: 608px; height: 23px;\"><span style=\"color: #000000;\"><strong>30 000 x<\/strong><\/span><\/td>\n<\/tr>\n<tr style=\"height: 23px;\">\n<td style=\"width: 205px; height: 23px;\"><span style=\"color: #000000;\">hmotnos\u0165 netto (g)<\/span><\/td>\n<td style=\"width: 608px; height: 23px;\"><span style=\"color: #000000;\"><strong>2130<\/strong><\/span><\/td>\n<\/tr>\n<tr style=\"height: 23px;\">\n<td style=\"width: 205px; height: 28px;\"><span style=\"color: #000000;\">stmievate\u013en\u00e1<\/span><\/td>\n<td style=\"width: 608px; height: 28px;\"><span style=\"color: #000000;\"><strong>nie<\/strong><\/span><\/td>\n<\/tr>\n<tr style=\"height: 23px;\">\n<td style=\"width: 205px; height: 23px;\"><span style=\"color: #000000;\">materi\u00e1l<\/span><\/td>\n<td style=\"width: 608px; height: 23px;\"><strong><span style=\"color: #000000;\">metal + thermal PC<\/span><\/strong><\/td>\n<\/tr>\n<tr style=\"height: 23px;\">\n<td style=\"width: 205px; height: 23px;\"><span style=\"color: #000000;\">typ dif\u00fazora<\/span><\/td>\n<td style=\"width: 608px; height: 23px;\"><strong><span style=\"color: #000000;\">op\u00e1lov\u00fd<\/span><\/strong><\/td>\n<\/tr>\n<tr style=\"height: 23px;\">\n<td style=\"width: 205px; height: 23px;\"><span style=\"color: #000000;\">balenie<\/span><\/td>\n<td style=\"width: 608px; height: 23px;\"><span style=\"color: #000000;\"><strong>1\/6<\/strong><\/span><\/td>\n<\/tr>\n<tr>\n<td style=\"width: 205px;\"><span style=\"color: #000000;\">LED s\u00fa nevymenite\u013en\u00e9<\/span><span style=\"color: #000000;\"><br \/><\/span><\/td>\n<td style=\"width: 608px;\"><span style=\"color: #000000;\"><strong>&nbsp;<\/strong><\/span><\/td>\n<\/tr>\n<\/tbody>\n<\/table>\n<p>-cena produktu zah\u0155\u0148a recykla\u010dn\u00fd poplatok v hodnote 0,40\u20ac bez DPH (0,48\u20ac s DPH)<\/p>\n","protected":false},"excerpt":{"rendered":"<p>LED line\u00e1rne svietidlo&nbsp;zna\u010dky NEDES so spotrebou 60W, svietivos\u0165ou 8200Lm a kryt\u00edm IP20,&nbsp;je v\u00fdbornou vo\u013ebou pre interi\u00e9rov\u00e9&nbsp;osvetlenie. S v\u00fdkonn\u00fdm LiFud LED driverom zaru\u010duje spo\u013eahliv\u00fd a efekt\u00edvny chod. Svieti jasnou l\u00edniou v neutr\u00e1lnej bielej farbe svetla. Toto svietidlo pon\u00faka aj mo\u017enos\u0165 nastavenia v\u00fdkonu, \u010do v\u00e1m umo\u017en\u00ed prisp\u00f4sobi\u0165 intenzitu a spotrebu osvetlenia pod\u013ea va\u0161ich potrieb a preferenci\u00ed. Je [&hellip;]<\/p>\n","protected":false},"featured_media":12508,"comment_status":"closed","ping_status":"open","template":"","meta":[],"product_brand":[],"product_cat":[103],"product_tag":[],"class_list":{"0":"post-12507","1":"product","2":"type-product","3":"status-publish","4":"has-post-thumbnail","6":"product_cat-led-linear-ip20","8":"first","9":"instock","10":"purchasable","11":"product-type-simple"},"_links":{"self":[{"href":"https:\/\/nedes.significa.sk\/de\/wp-json\/wp\/v2\/product\/12507","targetHints":{"allow":["GET"]}}],"collection":[{"href":"https:\/\/nedes.significa.sk\/de\/wp-json\/wp\/v2\/product"}],"about":[{"href":"https:\/\/nedes.significa.sk\/de\/wp-json\/wp\/v2\/types\/product"}],"replies":[{"embeddable":true,"href":"https:\/\/nedes.significa.sk\/de\/wp-json\/wp\/v2\/comments?post=12507"}],"wp:featuredmedia":[{"embeddable":true,"href":"https:\/\/nedes.significa.sk\/de\/wp-json\/wp\/v2\/media\/12508"}],"wp:attachment":[{"href":"https:\/\/nedes.significa.sk\/de\/wp-json\/wp\/v2\/media?parent=12507"}],"wp:term":[{"taxonomy":"product_brand","embeddable":true,"href":"https:\/\/nedes.significa.sk\/de\/wp-json\/wp\/v2\/product_brand?post=12507"},{"taxonomy":"product_cat","embeddable":true,"href":"https:\/\/nedes.significa.sk\/de\/wp-json\/wp\/v2\/product_cat?post=12507"},{"taxonomy":"product_tag","embeddable":true,"href":"https:\/\/nedes.significa.sk\/de\/wp-json\/wp\/v2\/product_tag?post=12507"}],"curies":[{"name":"wp","href":"https:\/\/api.w.org\/{rel}","templated":true}]}}