{"id":12528,"date":"2024-09-12T07:07:44","date_gmt":"2024-09-12T07:07:44","guid":{"rendered":"https:\/\/nedes.significa.sk\/produkty\/led-podlinkove-svietidlo-20w-ip40-wtl-3-600-4000k-lnl122-2\/"},"modified":"2024-09-12T07:07:46","modified_gmt":"2024-09-12T07:07:46","slug":"led-podlinkove-svietidlo-20w-ip40-wtl-3-600-4000k-lnl122-2","status":"publish","type":"product","link":"https:\/\/nedes.significa.sk\/de\/produkty\/led-podlinkove-svietidlo-20w-ip40-wtl-3-600-4000k-lnl122-2\/","title":{"rendered":"LED podlinkov\u00e9 svietidlo 20W \/ IP40 WTL \/ 3 \/ 600 \/ 4000K &#8211; LNL122\/2"},"content":{"rendered":"<p style=\"text-align: justify;\"><span style=\"color: #000000;\"><strong>LED line\u00e1rne svietidlo<\/strong> zna\u010dky <strong>NEDES <\/strong>s v\u00fdkonom <strong>20W<\/strong> a farbou svetla <strong>4000K<\/strong>, \u010do zodpoved\u00e1 neutr\u00e1lnemu bielemu svetlu.<\/span><\/p>\n<p style=\"text-align: justify;\"><span style=\"color: #000000;\">Stup\u0148om krytia<strong> IP40<\/strong>&nbsp;je<strong> navrhnut\u00e9 pre vn\u00fatorn\u00e9 pou\u017eitie<\/strong>.&nbsp;<\/span><\/p>\n<p style=\"text-align: justify;\"><span style=\"color: #000000;\">Vyp\u00edna\u010d umo\u017e\u0148uje manu\u00e1lne ovl\u00e1danie svietidla.<\/span><\/p>\n<p style=\"text-align: justify;\"><span style=\"color: #000000;\">N\u00e1\u0161 produkt zabezpe\u010duje \u013eahk\u00fa a bezprobl\u00e9mov\u00fa in\u0161tal\u00e1ciu.<\/span><\/p>\n<table style=\"font-size: 0.875rem; height: 471px; width: 813px;\">\n<tbody>\n<tr style=\"height: 23px;\">\n<td style=\"width: 204.812px; height: 23px;\"><span style=\"font-size: 16px;\"><strong><span style=\"color: #000000;\">TECHNICK\u00c9 PARAMETRE<\/span><\/strong><\/span><\/td>\n<td style=\"width: 607.188px; height: 23px;\">&nbsp;<\/td>\n<\/tr>\n<tr style=\"height: 23px;\">\n<td style=\"width: 204.812px; height: 23px;\"><span style=\"color: #000000;\">spotreba<\/span><\/td>\n<td style=\"width: 607.188px; height: 23px;\"><span style=\"color: #000000;\"><strong>20W<\/strong><\/span><\/td>\n<\/tr>\n<tr style=\"height: 23px;\">\n<td style=\"width: 204.812px; height: 23px;\"><span style=\"color: #000000;\">sveteln\u00fd tok<\/span><\/td>\n<td style=\"width: 607.188px; height: 23px;\"><span style=\"color: #000000;\"><strong>2200Lm<\/strong><\/span><\/td>\n<\/tr>\n<tr style=\"height: 23px;\">\n<td style=\"width: 204.812px; height: 23px;\"><span style=\"color: #000000;\">krytie<\/span><\/td>\n<td style=\"width: 607.188px; height: 23px;\"><span style=\"color: #000000;\"><strong>IP40<\/strong><\/span><\/td>\n<\/tr>\n<tr style=\"height: 23px;\">\n<td style=\"width: 204.812px; height: 23px;\"><span style=\"color: #000000;\">chromati\u010dnos\u0165 (farba svetla)<\/span><\/td>\n<td style=\"width: 607.188px; height: 23px;\"><span style=\"color: #000000;\"><strong>4000K &#8211; neutr\u00e1lna biela<\/strong><\/span><\/td>\n<\/tr>\n<tr style=\"height: 23px;\">\n<td style=\"width: 204.812px; height: 23px;\"><span style=\"color: #000000;\">stupe\u0148 mechanickej ochrany<\/span><\/td>\n<td style=\"width: 607.188px; height: 23px;\"><span style=\"color: #000000;\"><strong>IK08<\/strong><\/span><\/td>\n<\/tr>\n<tr style=\"height: 23px;\">\n<td style=\"width: 204.812px; height: 23px;\"><span style=\"color: #000000;\">uhol svetla<\/span><\/td>\n<td style=\"width: 607.188px; height: 23px;\"><span style=\"color: #000000;\"><strong>120\u00b0<\/strong><\/span><\/td>\n<\/tr>\n<tr style=\"height: 23px;\">\n<td style=\"width: 204.812px; height: 23px;\"><span style=\"color: #000000;\">rozmer (mm)<\/span><\/td>\n<td style=\"width: 607.188px; height: 23px;\"><span style=\"color: #000000;\"><strong>600 x 80 x 36<\/strong><\/span><\/td>\n<\/tr>\n<tr style=\"height: 23px;\">\n<td style=\"width: 204.812px; height: 23px;\"><span style=\"color: #000000;\">senzor<\/span><\/td>\n<td style=\"width: 607.188px; height: 23px;\"><span style=\"color: #000000;\"><strong>nie<\/strong><\/span><\/td>\n<\/tr>\n<tr style=\"height: 23px;\">\n<td style=\"width: 204.812px; height: 23px;\"><span style=\"color: #000000;\">nadp\u00e1jateln\u00e9<\/span><\/td>\n<td style=\"width: 607.188px; height: 23px;\"><strong><span style=\"color: #000000;\">&#8211;<\/span><\/strong><\/td>\n<\/tr>\n<tr style=\"height: 23px;\">\n<td style=\"width: 204.812px; height: 23px;\"><span style=\"color: #000000;\">vyp\u00edna\u010d<\/span><\/td>\n<td style=\"width: 607.188px; height: 23px;\"><span style=\"color: #000000;\"><strong>\u00e1no<\/strong><\/span><\/td>\n<\/tr>\n<tr style=\"height: 23px;\">\n<td style=\"width: 204.812px; height: 23px;\"><span style=\"color: #000000;\">nap\u00e4tie <\/span><\/td>\n<td style=\"width: 607.188px; height: 23px;\"><span style=\"color: #000000;\"><strong>AC180 &#8211; 265V<\/strong><\/span><\/td>\n<\/tr>\n<tr style=\"height: 23px;\">\n<td style=\"width: 204.812px; height: 23px;\"><span style=\"color: #000000;\">\u017eivotnos\u0165<\/span><\/td>\n<td style=\"width: 607.188px; height: 23px;\"><span style=\"color: #000000;\"><strong>35 000h<\/strong><\/span><\/td>\n<\/tr>\n<tr style=\"height: 23px;\">\n<td style=\"width: 204.812px; height: 23px;\"><span style=\"color: #000000;\">sp\u00ednac\u00ed cyklus<\/span><\/td>\n<td style=\"width: 607.188px; height: 23px;\"><span style=\"color: #000000;\"><strong>30 000 x<\/strong><\/span><\/td>\n<\/tr>\n<tr style=\"height: 23px;\">\n<td style=\"width: 204.812px; height: 23px;\"><span style=\"color: #000000;\">hmotnos\u0165 netto (g)<\/span><\/td>\n<td style=\"width: 607.188px; height: 23px;\"><span style=\"color: #000000;\"><strong>256<\/strong><\/span><\/td>\n<\/tr>\n<tr style=\"height: 23px;\">\n<td style=\"width: 204.812px; height: 28px;\"><span style=\"color: #000000;\">stmievate\u013en\u00e1<\/span><\/td>\n<td style=\"width: 607.188px; height: 28px;\"><span style=\"color: #000000;\"><strong>\u00e1no<\/strong><\/span><\/td>\n<\/tr>\n<tr style=\"height: 23px;\">\n<td style=\"width: 204.812px; height: 23px;\"><span style=\"color: #000000;\">materi\u00e1l<\/span><\/td>\n<td style=\"width: 607.188px; height: 23px;\"><strong><span style=\"color: #000000;\">thermal PC<\/span><\/strong><\/td>\n<\/tr>\n<tr style=\"height: 23px;\">\n<td style=\"width: 204.812px; height: 23px;\"><span style=\"color: #000000;\">typ dif\u00fazora<\/span><\/td>\n<td style=\"width: 607.188px; height: 23px;\"><strong><span style=\"color: #000000;\">op\u00e1lov\u00fd<\/span><\/strong><\/td>\n<\/tr>\n<tr style=\"height: 23px;\">\n<td style=\"width: 204.812px; height: 23px;\"><span style=\"color: #000000;\">balenie<\/span><\/td>\n<td style=\"width: 607.188px; height: 23px;\"><span style=\"color: #000000;\"><strong>1\/25<\/strong><\/span><\/td>\n<\/tr>\n<tr style=\"height: 29px;\">\n<td style=\"width: 204.812px; height: 29px;\"><span style=\"color: #000000;\">LED s\u00fa nevymenite\u013en\u00e9<\/span><span style=\"color: #000000;\"><br \/><\/span><\/td>\n<td style=\"width: 607.188px; height: 29px;\"><span style=\"color: #000000;\"><strong>&nbsp;<\/strong><\/span><\/td>\n<\/tr>\n<\/tbody>\n<\/table>\n<p>-cena produktu zah\u0155\u0148a recykla\u010dn\u00fd poplatok v hodnote 0,40\u20ac bez DPH (0,48\u20ac s DPH)<\/p>\n","protected":false},"excerpt":{"rendered":"<p>LED line\u00e1rne svietidlo zna\u010dky NEDES s v\u00fdkonom 20W a farbou svetla 4000K, \u010do zodpoved\u00e1 neutr\u00e1lnemu bielemu svetlu. Stup\u0148om krytia IP40&nbsp;je navrhnut\u00e9 pre vn\u00fatorn\u00e9 pou\u017eitie.&nbsp; Vyp\u00edna\u010d umo\u017e\u0148uje manu\u00e1lne ovl\u00e1danie svietidla. N\u00e1\u0161 produkt zabezpe\u010duje \u013eahk\u00fa a bezprobl\u00e9mov\u00fa in\u0161tal\u00e1ciu. TECHNICK\u00c9 PARAMETRE &nbsp; spotreba 20W sveteln\u00fd tok 2200Lm krytie IP40 chromati\u010dnos\u0165 (farba svetla) 4000K &#8211; neutr\u00e1lna biela stupe\u0148 mechanickej [&hellip;]<\/p>\n","protected":false},"featured_media":12529,"comment_status":"closed","ping_status":"open","template":"","meta":[],"product_brand":[],"product_cat":[102],"product_tag":[],"class_list":{"0":"post-12528","1":"product","2":"type-product","3":"status-publish","4":"has-post-thumbnail","6":"product_cat-led-linear-ip40","8":"first","9":"instock","10":"purchasable","11":"product-type-simple"},"_links":{"self":[{"href":"https:\/\/nedes.significa.sk\/de\/wp-json\/wp\/v2\/product\/12528","targetHints":{"allow":["GET"]}}],"collection":[{"href":"https:\/\/nedes.significa.sk\/de\/wp-json\/wp\/v2\/product"}],"about":[{"href":"https:\/\/nedes.significa.sk\/de\/wp-json\/wp\/v2\/types\/product"}],"replies":[{"embeddable":true,"href":"https:\/\/nedes.significa.sk\/de\/wp-json\/wp\/v2\/comments?post=12528"}],"wp:featuredmedia":[{"embeddable":true,"href":"https:\/\/nedes.significa.sk\/de\/wp-json\/wp\/v2\/media\/12529"}],"wp:attachment":[{"href":"https:\/\/nedes.significa.sk\/de\/wp-json\/wp\/v2\/media?parent=12528"}],"wp:term":[{"taxonomy":"product_brand","embeddable":true,"href":"https:\/\/nedes.significa.sk\/de\/wp-json\/wp\/v2\/product_brand?post=12528"},{"taxonomy":"product_cat","embeddable":true,"href":"https:\/\/nedes.significa.sk\/de\/wp-json\/wp\/v2\/product_cat?post=12528"},{"taxonomy":"product_tag","embeddable":true,"href":"https:\/\/nedes.significa.sk\/de\/wp-json\/wp\/v2\/product_tag?post=12528"}],"curies":[{"name":"wp","href":"https:\/\/api.w.org\/{rel}","templated":true}]}}