{"id":12531,"date":"2024-09-12T07:07:44","date_gmt":"2024-09-12T07:07:44","guid":{"rendered":"https:\/\/nedes.significa.sk\/produkty\/stmievatelny-driver-lifud-pre-led-linearne-svietidlo-lnl126-60w-dd126\/"},"modified":"2024-09-12T07:07:47","modified_gmt":"2024-09-12T07:07:47","slug":"stmievatelny-driver-lifud-pre-led-linearne-svietidlo-lnl126-60w-dd126","status":"publish","type":"product","link":"https:\/\/nedes.significa.sk\/de\/produkty\/stmievatelny-driver-lifud-pre-led-linearne-svietidlo-lnl126-60w-dd126\/","title":{"rendered":"Stmievate\u013en\u00fd Driver LIFUD pre LED line\u00e1rne svietidlo LNL126 \/ 60W &#8211; DD126"},"content":{"rendered":"<div class=\"flex flex-grow flex-col max-w-full\">\n<div class=\"min-h-[20px] text-message flex flex-col items-start whitespace-pre-wrap break-words [.text-message+&amp;]:mt-5 juice:w-full juice:items-end overflow-x-auto gap-2\" dir=\"auto\" data-message-author-role=\"assistant\" data-message-id=\"1bfd044d-4888-4ce0-b577-be6bfe9c5586\">\n<div class=\"flex w-full flex-col gap-1 juice:empty:hidden juice:first:pt-[3px]\">\n<div class=\"markdown prose w-full break-words dark:prose-invert dark\">\n<p><span style=\"color: #000000;\"><strong>Stmievate\u013en\u00fd LiFud LED driver ku svietidlu LNL126<\/strong><\/span><\/p>\n<p><span style=\"color: #000000;\">Tento stmievate\u013en\u00fd LED driver je navrhnut\u00fd \u0161peci\u00e1lne pre svietidlo LNL126, poskytuj\u00fac optim\u00e1lny v\u00fdkon a spo\u013eahlivos\u0165. S v\u00fdkonom<strong> 60W<\/strong> zabezpe\u010duje stabiln\u00e9 a efekt\u00edvne osvetlenie, ktor\u00e9 je mo\u017en\u00e9 prisp\u00f4sobi\u0165 pod\u013ea va\u0161ich potrieb.<\/span><\/p>\n<ul>\n<li><span style=\"color: #000000;\"><strong>Kompatibilita:<\/strong> Svietidlo LNL126<\/span><\/li>\n<li><span style=\"color: #000000;\"><strong>V\u00fdkon:<\/strong> 60W<\/span><\/li>\n<li><span style=\"color: #000000;\"><strong>Funkcia stmievate\u013enosti:<\/strong> Umo\u017e\u0148uje nastavenie intenzity osvetlenia<\/span><\/li>\n<li><span style=\"color: #000000;\"><strong>Kvalita:<\/strong> Vysok\u00e1 spo\u013eahlivos\u0165 a dlh\u00e1 \u017eivotnos\u0165<\/span><\/li>\n<\/ul>\n<p><span style=\"color: #000000;\">Tento LED driver je ide\u00e1lnou vo\u013ebou pre t\u00fdch, ktor\u00ed h\u013eadaj\u00fa flexibilitu a kontrolu nad svojim osvetlen\u00edm.<\/span><\/div>\n<div class=\"markdown prose w-full break-words dark:prose-invert dark\">&nbsp;<\/div>\n<div class=\"markdown prose w-full break-words dark:prose-invert dark\"><span style=\"color: #000000;\">Umo\u017e\u0148uje plynul\u00e9 nastavenie jasu, \u010d\u00edm vytv\u00e1ra pr\u00edjemn\u00e9 a prisp\u00f4sobite\u013en\u00e9 osvetlenie pre ak\u00fdko\u013evek priestor.<\/span><\/div>\n<div class=\"markdown prose w-full break-words dark:prose-invert dark\">&nbsp;<\/div>\n<div class=\"markdown prose w-full break-words dark:prose-invert dark\"><span style=\"color: #000000;\"><strong>Upozor\u0148ujeme, \u017ee je nutn\u00e9 zak\u00fapi\u0165 spolu s dia\u013ekov\u00fdm ovl\u00e1da\u010dom RLNL126 a senzorom SM126<\/strong>.<\/span><\/div>\n<\/div>\n<\/div>\n<\/div>\n<table style=\"height: 65px;\" width=\"1126\">\n<tbody>\n<tr style=\"height: 23px;\">\n<td style=\"width: 283.641px; height: 23px;\"><span style=\"text-decoration: underline; font-size: 16px;\"><strong><span style=\"color: #000000; text-decoration: underline;\">TECHNICK\u00c9 PARAMETRE<\/span><\/strong><\/span><\/td>\n<td style=\"width: 841.359px; height: 23px;\">&nbsp;<\/td>\n<\/tr>\n<tr style=\"height: 23px;\">\n<td style=\"width: 283.641px; height: 22px;\"><span style=\"color: #000000;\">v\u00fdkon<\/span><\/td>\n<td style=\"width: 841.359px; height: 22px;\"><span style=\"color: #000000;\"><strong>60W<\/strong><\/span><\/td>\n<\/tr>\n<tr style=\"height: 23px;\">\n<td style=\"width: 283.641px; height: 10px;\"><span style=\"color: #000000;\">pou\u017eitie pre<\/span><\/td>\n<td style=\"width: 841.359px; height: 10px;\"><span style=\"color: #000000;\"><strong>LNL126<\/strong><\/span><\/td>\n<\/tr>\n<tr style=\"height: 111px;\">\n<td style=\"width: 283.641px; height: 10px;\"><span style=\"color: #000000;\">stmievate\u013en\u00fd<\/span><\/td>\n<td style=\"width: 841.359px; height: 10px;\"><span style=\"color: #000000;\"><strong>\u00e1no<\/strong><\/span><\/td>\n<\/tr>\n<\/tbody>\n<\/table>\n","protected":false},"excerpt":{"rendered":"<p>Stmievate\u013en\u00fd LiFud LED driver ku svietidlu LNL126 Tento stmievate\u013en\u00fd LED driver je navrhnut\u00fd \u0161peci\u00e1lne pre svietidlo LNL126, poskytuj\u00fac optim\u00e1lny v\u00fdkon a spo\u013eahlivos\u0165. S v\u00fdkonom 60W zabezpe\u010duje stabiln\u00e9 a efekt\u00edvne osvetlenie, ktor\u00e9 je mo\u017en\u00e9 prisp\u00f4sobi\u0165 pod\u013ea va\u0161ich potrieb. Kompatibilita: Svietidlo LNL126 V\u00fdkon: 60W Funkcia stmievate\u013enosti: Umo\u017e\u0148uje nastavenie intenzity osvetlenia Kvalita: Vysok\u00e1 spo\u013eahlivos\u0165 a dlh\u00e1 \u017eivotnos\u0165 Tento [&hellip;]<\/p>\n","protected":false},"featured_media":12532,"comment_status":"closed","ping_status":"open","template":"","meta":[],"product_brand":[],"product_cat":[103],"product_tag":[],"class_list":{"0":"post-12531","1":"product","2":"type-product","3":"status-publish","4":"has-post-thumbnail","6":"product_cat-led-linear-ip20","8":"first","9":"instock","10":"purchasable","11":"product-type-simple"},"_links":{"self":[{"href":"https:\/\/nedes.significa.sk\/de\/wp-json\/wp\/v2\/product\/12531","targetHints":{"allow":["GET"]}}],"collection":[{"href":"https:\/\/nedes.significa.sk\/de\/wp-json\/wp\/v2\/product"}],"about":[{"href":"https:\/\/nedes.significa.sk\/de\/wp-json\/wp\/v2\/types\/product"}],"replies":[{"embeddable":true,"href":"https:\/\/nedes.significa.sk\/de\/wp-json\/wp\/v2\/comments?post=12531"}],"wp:featuredmedia":[{"embeddable":true,"href":"https:\/\/nedes.significa.sk\/de\/wp-json\/wp\/v2\/media\/12532"}],"wp:attachment":[{"href":"https:\/\/nedes.significa.sk\/de\/wp-json\/wp\/v2\/media?parent=12531"}],"wp:term":[{"taxonomy":"product_brand","embeddable":true,"href":"https:\/\/nedes.significa.sk\/de\/wp-json\/wp\/v2\/product_brand?post=12531"},{"taxonomy":"product_cat","embeddable":true,"href":"https:\/\/nedes.significa.sk\/de\/wp-json\/wp\/v2\/product_cat?post=12531"},{"taxonomy":"product_tag","embeddable":true,"href":"https:\/\/nedes.significa.sk\/de\/wp-json\/wp\/v2\/product_tag?post=12531"}],"curies":[{"name":"wp","href":"https:\/\/api.w.org\/{rel}","templated":true}]}}