{"id":12538,"date":"2024-09-12T07:07:44","date_gmt":"2024-09-12T07:07:44","guid":{"rendered":"https:\/\/nedes.significa.sk\/produkty\/led-linearne-svietidlo-so-zasuvkou-15w-ip44-600-cct-lnl7621-whe\/"},"modified":"2024-09-12T07:07:50","modified_gmt":"2024-09-12T07:07:50","slug":"led-linearne-svietidlo-so-zasuvkou-15w-ip44-600-cct-lnl7621-whe","status":"publish","type":"product","link":"https:\/\/nedes.significa.sk\/de\/produkty\/led-linearne-svietidlo-so-zasuvkou-15w-ip44-600-cct-lnl7621-whe\/","title":{"rendered":"LED line\u00e1rne svietidlo so z\u00e1suvkou 15W \/ IP44 \/ 600 \/ CCT &#8211; LNL7621\/WHE"},"content":{"rendered":"<p style=\"text-align: justify;\"><span style=\"color: #000000;\"><strong>LED stmievate\u013en\u00e9 line\u00e1rne svietidlo<\/strong> zna\u010dky <strong>NEDES <\/strong>s v\u00fdkonom 15W a zmenou farby svetla <strong>3000K &#8211; 4000K &#8211; 6000K<\/strong>, ktor\u00fa je mo\u017en\u00e9 prep\u00edna\u0165 pomocou dotykov\u00e9ho vyp\u00edna\u010da.<\/span><\/p>\n<p style=\"text-align: justify;\"><span style=\"color: #000000;\">Mo\u017enosti ovl\u00e1dania:<\/span><\/p>\n<p style=\"text-align: justify;\"><span style=\"color: #000000;\"><strong>kr\u00e1tky dotyk<\/strong> &#8211; zapnutie \/ vypnutie<\/span><\/p>\n<p style=\"text-align: justify;\"><span style=\"color: #000000;\"><strong>dvoj-dotyk<\/strong> &#8211; prechod medzi farbami svetla 3000K \/ 4000K \/ 6000K&nbsp;<\/span><\/p>\n<p style=\"text-align: justify;\"><span style=\"color: #000000;\"><strong>st\u00e1ly dotyk<\/strong> &#8211; plynul\u00e9 stmievanie ( + \/ &#8211; )<\/span><\/p>\n<p style=\"text-align: justify;\"><span style=\"color: #000000;\">Stup\u0148om krytia IP44 je zabezpe\u010den\u00e1 ochrana proti vlhkosti a je navrhnut\u00e9 pre vn\u00fatorn\u00e9 aj vonkaj\u0161ie pou\u017eitie ( napr. do k\u00fapeln\u00ed, alt\u00e1nkov&#8230;)<\/span><\/p>\n<p style=\"text-align: justify;\"><span style=\"color: #000000;\">Konektor na pripojenie do AC zo zadnej strany svietidla.<\/span><\/p>\n<p style=\"text-align: justify;\"><span style=\"color: #000000;\"><strong>Svietidlo disponuje E\u00da z\u00e1suvkou: <\/strong>Nemecko, Rak\u00fasko, Ma\u010farsko, Rumunsko&#8230;<\/span><\/p>\n<p style=\"text-align: justify;\"><span style=\"color: #000000;\">N\u00e1\u0161 produkt zabezpe\u010duje \u013eahk\u00fa a bezprobl\u00e9mov\u00fa in\u0161tal\u00e1ciu.<\/span><\/p>\n<table style=\"height: 499px;\">\n<tbody>\n<tr style=\"height: 23px;\">\n<td style=\"width: 205px; height: 23px;\"><span style=\"text-decoration: underline; font-size: 16px;\"><strong><span style=\"color: #000000; text-decoration: underline;\">TECHNICK\u00c9 PARAMETRE<\/span><\/strong><\/span><\/td>\n<td style=\"width: 608px; height: 23px;\">&nbsp;<\/td>\n<\/tr>\n<tr style=\"height: 23px;\">\n<td style=\"width: 205px; height: 23px;\"><span style=\"color: #000000;\">spotreba<\/span><\/td>\n<td style=\"width: 608px; height: 23px;\"><span style=\"color: #000000;\"><strong>15W<\/strong><\/span><\/td>\n<\/tr>\n<tr style=\"height: 23px;\">\n<td style=\"width: 205px; height: 23px;\"><span style=\"color: #000000;\">sveteln\u00fd tok<\/span><\/td>\n<td style=\"width: 608px; height: 23px;\"><span style=\"color: #000000;\"><strong>1700Lm<\/strong><\/span><\/td>\n<\/tr>\n<tr style=\"height: 29px;\">\n<td style=\"width: 205px; height: 29px;\"><span style=\"color: #000000;\">z\u00e1suvka<\/span><\/td>\n<td style=\"width: 608px; height: 29px;\"><span style=\"color: #000000;\"><strong>E\u00da, max.250V ~ 16A<\/strong><\/span><\/td>\n<\/tr>\n<tr style=\"height: 23px;\">\n<td style=\"width: 205px; height: 23px;\"><span style=\"color: #000000;\">krytie<\/span><\/td>\n<td style=\"width: 608px; height: 23px;\"><span style=\"color: #000000;\"><strong>IP44<\/strong><\/span><\/td>\n<\/tr>\n<tr style=\"height: 23px;\">\n<td style=\"width: 205px; height: 23px;\"><span style=\"color: #000000;\">chromati\u010dnos\u0165 (farba svetla)<\/span><\/td>\n<td style=\"width: 608px; height: 23px;\"><span style=\"color: #000000;\"><strong>3000K &#8211; 4000K &#8211; 6000K<\/strong><\/span><\/td>\n<\/tr>\n<tr style=\"height: 23px;\">\n<td style=\"width: 205px; height: 23px;\"><span style=\"color: #000000;\">stupe\u0148 mechanickej ochrany<\/span><\/td>\n<td style=\"width: 608px; height: 23px;\"><span style=\"color: #000000;\"><strong>IK08<\/strong><\/span><\/td>\n<\/tr>\n<tr style=\"height: 23px;\">\n<td style=\"width: 205px; height: 23px;\"><span style=\"color: #000000;\">uhol svetla<\/span><\/td>\n<td style=\"width: 608px; height: 23px;\"><span style=\"color: #000000;\"><strong>150\u00b0<\/strong><\/span><\/td>\n<\/tr>\n<tr style=\"height: 23px;\">\n<td style=\"width: 205px; height: 23px;\"><span style=\"color: #000000;\">rozmer (mm)<\/span><\/td>\n<td style=\"width: 608px; height: 23px;\"><span style=\"color: #000000;\"><strong>595 x 57 x 65<\/strong><\/span><\/td>\n<\/tr>\n<tr style=\"height: 23px;\">\n<td style=\"width: 205px; height: 23px;\"><span style=\"color: #000000;\">senzor<\/span><\/td>\n<td style=\"width: 608px; height: 23px;\"><span style=\"color: #000000;\"><strong>&#8211;<\/strong><\/span><\/td>\n<\/tr>\n<tr style=\"height: 23px;\">\n<td style=\"width: 205px; height: 23px;\"><span style=\"color: #000000;\">nadp\u00e1jateln\u00e9<\/span><\/td>\n<td style=\"width: 608px; height: 23px;\"><strong><span style=\"color: #000000;\">&#8211;<\/span><\/strong><\/td>\n<\/tr>\n<tr style=\"height: 23px;\">\n<td style=\"width: 205px; height: 23px;\"><span style=\"color: #000000;\">vyp\u00edna\u010d<\/span><\/td>\n<td style=\"width: 608px; height: 23px;\"><span style=\"color: #000000;\"><strong>\u00e1no \/ dotykov\u00fd<\/strong><\/span><\/td>\n<\/tr>\n<tr style=\"height: 23px;\">\n<td style=\"width: 205px; height: 23px;\"><span style=\"color: #000000;\">nap\u00e4tie <\/span><\/td>\n<td style=\"width: 608px; height: 23px;\"><span style=\"color: #000000;\"><strong>AC180 &#8211; 265V<\/strong><\/span><\/td>\n<\/tr>\n<tr style=\"height: 23px;\">\n<td style=\"width: 205px; height: 23px;\"><span style=\"color: #000000;\">\u017eivotnos\u0165<\/span><\/td>\n<td style=\"width: 608px; height: 23px;\"><span style=\"color: #000000;\"><strong>30 000h<\/strong><\/span><\/td>\n<\/tr>\n<tr style=\"height: 23px;\">\n<td style=\"width: 205px; height: 23px;\"><span style=\"color: #000000;\">sp\u00ednac\u00ed cyklus<\/span><\/td>\n<td style=\"width: 608px; height: 23px;\"><span style=\"color: #000000;\"><strong>15 000 x<\/strong><\/span><\/td>\n<\/tr>\n<tr style=\"height: 23px;\">\n<td style=\"width: 205px; height: 22px;\"><span style=\"color: #000000;\">hmotnos\u0165 netto (g)<\/span><\/td>\n<td style=\"width: 608px; height: 22px;\"><span style=\"color: #000000;\"><strong>468<\/strong><\/span><\/td>\n<\/tr>\n<tr style=\"height: 23px;\">\n<td style=\"width: 205px; height: 28px;\"><span style=\"color: #000000;\">stmievate\u013en\u00e1<\/span><\/td>\n<td style=\"width: 608px; height: 28px;\"><span style=\"color: #000000;\"><strong>\u00e1no<\/strong><\/span><\/td>\n<\/tr>\n<tr style=\"height: 23px;\">\n<td style=\"width: 205px; height: 23px;\"><span style=\"color: #000000;\">materi\u00e1l<\/span><\/td>\n<td style=\"width: 608px; height: 23px;\"><strong><span style=\"color: #000000;\">thermal PC&nbsp;<\/span><\/strong><\/td>\n<\/tr>\n<tr style=\"height: 23px;\">\n<td style=\"width: 205px; height: 23px;\"><span style=\"color: #000000;\">typ dif\u00fazora<\/span><\/td>\n<td style=\"width: 608px; height: 23px;\"><strong><span style=\"color: #000000;\">op\u00e1lov\u00fd<\/span><\/strong><\/td>\n<\/tr>\n<tr style=\"height: 23px;\">\n<td style=\"width: 205px; height: 23px;\"><span style=\"color: #000000;\">balenie<\/span><\/td>\n<td style=\"width: 608px; height: 23px;\"><span style=\"color: #000000;\"><strong>1\/25<\/strong><\/span><\/td>\n<\/tr>\n<tr style=\"height: 29px;\">\n<td style=\"width: 205px; height: 29px;\"><span style=\"color: #000000;\">LED s\u00fa nevymenite\u013en\u00e9<\/span><span style=\"color: #000000;\"><br \/><\/span><\/td>\n<td style=\"width: 608px; height: 29px;\"><span style=\"color: #000000;\"><strong>&nbsp;<\/strong><\/span><\/td>\n<\/tr>\n<\/tbody>\n<\/table>\n<p>-cena produktu zah\u0155\u0148a recykla\u010dn\u00fd poplatok v hodnote 0,40\u20ac bez DPH (0,48\u20ac s DPH)<\/p>\n","protected":false},"excerpt":{"rendered":"<p>LED stmievate\u013en\u00e9 line\u00e1rne svietidlo zna\u010dky NEDES s v\u00fdkonom 15W a zmenou farby svetla 3000K &#8211; 4000K &#8211; 6000K, ktor\u00fa je mo\u017en\u00e9 prep\u00edna\u0165 pomocou dotykov\u00e9ho vyp\u00edna\u010da. Mo\u017enosti ovl\u00e1dania: kr\u00e1tky dotyk &#8211; zapnutie \/ vypnutie dvoj-dotyk &#8211; prechod medzi farbami svetla 3000K \/ 4000K \/ 6000K&nbsp; st\u00e1ly dotyk &#8211; plynul\u00e9 stmievanie ( + \/ &#8211; ) Stup\u0148om [&hellip;]<\/p>\n","protected":false},"featured_media":12539,"comment_status":"closed","ping_status":"open","template":"","meta":[],"product_brand":[],"product_cat":[104],"product_tag":[],"class_list":{"0":"post-12538","1":"product","2":"type-product","3":"status-publish","4":"has-post-thumbnail","6":"product_cat-led-linear-ip44","8":"first","9":"instock","10":"purchasable","11":"product-type-simple"},"_links":{"self":[{"href":"https:\/\/nedes.significa.sk\/de\/wp-json\/wp\/v2\/product\/12538","targetHints":{"allow":["GET"]}}],"collection":[{"href":"https:\/\/nedes.significa.sk\/de\/wp-json\/wp\/v2\/product"}],"about":[{"href":"https:\/\/nedes.significa.sk\/de\/wp-json\/wp\/v2\/types\/product"}],"replies":[{"embeddable":true,"href":"https:\/\/nedes.significa.sk\/de\/wp-json\/wp\/v2\/comments?post=12538"}],"wp:featuredmedia":[{"embeddable":true,"href":"https:\/\/nedes.significa.sk\/de\/wp-json\/wp\/v2\/media\/12539"}],"wp:attachment":[{"href":"https:\/\/nedes.significa.sk\/de\/wp-json\/wp\/v2\/media?parent=12538"}],"wp:term":[{"taxonomy":"product_brand","embeddable":true,"href":"https:\/\/nedes.significa.sk\/de\/wp-json\/wp\/v2\/product_brand?post=12538"},{"taxonomy":"product_cat","embeddable":true,"href":"https:\/\/nedes.significa.sk\/de\/wp-json\/wp\/v2\/product_cat?post=12538"},{"taxonomy":"product_tag","embeddable":true,"href":"https:\/\/nedes.significa.sk\/de\/wp-json\/wp\/v2\/product_tag?post=12538"}],"curies":[{"name":"wp","href":"https:\/\/api.w.org\/{rel}","templated":true}]}}