{"id":13215,"date":"2024-09-12T07:12:50","date_gmt":"2024-09-12T07:12:50","guid":{"rendered":"https:\/\/nedes.significa.sk\/produkty\/stmievatelny-driver-lifud-0-10v-na-40w-led-panel-d01040w\/"},"modified":"2024-09-12T07:13:08","modified_gmt":"2024-09-12T07:13:08","slug":"stmievatelny-driver-lifud-0-10v-na-40w-led-panel-d01040w","status":"publish","type":"product","link":"https:\/\/nedes.significa.sk\/de\/produkty\/stmievatelny-driver-lifud-0-10v-na-40w-led-panel-d01040w\/","title":{"rendered":"Stmievate\u013en\u00fd Driver LIFUD 0-10V na 40W LED panel &#8211; D01040W"},"content":{"rendered":"<p><span style=\"color: #000000;\"><strong>Stmievate\u013en\u00fd driver LIFUD<\/strong>&nbsp;<strong>0-10V<\/strong> je vhodn\u00fd pre v\u0161etky <strong>40W LED panely <\/strong>( z na\u0161ej ponuky s nastaven\u00edm <strong>1000mAh 1.ON \/ 2.OFF<\/strong> ).<\/span><\/p>\n<p><span style=\"color: #000000;\">Jeho kompatibilita zabezpe\u010duje <strong>jednoduch\u00fa a efekt\u00edvnu regul\u00e1ciu jasu<\/strong> pod\u013ea va\u0161ich potrieb.<\/span><\/p>\n<p><span style=\"color: #000000;\">Vysok\u00e1 kvalita prevedenia zaru\u010duje<strong>&nbsp;dlh\u00fa \u017eivotnos\u0165 \/ a\u017e 60 mesiacov <\/strong><strong>a spo\u013eahlivos\u0165.<\/strong><\/span><\/p>\n<p><span style=\"color: #000000;\">S t\u00fdmto stmievate\u013en\u00fdm driverom <strong>dosiahnete optim\u00e1lnu \u00farove\u0148 osvetlenia a vytvor\u00edte pr\u00edjemn\u00e9 prostredie vo va\u0161ich priestoroch.<\/strong><\/span><\/p>\n<p><span style=\"color: #000000;\">Na\u0161e <strong>svietidl\u00e1<\/strong> a ostatn\u00e9 v\u00fdrobky s\u00fa ob\u013e\u00faben\u00e9 na celom<strong> svete<\/strong>.<\/span><\/p>\n<table style=\"height: 330px;\" width=\"1126\">\n<tbody>\n<tr style=\"height: 23px;\">\n<td style=\"width: 283.641px; height: 23px;\"><span style=\"text-decoration: underline; font-size: 16px;\"><strong><span style=\"color: #000000; text-decoration: underline;\">TECHNICK\u00c9 PARAMETRE<\/span><\/strong><\/span><\/td>\n<td style=\"width: 841.359px; height: 23px;\">&nbsp;<\/td>\n<\/tr>\n<tr style=\"height: 23px;\">\n<td style=\"width: 283.641px; height: 96px;\"><span style=\"color: #000000;\">v\u00fdkon<\/span><\/td>\n<td style=\"width: 841.359px; height: 96px;\"><span style=\"color: #000000;\"><strong>40W<\/strong><\/span><\/td>\n<\/tr>\n<tr style=\"height: 23px;\">\n<td style=\"width: 283.641px; height: 100px;\"><span style=\"color: #000000;\">pou\u017eitie pre<\/span><\/td>\n<td style=\"width: 841.359px; height: 100px;\"><span style=\"color: #000000;\"><strong>PL121, PL121H, PL121H\/U, PL5024, PL5024U, PL5224, PL5224U, PL5524, PL5524U, PL7224, PL7224U<\/strong><\/span><\/td>\n<\/tr>\n<tr style=\"height: 111px;\">\n<td style=\"width: 283.641px; height: 111px;\"><span style=\"color: #000000;\">stmievate\u013en\u00fd<\/span><\/td>\n<td style=\"width: 841.359px; height: 111px;\"><span style=\"color: #000000;\"><strong>\u00e1no<\/strong><\/span><\/td>\n<\/tr>\n<\/tbody>\n<\/table>\n","protected":false},"excerpt":{"rendered":"<p>Stmievate\u013en\u00fd driver LIFUD&nbsp;0-10V je vhodn\u00fd pre v\u0161etky 40W LED panely ( z na\u0161ej ponuky s nastaven\u00edm 1000mAh 1.ON \/ 2.OFF ). Jeho kompatibilita zabezpe\u010duje jednoduch\u00fa a efekt\u00edvnu regul\u00e1ciu jasu pod\u013ea va\u0161ich potrieb. Vysok\u00e1 kvalita prevedenia zaru\u010duje&nbsp;dlh\u00fa \u017eivotnos\u0165 \/ a\u017e 60 mesiacov a spo\u013eahlivos\u0165. S t\u00fdmto stmievate\u013en\u00fdm driverom dosiahnete optim\u00e1lnu \u00farove\u0148 osvetlenia a vytvor\u00edte pr\u00edjemn\u00e9 prostredie [&hellip;]<\/p>\n","protected":false},"featured_media":13216,"comment_status":"closed","ping_status":"open","template":"","meta":[],"product_brand":[],"product_cat":[150],"product_tag":[],"class_list":{"0":"post-13215","1":"product","2":"type-product","3":"status-publish","4":"has-post-thumbnail","6":"product_cat-prislusenstvo-led-panely-25w-45w","8":"first","9":"instock","10":"purchasable","11":"product-type-simple"},"_links":{"self":[{"href":"https:\/\/nedes.significa.sk\/de\/wp-json\/wp\/v2\/product\/13215","targetHints":{"allow":["GET"]}}],"collection":[{"href":"https:\/\/nedes.significa.sk\/de\/wp-json\/wp\/v2\/product"}],"about":[{"href":"https:\/\/nedes.significa.sk\/de\/wp-json\/wp\/v2\/types\/product"}],"replies":[{"embeddable":true,"href":"https:\/\/nedes.significa.sk\/de\/wp-json\/wp\/v2\/comments?post=13215"}],"wp:featuredmedia":[{"embeddable":true,"href":"https:\/\/nedes.significa.sk\/de\/wp-json\/wp\/v2\/media\/13216"}],"wp:attachment":[{"href":"https:\/\/nedes.significa.sk\/de\/wp-json\/wp\/v2\/media?parent=13215"}],"wp:term":[{"taxonomy":"product_brand","embeddable":true,"href":"https:\/\/nedes.significa.sk\/de\/wp-json\/wp\/v2\/product_brand?post=13215"},{"taxonomy":"product_cat","embeddable":true,"href":"https:\/\/nedes.significa.sk\/de\/wp-json\/wp\/v2\/product_cat?post=13215"},{"taxonomy":"product_tag","embeddable":true,"href":"https:\/\/nedes.significa.sk\/de\/wp-json\/wp\/v2\/product_tag?post=13215"}],"curies":[{"name":"wp","href":"https:\/\/api.w.org\/{rel}","templated":true}]}}