{"id":9616,"date":"2024-09-12T06:45:42","date_gmt":"2024-09-12T06:45:42","guid":{"rendered":"https:\/\/nedes.significa.sk\/produkty\/led-stropnica-opal-dialkovy-ovladac-24w-clr4-smd-rc-lc800s\/"},"modified":"2024-09-12T06:45:46","modified_gmt":"2024-09-12T06:45:46","slug":"led-stropnica-opal-dialkovy-ovladac-24w-clr4-smd-rc-lc800s","status":"publish","type":"product","link":"https:\/\/nedes.significa.sk\/de\/produkty\/led-stropnica-opal-dialkovy-ovladac-24w-clr4-smd-rc-lc800s\/","title":{"rendered":"LED stropnica OPAL + dia\u013ekov\u00fd ovl\u00e1da\u010d 24W \/ CLR4 \/ SMD \/ RC &#8211; LC800S"},"content":{"rendered":"<p><span style=\"color: #000000;\"><strong>Stropn\u00e9 LED svietidlo LCL8 Series Exlusive<\/strong> s <strong>dia\u013ekov\u00fdm ovl\u00e1da\u010dom<\/strong> RC 2,4GHz zna\u010dky <strong>NEDES<\/strong> je <strong>stropn\u00e1 lampa<\/strong> ide\u00e1lna pre <strong>interi\u00e9rov\u00e9 osvetlenie<\/strong>. <strong>Stropn\u00e9&nbsp;svetlo <\/strong>&nbsp;je vhodn\u00e9 napr\u00edklad, do <strong>obyva\u010dky, kuchyne, predsiene, j<\/strong><strong>ed\u00e1lne, chodby a \u0161atn\u00edka<\/strong>. Medzi k\u013e\u00fa\u010dov\u00e9 vlastnosti patria <strong>modern\u00fd, jednoduch\u00fd dizajn<\/strong>, <strong>LED technol\u00f3gia<\/strong>, <strong>\u00faspornos\u0165<\/strong>,<strong> spo\u013eahlivos\u0165<\/strong> a v neposlednom rade <strong>cenov\u00e1 dostupnos\u0165<\/strong>. Toto svietidlo u<\/span><span style=\"color: #000000;\">mo\u017e\u0148uje <strong>nastavenie farebn\u00fdch odtie\u0148ov <\/strong>(re\u017eimov), <strong>intenzity svetla<\/strong> (stmievanie) a<strong> no\u010dn\u00e9ho re\u017eimu<\/strong>. Disponuje <strong>mo\u017enos\u0165ou<\/strong> <strong>ovl\u00e1dania<\/strong> a\u017e <strong>300 svietidiel jedn\u00fdm ovl\u00e1da\u010dom<\/strong>, no rovnako aj <strong>ovl\u00e1dan\u00edm viacer\u00fdmi ovl\u00e1da\u010dmi<\/strong> a <strong>vytvoren\u00edm 3 skup\u00edn svietidiel<\/strong>. Mo\u017enos\u0165 <strong>p\u00e1rovania s ak\u00fdmko\u013evek svietidlom rady LC 8 series<\/strong>. Svietidlo si pam\u00e4t\u00e1 posledn\u00e9 nastavenie po vypnut\u00ed ako vyp\u00edna\u010dom, tak ovl\u00e1da\u010dom. Pon\u00faka mo\u017enos\u0165 zmeny od <strong>neutr\u00e1lnej<\/strong> cez <strong>tepl\u00fa<\/strong> a\u017e <strong>studen\u00fa farbu svetla<\/strong> pomocou vyp\u00edna\u010da, ak svietidlo vypnete a zapnete v priebehu 10sec. \u0160irok\u00e1 ponuka obsahuje <strong>najkvalitnej\u0161ie osvetlenie<\/strong>, ktor\u00e9 je z\u00e1rove\u0148 energeticky najlacnej\u0161ie. Na\u0161e <strong>svietidl\u00e1<\/strong> zais\u0165uj\u00fa bezpe\u010dn\u00fa, \u013eahk\u00fa a bezprobl\u00e9mov\u00fa in\u0161tal\u00e1ciu, preto s\u00fa ob\u013e\u00faben\u00e9 na celom <strong>svete<\/strong>.<\/span><\/p>\n<p>-RC 2,4GHz<br \/>-stmievanie<br \/>-no\u010dn\u00fd re\u017eim(3 farby svetla no\u010dn\u00e9ho re\u017eimu- men\u00ed sa pri opakovanom sta\u010den\u00ed tla\u010didla no\u010dn\u00e9ho re\u017eimu)<br \/>-zmena farby svetla<br \/>-mo\u017enos\u0165 p\u00e1rovania s ak\u00fdmko\u013evek svietidlom rady LC 8 series<br \/>-ovl\u00e1danie viac ako 300 svietidiel jedn\u00fdm ovl\u00e1da\u010dom<br \/>-mo\u017enos\u0165 ovl\u00e1dania viacer\u00fdmi ovl\u00e1da\u010dmi<br \/>-mo\u017enos\u0165 vytvorenia 3 skup\u00edn svietidiel<br \/>-pam\u00e4\u0165 posledn\u00e9ho nastavenia po vypnut\u00ed( aj vyp\u00edna\u010dom, aj ovl\u00e1da\u010dom)<br \/>-pam\u00e4\u0165 posledn\u00e9ho nastavenia pri ovl\u00e1dan\u00ed vyp\u00edna\u010dom- svietidlo mus\u00ed by\u0165 vo vypnutom stave viac ako 10sec. a aj v zapnutom stave viac ako 10sec<br \/>-zmena re\u017eimov pomocou vyp\u00edna\u010da<br \/>-fosforov\u00e9 tla\u010didl\u00e1 ovl\u00e1da\u010da(vidite\u013en\u00e9 v tme)<br \/>-indikcia tla\u010didla zapnutia na ovl\u00e1da\u010di(pri vypnutom stave tla\u010didlo zapnutia zasvieti pri stla\u010den\u00ed ak\u00e9hoko\u013evek tla\u010didla), \u013eahko vidite\u013en\u00e9 v tme<br \/>-bezpe\u010dn\u00e1 a \u013eahk\u00e1 mont\u00e1\u017e(in\u0161talovan\u00e9 poistky proti po\u0161kriabaniu steny pri mont\u00e1\u017ei)<br \/>-bezpe\u010dn\u00e9 balenie<\/p>\n<table style=\"height: 414px;\">\n<tbody>\n<tr style=\"height: 23px;\">\n<td style=\"width: 205.265625px; height: 23px;\"><span style=\"text-decoration: underline; font-size: 16px;\"><strong><span style=\"color: #000000; text-decoration: underline;\">TECHNICK\u00c9 PARAMETRE<\/span><\/strong><\/span><\/td>\n<td style=\"width: 608.875px; height: 23px;\">&nbsp;<\/td>\n<\/tr>\n<tr style=\"height: 23px;\">\n<td style=\"width: 205.265625px; height: 23px;\"><span style=\"color: #000000;\">spotreba<\/span><\/td>\n<td style=\"width: 608.875px; height: 23px;\"><span style=\"color: #000000;\"><strong>24W<\/strong><\/span><\/td>\n<\/tr>\n<tr style=\"height: 23px;\">\n<td style=\"width: 205.265625px; height: 23px;\"><span style=\"color: #000000;\">sveteln\u00fd tok<\/span><\/td>\n<td style=\"width: 608.875px; height: 23px;\"><span style=\"color: #000000;\"><strong>LED &#8211; 2880Lm, total <img decoding=\"async\" src=\"\/storage\/lampa.png\" width=\"13\" height=\"16\" alt=\"\">&nbsp;&#8211; 1800Lm<\/strong><\/span><\/td>\n<\/tr>\n<tr style=\"height: 23px;\">\n<td style=\"width: 205.265625px; height: 23px;\"><span style=\"color: #000000;\">rozmer (mm)<\/span><\/td>\n<td style=\"width: 608.875px; height: 23px;\"><span style=\"color: #000000;\"><strong>\u00d8390 x 75<\/strong><\/span><\/td>\n<\/tr>\n<tr style=\"height: 23px;\">\n<td style=\"width: 205.265625px; height: 23px;\"><span style=\"color: #000000;\">chromati\u010dnos\u0165 (farba svetla)<\/span><\/td>\n<td style=\"width: 608.875px; height: 23px;\"><span style=\"color: #000000;\"><strong>2700K &#8211; 6500K<\/strong><\/span><\/td>\n<\/tr>\n<tr style=\"height: 23px;\">\n<td style=\"width: 205.265625px; height: 23px;\"><span style=\"color: #000000;\">stmievanie<\/span><\/td>\n<td style=\"width: 608.875px; height: 23px;\"><span style=\"color: #000000;\"><strong>\u00e1no<\/strong><\/span><\/td>\n<\/tr>\n<tr style=\"height: 23px;\">\n<td style=\"width: 205.265625px; height: 23px;\"><span style=\"color: #000000;\">no\u010dn\u00fd re\u017eim<\/span><\/td>\n<td style=\"width: 608.875px; height: 23px;\"><span style=\"color: #000000;\"><strong>3 m\u00f3dy (2700K\/4000K\/6500K)<\/strong><\/span><\/td>\n<\/tr>\n<tr style=\"height: 23px;\">\n<td style=\"width: 205.265625px; height: 23px;\"><span style=\"color: #000000;\">dia\u013ekov\u00fd ovl\u00e1da\u010d<\/span><\/td>\n<td style=\"width: 608.875px; height: 23px;\"><span style=\"color: #000000;\"><strong>RC2,4GHz, fosforov\u00e9 tla\u010didl\u00e1<\/strong><\/span><\/td>\n<\/tr>\n<tr style=\"height: 23px;\">\n<td style=\"width: 205.265625px; height: 23px;\"><span style=\"color: #000000;\">uhol svetla<\/span><\/td>\n<td style=\"width: 608.875px; height: 23px;\"><span style=\"color: #000000;\"><strong>120\u00b0<\/strong><\/span><\/td>\n<\/tr>\n<tr style=\"height: 23px;\">\n<td style=\"width: 205.265625px; height: 23px;\"><span style=\"color: #000000;\">nap\u00e4tie <\/span><\/td>\n<td style=\"width: 608.875px; height: 23px;\"><span style=\"color: #000000;\"><strong>AC176 &#8211; 264V<\/strong><\/span><\/td>\n<\/tr>\n<tr style=\"height: 23px;\">\n<td style=\"width: 205.265625px; height: 23px;\"><span style=\"color: #000000;\">\u017eivotnos\u0165<\/span><\/td>\n<td style=\"width: 608.875px; height: 23px;\"><span style=\"color: #000000;\"><strong>30 000h<\/strong><\/span><\/td>\n<\/tr>\n<tr style=\"height: 23px;\">\n<td style=\"width: 205.265625px; height: 23px;\"><span style=\"color: #000000;\">sp\u00ednac\u00ed cyklus<\/span><\/td>\n<td style=\"width: 608.875px; height: 23px;\"><span style=\"color: #000000;\"><strong>25 000 x<\/strong><\/span><\/td>\n<\/tr>\n<tr style=\"height: 23px;\">\n<td style=\"width: 205.265625px; height: 23px;\"><span style=\"color: #000000;\">hmotnost netto (g)<\/span><\/td>\n<td style=\"width: 608.875px; height: 23px;\"><span style=\"color: #000000;\"><strong>740<\/strong><\/span><\/td>\n<\/tr>\n<tr style=\"height: 23px;\">\n<td style=\"width: 205.265625px; height: 23px;\"><span style=\"color: #000000;\">krytie<\/span><\/td>\n<td style=\"width: 608.875px; height: 23px;\"><span style=\"color: #000000;\"><strong>IP20<\/strong><\/span><\/td>\n<\/tr>\n<tr style=\"height: 23px;\">\n<td style=\"width: 205.265625px; height: 23px;\"><span style=\"color: #000000;\">materi\u00e1l<\/span><\/td>\n<td style=\"width: 608.875px; height: 23px;\"><span style=\"color: #000000;\"><strong>metal &#8211; biela<\/strong><\/span><\/td>\n<\/tr>\n<tr style=\"height: 23px;\">\n<td style=\"width: 205.265625px; height: 23px;\"><span style=\"color: #000000;\">typ dif\u00fazora<\/span><\/td>\n<td style=\"width: 608.875px; height: 23px;\"><strong><span style=\"color: #000000;\">MS &#8211; opal<\/span><\/strong><\/td>\n<\/tr>\n<tr style=\"height: 23px;\">\n<td style=\"width: 205.265625px; height: 23px;\"><span style=\"color: #000000;\">balenie<\/span><\/td>\n<td style=\"width: 608.875px; height: 23px;\"><span style=\"color: #000000;\"><strong>1\/5<\/strong><\/span><\/td>\n<\/tr>\n<tr>\n<td style=\"width: 205.266px;\"><span style=\"color: #000000;\">LED s\u00fa nevymenite\u013en\u00e9<\/span><\/td>\n<td style=\"width: 608.875px;\"><span style=\"color: #000000;\"><strong>&nbsp;<\/strong><\/span><\/td>\n<\/tr>\n<\/tbody>\n<\/table>\n<p>-cena produktu zah\u0155\u0148a recykla\u010dn\u00fd poplatok v hodnote 0,10\u20ac bez DPH (0,12\u20ac s DPH)<\/p>\n","protected":false},"excerpt":{"rendered":"<p>Stropn\u00e9 LED svietidlo LCL8 Series Exlusive s dia\u013ekov\u00fdm ovl\u00e1da\u010dom RC 2,4GHz zna\u010dky NEDES je stropn\u00e1 lampa ide\u00e1lna pre interi\u00e9rov\u00e9 osvetlenie. Stropn\u00e9&nbsp;svetlo &nbsp;je vhodn\u00e9 napr\u00edklad, do obyva\u010dky, kuchyne, predsiene, jed\u00e1lne, chodby a \u0161atn\u00edka. Medzi k\u013e\u00fa\u010dov\u00e9 vlastnosti patria modern\u00fd, jednoduch\u00fd dizajn, LED technol\u00f3gia, \u00faspornos\u0165, spo\u013eahlivos\u0165 a v neposlednom rade cenov\u00e1 dostupnos\u0165. Toto svietidlo umo\u017e\u0148uje nastavenie farebn\u00fdch odtie\u0148ov [&hellip;]<\/p>\n","protected":false},"featured_media":9416,"comment_status":"closed","ping_status":"open","template":"","meta":[],"product_brand":[],"product_cat":[40],"product_tag":[],"class_list":{"0":"post-9616","1":"product","2":"type-product","3":"status-publish","4":"has-post-thumbnail","6":"product_cat-led-svietidla-dial-ovladac","8":"first","9":"instock","10":"purchasable","11":"product-type-simple"},"_links":{"self":[{"href":"https:\/\/nedes.significa.sk\/de\/wp-json\/wp\/v2\/product\/9616","targetHints":{"allow":["GET"]}}],"collection":[{"href":"https:\/\/nedes.significa.sk\/de\/wp-json\/wp\/v2\/product"}],"about":[{"href":"https:\/\/nedes.significa.sk\/de\/wp-json\/wp\/v2\/types\/product"}],"replies":[{"embeddable":true,"href":"https:\/\/nedes.significa.sk\/de\/wp-json\/wp\/v2\/comments?post=9616"}],"wp:featuredmedia":[{"embeddable":true,"href":"https:\/\/nedes.significa.sk\/de\/wp-json\/wp\/v2\/media\/9416"}],"wp:attachment":[{"href":"https:\/\/nedes.significa.sk\/de\/wp-json\/wp\/v2\/media?parent=9616"}],"wp:term":[{"taxonomy":"product_brand","embeddable":true,"href":"https:\/\/nedes.significa.sk\/de\/wp-json\/wp\/v2\/product_brand?post=9616"},{"taxonomy":"product_cat","embeddable":true,"href":"https:\/\/nedes.significa.sk\/de\/wp-json\/wp\/v2\/product_cat?post=9616"},{"taxonomy":"product_tag","embeddable":true,"href":"https:\/\/nedes.significa.sk\/de\/wp-json\/wp\/v2\/product_tag?post=9616"}],"curies":[{"name":"wp","href":"https:\/\/api.w.org\/{rel}","templated":true}]}}