{"id":9618,"date":"2024-09-12T06:45:42","date_gmt":"2024-09-12T06:45:42","guid":{"rendered":"https:\/\/nedes.significa.sk\/produkty\/led-svietidlo-star-dialkovy-ovladac-90w-clr2-smd-rc-as-lc813u\/"},"modified":"2024-09-12T06:45:47","modified_gmt":"2024-09-12T06:45:47","slug":"led-svietidlo-star-dialkovy-ovladac-90w-clr2-smd-rc-as-lc813u","status":"publish","type":"product","link":"https:\/\/nedes.significa.sk\/de\/produkty\/led-svietidlo-star-dialkovy-ovladac-90w-clr2-smd-rc-as-lc813u\/","title":{"rendered":"LED svietidlo STAR + dia\u013ekov\u00fd ovl\u00e1da\u010d 90W \/ CLR2 \/ SMD \/ RC \/ AS &#8211; LC813U"},"content":{"rendered":"<p>-RC 2,4GHz<br \/>-stmievanie<br \/>-no\u010dn\u00fd re\u017eim(3 farby svetla no\u010dn\u00e9ho re\u017eimu- men\u00ed sa pri opakovanom sta\u010den\u00ed tla\u010didla no\u010dn\u00e9ho re\u017eimu)<br \/>-zmena farby svetla<br \/>-mo\u017enos\u0165 p\u00e1rovania s ak\u00fdmko\u013evek svietidlom rady LC 8 series<br \/>-ovl\u00e1danie viac ako 300 svietidiel jedn\u00fdm ovl\u00e1da\u010dom<br \/>-mo\u017enos\u0165 ovl\u00e1dania viacer\u00fdmi ovl\u00e1da\u010dmi<br \/>-mo\u017enos\u0165 vytvorenia 3 skup\u00edn svietidiel<br \/>-pam\u00e4\u0165 posledn\u00e9ho nastavenia po vypnut\u00ed( aj vyp\u00edna\u010dom, aj ovl\u00e1da\u010dom)<br \/>pam\u00e4\u0165 posledn\u00e9ho nastavenia pri ovl\u00e1dan\u00ed vyp\u00edna\u010dom- svietidlo mus\u00ed by\u0165 vo vypnutom stave viac ako 10sec. a aj v zapnutom stave viac ako 10sec<br \/>-zmena re\u017eimov pomocou vyp\u00edna\u010da<br \/>-fosforov\u00e9 tla\u010didl\u00e1 ovl\u00e1da\u010da(vidite\u013en\u00e9 v tme)<br \/>-indikcia tla\u010didla zapnutia na ovl\u00e1da\u010di(pri vypnutom stave tla\u010didlo zapnutia zasvieti pri stla\u010den\u00ed ak\u00e9hoko\u013evek tla\u010didla), \u013eahko vidite\u013en\u00e9 v tme<br \/>-bezpe\u010dn\u00e1 a \u013eahk\u00e1 mont\u00e1\u017e(in\u0161talovan\u00e9 poistky proti po\u0161kriabaniu steny pri mont\u00e1\u017ei)<br \/>-bezpe\u010dn\u00e9 balenie<\/p>\n<table style=\"height: 414px;\">\n<tbody>\n<tr style=\"height: 23px;\">\n<td style=\"width: 205.265625px; height: 23px;\"><span style=\"text-decoration: underline; font-size: 16px;\"><strong><span style=\"color: #000000; text-decoration: underline;\">TECHNICK\u00c9 PARAMETRE<\/span><\/strong><\/span><\/td>\n<td style=\"width: 608.875px; height: 23px;\">&nbsp;<\/td>\n<\/tr>\n<tr style=\"height: 23px;\">\n<td style=\"width: 205.265625px; height: 23px;\"><span style=\"color: #000000;\">spotreba<\/span><\/td>\n<td style=\"width: 608.875px; height: 23px;\"><span style=\"color: #000000;\"><strong>90W<\/strong><\/span><\/td>\n<\/tr>\n<tr style=\"height: 23px;\">\n<td style=\"width: 205.265625px; height: 23px;\"><span style=\"color: #000000;\">sveteln\u00fd tok<\/span><\/td>\n<td style=\"width: 608.875px; height: 23px;\"><span style=\"color: #000000;\"><strong>6500Lm<\/strong><\/span><\/td>\n<\/tr>\n<tr style=\"height: 23px;\">\n<td style=\"width: 205.265625px; height: 23px;\"><span style=\"color: #000000;\">rozmer<\/span><\/td>\n<td style=\"width: 608.875px; height: 23px;\"><span style=\"color: #000000;\"><strong>\u00d8750 x 132<\/strong><\/span><\/td>\n<\/tr>\n<tr style=\"height: 23px;\">\n<td style=\"width: 205.265625px; height: 23px;\"><span style=\"color: #000000;\">chromati\u010dnos\u0165 (farba svetla)<\/span><\/td>\n<td style=\"width: 608.875px; height: 23px;\"><span style=\"color: #000000;\"><strong>2700K &#8211; 6500K<\/strong><\/span><\/td>\n<\/tr>\n<tr style=\"height: 23px;\">\n<td style=\"width: 205.265625px; height: 23px;\"><span style=\"color: #000000;\">stmievanie<\/span><\/td>\n<td style=\"width: 608.875px; height: 23px;\"><span style=\"color: #000000;\"><strong>\u00e1no<\/strong><\/span><\/td>\n<\/tr>\n<tr style=\"height: 23px;\">\n<td style=\"width: 205.265625px; height: 23px;\"><span style=\"color: #000000;\">no\u010dn\u00fd re\u017eim<\/span><\/td>\n<td style=\"width: 608.875px; height: 23px;\"><span style=\"color: #000000;\"><strong>3 m\u00f3dy (2700K\/4000K\/6500K)<\/strong><\/span><\/td>\n<\/tr>\n<tr style=\"height: 23px;\">\n<td style=\"width: 205.265625px; height: 23px;\"><span style=\"color: #000000;\">dia\u013ekov\u00fd ovl\u00e1da\u010d<\/span><\/td>\n<td style=\"width: 608.875px; height: 23px;\"><span style=\"color: #000000;\"><strong>RC2,4GHz, fosforov\u00e9 tla\u010didl\u00e1<\/strong><\/span><\/td>\n<\/tr>\n<tr style=\"height: 23px;\">\n<td style=\"width: 205.265625px; height: 23px;\"><span style=\"color: #000000;\">uhol svetla<\/span><\/td>\n<td style=\"width: 608.875px; height: 23px;\"><span style=\"color: #000000;\"><strong>120\u00b0<\/strong><\/span><\/td>\n<\/tr>\n<tr style=\"height: 23px;\">\n<td style=\"width: 205.265625px; height: 23px;\"><span style=\"color: #000000;\">nap\u00e4tie <\/span><\/td>\n<td style=\"width: 608.875px; height: 23px;\"><span style=\"color: #000000;\"><strong>AC176 &#8211; 264V<\/strong><\/span><\/td>\n<\/tr>\n<tr style=\"height: 23px;\">\n<td style=\"width: 205.265625px; height: 23px;\"><span style=\"color: #000000;\">\u017eivotnos\u0165<\/span><\/td>\n<td style=\"width: 608.875px; height: 23px;\"><span style=\"color: #000000;\"><strong>30 000h<\/strong><\/span><\/td>\n<\/tr>\n<tr style=\"height: 23px;\">\n<td style=\"width: 205.265625px; height: 23px;\"><span style=\"color: #000000;\">sp\u00ednac\u00ed cyklus<\/span><\/td>\n<td style=\"width: 608.875px; height: 23px;\"><span style=\"color: #000000;\"><strong>25 000 x<\/strong><\/span><\/td>\n<\/tr>\n<tr style=\"height: 23px;\">\n<td style=\"width: 205.265625px; height: 23px;\"><span style=\"color: #000000;\">energetick\u00e1 trieda<\/span><\/td>\n<td style=\"width: 608.875px; height: 23px;\"><span style=\"color: #000000;\"><strong>A<\/strong><\/span><\/td>\n<\/tr>\n<tr style=\"height: 23px;\">\n<td style=\"width: 205.265625px; height: 23px;\"><span style=\"color: #000000;\">krytie<\/span><\/td>\n<td style=\"width: 608.875px; height: 23px;\"><span style=\"color: #000000;\"><strong>IP20<\/strong><\/span><\/td>\n<\/tr>\n<tr style=\"height: 23px;\">\n<td style=\"width: 205.265625px; height: 23px;\"><span style=\"color: #000000;\">n\u00e1hrada za cca <\/span><\/td>\n<td style=\"width: 608.875px; height: 23px;\"><span style=\"color: #000000;\"><strong>650W<\/strong><\/span><\/td>\n<\/tr>\n<tr style=\"height: 23px;\">\n<td style=\"width: 205.265625px; height: 23px;\"><span style=\"color: #000000;\">materi\u00e1l<\/span><\/td>\n<td style=\"width: 608.875px; height: 23px;\"><span style=\"color: #000000;\"><strong>metal &#8211; biela<\/strong><\/span><\/td>\n<\/tr>\n<tr style=\"height: 23px;\">\n<td style=\"width: 205.265625px; height: 23px;\"><span style=\"color: #000000;\">typ dif\u00fazora<\/span><\/td>\n<td style=\"width: 608.875px; height: 23px;\"><strong><span style=\"color: #000000;\">acryl &#8211; opal all star + strieborn\u00fd kr\u00fa\u017eok<\/span><\/strong><\/td>\n<\/tr>\n<tr style=\"height: 23px;\">\n<td style=\"width: 205.265625px; height: 23px;\"><span style=\"color: #000000;\">balenie<\/span><\/td>\n<td style=\"width: 608.875px; height: 23px;\"><span style=\"color: #000000;\"><strong>1<\/strong><\/span><\/td>\n<\/tr>\n<\/tbody>\n<\/table>\n<p>-cena produktu zah\u0155\u0148a recykla\u010dn\u00fd poplatok v hodnote 0,40\u20ac bez DPH (0,48\u20ac s DPH)<\/p>\n","protected":false},"excerpt":{"rendered":"<p>-RC 2,4GHz-stmievanie-no\u010dn\u00fd re\u017eim(3 farby svetla no\u010dn\u00e9ho re\u017eimu- men\u00ed sa pri opakovanom sta\u010den\u00ed tla\u010didla no\u010dn\u00e9ho re\u017eimu)-zmena farby svetla-mo\u017enos\u0165 p\u00e1rovania s ak\u00fdmko\u013evek svietidlom rady LC 8 series-ovl\u00e1danie viac ako 300 svietidiel jedn\u00fdm ovl\u00e1da\u010dom-mo\u017enos\u0165 ovl\u00e1dania viacer\u00fdmi ovl\u00e1da\u010dmi-mo\u017enos\u0165 vytvorenia 3 skup\u00edn svietidiel-pam\u00e4\u0165 posledn\u00e9ho nastavenia po vypnut\u00ed( aj vyp\u00edna\u010dom, aj ovl\u00e1da\u010dom)pam\u00e4\u0165 posledn\u00e9ho nastavenia pri ovl\u00e1dan\u00ed vyp\u00edna\u010dom- svietidlo mus\u00ed by\u0165 vo [&hellip;]<\/p>\n","protected":false},"featured_media":9418,"comment_status":"closed","ping_status":"open","template":"","meta":[],"product_brand":[],"product_cat":[40],"product_tag":[],"class_list":{"0":"post-9618","1":"product","2":"type-product","3":"status-publish","4":"has-post-thumbnail","6":"product_cat-led-svietidla-dial-ovladac","8":"first","9":"instock","10":"purchasable","11":"product-type-simple"},"_links":{"self":[{"href":"https:\/\/nedes.significa.sk\/de\/wp-json\/wp\/v2\/product\/9618","targetHints":{"allow":["GET"]}}],"collection":[{"href":"https:\/\/nedes.significa.sk\/de\/wp-json\/wp\/v2\/product"}],"about":[{"href":"https:\/\/nedes.significa.sk\/de\/wp-json\/wp\/v2\/types\/product"}],"replies":[{"embeddable":true,"href":"https:\/\/nedes.significa.sk\/de\/wp-json\/wp\/v2\/comments?post=9618"}],"wp:featuredmedia":[{"embeddable":true,"href":"https:\/\/nedes.significa.sk\/de\/wp-json\/wp\/v2\/media\/9418"}],"wp:attachment":[{"href":"https:\/\/nedes.significa.sk\/de\/wp-json\/wp\/v2\/media?parent=9618"}],"wp:term":[{"taxonomy":"product_brand","embeddable":true,"href":"https:\/\/nedes.significa.sk\/de\/wp-json\/wp\/v2\/product_brand?post=9618"},{"taxonomy":"product_cat","embeddable":true,"href":"https:\/\/nedes.significa.sk\/de\/wp-json\/wp\/v2\/product_cat?post=9618"},{"taxonomy":"product_tag","embeddable":true,"href":"https:\/\/nedes.significa.sk\/de\/wp-json\/wp\/v2\/product_tag?post=9618"}],"curies":[{"name":"wp","href":"https:\/\/api.w.org\/{rel}","templated":true}]}}