{"id":9722,"date":"2024-09-12T06:46:19","date_gmt":"2024-09-12T06:46:19","guid":{"rendered":"https:\/\/nedes.significa.sk\/produkty\/zavesne-prislusenstvo-pre-led-panel-40w-pl121-pl121h-pl121h-u-sn100\/"},"modified":"2024-09-12T06:46:36","modified_gmt":"2024-09-12T06:46:36","slug":"zavesne-prislusenstvo-pre-led-panel-40w-pl121-pl121h-pl121h-u-sn100","status":"publish","type":"product","link":"https:\/\/nedes.significa.sk\/de\/produkty\/zavesne-prislusenstvo-pre-led-panel-40w-pl121-pl121h-pl121h-u-sn100\/","title":{"rendered":"Z\u00e1vesn\u00e9 pr\u00edslu\u0161enstvo pre LED panel 40W (PL121, PL121H, PL121H\/U) &#8211; SN100"},"content":{"rendered":"<p><span style=\"color: #000000;\"><strong>Z\u00e1vesn\u00e9 pr\u00edslu\u0161enstvo pre LED panel<\/strong> zna\u010dky <strong>NEDES<\/strong>, obsahuje lanko, ktor\u00e9 umo\u017e\u0148uje bezpe\u010dn\u00e9 zavesenie panelu na strop.<\/span><\/p>\n<p><span style=\"color: #000000;\">Toto pr\u00edslu\u0161enstvo poskytuje flexibilitu pri in\u0161tal\u00e1cii LED panelu pod\u013ea potrieb pou\u017e\u00edvate\u013ea a po\u017eiadaviek <strong>osvetlenia<\/strong>.<\/span><\/p>\n<p><span style=\"color: #000000;\">Z\u00e1vesn\u00e9 pr\u00edslu\u0161enstvo je navrhnut\u00e9 tak, aby poskytovalo spo\u013eahliv\u00fa podporu a stabilitu pre panel, pri\u010dom umo\u017e\u0148uje jednoduch\u00fa a bezprobl\u00e9mov\u00fa mont\u00e1\u017e a pr\u00edstup k panelu na \u00fa\u010dely \u00fadr\u017eby a v\u00fdmeny.<\/span><\/p>\n<p><span style=\"color: #000000;\">Na\u0161e <strong>svietidl\u00e1<\/strong> a ostatn\u00e9 v\u00fdrobky su ob\u013e\u00faben\u00e9 na celom <strong>svete<\/strong>.<\/span><\/p>\n<table style=\"height: 442px;\">\n<tbody>\n<tr style=\"height: 23px;\">\n<td style=\"width: 205px; height: 23px;\"><span style=\"text-decoration: underline; font-size: 16px;\"><strong><span style=\"color: #000000; text-decoration: underline;\">TECHNICK\u00c9 PARAMETRE<\/span><\/strong><\/span><\/td>\n<td style=\"width: 608px; height: 23px;\">&nbsp;<\/td>\n<\/tr>\n<tr style=\"height: 23px;\">\n<td style=\"width: 205px; height: 23px;\"><span style=\"color: #000000;\">regul\u00e1cia d\u013a\u017eky<\/span><\/td>\n<td style=\"width: 608px; height: 23px;\"><span style=\"color: #000000;\"><strong>\u00e1no<\/strong><\/span><\/td>\n<\/tr>\n<tr style=\"height: 23px;\">\n<td style=\"width: 205px; height: 23px;\"><span style=\"color: #000000;\">pou\u017eitie pre<\/span><\/td>\n<td style=\"width: 608px; height: 23px;\"><span style=\"color: #000000;\"><strong>PL121, PL121H, PL121H\/U<\/strong><\/span><\/td>\n<\/tr>\n<tr style=\"height: 23px;\">\n<td style=\"width: 205px; height: 23px;\"><span style=\"color: #000000;\">rozmer (mm)<\/span><\/td>\n<td style=\"width: 608px; height: 23px;\"><span style=\"color: #000000;\"><strong>1000<\/strong><\/span><\/td>\n<\/tr>\n<tr style=\"height: 23px;\">\n<td style=\"width: 205px; height: 23px;\"><span style=\"color: #000000;\">balenie<\/span><\/td>\n<td style=\"width: 608px; height: 23px;\"><span style=\"color: #000000;\"><strong>1\/50<\/strong><\/span><\/td>\n<\/tr>\n<\/tbody>\n<\/table>\n","protected":false},"excerpt":{"rendered":"<p>Z\u00e1vesn\u00e9 pr\u00edslu\u0161enstvo pre LED panel zna\u010dky NEDES, obsahuje lanko, ktor\u00e9 umo\u017e\u0148uje bezpe\u010dn\u00e9 zavesenie panelu na strop. Toto pr\u00edslu\u0161enstvo poskytuje flexibilitu pri in\u0161tal\u00e1cii LED panelu pod\u013ea potrieb pou\u017e\u00edvate\u013ea a po\u017eiadaviek osvetlenia. Z\u00e1vesn\u00e9 pr\u00edslu\u0161enstvo je navrhnut\u00e9 tak, aby poskytovalo spo\u013eahliv\u00fa podporu a stabilitu pre panel, pri\u010dom umo\u017e\u0148uje jednoduch\u00fa a bezprobl\u00e9mov\u00fa mont\u00e1\u017e a pr\u00edstup k panelu na \u00fa\u010dely [&hellip;]<\/p>\n","protected":false},"featured_media":9524,"comment_status":"closed","ping_status":"open","template":"","meta":[],"product_brand":[],"product_cat":[99],"product_tag":[],"class_list":{"0":"post-9722","1":"product","2":"type-product","3":"status-publish","4":"has-post-thumbnail","6":"product_cat-led-panely-25w-45w","8":"first","9":"instock","10":"purchasable","11":"product-type-simple"},"_links":{"self":[{"href":"https:\/\/nedes.significa.sk\/de\/wp-json\/wp\/v2\/product\/9722","targetHints":{"allow":["GET"]}}],"collection":[{"href":"https:\/\/nedes.significa.sk\/de\/wp-json\/wp\/v2\/product"}],"about":[{"href":"https:\/\/nedes.significa.sk\/de\/wp-json\/wp\/v2\/types\/product"}],"replies":[{"embeddable":true,"href":"https:\/\/nedes.significa.sk\/de\/wp-json\/wp\/v2\/comments?post=9722"}],"wp:featuredmedia":[{"embeddable":true,"href":"https:\/\/nedes.significa.sk\/de\/wp-json\/wp\/v2\/media\/9524"}],"wp:attachment":[{"href":"https:\/\/nedes.significa.sk\/de\/wp-json\/wp\/v2\/media?parent=9722"}],"wp:term":[{"taxonomy":"product_brand","embeddable":true,"href":"https:\/\/nedes.significa.sk\/de\/wp-json\/wp\/v2\/product_brand?post=9722"},{"taxonomy":"product_cat","embeddable":true,"href":"https:\/\/nedes.significa.sk\/de\/wp-json\/wp\/v2\/product_cat?post=9722"},{"taxonomy":"product_tag","embeddable":true,"href":"https:\/\/nedes.significa.sk\/de\/wp-json\/wp\/v2\/product_tag?post=9722"}],"curies":[{"name":"wp","href":"https:\/\/api.w.org\/{rel}","templated":true}]}}