{"id":9775,"date":"2024-09-12T06:46:39","date_gmt":"2024-09-12T06:46:39","guid":{"rendered":"https:\/\/nedes.significa.sk\/produkty\/napajaci-zdroj-8w-pre-vonkajsie-podlahove-svietidla-lfl-psf103\/"},"modified":"2024-09-12T06:47:01","modified_gmt":"2024-09-12T06:47:01","slug":"napajaci-zdroj-8w-pre-vonkajsie-podlahove-svietidla-lfl-psf103","status":"publish","type":"product","link":"https:\/\/nedes.significa.sk\/de\/produkty\/napajaci-zdroj-8w-pre-vonkajsie-podlahove-svietidla-lfl-psf103\/","title":{"rendered":"Nap\u00e1jac\u00ed zdroj 8W pre vonkaj\u0161ie podlahov\u00e9 svietidl\u00e1 LFL &#8211; PSF103"},"content":{"rendered":"<p><span style=\"color: #000000;\"><strong>Nap\u00e1jac\u00ed zdroj<\/strong> s <strong>v\u00fdkonom 8W<\/strong>&nbsp; je ide\u00e1lne pou\u017ei\u0165 k <strong>podlahov\u00fdm svietidl\u00e1m LFL series<\/strong> zna\u010dky <strong>NEDES.<\/strong><\/span><\/p>\n<p><span style=\"color: #000000;\">Na\u0161e<strong> svietidl\u00e1<\/strong> a ostatn\u00e9 v\u00fdrobky s\u00fa ob\u013e\u00faben\u00e9 na celom<strong> svete.<\/strong><\/span><\/p>\n<table style=\"height: 416px;\">\n<tbody>\n<tr style=\"height: 23px;\">\n<td style=\"width: 205px; height: 23px;\"><span style=\"text-decoration: underline; font-size: 16px;\"><strong><span style=\"color: #000000; text-decoration: underline;\">TECHNICK\u00c9 PARAMETRE<\/span><\/strong><\/span><\/td>\n<td style=\"width: 608px; height: 23px;\">&nbsp;<\/td>\n<\/tr>\n<tr style=\"height: 23px;\">\n<td style=\"width: 205px; height: 52px;\"><span style=\"color: #000000;\">v\u00fdkon<\/span><\/td>\n<td style=\"width: 608px; height: 52px;\"><span style=\"color: #000000;\"><strong>8W<\/strong><\/span><\/td>\n<\/tr>\n<tr style=\"height: 53px;\">\n<td style=\"width: 205px; height: 53px;\"><span style=\"color: #000000;\">nap\u00e4tie<\/span><\/td>\n<td style=\"width: 608px; height: 53px;\"><span style=\"color: #000000;\"><strong>AC90-264V\/DC12V<\/strong><\/span><\/td>\n<\/tr>\n<tr style=\"height: 59px;\">\n<td style=\"width: 205px; height: 59px;\"><span style=\"color: #000000;\">pr\u00fad<\/span><\/td>\n<td style=\"width: 608px; height: 59px;\"><span style=\"color: #000000;\"><strong>0,65A<\/strong><\/span><\/td>\n<\/tr>\n<tr style=\"height: 57px;\">\n<td style=\"width: 205px; height: 57px;\"><span style=\"color: #000000;\">krytie<\/span><\/td>\n<td style=\"width: 608px; height: 57px;\"><span style=\"color: #000000;\"><strong>IP67<\/strong><\/span><\/td>\n<\/tr>\n<tr style=\"height: 23px;\">\n<td style=\"width: 205px; height: 38px;\"><span style=\"color: #000000;\">pou\u017eitie pre<\/span><\/td>\n<td style=\"width: 608px; height: 38px;\"><span style=\"color: #000000;\"><strong>LFL series<\/strong><\/span><\/td>\n<\/tr>\n<tr style=\"height: 23px;\">\n<td style=\"width: 205px; height: 51px;\"><span style=\"color: #000000;\">rozmer (mm)<\/span><\/td>\n<td style=\"width: 608px; height: 51px;\"><span style=\"color: #000000;\"><strong>71 x 46<\/strong><\/span><\/td>\n<\/tr>\n<tr style=\"height: 44px;\">\n<td style=\"width: 205px; height: 44px;\"><span style=\"color: #000000;\">pr\u00edvodn\u00fd k\u00e1bel (mm)<\/span><\/td>\n<td style=\"width: 608px; height: 44px;\"><span style=\"color: #000000;\"><strong>1800 + 300<\/strong><\/span><\/td>\n<\/tr>\n<tr style=\"height: 23px;\">\n<td style=\"width: 205px; height: 39px;\"><span style=\"color: #000000;\">balenie<\/span><\/td>\n<td style=\"width: 608px; height: 39px;\"><span style=\"color: #000000;\"><strong>1\/5\/50<\/strong><\/span><\/td>\n<\/tr>\n<\/tbody>\n<\/table>\n","protected":false},"excerpt":{"rendered":"<p>Nap\u00e1jac\u00ed zdroj s v\u00fdkonom 8W&nbsp; je ide\u00e1lne pou\u017ei\u0165 k podlahov\u00fdm svietidl\u00e1m LFL series zna\u010dky NEDES. Na\u0161e svietidl\u00e1 a ostatn\u00e9 v\u00fdrobky s\u00fa ob\u013e\u00faben\u00e9 na celom svete. TECHNICK\u00c9 PARAMETRE &nbsp; v\u00fdkon 8W nap\u00e4tie AC90-264V\/DC12V pr\u00fad 0,65A krytie IP67 pou\u017eitie pre LFL series rozmer (mm) 71 x 46 pr\u00edvodn\u00fd k\u00e1bel (mm) 1800 + 300 balenie 1\/5\/50<\/p>\n","protected":false},"featured_media":9776,"comment_status":"closed","ping_status":"open","template":"","meta":[],"product_brand":[],"product_cat":[108],"product_tag":[],"class_list":{"0":"post-9775","1":"product","2":"type-product","3":"status-publish","4":"has-post-thumbnail","6":"product_cat-dc12v","8":"first","9":"instock","10":"purchasable","11":"product-type-simple"},"_links":{"self":[{"href":"https:\/\/nedes.significa.sk\/de\/wp-json\/wp\/v2\/product\/9775","targetHints":{"allow":["GET"]}}],"collection":[{"href":"https:\/\/nedes.significa.sk\/de\/wp-json\/wp\/v2\/product"}],"about":[{"href":"https:\/\/nedes.significa.sk\/de\/wp-json\/wp\/v2\/types\/product"}],"replies":[{"embeddable":true,"href":"https:\/\/nedes.significa.sk\/de\/wp-json\/wp\/v2\/comments?post=9775"}],"wp:featuredmedia":[{"embeddable":true,"href":"https:\/\/nedes.significa.sk\/de\/wp-json\/wp\/v2\/media\/9776"}],"wp:attachment":[{"href":"https:\/\/nedes.significa.sk\/de\/wp-json\/wp\/v2\/media?parent=9775"}],"wp:term":[{"taxonomy":"product_brand","embeddable":true,"href":"https:\/\/nedes.significa.sk\/de\/wp-json\/wp\/v2\/product_brand?post=9775"},{"taxonomy":"product_cat","embeddable":true,"href":"https:\/\/nedes.significa.sk\/de\/wp-json\/wp\/v2\/product_cat?post=9775"},{"taxonomy":"product_tag","embeddable":true,"href":"https:\/\/nedes.significa.sk\/de\/wp-json\/wp\/v2\/product_tag?post=9775"}],"curies":[{"name":"wp","href":"https:\/\/api.w.org\/{rel}","templated":true}]}}